{"id":500500,"date":"2025-04-23T06:11:11","date_gmt":"2025-04-23T06:11:11","guid":{"rendered":"https:\/\/www.injurylawyerhouston.com\/acerca-del-bufete-de-abogados-de-shane-r-kadlec\/"},"modified":"2026-01-28T08:25:18","modified_gmt":"2026-01-28T08:25:18","slug":"acerca-del-bufete-de-abogados-de-shane-r-kadlec","status":"publish","type":"page","link":"https:\/\/www.injurylawyerhouston.com\/es\/acerca-del-bufete-de-abogados-de-shane-r-kadlec\/","title":{"rendered":"Acerca del bufete de abogados de Shane R. Kadlec"},"content":{"rendered":"\n<p>En el bufete de abogados de Shane R. Kadlec, entendemos que los resultados de su caso de lesiones personales pueden tener un impacto duradero en su vida, y estamos preparados para poner nuestros a\u00f1os de experiencia a trabajar para usted. Desde 1996, Shane Kadlec ha trabajado directamente con v\u00edctimas de accidentes en Houston y sus alrededores para comprender completamente sus casos y el impacto que sus lesiones tendr\u00e1n en sus vidas. Nos aseguramos de que tenga el apoyo m\u00e9dico, financiero y emocional que necesita para afrontar su futuro.<\/p>\n\n<figure class=\"wp-block-embed is-type-video is-provider-youtube wp-block-embed-youtube wp-embed-aspect-16-9 wp-has-aspect-ratio\"><div class=\"wp-block-embed__wrapper\">\n<iframe loading=\"lazy\" title=\"The Shane R Kadlec Law Firm - Why Hire Us\" width=\"720\" height=\"405\" src=\"https:\/\/www.youtube.com\/embed\/a9VTYMzteKE?feature=oembed\" frameborder=\"0\" allow=\"accelerometer; autoplay; clipboard-write; encrypted-media; gyroscope; picture-in-picture; web-share\" referrerpolicy=\"strict-origin-when-cross-origin\" allowfullscreen><\/iframe>\n<\/div><\/figure>\n<style>.kadence-column33_a6459b-10 > .kt-inside-inner-col{padding-top:var(--global-kb-spacing-md, 2rem);padding-right:var(--global-kb-spacing-md, 2rem);padding-bottom:var(--global-kb-spacing-md, 2rem);padding-left:var(--global-kb-spacing-md, 2rem);}.kadence-column33_a6459b-10 > .kt-inside-inner-col,.kadence-column33_a6459b-10 > .kt-inside-inner-col:before{border-top-left-radius:0px;border-top-right-radius:0px;border-bottom-right-radius:0px;border-bottom-left-radius:0px;}.kadence-column33_a6459b-10 > .kt-inside-inner-col{column-gap:var(--global-kb-gap-sm, 1rem);}.kadence-column33_a6459b-10 > .kt-inside-inner-col{flex-direction:column;}.kadence-column33_a6459b-10 > .kt-inside-inner-col > .aligncenter{width:100%;}.kadence-column33_a6459b-10 > .kt-inside-inner-col{background-color:#f5f5f4;}.kadence-column33_a6459b-10 > .kt-inside-inner-col:before{opacity:0.3;}.kadence-column33_a6459b-10{position:relative;}@media all and (max-width: 1024px){.kadence-column33_a6459b-10 > .kt-inside-inner-col{flex-direction:column;justify-content:center;}}@media all and (max-width: 767px){.kadence-column33_a6459b-10 > .kt-inside-inner-col{padding-top:var(--global-kb-spacing-sm, 1.5rem);padding-right:var(--global-kb-spacing-sm, 1.5rem);padding-bottom:var(--global-kb-spacing-sm, 1.5rem);padding-left:var(--global-kb-spacing-sm, 1.5rem);flex-direction:column;justify-content:center;}}<\/style>\n<div class=\"wp-block-kadence-column kadence-column33_a6459b-10\"><div class=\"kt-inside-inner-col\"><style>.wp-block-kadence-advancedheading.kt-adv-heading33_decc60-0c, .wp-block-kadence-advancedheading.kt-adv-heading33_decc60-0c[data-kb-block=\"kb-adv-heading33_decc60-0c\"]{margin-top:0px;font-style:normal;}.wp-block-kadence-advancedheading.kt-adv-heading33_decc60-0c mark.kt-highlight, .wp-block-kadence-advancedheading.kt-adv-heading33_decc60-0c[data-kb-block=\"kb-adv-heading33_decc60-0c\"] mark.kt-highlight{font-style:normal;color:#f76a0c;-webkit-box-decoration-break:clone;box-decoration-break:clone;padding-top:0px;padding-right:0px;padding-bottom:0px;padding-left:0px;}.wp-block-kadence-advancedheading.kt-adv-heading33_decc60-0c img.kb-inline-image, .wp-block-kadence-advancedheading.kt-adv-heading33_decc60-0c[data-kb-block=\"kb-adv-heading33_decc60-0c\"] img.kb-inline-image{width:150px;vertical-align:baseline;}<\/style>\n<h2 class=\"kt-adv-heading33_decc60-0c wp-block-kadence-advancedheading\" data-kb-block=\"kb-adv-heading33_decc60-0c\"><a href=\"https:\/\/www.injurylawyerhouston.com\/shane-r-kadlec-attorney-in-houston\/\">Shane R. Kadlec<\/a><\/h2>\n\n\n<style>.wp-block-kadence-advancedheading.kt-adv-heading33_78c387-e9, .wp-block-kadence-advancedheading.kt-adv-heading33_78c387-e9[data-kb-block=\"kb-adv-heading33_78c387-e9\"]{margin-top:var(--global-kb-spacing-xxs, 0.5rem);font-style:normal;}.wp-block-kadence-advancedheading.kt-adv-heading33_78c387-e9 mark.kt-highlight, .wp-block-kadence-advancedheading.kt-adv-heading33_78c387-e9[data-kb-block=\"kb-adv-heading33_78c387-e9\"] mark.kt-highlight{font-style:normal;color:#f76a0c;-webkit-box-decoration-break:clone;box-decoration-break:clone;padding-top:0px;padding-right:0px;padding-bottom:0px;padding-left:0px;}.wp-block-kadence-advancedheading.kt-adv-heading33_78c387-e9 img.kb-inline-image, .wp-block-kadence-advancedheading.kt-adv-heading33_78c387-e9[data-kb-block=\"kb-adv-heading33_78c387-e9\"] img.kb-inline-image{width:150px;vertical-align:baseline;}<\/style>\n<h3 class=\"kt-adv-heading33_78c387-e9 wp-block-kadence-advancedheading\" data-kb-block=\"kb-adv-heading33_78c387-e9\">Abogado<\/h3>\n\n\n\n<p>Shane R. Kadlec se cri\u00f3 en Toronto, Ontario, Canad\u00e1. Asisti\u00f3 al Upper Canada College y a numerosas escuelas secundarias, incluido el North Toronto Collegiate Institute, donde conoci\u00f3 a su esposa de m\u00e1s de 25 a\u00f1os, Sara. Tienen un hijo, Jackson, que asisti\u00f3 a The Branch School y a Reynolds Hockey Academy en Houston y ahora es un estudiante atleta en The Governor&#8217;s Academy en Massachusetts.<\/p>\n\n\n<style>.wp-block-kadence-advancedheading.kt-adv-heading33_ee421e-bf, .wp-block-kadence-advancedheading.kt-adv-heading33_ee421e-bf[data-kb-block=\"kb-adv-heading33_ee421e-bf\"]{font-style:normal;}.wp-block-kadence-advancedheading.kt-adv-heading33_ee421e-bf mark.kt-highlight, .wp-block-kadence-advancedheading.kt-adv-heading33_ee421e-bf[data-kb-block=\"kb-adv-heading33_ee421e-bf\"] mark.kt-highlight{font-style:normal;color:#f76a0c;-webkit-box-decoration-break:clone;box-decoration-break:clone;padding-top:0px;padding-right:0px;padding-bottom:0px;padding-left:0px;}.wp-block-kadence-advancedheading.kt-adv-heading33_ee421e-bf img.kb-inline-image, .wp-block-kadence-advancedheading.kt-adv-heading33_ee421e-bf[data-kb-block=\"kb-adv-heading33_ee421e-bf\"] img.kb-inline-image{width:150px;vertical-align:baseline;}@media all and (max-width: 767px){.wp-block-kadence-advancedheading.kt-adv-heading33_ee421e-bf, .wp-block-kadence-advancedheading.kt-adv-heading33_ee421e-bf[data-kb-block=\"kb-adv-heading33_ee421e-bf\"]{font-size:18px;}}<\/style>\n<p class=\"kt-adv-heading33_ee421e-bf wp-block-kadence-advancedheading\" data-kb-block=\"kb-adv-heading33_ee421e-bf\">Para obtener m\u00e1s informaci\u00f3n sobre Shane Kadlec y sus cualificaciones, <a href=\"https:\/\/www.injurylawyerhouston.com\/shane-r-kadlec-attorney-in-houston\/\">consulte su perfil de abogado.<\/a><\/p>\n<\/div><\/div>\n\n<h2 class=\"wp-block-heading\">Obtenga m\u00e1s informaci\u00f3n sobre el resto de nuestro equipo legal:<\/h2>\n<style>.kb-row-layout-id33_709ce5-9e > .kt-row-column-wrap{align-content:start;}:where(.kb-row-layout-id33_709ce5-9e > .kt-row-column-wrap) > .wp-block-kadence-column{justify-content:start;}.kb-row-layout-id33_709ce5-9e > .kt-row-column-wrap{column-gap:var(--global-kb-gap-md, 2rem);row-gap:var(--global-kb-gap-md, 2rem);}.kb-row-layout-id33_709ce5-9e > .kt-row-column-wrap > div:not(.added-for-specificity){grid-column:initial;}.kb-row-layout-id33_709ce5-9e > .kt-row-column-wrap{grid-template-columns:repeat(3, minmax(0, 1fr));}.kb-row-layout-id33_709ce5-9e > .kt-row-layout-overlay{opacity:0.30;}@media all and (max-width: 1024px){.kb-row-layout-id33_709ce5-9e > .kt-row-column-wrap > div:not(.added-for-specificity){grid-column:initial;}}@media all and (max-width: 1024px){.kb-row-layout-id33_709ce5-9e > .kt-row-column-wrap{grid-template-columns:repeat(3, minmax(0, 1fr));}}@media all and (max-width: 767px){.kb-row-layout-id33_709ce5-9e > .kt-row-column-wrap > div:not(.added-for-specificity){grid-column:initial;}.kb-row-layout-id33_709ce5-9e > .kt-row-column-wrap{grid-template-columns:minmax(0, 1fr);}}<\/style><div class=\"kb-row-layout-wrap kb-row-layout-id33_709ce5-9e alignnone wp-block-kadence-rowlayout\"><div class=\"kt-row-column-wrap kt-has-3-columns kt-row-layout-equal kt-tab-layout-inherit kt-mobile-layout-row kt-row-valign-top kt-inner-column-height-full\">\n<style>.kadence-column33_bb82c0-27 > .kt-inside-inner-col{padding-top:4px;padding-right:4px;padding-bottom:24px;padding-left:4px;}.kadence-column33_bb82c0-27 > .kt-inside-inner-col{border-top:1px solid #dddddd;border-right:1px solid #dddddd;border-bottom:1px solid #dddddd;border-left:1px solid #dddddd;}.kadence-column33_bb82c0-27 > .kt-inside-inner-col,.kadence-column33_bb82c0-27 > .kt-inside-inner-col:before{border-top-left-radius:0px;border-top-right-radius:0px;border-bottom-right-radius:0px;border-bottom-left-radius:0px;}.kadence-column33_bb82c0-27 > .kt-inside-inner-col{column-gap:var(--global-kb-gap-sm, 1rem);}.kadence-column33_bb82c0-27 > .kt-inside-inner-col{flex-direction:column;}.kadence-column33_bb82c0-27 > .kt-inside-inner-col > .aligncenter{width:100%;}.kadence-column33_bb82c0-27 > .kt-inside-inner-col:before{opacity:0.3;}.kadence-column33_bb82c0-27{position:relative;}@media all and (max-width: 1024px){.kadence-column33_bb82c0-27 > .kt-inside-inner-col{border-top:1px solid #dddddd;border-right:1px solid #dddddd;border-bottom:1px solid #dddddd;border-left:1px solid #dddddd;flex-direction:column;justify-content:center;}}@media all and (max-width: 767px){.kadence-column33_bb82c0-27 > .kt-inside-inner-col{border-top:1px solid #dddddd;border-right:1px solid #dddddd;border-bottom:1px solid #dddddd;border-left:1px solid #dddddd;flex-direction:column;justify-content:center;}}<\/style>\n<div class=\"wp-block-kadence-column kadence-column33_bb82c0-27\"><div class=\"kt-inside-inner-col\"><style>.kb-image33_0814c2-09 .kb-image-has-overlay:after{opacity:0.3;}.kb-image33_0814c2-09 img.kb-img, .kb-image33_0814c2-09 .kb-img img{object-position:50% 10%;}<\/style>\n<figure class=\"wp-block-kadence-image kb-image33_0814c2-09 size-full\"><img loading=\"lazy\" decoding=\"async\" width=\"440\" height=\"520\" src=\"https:\/\/www.injurylawyerhouston.com\/wp-content\/uploads\/2025\/04\/staff_rose_medina.webp\" alt=\"\" class=\"kb-img wp-image-420\" srcset=\"https:\/\/www.injurylawyerhouston.com\/wp-content\/uploads\/2025\/04\/staff_rose_medina.webp 440w, https:\/\/www.injurylawyerhouston.com\/wp-content\/uploads\/2025\/04\/staff_rose_medina-254x300.webp 254w\" sizes=\"auto, (max-width: 440px) 100vw, 440px\" \/><\/figure>\n\n\n<style>.wp-block-kadence-advancedheading.kt-adv-heading33_6d4126-8e, .wp-block-kadence-advancedheading.kt-adv-heading33_6d4126-8e[data-kb-block=\"kb-adv-heading33_6d4126-8e\"]{margin-top:0px;margin-bottom:0px;text-align:center;font-size:24px;font-style:normal;}.wp-block-kadence-advancedheading.kt-adv-heading33_6d4126-8e mark.kt-highlight, .wp-block-kadence-advancedheading.kt-adv-heading33_6d4126-8e[data-kb-block=\"kb-adv-heading33_6d4126-8e\"] mark.kt-highlight{font-style:normal;color:#f76a0c;-webkit-box-decoration-break:clone;box-decoration-break:clone;padding-top:0px;padding-right:0px;padding-bottom:0px;padding-left:0px;}.wp-block-kadence-advancedheading.kt-adv-heading33_6d4126-8e img.kb-inline-image, .wp-block-kadence-advancedheading.kt-adv-heading33_6d4126-8e[data-kb-block=\"kb-adv-heading33_6d4126-8e\"] img.kb-inline-image{width:150px;vertical-align:baseline;}<\/style>\n<h3 class=\"kt-adv-heading33_6d4126-8e wp-block-kadence-advancedheading\" data-kb-block=\"kb-adv-heading33_6d4126-8e\"><a href=\"https:\/\/www.injurylawyerhouston.com\/staff\/\">Rose Medina<\/a><\/h3>\n\n\n<style>.wp-block-kadence-advancedheading.kt-adv-heading33_0927c5-66, .wp-block-kadence-advancedheading.kt-adv-heading33_0927c5-66[data-kb-block=\"kb-adv-heading33_0927c5-66\"]{text-align:center;font-size:16px;font-style:normal;}.wp-block-kadence-advancedheading.kt-adv-heading33_0927c5-66 mark.kt-highlight, .wp-block-kadence-advancedheading.kt-adv-heading33_0927c5-66[data-kb-block=\"kb-adv-heading33_0927c5-66\"] mark.kt-highlight{font-style:normal;color:#f76a0c;-webkit-box-decoration-break:clone;box-decoration-break:clone;padding-top:0px;padding-right:0px;padding-bottom:0px;padding-left:0px;}.wp-block-kadence-advancedheading.kt-adv-heading33_0927c5-66 img.kb-inline-image, .wp-block-kadence-advancedheading.kt-adv-heading33_0927c5-66[data-kb-block=\"kb-adv-heading33_0927c5-66\"] img.kb-inline-image{width:150px;vertical-align:baseline;}<\/style>\n<p class=\"kt-adv-heading33_0927c5-66 wp-block-kadence-advancedheading\" data-kb-block=\"kb-adv-heading33_0927c5-66\">Asistente legal s\u00e9nior \/ Administradora de la oficina<\/p>\n<\/div><\/div>\n\n\n<style>.kadence-column33_c5c047-a7 > .kt-inside-inner-col{padding-top:4px;padding-right:4px;padding-bottom:24px;padding-left:4px;}.kadence-column33_c5c047-a7 > .kt-inside-inner-col{border-top:1px solid #dddddd;border-right:1px solid #dddddd;border-bottom:1px solid #dddddd;border-left:1px solid #dddddd;}.kadence-column33_c5c047-a7 > .kt-inside-inner-col,.kadence-column33_c5c047-a7 > .kt-inside-inner-col:before{border-top-left-radius:0px;border-top-right-radius:0px;border-bottom-right-radius:0px;border-bottom-left-radius:0px;}.kadence-column33_c5c047-a7 > .kt-inside-inner-col{column-gap:var(--global-kb-gap-sm, 1rem);}.kadence-column33_c5c047-a7 > .kt-inside-inner-col{flex-direction:column;}.kadence-column33_c5c047-a7 > .kt-inside-inner-col > .aligncenter{width:100%;}.kadence-column33_c5c047-a7 > .kt-inside-inner-col:before{opacity:0.3;}.kadence-column33_c5c047-a7{position:relative;}@media all and (max-width: 1024px){.kadence-column33_c5c047-a7 > .kt-inside-inner-col{border-top:1px solid #dddddd;border-right:1px solid #dddddd;border-bottom:1px solid #dddddd;border-left:1px solid #dddddd;flex-direction:column;justify-content:center;}}@media all and (max-width: 767px){.kadence-column33_c5c047-a7 > .kt-inside-inner-col{border-top:1px solid #dddddd;border-right:1px solid #dddddd;border-bottom:1px solid #dddddd;border-left:1px solid #dddddd;flex-direction:column;justify-content:center;}}<\/style>\n<div class=\"wp-block-kadence-column kadence-column33_c5c047-a7\"><div class=\"kt-inside-inner-col\"><style>.kb-image33_904100-87 .kb-image-has-overlay:after{opacity:0.3;}.kb-image33_904100-87 img.kb-img, .kb-image33_904100-87 .kb-img img{object-position:50% 10%;}<\/style>\n<figure class=\"wp-block-kadence-image kb-image33_904100-87\"><img loading=\"lazy\" decoding=\"async\" width=\"440\" height=\"520\" src=\"https:\/\/www.injurylawyerhouston.com\/wp-content\/uploads\/2025\/04\/staff_tram_tran.webp\" alt=\"\" class=\"kb-img wp-image-429\" srcset=\"https:\/\/www.injurylawyerhouston.com\/wp-content\/uploads\/2025\/04\/staff_tram_tran.webp 440w, https:\/\/www.injurylawyerhouston.com\/wp-content\/uploads\/2025\/04\/staff_tram_tran-254x300.webp 254w\" sizes=\"auto, (max-width: 440px) 100vw, 440px\" \/><\/figure>\n\n\n<style>.wp-block-kadence-advancedheading.kt-adv-heading33_e575ac-79, .wp-block-kadence-advancedheading.kt-adv-heading33_e575ac-79[data-kb-block=\"kb-adv-heading33_e575ac-79\"]{margin-top:0px;margin-bottom:0px;text-align:center;font-size:24px;font-style:normal;}.wp-block-kadence-advancedheading.kt-adv-heading33_e575ac-79 mark.kt-highlight, .wp-block-kadence-advancedheading.kt-adv-heading33_e575ac-79[data-kb-block=\"kb-adv-heading33_e575ac-79\"] mark.kt-highlight{font-style:normal;color:#f76a0c;-webkit-box-decoration-break:clone;box-decoration-break:clone;padding-top:0px;padding-right:0px;padding-bottom:0px;padding-left:0px;}.wp-block-kadence-advancedheading.kt-adv-heading33_e575ac-79 img.kb-inline-image, .wp-block-kadence-advancedheading.kt-adv-heading33_e575ac-79[data-kb-block=\"kb-adv-heading33_e575ac-79\"] img.kb-inline-image{width:150px;vertical-align:baseline;}<\/style>\n<h3 class=\"kt-adv-heading33_e575ac-79 wp-block-kadence-advancedheading\" data-kb-block=\"kb-adv-heading33_e575ac-79\"><a href=\"https:\/\/www.injurylawyerhouston.com\/staff\/\">Tram Tran<\/a><\/h3>\n\n\n<style>.wp-block-kadence-advancedheading.kt-adv-heading33_46ffcf-4c, .wp-block-kadence-advancedheading.kt-adv-heading33_46ffcf-4c[data-kb-block=\"kb-adv-heading33_46ffcf-4c\"]{text-align:center;font-size:16px;font-style:normal;}.wp-block-kadence-advancedheading.kt-adv-heading33_46ffcf-4c mark.kt-highlight, .wp-block-kadence-advancedheading.kt-adv-heading33_46ffcf-4c[data-kb-block=\"kb-adv-heading33_46ffcf-4c\"] mark.kt-highlight{font-style:normal;color:#f76a0c;-webkit-box-decoration-break:clone;box-decoration-break:clone;padding-top:0px;padding-right:0px;padding-bottom:0px;padding-left:0px;}.wp-block-kadence-advancedheading.kt-adv-heading33_46ffcf-4c img.kb-inline-image, .wp-block-kadence-advancedheading.kt-adv-heading33_46ffcf-4c[data-kb-block=\"kb-adv-heading33_46ffcf-4c\"] img.kb-inline-image{width:150px;vertical-align:baseline;}<\/style>\n<p class=\"kt-adv-heading33_46ffcf-4c wp-block-kadence-advancedheading\" data-kb-block=\"kb-adv-heading33_46ffcf-4c\">Asistente legal \/ Administradora de casos<\/p>\n<\/div><\/div>\n\n\n<style>.kadence-column33_7f3a5d-27 > .kt-inside-inner-col{padding-top:4px;padding-right:4px;padding-bottom:24px;padding-left:4px;}.kadence-column33_7f3a5d-27 > .kt-inside-inner-col{border-top:1px solid #dddddd;border-right:1px solid #dddddd;border-bottom:1px solid #dddddd;border-left:1px solid #dddddd;}.kadence-column33_7f3a5d-27 > .kt-inside-inner-col,.kadence-column33_7f3a5d-27 > .kt-inside-inner-col:before{border-top-left-radius:0px;border-top-right-radius:0px;border-bottom-right-radius:0px;border-bottom-left-radius:0px;}.kadence-column33_7f3a5d-27 > .kt-inside-inner-col{column-gap:var(--global-kb-gap-sm, 1rem);}.kadence-column33_7f3a5d-27 > .kt-inside-inner-col{flex-direction:column;}.kadence-column33_7f3a5d-27 > .kt-inside-inner-col > .aligncenter{width:100%;}.kadence-column33_7f3a5d-27 > .kt-inside-inner-col:before{opacity:0.3;}.kadence-column33_7f3a5d-27{position:relative;}@media all and (max-width: 1024px){.kadence-column33_7f3a5d-27 > .kt-inside-inner-col{border-top:1px solid #dddddd;border-right:1px solid #dddddd;border-bottom:1px solid #dddddd;border-left:1px solid #dddddd;flex-direction:column;justify-content:center;}}@media all and (max-width: 767px){.kadence-column33_7f3a5d-27 > .kt-inside-inner-col{border-top:1px solid #dddddd;border-right:1px solid #dddddd;border-bottom:1px solid #dddddd;border-left:1px solid #dddddd;flex-direction:column;justify-content:center;}}<\/style>\n<div class=\"wp-block-kadence-column kadence-column33_7f3a5d-27\"><div class=\"kt-inside-inner-col\"><style>.kb-image33_420cf8-91 .kb-image-has-overlay:after{opacity:0.3;}.kb-image33_420cf8-91 img.kb-img, .kb-image33_420cf8-91 .kb-img img{object-position:50% 10%;}<\/style>\n<figure class=\"wp-block-kadence-image kb-image33_420cf8-91\"><img loading=\"lazy\" decoding=\"async\" width=\"440\" height=\"520\" src=\"https:\/\/www.injurylawyerhouston.com\/wp-content\/uploads\/2025\/04\/staff_samuel_trevino.webp\" alt=\"\" class=\"kb-img wp-image-428\" srcset=\"https:\/\/www.injurylawyerhouston.com\/wp-content\/uploads\/2025\/04\/staff_samuel_trevino.webp 440w, https:\/\/www.injurylawyerhouston.com\/wp-content\/uploads\/2025\/04\/staff_samuel_trevino-254x300.webp 254w\" sizes=\"auto, (max-width: 440px) 100vw, 440px\" \/><\/figure>\n\n\n<style>.wp-block-kadence-advancedheading.kt-adv-heading33_38308a-07, .wp-block-kadence-advancedheading.kt-adv-heading33_38308a-07[data-kb-block=\"kb-adv-heading33_38308a-07\"]{margin-top:0px;margin-bottom:0px;text-align:center;font-size:24px;font-style:normal;}.wp-block-kadence-advancedheading.kt-adv-heading33_38308a-07 mark.kt-highlight, .wp-block-kadence-advancedheading.kt-adv-heading33_38308a-07[data-kb-block=\"kb-adv-heading33_38308a-07\"] mark.kt-highlight{font-style:normal;color:#f76a0c;-webkit-box-decoration-break:clone;box-decoration-break:clone;padding-top:0px;padding-right:0px;padding-bottom:0px;padding-left:0px;}.wp-block-kadence-advancedheading.kt-adv-heading33_38308a-07 img.kb-inline-image, .wp-block-kadence-advancedheading.kt-adv-heading33_38308a-07[data-kb-block=\"kb-adv-heading33_38308a-07\"] img.kb-inline-image{width:150px;vertical-align:baseline;}<\/style>\n<h3 class=\"kt-adv-heading33_38308a-07 wp-block-kadence-advancedheading\" data-kb-block=\"kb-adv-heading33_38308a-07\"><a href=\"https:\/\/www.injurylawyerhouston.com\/staff\/\">Samuel Trevino<\/a><\/h3>\n\n\n<style>.wp-block-kadence-advancedheading.kt-adv-heading33_7a6397-00, .wp-block-kadence-advancedheading.kt-adv-heading33_7a6397-00[data-kb-block=\"kb-adv-heading33_7a6397-00\"]{text-align:center;font-size:16px;font-style:normal;}.wp-block-kadence-advancedheading.kt-adv-heading33_7a6397-00 mark.kt-highlight, .wp-block-kadence-advancedheading.kt-adv-heading33_7a6397-00[data-kb-block=\"kb-adv-heading33_7a6397-00\"] mark.kt-highlight{font-style:normal;color:#f76a0c;-webkit-box-decoration-break:clone;box-decoration-break:clone;padding-top:0px;padding-right:0px;padding-bottom:0px;padding-left:0px;}.wp-block-kadence-advancedheading.kt-adv-heading33_7a6397-00 img.kb-inline-image, .wp-block-kadence-advancedheading.kt-adv-heading33_7a6397-00[data-kb-block=\"kb-adv-heading33_7a6397-00\"] img.kb-inline-image{width:150px;vertical-align:baseline;}<\/style>\n<p class=\"kt-adv-heading33_7a6397-00 wp-block-kadence-advancedheading\" data-kb-block=\"kb-adv-heading33_7a6397-00\">Administrador de casos de admisi\u00f3n<\/p>\n<\/div><\/div>\n\n<\/div><\/div>\n<h2 class=\"wp-block-heading\">Conocemos la ley de lesiones personales<\/h2>\n\n<p>Estamos dedicados a representar a las v\u00edctimas de lesiones personales, y podemos guiarle a trav\u00e9s de cada fase de este proceso a veces confuso. Podemos remitirle a profesionales m\u00e9dicos capacitados y cercanos, asegurar los registros m\u00e9dicos, hablar con su aseguradora, investigar las pruebas y manejar todos los dem\u00e1s aspectos de su caso para que no tenga que preocuparse.<\/p>\n\n<p>Con m\u00e1s de 20 a\u00f1os de experiencia, realmente conocemos los entresijos de la ley de lesiones personales. Evaluaremos sus opciones y recomendaremos un camino a seguir. Dependiendo de las circunstancias que rodean su lesi\u00f3n, podemos negociar un acuerdo o representarle en los tribunales. Hemos trabajado con compa\u00f1\u00edas de seguros durante d\u00e9cadas y entendemos las t\u00e1cticas que utilizan para reducir su compensaci\u00f3n. Podemos evaluar de forma completa y justa el alcance de sus lesiones y los costes asociados para asegurarnos de que tiene lo que necesita para una estabilidad a largo plazo.<\/p>\n\n<h2 class=\"wp-block-heading\">Trabajar con un abogado certificado por el colegio de abogados<\/h2>\n\n<p>Menos del 10 por ciento de los abogados de lesiones personales han sido reconocidos por el Colegio de Abogados de Texas (Texas Board of Legal Specialization). Trabajar con un abogado certificado por el colegio de abogados significa que puede confiar en sus habilidades en su \u00e1rea de especializaci\u00f3n elegida. Esta certificaci\u00f3n no solo requiere una amplia experiencia en entornos de juicio, sino que tambi\u00e9n requiere una evaluaci\u00f3n por pares.<\/p>\n\n<p>Esto significa que no solo trabajar\u00e1 con un abogado cualificado cuando trabaje con el bufete de abogados de Shane R. Kadlec, sino tambi\u00e9n con un litigante cualificado, un abogado con la experiencia necesaria para crear los mejores resultados posibles para usted.<\/p>\n","protected":false},"excerpt":{"rendered":"<p>En el bufete de abogados de Shane R. Kadlec, entendemos que los resultados de su caso de lesiones personales pueden tener un impacto duradero en su vida, y estamos preparados para poner nuestros a\u00f1os de experiencia a trabajar para usted. Desde 1996, Shane Kadlec ha trabajado directamente con v\u00edctimas de accidentes en Houston y sus&#8230;<\/p>\n","protected":false},"author":1,"featured_media":500501,"parent":0,"menu_order":0,"comment_status":"closed","ping_status":"closed","template":"","meta":{"_acf_changed":false,"inline_featured_image":false,"_kad_blocks_custom_css":"","_kad_blocks_head_custom_js":"","_kad_blocks_body_custom_js":"","_kad_blocks_footer_custom_js":"","_kad_post_transparent":"","_kad_post_title":"","_kad_post_layout":"","_kad_post_sidebar_id":"","_kad_post_content_style":"","_kad_post_vertical_padding":"","_kad_post_feature":"","_kad_post_feature_position":"","_kad_post_header":false,"_kad_post_footer":false,"_kad_post_classname":"","footnotes":""},"class_list":["post-500500","page","type-page","status-publish","has-post-thumbnail","hentry"],"acf":[],"taxonomy_info":[],"featured_image_src_large":["https:\/\/www.injurylawyerhouston.com\/wp-content\/uploads\/2025\/04\/bg-column-1024x320.webp",1024,320,true],"author_info":{"display_name":"Shane R. Kadlec","author_link":"https:\/\/www.injurylawyerhouston.com\/es\/author\/operationslmg\/"},"comment_info":0,"_links":{"self":[{"href":"https:\/\/www.injurylawyerhouston.com\/es\/wp-json\/wp\/v2\/pages\/500500","targetHints":{"allow":["GET"]}}],"collection":[{"href":"https:\/\/www.injurylawyerhouston.com\/es\/wp-json\/wp\/v2\/pages"}],"about":[{"href":"https:\/\/www.injurylawyerhouston.com\/es\/wp-json\/wp\/v2\/types\/page"}],"author":[{"embeddable":true,"href":"https:\/\/www.injurylawyerhouston.com\/es\/wp-json\/wp\/v2\/users\/1"}],"replies":[{"embeddable":true,"href":"https:\/\/www.injurylawyerhouston.com\/es\/wp-json\/wp\/v2\/comments?post=500500"}],"version-history":[{"count":1,"href":"https:\/\/www.injurylawyerhouston.com\/es\/wp-json\/wp\/v2\/pages\/500500\/revisions"}],"predecessor-version":[{"id":500502,"href":"https:\/\/www.injurylawyerhouston.com\/es\/wp-json\/wp\/v2\/pages\/500500\/revisions\/500502"}],"wp:featuredmedia":[{"embeddable":true,"href":"https:\/\/www.injurylawyerhouston.com\/es\/wp-json\/wp\/v2\/media\/500501"}],"wp:attachment":[{"href":"https:\/\/www.injurylawyerhouston.com\/es\/wp-json\/wp\/v2\/media?parent=500500"}],"curies":[{"name":"wp","href":"https:\/\/api.w.org\/{rel}","templated":true}]}}