{"id":500690,"date":"2025-05-20T14:58:21","date_gmt":"2025-05-20T14:58:21","guid":{"rendered":"https:\/\/www.injurylawyerhouston.com\/abogado-de-accidentes-por-persecucion-policial-en-houston\/"},"modified":"2025-10-13T07:37:40","modified_gmt":"2025-10-13T07:37:40","slug":"abogado-de-accidentes-por-persecucion-policial-en-houston","status":"publish","type":"page","link":"https:\/\/www.injurylawyerhouston.com\/es\/abogado-de-accidentes-por-persecucion-policial-en-houston\/","title":{"rendered":"Abogado de accidentes por persecuci\u00f3n policial en Houston"},"content":{"rendered":"\n<p>Tras un accidente por persecuci\u00f3n policial en Texas, las consecuencias pueden ser dif\u00edciles y de gran alcance. Desde 1996, el <a href=\"https:\/\/www.injurylawyerhouston.com\/es\/\">Despacho de Abogados de Shane R. Kadlec<\/a> se ha dedicado a ayudar a los tejanos heridos con una representaci\u00f3n legal honesta y personalizada.  <\/p>\n\n<p>Entendemos el grave impacto que un accidente relacionado con una persecuci\u00f3n puede tener en usted y en sus seres queridos. A continuaci\u00f3n, describimos c\u00f3mo se producen estos accidentes y c\u00f3mo nuestro equipo puede ayudarle a obtener una compensaci\u00f3n justa por sus lesiones. <\/p>\n\n<h2 class=\"wp-block-heading\">Aspectos legales de los accidentes por persecuci\u00f3n policial en Texas<\/h2>\n\n<p>Los accidentes por persecuci\u00f3n policial pueden surgir cuando un conductor que huye ignora las se\u00f1ales de tr\u00e1fico, supera el l\u00edmite de velocidad o se niega a detenerse cuando se lo ordena la polic\u00eda. En estos momentos de tensi\u00f3n, los agentes pueden verse corriendo por calles concurridas, potencialmente a una velocidad asombrosa. Este entorno puede provocar colisiones con transe\u00fantes, otros automovilistas o incluso peatones.  <\/p>\n\n<p>Antes de un cambio de pol\u00edtica en septiembre de 2023, el Departamento de Polic\u00eda de Houston (HPD) participaba en un alto n\u00famero de persecuciones. En los 11 meses anteriores al cambio de pol\u00edtica, hubo alrededor de 1.650 persecuciones. Esto promedi\u00f3 alrededor de cinco persecuciones por d\u00eda.  <\/p>\n\n<p>Decidir la responsabilidad en un accidente por persecuci\u00f3n policial a menudo implica observar tres grupos: la persona que evade a las autoridades, los agentes del orden que persiguen y cualquier otra persona cuyas acciones puedan haber contribuido al accidente. <\/p>\n\n<p>La responsabilidad puede complicarse si los agentes realizaron ciertas maniobras o si las pol\u00edticas de la ciudad fueron ignoradas durante la persecuci\u00f3n.<\/p>\n\n<p>Seg\u00fan el <a href=\"https:\/\/statutes.capitol.texas.gov\/docs\/cp\/htm\/cp.101.htm\" target=\"_blank\" rel=\"noopener\">C\u00f3digo de Pr\u00e1cticas y Recursos Civiles de Texas \u00a7 101.021<\/a>, puede haber formas de responsabilizar a los agentes si incurren en una conducta descuidada o il\u00edcita. Esto podr\u00eda incluir el exceso de velocidad en condiciones de congesti\u00f3n o la falta de precauci\u00f3n adicional al perseguir a un sospechoso de infracci\u00f3n menor.  <\/p>\n\n<p>Podemos ayudarle a investigar estos factores para ver si se le puede exigir a un agente o agencia que cubra sus da\u00f1os.<\/p>\n\n<h2 class=\"wp-block-heading\">C\u00f3mo puede ayudar el Despacho de Abogados de Shane R. Kadlec<\/h2>\n\n<p>Estamos dedicados a manejar su reclamaci\u00f3n por accidente de persecuci\u00f3n policial de manera exhaustiva. Nuestro objetivo es examinar las pruebas, identificar a cada parte responsable y presionar para obtener la mejor recuperaci\u00f3n financiera posible en su nombre. <\/p>\n\n<h3 class=\"wp-block-heading\">Evaluaci\u00f3n del caso<\/h3>\n\n<p>Comenzamos con una mirada en profundidad a todos los detalles relevantes para su caso. Esto incluye el estudio de los informes policiales, las declaraciones de los testigos, las fotograf\u00edas y los historiales m\u00e9dicos. La recopilaci\u00f3n de estos elementos nos ayuda a comprender mejor la magnitud de sus lesiones, as\u00ed como el papel que desempe\u00f1aron las fuerzas del orden y el conductor que hu\u00eda en la causa de la colisi\u00f3n.  <\/p>\n\n<p>Despu\u00e9s de revisar estos detalles, consideramos entonces a cada entidad potencialmente responsable. Podr\u00eda ser el sospechoso que se neg\u00f3 a detenerse, el agente de la ley involucrado en la persecuci\u00f3n, o incluso una oficina gubernamental responsable de la supervisi\u00f3n. Nuestro objetivo es incluir a cualquier persona que haya contribuido al accidente al solicitar una indemnizaci\u00f3n.  <\/p>\n\n<h3 class=\"wp-block-heading\">Obtenci\u00f3n de una indemnizaci\u00f3n por sus lesiones<\/h3>\n\n<p>Una persecuci\u00f3n policial puede dejarle con huesos rotos, latigazo cervical, <a href=\"https:\/\/www.injurylawyerhouston.com\/blogs\/4640\/common-causes-and-symptoms-of-traumatic-brain-injuries\">traumatismo craneoencef\u00e1lico<\/a> o estr\u00e9s emocional grave. Nuestro trabajo es ayudarle a obtener un pago que pueda cubrir sus facturas m\u00e9dicas, los ingresos perdidos durante la recuperaci\u00f3n, el coste de la reparaci\u00f3n de su veh\u00edculo y otros gastos relacionados con su accidente. <\/p>\n\n<p>Hacemos todo lo posible para negociar directamente con las aseguradoras y cualquier representante del gobierno por una cantidad que refleje lo que realmente merece. Si las conversaciones de acuerdo no conducen a un resultado justo, estamos preparados para llevar su caso a los tribunales. <\/p>\n\n<h3 class=\"wp-block-heading\">Orientaci\u00f3n a trav\u00e9s de procesos legales complejos<\/h3>\n\n<p>Presentar una reclamaci\u00f3n contra una agencia gubernamental es diferente de presentar una reclamaci\u00f3n de seguro cotidiana. Puede haber plazos y documentos espec\u00edficos que deban presentarse en un plazo estricto. Le ayudamos a gestionar estas tareas para que no se pierda fechas o pasos importantes.  <\/p>\n\n<p>A lo largo de este proceso, mantenemos abiertas las l\u00edneas de comunicaci\u00f3n. Cuando tenga preguntas o desee una actualizaci\u00f3n sobre su reclamaci\u00f3n, compartimos respuestas claras y r\u00e1pidas. Conocer\u00e1 el estado de su caso en cada paso del camino.  <\/p>\n\n<h2 class=\"wp-block-heading\">Desaf\u00edos en los casos de accidentes por persecuci\u00f3n policial<\/h2>\n\n<p>Buscar justicia puede ser m\u00e1s dif\u00edcil cuando est\u00e1 involucrado un organismo gubernamental. Las fuerzas del orden pueden negar haber actuado mal o protegerse de las reclamaciones se\u00f1alando las directrices oficiales. Determinar qu\u00e9 conductor caus\u00f3 m\u00faltiples impactos tambi\u00e9n puede a\u00f1adir confusi\u00f3n si la persecuci\u00f3n oblig\u00f3 a varios veh\u00edculos a colisionar.  <\/p>\n\n<p>En muchos casos, debe esperar recopilar varios tipos de pruebas, desde fotos del lugar del accidente hasta grabaciones de c\u00e1maras de salpicadero. <\/p>\n\n<p>Mientras tanto, los plazos de presentaci\u00f3n de reclamaciones gubernamentales pueden ser m\u00e1s cortos que el plazo de presentaci\u00f3n de accidentes automovil\u00edsticos est\u00e1ndar. La ayuda legal r\u00e1pida es especialmente importante en estos casos. <\/p>\n\n<h2 class=\"wp-block-heading\">Preguntas frecuentes<\/h2>\n\n<h3 class=\"wp-block-heading\">\u00bfQu\u00e9 medidas debo tomar inmediatamente despu\u00e9s de un accidente por persecuci\u00f3n policial?<\/h3>\n\n<p>En primer lugar, llame a los servicios de emergencia m\u00e9dica si hay heridos. Recopile informaci\u00f3n de los transe\u00fantes y documente lo que ocurri\u00f3 en el lugar de los hechos, incluyendo cualquier v\u00eddeo o foto de las secuelas. Solicite un informe policial, incluso si los agentes en el lugar ya han tomado declaraciones. La documentaci\u00f3n m\u00e9dica y legal adecuada puede ser vital a la hora de construir su caso.   <\/p>\n\n<h3 class=\"wp-block-heading\">\u00bfC\u00f3mo puedo probar la responsabilidad en un accidente por persecuci\u00f3n policial?<\/h3>\n\n<p>Los informes policiales, las grabaciones de c\u00e1maras de salpicadero o corporales, los registros telef\u00f3nicos y los relatos de testigos presenciales pueden combinarse para mostrar qu\u00e9 acciones tuvieron lugar. Estos detalles nos ayudan a reconstruir si los agentes actuaron de forma responsable y si el sospechoso que hu\u00eda le caus\u00f3 directamente da\u00f1os. Las pruebas f\u00edsicas, como las marcas de neum\u00e1ticos o los da\u00f1os visibles en la carretera, tambi\u00e9n pueden ayudar a establecer qui\u00e9n es el responsable.  <\/p>\n\n<h3 class=\"wp-block-heading\">\u00bfExiste un plazo para presentar una reclamaci\u00f3n por accidente de persecuci\u00f3n policial en Texas?<\/h3>\n\n<p>Las demandas por lesiones personales normalmente deben presentarse dentro de los dos a\u00f1os siguientes al accidente. Sin embargo, si est\u00e1 involucrada una agencia gubernamental, su plazo puede ser m\u00e1s corto. Comenzar pronto le permite tener m\u00e1s tiempo para recopilar documentos y organizar sus declaraciones antes de que expiren los plazos.  <\/p>\n\n<h2 class=\"wp-block-heading\">P\u00f3ngase en contacto con el Despacho de Abogados de Shane R. Kadlec hoy mismo<\/h2>\n\n<p>Agradecemos sus preguntas y le invitamos a que se ponga en contacto con nosotros en cualquier momento en el <a href=\"tel:281-643-2000\">281-643-2000<\/a>. Tambi\u00e9n puede visitar <a href=\"https:\/\/www.injurylawyerhouston.com\/contact-us-in-houston-texas.html\">nuestra p\u00e1gina de contacto<\/a> para obtener m\u00e1s detalles.  <\/p>\n\n<p>Nos enorgullecemos de un enfoque personal y prestamos mucha atenci\u00f3n a sus necesidades durante cada etapa del proceso legal. Si est\u00e1 listo para hablar de sus opciones, ll\u00e1menos hoy mismo para concertar una consulta gratuita y hablar de su camino a seguir. <\/p>\n","protected":false},"excerpt":{"rendered":"<p>Tras un accidente por persecuci\u00f3n policial en Texas, las consecuencias pueden ser dif\u00edciles y de gran alcance. Desde 1996, el Despacho de Abogados de Shane R. Kadlec se ha dedicado a ayudar a los tejanos heridos con una representaci\u00f3n legal honesta y personalizada. Entendemos el grave impacto que un accidente relacionado con una persecuci\u00f3n puede&#8230;<\/p>\n","protected":false},"author":1,"featured_media":0,"parent":0,"menu_order":0,"comment_status":"closed","ping_status":"closed","template":"","meta":{"_acf_changed":false,"inline_featured_image":false,"_kad_blocks_custom_css":"","_kad_blocks_head_custom_js":"","_kad_blocks_body_custom_js":"","_kad_blocks_footer_custom_js":"","_kad_post_transparent":"","_kad_post_title":"","_kad_post_layout":"","_kad_post_sidebar_id":"","_kad_post_content_style":"","_kad_post_vertical_padding":"","_kad_post_feature":"","_kad_post_feature_position":"","_kad_post_header":false,"_kad_post_footer":false,"_kad_post_classname":"","footnotes":""},"class_list":["post-500690","page","type-page","status-publish","hentry"],"acf":[],"taxonomy_info":[],"featured_image_src_large":false,"author_info":{"display_name":"Shane R. Kadlec","author_link":"https:\/\/www.injurylawyerhouston.com\/es\/author\/operationslmg\/"},"comment_info":0,"_links":{"self":[{"href":"https:\/\/www.injurylawyerhouston.com\/es\/wp-json\/wp\/v2\/pages\/500690","targetHints":{"allow":["GET"]}}],"collection":[{"href":"https:\/\/www.injurylawyerhouston.com\/es\/wp-json\/wp\/v2\/pages"}],"about":[{"href":"https:\/\/www.injurylawyerhouston.com\/es\/wp-json\/wp\/v2\/types\/page"}],"author":[{"embeddable":true,"href":"https:\/\/www.injurylawyerhouston.com\/es\/wp-json\/wp\/v2\/users\/1"}],"replies":[{"embeddable":true,"href":"https:\/\/www.injurylawyerhouston.com\/es\/wp-json\/wp\/v2\/comments?post=500690"}],"version-history":[{"count":1,"href":"https:\/\/www.injurylawyerhouston.com\/es\/wp-json\/wp\/v2\/pages\/500690\/revisions"}],"predecessor-version":[{"id":500691,"href":"https:\/\/www.injurylawyerhouston.com\/es\/wp-json\/wp\/v2\/pages\/500690\/revisions\/500691"}],"wp:attachment":[{"href":"https:\/\/www.injurylawyerhouston.com\/es\/wp-json\/wp\/v2\/media?parent=500690"}],"curies":[{"name":"wp","href":"https:\/\/api.w.org\/{rel}","templated":true}]}}