{"id":500692,"date":"2025-05-23T05:18:46","date_gmt":"2025-05-23T05:18:46","guid":{"rendered":"https:\/\/www.injurylawyerhouston.com\/abogado-de-houston-especializado-en-mensajes-de-texto-al-volante\/"},"modified":"2025-10-13T07:37:40","modified_gmt":"2025-10-13T07:37:40","slug":"abogado-de-houston-especializado-en-mensajes-de-texto-al-volante","status":"publish","type":"page","link":"https:\/\/www.injurylawyerhouston.com\/es\/abogado-de-houston-especializado-en-mensajes-de-texto-al-volante\/","title":{"rendered":"Abogado de Houston especializado en mensajes de texto al volante"},"content":{"rendered":"\n<p>Enviar mensajes de texto al volante no solo es ilegal, sino que tambi\u00e9n pone en peligro a todos los que circulan por la carretera. Los estudios han demostrado que enviar mensajes de texto al volante es incluso m\u00e1s peligroso que conducir bajo los efectos del alcohol.  <\/p>\n\n<p>Los conductores que utilizan sus tel\u00e9fonos de forma inadecuada se ponen a s\u00ed mismos y a todos los que les rodean en grave peligro. <\/p>\n\n<p>Si ha resultado lesionado por alguien que enviaba mensajes de texto al volante, contratar a un abogado puede ayudar a demostrar que su conducci\u00f3n distra\u00edda caus\u00f3 el accidente y a responsabilizarle de sus actos.<\/p>\n\n<p>Nuestro objetivo es obtener la m\u00e1xima indemnizaci\u00f3n monetaria por las lesiones causadas por conductores distra\u00eddos. <\/p>\n\n<p><a href=\"https:\/\/www.injurylawyerhouston.com\/contact-us-in-houston-texas.html\">Nuestro bufete<\/a> ofrece una orientaci\u00f3n clara para ayudarle a recuperarse y proteger su futuro. Las decisiones que tome ahora pueden afectar tanto a su salud como a su estabilidad financiera. <\/p>\n\n<h2 class=\"wp-block-heading\">Peligros de enviar mensajes de texto al volante<\/h2>\n\n<p>La conducci\u00f3n distra\u00edda, incluido el env\u00edo de mensajes de texto o la consulta de las redes sociales al volante, ha sido un problema acuciante en todo Texas. <\/p>\n\n<p>La conducci\u00f3n distra\u00edda es un factor importante en un <a href=\"https:\/\/www.txdot.gov\/safety\/traffic-safety-campaigns\/distracted-driving.html\" target=\"_blank\" rel=\"noopener\">gran porcentaje de accidentes en Texas<\/a>. En 2022, la conducci\u00f3n distra\u00edda se relacion\u00f3 con 487 muertes y m\u00e1s de 2.800 lesiones graves en el estado. Los funcionarios de Texas estiman que aproximadamente uno de cada seis accidentes est\u00e1 relacionado con la conducci\u00f3n distra\u00edda.  <\/p>\n\n<p>La responsabilidad de estos incidentes puede ser complicada. El conductor culpable puede negar haber usado su tel\u00e9fono, o una compa\u00f1\u00eda de seguros podr\u00eda minimizar la gravedad de sus lesiones. Por ello, buscar ayuda legal puede ser un paso importante si desea un trato justo durante el proceso de reclamaci\u00f3n.  <\/p>\n\n<p>A continuaci\u00f3n, se presenta un breve desglose de algunos datos relevantes que podr\u00edan resultarle \u00fatiles:<\/p>\n\n<figure class=\"wp-block-table\"><table class=\"has-fixed-layout\"><tbody><tr><td class=\"has-text-align-center\" data-align=\"center\"><strong>Indicador<\/strong><\/td><td class=\"has-text-align-center\" data-align=\"center\"><strong>Posible evidencia<\/strong><\/td><\/tr><tr><td class=\"has-text-align-center\" data-align=\"center\">Cambios de carril err\u00e1ticos<\/td><td class=\"has-text-align-center\" data-align=\"center\">Declaraciones de testigos e informes de accidentes<\/td><\/tr><tr><td class=\"has-text-align-center\" data-align=\"center\">Frenado tard\u00edo<\/td><td class=\"has-text-align-center\" data-align=\"center\">Marcas de neum\u00e1ticos y registros de inspecci\u00f3n del veh\u00edculo<\/td><\/tr><tr><td class=\"has-text-align-center\" data-align=\"center\">Uso del tel\u00e9fono en el lugar de los hechos<\/td><td class=\"has-text-align-center\" data-align=\"center\">Marcas de tiempo del tel\u00e9fono m\u00f3vil y registros de mensajes de texto<\/td><\/tr><\/tbody><\/table><\/figure>\n\n<h2 class=\"wp-block-heading\">C\u00f3mo puede ayudar el bufete de abogados de Shane R. Kadlec<\/h2>\n\n<p>Conocemos las dificultades que siguen a un accidente causado por un conductor distra\u00eddo que enviaba mensajes de texto. Nuestro objetivo es reducir su estr\u00e9s y luchar por la indemnizaci\u00f3n que se merece. A continuaci\u00f3n, le indicamos c\u00f3mo podemos ayudarle en un caso de env\u00edo de mensajes de texto al volante:  <\/p>\n\n<h3 class=\"wp-block-heading\">Investigaci\u00f3n del caso<\/h3>\n\n<ul class=\"wp-block-list\">\n<li>Recopilar informaci\u00f3n detallada sobre el accidente.<\/li>\n\n\n\n<li>Solicitar registros telef\u00f3nicos y revisar informes policiales.<\/li>\n\n\n\n<li>Entrevistar a testigos presenciales sobre el comportamiento del conductor.<\/li>\n\n\n\n<li>Consultar a expertos en reconstrucci\u00f3n de accidentes cuando sea necesario.<\/li>\n<\/ul>\n\n<h3 class=\"wp-block-heading\">Determinaci\u00f3n de la responsabilidad y solicitud de indemnizaci\u00f3n<\/h3>\n\n<ul class=\"wp-block-list\">\n<li>Investigar los registros telef\u00f3nicos y otras pruebas para demostrar la distracci\u00f3n del conductor.<\/li>\n\n\n\n<li>Establecer la culpa del conductor en el accidente.<\/li>\n\n\n\n<li>Solicitar una indemnizaci\u00f3n por la p\u00e9rdida de ingresos, los gastos m\u00e9dicos, el dolor y el sufrimiento, y otros da\u00f1os.<\/li>\n<\/ul>\n\n<h3 class=\"wp-block-heading\">Trato con las compa\u00f1\u00edas de seguros<\/h3>\n\n<ul class=\"wp-block-list\">\n<li>Gestionar las comunicaciones con los peritos de seguros.<\/li>\n\n\n\n<li>Impugnar las ofertas de acuerdo bajas o las disputas sobre la culpa.<\/li>\n\n\n\n<li>Prepararse para llevar el caso a los tribunales si la aseguradora no coopera.<\/li>\n<\/ul>\n\n<h3 class=\"wp-block-heading\">Apoyo centrado en el cliente<\/h3>\n\n<ul class=\"wp-block-list\">\n<li>Mantenerle informado durante todo el proceso.<\/li>\n\n\n\n<li>Responder a sus preguntas y abordar sus preocupaciones.<\/li>\n\n\n\n<li>Minimizar el estr\u00e9s para usted y su familia durante la recuperaci\u00f3n.<\/li>\n<\/ul>\n\n<h2 class=\"wp-block-heading\">Lesiones por accidentes causados por enviar mensajes de texto al volante<\/h2>\n\n<p>Los accidentes causados por enviar mensajes de texto al volante pueden provocar una amplia gama de da\u00f1os f\u00edsicos. Algunas personas se van con un latigazo cervical, mientras que otras se enfrentan a traumatismos craneales graves. <\/p>\n\n<p> Hemos visto casos de fracturas de huesos, problemas de m\u00e9dula espinal y lesiones cerebrales graves. Cada tipo de da\u00f1o conlleva sus propias necesidades y gastos de tratamiento. <\/p>\n\n<p>La gravedad de la lesi\u00f3n suele influir en el valor de su reclamaci\u00f3n. Una lesi\u00f3n catastr\u00f3fica, como una lesi\u00f3n de la m\u00e9dula espinal, puede provocar una discapacidad permanente, que puede afectar a sus salarios y a su estilo de vida de forma indefinida. Sea cual sea el alcance del da\u00f1o, gestionamos casos de lesiones tanto a peque\u00f1a como a gran escala con el mismo nivel de atenci\u00f3n.  <\/p>\n\n<h2 class=\"wp-block-heading\">C\u00f3mo demostrar la negligencia en los casos de env\u00edo de mensajes de texto al volante<\/h2>\n\n<p>Demostrar que alguien estaba enviando mensajes de texto requiere una actuaci\u00f3n r\u00e1pida. Las compa\u00f1\u00edas de telefon\u00eda m\u00f3vil no almacenan los datos para siempre, por lo que recopilar los registros telef\u00f3nicos con antelaci\u00f3n puede ser clave. A menudo, tambi\u00e9n nos basamos en los informes de accidentes, los datos electr\u00f3nicos de los sistemas del veh\u00edculo y las declaraciones de los testigos.  <\/p>\n\n<p>Tan pronto como sospeche que el otro conductor podr\u00eda haber estado distra\u00eddo, puede ser prudente compartir ese detalle con las fuerzas del orden en el lugar de los hechos. Esto puede proporcionar un registro de su afirmaci\u00f3n de que probablemente hubo mensajes de texto involucrados. Nuestro objetivo es asegurar cualquier indicio de uso del tel\u00e9fono, desde los registros de llamadas hasta el uso de datos, para que el patr\u00f3n de negligencia quede claro.  <\/p>\n\n<h2 class=\"wp-block-heading\">Da\u00f1os que puede recuperar<\/h2>\n\n<p>Cuando un conductor que env\u00eda mensajes de texto le golpea, podr\u00eda tener derecho a recuperar m\u00faltiples formas de compensaci\u00f3n. A continuaci\u00f3n, se presenta una breve lista: <\/p>\n\n<ul class=\"wp-block-list\">\n<li>Facturas m\u00e9dicas pasadas y futuras, como estancias en hospitales o rehabilitaci\u00f3n.<\/li>\n\n\n\n<li>Salarios perdidos por el tiempo que falt\u00f3 al trabajo, m\u00e1s cualquier reducci\u00f3n proyectada en el poder adquisitivo.<\/li>\n\n\n\n<li>Da\u00f1os a la propiedad, incluidos los gastos de reparaci\u00f3n del coche.<\/li>\n\n\n\n<li>Dolor y sufrimiento por su malestar f\u00edsico y estr\u00e9s.<\/li>\n\n\n\n<li>Otros gastos de bolsillo que tuvo que cubrir debido al accidente.<\/li>\n<\/ul>\n\n<p>Hablamos de estas categor\u00edas con usted para comprender plenamente su situaci\u00f3n. Dado que no hay dos accidentes iguales, redactamos una reclamaci\u00f3n que refleje su camino de recuperaci\u00f3n espec\u00edfico. <\/p>\n\n<h2 class=\"wp-block-heading\">Preguntas frecuentes<\/h2>\n\n<p>Queremos que se sienta preparado con respuestas del mundo real a las preocupaciones comunes. Aqu\u00ed hay algunas preguntas que la gente a menudo nos hace sobre los accidentes por enviar mensajes de texto al volante. <\/p>\n\n<h3 class=\"wp-block-heading\">\u00bfQu\u00e9 debo hacer inmediatamente despu\u00e9s de un accidente causado por un conductor que env\u00eda mensajes de texto?<\/h3>\n\n<p>Su bienestar debe ser lo primero. Si puede, llame al 911, busque ayuda m\u00e9dica y recopile cualquier evidencia que sea seguro recopilar, como fotos y contactos de testigos. Adem\u00e1s, aseg\u00farese de solicitar un informe policial oficial. Ponerse en contacto con un abogado pronto puede marcar la diferencia, ya que los registros electr\u00f3nicos o las im\u00e1genes de vigilancia pueden desaparecer con el tiempo.   <\/p>\n\n<h3 class=\"wp-block-heading\">\u00bfCu\u00e1nto tiempo tengo para presentar una demanda?<\/h3>\n\n<p>En Texas, existe un l\u00edmite de tiempo para presentar una demanda por lesiones personales. Este plazo suele ser de dos a\u00f1os a partir de la fecha del accidente. Se recomienda actuar con rapidez. Esperar demasiado tiempo puede resultar en la p\u00e9rdida de su derecho a reclamar una indemnizaci\u00f3n por lesiones y da\u00f1os econ\u00f3micos.   <\/p>\n\n<h3 class=\"wp-block-heading\">\u00bfCu\u00e1nto vale mi caso?<\/h3>\n\n<p>Cada situaci\u00f3n es \u00fanica porque los gastos m\u00e9dicos, los salarios perdidos y el dolor difieren de una persona a otra. Revisaremos sus facturas, los registros de trabajo y c\u00f3mo la lesi\u00f3n afecta a su vida diaria. Despu\u00e9s de una evaluaci\u00f3n completa, podemos proporcionar una estimaci\u00f3n de la cantidad que podr\u00eda reclamar en su caso.  <\/p>\n\n<h2 class=\"wp-block-heading\">P\u00f3ngase en contacto con el bufete de abogados de Shane R. Kadlec hoy mismo<\/h2>\n\n<p>Si ha resultado herido por alguien que enviaba mensajes de texto al volante, es fundamental tomar medidas legales r\u00e1pidas. No tiene por qu\u00e9 enfrentarse solo a los retos. La orientaci\u00f3n legal le permite centrarse en la curaci\u00f3n mientras su abogado re\u00fane pruebas, negocia con las compa\u00f1\u00edas de seguros y construye un caso s\u00f3lido para responsabilizar al conductor responsable.   <\/p>\n\n<p>Proteger sus derechos y obtener una indemnizaci\u00f3n justa puede marcar una diferencia real en su recuperaci\u00f3n y bienestar futuro.<\/p>\n\n<p>Ll\u00e1menos al <a href=\"tel:281-643-2000\">281-643-2000<\/a> o <a href=\"https:\/\/www.injurylawyerhouston.com\/contact-us\/\">visite nuestra p\u00e1gina de contacto<\/a> para obtener m\u00e1s informaci\u00f3n. Merece una representaci\u00f3n legal certificada por el colegio de abogados para su reclamaci\u00f3n por lesiones personales, y nuestro bufete puede empezar a trabajar para usted hoy mismo para lograr la mejor recuperaci\u00f3n posible. <\/p>\n","protected":false},"excerpt":{"rendered":"<p>Enviar mensajes de texto al volante no solo es ilegal, sino que tambi\u00e9n pone en peligro a todos los que circulan por la carretera. Los estudios han demostrado que enviar mensajes de texto al volante es incluso m\u00e1s peligroso que conducir bajo los efectos del alcohol. Los conductores que utilizan sus tel\u00e9fonos de forma inadecuada&#8230;<\/p>\n","protected":false},"author":1,"featured_media":0,"parent":0,"menu_order":0,"comment_status":"closed","ping_status":"closed","template":"","meta":{"_acf_changed":false,"inline_featured_image":false,"_kad_blocks_custom_css":"","_kad_blocks_head_custom_js":"","_kad_blocks_body_custom_js":"","_kad_blocks_footer_custom_js":"","_kad_post_transparent":"","_kad_post_title":"","_kad_post_layout":"","_kad_post_sidebar_id":"","_kad_post_content_style":"","_kad_post_vertical_padding":"","_kad_post_feature":"","_kad_post_feature_position":"","_kad_post_header":false,"_kad_post_footer":false,"_kad_post_classname":"","footnotes":""},"class_list":["post-500692","page","type-page","status-publish","hentry"],"acf":[],"taxonomy_info":[],"featured_image_src_large":false,"author_info":{"display_name":"Shane R. Kadlec","author_link":"https:\/\/www.injurylawyerhouston.com\/es\/author\/operationslmg\/"},"comment_info":0,"_links":{"self":[{"href":"https:\/\/www.injurylawyerhouston.com\/es\/wp-json\/wp\/v2\/pages\/500692","targetHints":{"allow":["GET"]}}],"collection":[{"href":"https:\/\/www.injurylawyerhouston.com\/es\/wp-json\/wp\/v2\/pages"}],"about":[{"href":"https:\/\/www.injurylawyerhouston.com\/es\/wp-json\/wp\/v2\/types\/page"}],"author":[{"embeddable":true,"href":"https:\/\/www.injurylawyerhouston.com\/es\/wp-json\/wp\/v2\/users\/1"}],"replies":[{"embeddable":true,"href":"https:\/\/www.injurylawyerhouston.com\/es\/wp-json\/wp\/v2\/comments?post=500692"}],"version-history":[{"count":1,"href":"https:\/\/www.injurylawyerhouston.com\/es\/wp-json\/wp\/v2\/pages\/500692\/revisions"}],"predecessor-version":[{"id":500693,"href":"https:\/\/www.injurylawyerhouston.com\/es\/wp-json\/wp\/v2\/pages\/500692\/revisions\/500693"}],"wp:attachment":[{"href":"https:\/\/www.injurylawyerhouston.com\/es\/wp-json\/wp\/v2\/media?parent=500692"}],"curies":[{"name":"wp","href":"https:\/\/api.w.org\/{rel}","templated":true}]}}