{"id":500694,"date":"2025-05-23T05:28:56","date_gmt":"2025-05-23T05:28:56","guid":{"rendered":"https:\/\/www.injurylawyerhouston.com\/abogado-de-accidentes-automovilisticos-mortales-en-houston\/"},"modified":"2025-10-13T07:37:40","modified_gmt":"2025-10-13T07:37:40","slug":"abogado-de-accidentes-automovilisticos-mortales-en-houston","status":"publish","type":"page","link":"https:\/\/www.injurylawyerhouston.com\/es\/abogado-de-accidentes-automovilisticos-mortales-en-houston\/","title":{"rendered":"Abogado de accidentes automovil\u00edsticos mortales en Houston"},"content":{"rendered":"\n<p>Perder a alguien en un accidente automovil\u00edstico mortal es una experiencia incre\u00edblemente dif\u00edcil, llena de trauma emocional, gastos inesperados e incertidumbre sobre qu\u00e9 hacer a continuaci\u00f3n. <\/p>\n\n<p>En el <a href=\"https:\/\/www.injurylawyerhouston.com\/es\/\">bufete de abogados de Shane R. Kadlec<\/a>, entendemos por lo que est\u00e1 pasando y estamos aqu\u00ed para brindarle una orientaci\u00f3n clara, un apoyo compasivo y una representaci\u00f3n legal dedicada para ayudarle a obtener la compensaci\u00f3n que su familia merece.<\/p>\n\n<h2 class=\"wp-block-heading\">Opciones legales para familias despu\u00e9s de un accidente automovil\u00edstico mortal en Houston<\/h2>\n\n<p>Sabemos que es dif\u00edcil pensar en asuntos legales cuando est\u00e1 de luto, pero existen ciertos derechos para ayudar a preservar el futuro de su familia. Una opci\u00f3n es presentar una demanda por homicidio culposo contra la parte culpable. Seg\u00fan el <a href=\"https:\/\/statutes.capitol.texas.gov\/docs\/cp\/htm\/cp.71.htm\" target=\"_blank\" rel=\"noopener\">C\u00f3digo de Pr\u00e1cticas y Recursos Civiles de Texas, Secci\u00f3n 71.001<\/a>, los familiares pueden recuperar el apoyo para ayudar a cubrir los gastos funerarios y otras p\u00e9rdidas financieras.  <\/p>\n\n<p>Estos posibles recursos financieros suelen abordar:<\/p>\n\n<ul class=\"wp-block-list\">\n<li>Costos del final de la vida, incluidos los servicios de entierro y ceremonia<\/li>\n\n\n\n<li>Facturas m\u00e9dicas relacionadas con el accidente<\/li>\n\n\n\n<li>P\u00e9rdida de ingresos futuros que habr\u00edan ayudado a su familia<\/li>\n<\/ul>\n\n<p>Es fundamental que las familias act\u00faen con prontitud. La evidencia puede desvanecerse a medida que los recuerdos de los testigos cambian, y los plazos de presentaci\u00f3n en Texas son estrictos. Avanzar poco despu\u00e9s del accidente es vital para proteger sus derechos.  <\/p>\n\n<h2 class=\"wp-block-heading\">C\u00f3mo el bufete de abogados de Shane R. Kadlec puede ayudar a su familia<\/h2>\n\n<p>Conocemos la carga emocional que lleva y los asuntos pr\u00e1cticos que debe manejar a ra\u00edz de una tragedia. Nuestro equipo se centra en apoyarle durante todo el proceso, desde la primera llamada telef\u00f3nica hasta la conclusi\u00f3n de su caso. Aqu\u00ed le mostramos c\u00f3mo podemos ayudarle:  <\/p>\n\n<h3 class=\"wp-block-heading\">Evaluaci\u00f3n integral del caso<\/h3>\n\n<p>Realizamos una revisi\u00f3n exhaustiva para identificar todos los factores de su reclamaci\u00f3n. Nuestro equipo recopila y examina cada detalle relevante, los registros oficiales del accidente, los informes de da\u00f1os, los datos m\u00e9dicos y las declaraciones de los testigos, para determinar la responsabilidad y descubrir posibles fuentes de compensaci\u00f3n. <\/p>\n\n<h3 class=\"wp-block-heading\">Representaci\u00f3n legal compasiva<\/h3>\n\n<p>Sabemos que perder a alguien en un accidente deja un impacto duradero. Usted merece orientaci\u00f3n con un coraz\u00f3n atento y una comunicaci\u00f3n constante. Nuestro personal dedica tiempo a escuchar sus inquietudes, responder a sus preguntas y construir su confianza 10. Nuestro bufete tambi\u00e9n gestiona las llamadas telef\u00f3nicas de las compa\u00f1\u00edas de seguros o de las partes implicadas, lo que le permite concentrarse en lo que realmente importa: cuidarse a s\u00ed mismo y a sus seres queridos mientras atraviesa estas dolorosas circunstancias.    <\/p>\n\n<h3 class=\"wp-block-heading\">B\u00fasqueda agresiva de compensaci\u00f3n<\/h3>\n\n<p>Cuando un ser querido se pierde debido a negligencia, las familias a menudo califican para una compensaci\u00f3n monetaria que cubre los costos funerarios, las facturas m\u00e9dicas, la p\u00e9rdida de ingresos y otros da\u00f1os. <\/p>\n\n<p>Seg\u00fan el <a href=\"https:\/\/statutes.capitol.texas.gov\/GetStatute.aspx?Code=CP&amp;Value=41.001&amp;Date=5\/31\/2015\" target=\"_blank\" rel=\"noopener\">C\u00f3digo de Pr\u00e1cticas y Recursos Civiles de Texas, Secci\u00f3n 41.001<\/a>, estos da\u00f1os reflejan c\u00f3mo se ha visto afectada la vida de su familia. No podemos borrar su angustia, pero nos esforzaremos por asegurar el mejor acuerdo o veredicto posible. Si los representantes de seguros se niegan a ofrecer un acuerdo justo, estamos preparados para llevar su caso a los tribunales y estar a su lado ante un juez o jurado.  <\/p>\n\n<h3 class=\"wp-block-heading\">Experiencia desde 1996<\/h3>\n\n<p>Hemos ayudado a personas en toda la regi\u00f3n de Houston durante m\u00e1s de 25 a\u00f1os, trabajando con familias que soportan las secuelas de colisiones repentinas y mortales. Nuestra experiencia incluye una s\u00f3lida trayectoria de resultados favorables en casos de homicidio culposo, construida sobre un enfoque personal adaptado a los objetivos de cada cliente.  <\/p>\n\n<p>Su equipo legal debe ser un aliado que trabaje en su mejor inter\u00e9s. Nuestra perspectiva se alinea con las necesidades y circunstancias \u00fanicas que rodean su p\u00e9rdida, centr\u00e1ndose en una resoluci\u00f3n que alivie su carga financiera. <\/p>\n\n<h2 class=\"wp-block-heading\">Preguntas frecuentes<\/h2>\n\n<h3 class=\"wp-block-heading\">\u00bfCu\u00e1nto tiempo tengo para presentar una demanda por homicidio culposo en Texas?<\/h3>\n\n<p>Seg\u00fan la ley de Texas (<a href=\"https:\/\/statutes.capitol.texas.gov\/docs\/cp\/htm\/cp.16.htm\" target=\"_blank\" rel=\"noopener\">C\u00f3digo de Pr\u00e1cticas y Recursos Civiles de Texas, Secci\u00f3n 16.003<\/a>), las familias suelen tener dos a\u00f1os a partir de la fecha de la muerte de su ser querido para presentar una demanda por homicidio culposo. Si no se cumple este plazo, es posible que no pueda obtener una compensaci\u00f3n, por lo que es importante tomar medidas legales con prontitud. <\/p>\n\n<h3 class=\"wp-block-heading\">\u00bfQui\u00e9n est\u00e1 autorizado a presentar una demanda por homicidio culposo en Texas?<\/h3>\n\n<p>En Texas, una demanda por homicidio culposo generalmente puede ser presentada por familiares directos, incluidos <strong>c\u00f3nyuges, hijos y padres<\/strong> del fallecido. Si estos familiares no presentan una demanda en un plazo de tres meses, el representante personal del patrimonio del fallecido puede hacerlo. Las circunstancias espec\u00edficas pueden variar, por lo que consultar con un abogado puede aclarar su elegibilidad.  <\/p>\n\n<h3 class=\"wp-block-heading\">\u00bfQu\u00e9 tipos de compensaci\u00f3n puede recuperar mi familia?<\/h3>\n\n<p>Las familias a menudo recuperan una compensaci\u00f3n por da\u00f1os, que incluyen:<\/p>\n\n<ul class=\"wp-block-list\">\n<li>Gastos de funeral y entierro<\/li>\n\n\n\n<li>Facturas m\u00e9dicas relacionadas con el accidente<\/li>\n\n\n\n<li>P\u00e9rdida de ingresos futuros y apoyo financiero<\/li>\n\n\n\n<li>Sufrimiento emocional y mental<\/li>\n\n\n\n<li>P\u00e9rdida de compa\u00f1\u00eda, cuidado y orientaci\u00f3n<\/li>\n<\/ul>\n\n<p>La cantidad exacta depende de las circunstancias \u00fanicas de su familia y de lo significativamente que la p\u00e9rdida haya afectado su vida.<\/p>\n\n<h3 class=\"wp-block-heading\">\u00bfQu\u00e9 sucede si el conductor que caus\u00f3 el accidente no ten\u00eda seguro?<\/h3>\n\n<p>Incluso si el conductor culpable no ten\u00eda seguro, todav\u00eda tiene opciones. Puede buscar una compensaci\u00f3n a trav\u00e9s de la cobertura de <g id=\"gid_0\">automovilista sin seguro\/con seguro insuficiente (UM\/UIM)<\/g> de su ser querido o presentar una demanda personal contra la parte responsable. Nuestro bufete eval\u00faa cada caso cuidadosamente para identificar todas las fuentes de compensaci\u00f3n disponibles.  <\/p>\n\n<h3 class=\"wp-block-heading\">\u00bfCu\u00e1nto cuesta contratar a su bufete de abogados para una demanda por accidente automovil\u00edstico mortal?<\/h3>\n\n<p>En nuestro bufete de abogados, representamos a las familias sobre una <strong>base de honorarios de contingencia<\/strong>, lo que significa que usted <strong>no paga honorarios por adelantado<\/strong>. Solo se nos paga si recuperamos con \u00e9xito una compensaci\u00f3n en su nombre. Nuestra consulta inicial es siempre gratuita.  <\/p>\n\n<h2 class=\"wp-block-heading\">P\u00f3ngase en contacto con nosotros para una consulta gratuita<\/h2>\n\n<p>Entendemos que estos d\u00edas se sienten abrumadores, pero no tiene que enfrentarlos solo. Por favor, ll\u00e1menos al <a href=\"tel:281-643-2000\">281-643-2000<\/a> o visite nuestra p\u00e1gina de contacto para programar una consulta gratuita con nuestro atento personal.  <\/p>\n\n<p>Estamos aqu\u00ed para discutir sus opciones legales y luchar por el resultado que usted y su familia merecen. Nuestro objetivo es ayudar a aliviar sus cargas para que pueda comenzar a sanar. Hablemos pronto y comencemos este viaje para asegurar un apoyo real para su familia.  <\/p>\n","protected":false},"excerpt":{"rendered":"<p>Perder a alguien en un accidente automovil\u00edstico mortal es una experiencia incre\u00edblemente dif\u00edcil, llena de trauma emocional, gastos inesperados e incertidumbre sobre qu\u00e9 hacer a continuaci\u00f3n. En el bufete de abogados de Shane R. Kadlec, entendemos por lo que est\u00e1 pasando y estamos aqu\u00ed para brindarle una orientaci\u00f3n clara, un apoyo compasivo y una representaci\u00f3n&#8230;<\/p>\n","protected":false},"author":1,"featured_media":0,"parent":0,"menu_order":0,"comment_status":"closed","ping_status":"closed","template":"","meta":{"_acf_changed":false,"inline_featured_image":false,"_kad_blocks_custom_css":"","_kad_blocks_head_custom_js":"","_kad_blocks_body_custom_js":"","_kad_blocks_footer_custom_js":"","_kad_post_transparent":"","_kad_post_title":"","_kad_post_layout":"","_kad_post_sidebar_id":"","_kad_post_content_style":"","_kad_post_vertical_padding":"","_kad_post_feature":"","_kad_post_feature_position":"","_kad_post_header":false,"_kad_post_footer":false,"_kad_post_classname":"","footnotes":""},"class_list":["post-500694","page","type-page","status-publish","hentry"],"acf":[],"taxonomy_info":[],"featured_image_src_large":false,"author_info":{"display_name":"Shane R. Kadlec","author_link":"https:\/\/www.injurylawyerhouston.com\/es\/author\/operationslmg\/"},"comment_info":0,"_links":{"self":[{"href":"https:\/\/www.injurylawyerhouston.com\/es\/wp-json\/wp\/v2\/pages\/500694","targetHints":{"allow":["GET"]}}],"collection":[{"href":"https:\/\/www.injurylawyerhouston.com\/es\/wp-json\/wp\/v2\/pages"}],"about":[{"href":"https:\/\/www.injurylawyerhouston.com\/es\/wp-json\/wp\/v2\/types\/page"}],"author":[{"embeddable":true,"href":"https:\/\/www.injurylawyerhouston.com\/es\/wp-json\/wp\/v2\/users\/1"}],"replies":[{"embeddable":true,"href":"https:\/\/www.injurylawyerhouston.com\/es\/wp-json\/wp\/v2\/comments?post=500694"}],"version-history":[{"count":1,"href":"https:\/\/www.injurylawyerhouston.com\/es\/wp-json\/wp\/v2\/pages\/500694\/revisions"}],"predecessor-version":[{"id":500695,"href":"https:\/\/www.injurylawyerhouston.com\/es\/wp-json\/wp\/v2\/pages\/500694\/revisions\/500695"}],"wp:attachment":[{"href":"https:\/\/www.injurylawyerhouston.com\/es\/wp-json\/wp\/v2\/media?parent=500694"}],"curies":[{"name":"wp","href":"https:\/\/api.w.org\/{rel}","templated":true}]}}