{"id":500699,"date":"2025-05-07T17:29:30","date_gmt":"2025-05-07T17:29:30","guid":{"rendered":"https:\/\/www.injurylawyerhouston.com\/abogado-especializado-en-lesiones-por-accidentes-de-conduccion-en-estado-de-ebriedad-en-katy\/"},"modified":"2025-10-13T07:37:54","modified_gmt":"2025-10-13T07:37:54","slug":"abogado-especializado-en-lesiones-por-accidentes-de-conduccion-en-estado-de-ebriedad-en-katy","status":"publish","type":"page","link":"https:\/\/www.injurylawyerhouston.com\/es\/abogado-especializado-en-lesiones-por-accidentes-de-conduccion-en-estado-de-ebriedad-en-katy\/","title":{"rendered":"Abogado especializado en lesiones por accidentes de conducci\u00f3n en estado de ebriedad en Katy"},"content":{"rendered":"\n<h2 class=\"wp-block-heading\">Abogado en el condado de Harris para v\u00edctimas de accidentes causados por conductores ebrios<\/h2>\n\n<p>Como todos sabemos, conducir en estado de ebriedad es ilegal y un grave problema de seguridad. Una persona que ha bebido demasiado y se pone al volante de un coche o un cami\u00f3n est\u00e1 cometiendo un delito y poni\u00e9ndose en peligro a s\u00ed misma. Desafortunadamente, ese conductor ebrio tambi\u00e9n est\u00e1 poniendo en riesgo a los dem\u00e1s. Cuando un conductor ebrio causa un <a href=\"\/car-accidents\/\">accidente<\/a>, las v\u00edctimas inocentes a menudo sufren lesiones graves o incluso mortales. Si usted o un miembro de su familia ha resultado herido en un accidente causado por alguien que conduc\u00eda en estado de embriaguez, el equipo de <a href=\"https:\/\/www.injurylawyerhouston.com\/es\/acerca-del-bufete-de-abogados-de-shane-r-kadlec\/\">Law Office of Shane R. Kadlec<\/a> est\u00e1 listo para ayudarle.    <\/p>\n\n<p>Seg\u00fan estimaciones recientes, m\u00e1s de 10.000 personas mueren en accidentes relacionados con el alcohol en los Estados Unidos cada a\u00f1o, y casi 1.500 de estas muertes ocurren en el estado de Texas. Millones de otras v\u00edctimas en todo el pa\u00eds sufren lesiones no mortales. En nuestro bufete, sabemos que incluso un solo accidente por conducir en estado de ebriedad es demasiado, y nuestro <a href=\"https:\/\/www.injurylawyerhouston.com\/es\/acerca-de-shane-r-kadlec\/\"><\/a>abogado est\u00e1 equipado para ayudar a su familia a buscar la compensaci\u00f3n que necesita para reconstruir su vida.  <\/p>\n\n<h2 class=\"wp-block-heading\">Abogado de confianza especializado en lesiones que presta servicio en los condados de Fort Bend y Waller<\/h2>\n\n<p>En la mayor\u00eda de los casos, se presume que un conductor ebrio es responsable de cualquier lesi\u00f3n que haya causado en un accidente. Esta presunci\u00f3n se basa en el hecho de que el conductor ebrio infringi\u00f3 la ley. Desafortunadamente, la presunci\u00f3n de responsabilidad no significa necesariamente que ser\u00e1 f\u00e1cil cobrar los da\u00f1os que merece. Las compa\u00f1\u00edas de seguros pueden impugnar los informes de sus m\u00e9dicos con respecto a sus lesiones o alegar que usted tuvo parte de la culpa del accidente. En otros casos, las aseguradoras har\u00e1n todo lo posible para retrasar el pago de su reclamaci\u00f3n.    <\/p>\n\n<p>Cuando elige Law Office of Shane R. Kadlec, se convierte en parte de nuestra familia extendida. Sus prioridades se convierten en nuestras prioridades, y sus objetivos se convierten en nuestros objetivos. El abogado Shane Kadlec es h\u00e1bil, est\u00e1 bien informado y tiene experiencia, y tiene las habilidades para obtener resultados. Entendemos la importancia de negociar con los demandados y las compa\u00f1\u00edas de seguros de buena fe, pero preparamos cada caso como si fuera a juicio.   <\/p>\n\n<h2 class=\"wp-block-heading\">Supervisi\u00f3n del caso penal de DWI<\/h2>\n\n<p>Si la polic\u00eda arrest\u00f3 al conductor que caus\u00f3 el accidente en el que usted o un ser querido result\u00f3 herido, los detalles del caso penal contra esa persona podr\u00edan ser \u00fatiles en su acci\u00f3n por lesiones personales. Un veredicto o declaraci\u00f3n de culpabilidad por DWI, por ejemplo, podr\u00eda ser suficiente para probar la responsabilidad por sus lesiones. Nuestro equipo supervisar\u00e1 de cerca los procedimientos penales contra el conductor en cuesti\u00f3n para que podamos construir un caso de lesiones m\u00e1s s\u00f3lido para usted.  <\/p>\n\n<p>Law Office of Shane R. Kadlec es un bufete peque\u00f1o con experiencia de un bufete grande. Esto significa que estamos personalmente involucrados en cada caso que aceptamos, y trabajaremos arduamente en su nombre mientras buscamos una compensaci\u00f3n completa bajo la ley. Nuestro enfoque nos ha ayudado a recuperar millones de d\u00f3lares en acuerdos y veredictos para nuestros clientes, y estamos listos para poner nuestra experiencia a trabajar para usted y su familia.  <\/p>\n\n<h2 class=\"wp-block-heading\">Llame a Law Office of Shane R. Kadlec para una consulta gratuita<\/h2>\n\n<p>Para obtener m\u00e1s informaci\u00f3n sobre nuestro bufete y c\u00f3mo podemos ayudarle a ra\u00edz de un accidente por conducir en estado de ebriedad, <a href=\"https:\/\/www.injurylawyerhouston.com\/es\/contactenos\/\">p\u00f3ngase en contacto con nuestra oficina<\/a>. Llame al <a href=\"tel:281-643-2000\">281-643-2000<\/a> para programar una consulta gratuita con un miembro del equipo de Law Office of Shane R. Kadlec hoy mismo. Representamos a las v\u00edctimas y a sus familias en Katy, el condado de Harris, el condado de Waller, el condado de Fort Bend y en toda el \u00e1rea metropolitana de Houston.  <\/p>\n","protected":false},"excerpt":{"rendered":"<p>Abogado en el condado de Harris para v\u00edctimas de accidentes causados por conductores ebrios Como todos sabemos, conducir en estado de ebriedad es ilegal y un grave problema de seguridad. Una persona que ha bebido demasiado y se pone al volante de un coche o un cami\u00f3n est\u00e1 cometiendo un delito y poni\u00e9ndose en peligro&#8230;<\/p>\n","protected":false},"author":1,"featured_media":500700,"parent":0,"menu_order":0,"comment_status":"closed","ping_status":"closed","template":"","meta":{"_acf_changed":false,"inline_featured_image":false,"_kad_blocks_custom_css":"","_kad_blocks_head_custom_js":"","_kad_blocks_body_custom_js":"","_kad_blocks_footer_custom_js":"","_kad_post_transparent":"","_kad_post_title":"","_kad_post_layout":"","_kad_post_sidebar_id":"","_kad_post_content_style":"","_kad_post_vertical_padding":"","_kad_post_feature":"","_kad_post_feature_position":"","_kad_post_header":false,"_kad_post_footer":false,"_kad_post_classname":"","footnotes":""},"class_list":["post-500699","page","type-page","status-publish","has-post-thumbnail","hentry"],"acf":[],"taxonomy_info":[],"featured_image_src_large":["https:\/\/www.injurylawyerhouston.com\/wp-content\/uploads\/2025\/05\/hero05-1024x320.webp",1024,320,true],"author_info":{"display_name":"Shane R. Kadlec","author_link":"https:\/\/www.injurylawyerhouston.com\/es\/author\/operationslmg\/"},"comment_info":0,"_links":{"self":[{"href":"https:\/\/www.injurylawyerhouston.com\/es\/wp-json\/wp\/v2\/pages\/500699","targetHints":{"allow":["GET"]}}],"collection":[{"href":"https:\/\/www.injurylawyerhouston.com\/es\/wp-json\/wp\/v2\/pages"}],"about":[{"href":"https:\/\/www.injurylawyerhouston.com\/es\/wp-json\/wp\/v2\/types\/page"}],"author":[{"embeddable":true,"href":"https:\/\/www.injurylawyerhouston.com\/es\/wp-json\/wp\/v2\/users\/1"}],"replies":[{"embeddable":true,"href":"https:\/\/www.injurylawyerhouston.com\/es\/wp-json\/wp\/v2\/comments?post=500699"}],"version-history":[{"count":1,"href":"https:\/\/www.injurylawyerhouston.com\/es\/wp-json\/wp\/v2\/pages\/500699\/revisions"}],"predecessor-version":[{"id":500701,"href":"https:\/\/www.injurylawyerhouston.com\/es\/wp-json\/wp\/v2\/pages\/500699\/revisions\/500701"}],"wp:featuredmedia":[{"embeddable":true,"href":"https:\/\/www.injurylawyerhouston.com\/es\/wp-json\/wp\/v2\/media\/500700"}],"wp:attachment":[{"href":"https:\/\/www.injurylawyerhouston.com\/es\/wp-json\/wp\/v2\/media?parent=500699"}],"curies":[{"name":"wp","href":"https:\/\/api.w.org\/{rel}","templated":true}]}}