{"id":500702,"date":"2025-05-20T14:53:02","date_gmt":"2025-05-20T14:53:02","guid":{"rendered":"https:\/\/www.injurylawyerhouston.com\/abogado-de-accidentes-por-ira-en-la-carretera-en-houston\/"},"modified":"2025-10-13T07:37:54","modified_gmt":"2025-10-13T07:37:54","slug":"abogado-de-accidentes-por-ira-en-la-carretera-en-houston","status":"publish","type":"page","link":"https:\/\/www.injurylawyerhouston.com\/es\/abogado-de-accidentes-por-ira-en-la-carretera-en-houston\/","title":{"rendered":"Abogado de accidentes por ira en la carretera en Houston"},"content":{"rendered":"\n<p>Recuperarse de una colisi\u00f3n por ira en la carretera puede ser exigente, especialmente con las crecientes facturas m\u00e9dicas, las reparaciones del veh\u00edculo y la p\u00e9rdida de ingresos. Sentirse inseguro en este momento es perfectamente natural, pero no tiene que enfrentarlo solo.  <\/p>\n\n<p>El <a href=\"https:\/\/www.injurylawyerhouston.com\/es\/\">bufete de abogados de Shane R. Kadlec<\/a> ha ayudado a muchas personas a superar las secuelas de accidentes por ira en la carretera, y estamos aqu\u00ed para apoyar su recuperaci\u00f3n.<\/p>\n\n<h2 class=\"wp-block-heading\">Qu\u00e9 debe saber sobre los accidentes por ira en la carretera en Texas<\/h2>\n\n<p>La ira en la carretera a menudo implica maniobras agresivas, velocidad insegura, conducci\u00f3n demasiado cerca del veh\u00edculo de delante y otras acciones que ponen en riesgo a todos los viajeros. En Texas, estos incidentes pueden provocar choques graves en carreteras y autopistas muy transitadas. Si un conductor act\u00faa con ira, cortando el paso a otros coches, siguiendo demasiado de cerca o ignorando las se\u00f1ales de tr\u00e1fico, el potencial de un accidente perjudicial es alto.  <\/p>\n\n<p>Afortunadamente, la ley de Texas protege a aquellos que resultan heridos por conductores agresivos. Las v\u00edctimas pueden calificar para una compensaci\u00f3n para cubrir da\u00f1os f\u00edsicos, salarios perdidos y m\u00e1s. Las actividades que califican como conducci\u00f3n agresiva pueden incluir comprobaciones de frenos, zigzagueo entre el tr\u00e1fico o aceleraci\u00f3n durante las incorporaciones. Cada uno de estos actos puede crear una situaci\u00f3n peligrosa para todos en la carretera.   <\/p>\n\n<p>A continuaci\u00f3n, se muestra una tabla de referencia r\u00e1pida que describe algunos comportamientos agresivos comunes y por qu\u00e9 representan un peligro:<\/p>\n\n<figure class=\"wp-block-table\"><table class=\"has-fixed-layout\"><tbody><tr><td class=\"has-text-align-center\" data-align=\"center\"><strong>Comportamiento<\/strong><\/td><td class=\"has-text-align-center\" data-align=\"center\"><strong>Por qu\u00e9 es peligroso<\/strong><\/td><\/tr><tr><td class=\"has-text-align-center\" data-align=\"center\">Conducci\u00f3n demasiado cerca del veh\u00edculo de delante<\/td><td class=\"has-text-align-center\" data-align=\"center\">No deja tiempo para frenar si el conductor de delante debe detenerse bruscamente<\/td><\/tr><tr><td class=\"has-text-align-center\" data-align=\"center\">Cortar el paso a otros veh\u00edculos<\/td><td class=\"has-text-align-center\" data-align=\"center\">Los riesgos incluyen una colisi\u00f3n lateral y causan p\u00e1nico entre los conductores cercanos<\/td><\/tr><tr><td class=\"has-text-align-center\" data-align=\"center\">Exceso de velocidad en tr\u00e1fico denso<\/td><td class=\"has-text-align-center\" data-align=\"center\">Aumenta la distancia de frenado y la posibilidad de perder el control del veh\u00edculo<\/td><\/tr><tr><td class=\"has-text-align-center\" data-align=\"center\">Gritos o gestos amenazantes<\/td><td class=\"has-text-align-center\" data-align=\"center\">Puede aumentar las tensiones y provocar represalias imprudentes en la carretera<\/td><\/tr><\/tbody><\/table><\/figure>\n\n<h2 class=\"wp-block-heading\">C\u00f3mo puede ayudar el bufete de abogados de Shane R. Kadlec<\/h2>\n\n<p>La experiencia de nuestro bufete en el manejo de casos de ira en la carretera nos da una idea de las complejidades que surgen cuando la ira de un conductor causa da\u00f1o a otros. Ofrecemos una gu\u00eda clara para ayudarle a buscar la compensaci\u00f3n que le corresponde. Cada caso tiene su propio conjunto de desaf\u00edos, por lo que adaptamos nuestro enfoque para abordar sus circunstancias espec\u00edficas.  <\/p>\n\n<h3 class=\"wp-block-heading\">Comprender sus derechos<\/h3>\n\n<p>Cuando ha sido objeto de ira en la carretera, es vital conocer las opciones legales disponibles para usted. Le explicaremos los requisitos de cobertura de seguro en Texas y c\u00f3mo se determina la culpa. Nuestro objetivo es brindarle informaci\u00f3n directa sobre lo que podr\u00eda recuperar, incluidos los fondos para los costos m\u00e9dicos y la p\u00e9rdida de ingresos.  <\/p>\n\n<h3 class=\"wp-block-heading\">Investigar el accidente<\/h3>\n\n<p>Nuestros abogados analizan la evidencia para respaldar su reclamaci\u00f3n por ira en la carretera. Eso a menudo implica revisar los informes de accidentes, las fotograf\u00edas y el testimonio de cualquier testigo que haya visto el comportamiento agresivo. Las im\u00e1genes de video de las c\u00e1maras de tr\u00e1fico o de los negocios cercanos tambi\u00e9n pueden desempe\u00f1ar un papel importante en el fortalecimiento de su caso.  <\/p>\n\n<h3 class=\"wp-block-heading\">Trato con las compa\u00f1\u00edas de seguros<\/h3>\n\n<p>Despu\u00e9s de una colisi\u00f3n por ira en la carretera, es posible que se sienta abrumado por los ajustadores corporativos que buscan ahorrar dinero. Nuestro bufete puede hablar directamente con la aseguradora para que no tenga que hacer malabarismos con llamadas telef\u00f3nicas complicadas. Trabajaremos diligentemente para llegar a un acuerdo justo que cubra sus lesiones y otras p\u00e9rdidas.  <\/p>\n\n<h3 class=\"wp-block-heading\">Emprender acciones legales<\/h3>\n\n<p>Cuando las aseguradoras se niegan a ofrecer una compensaci\u00f3n adecuada, presentar una demanda puede ser una opci\u00f3n. En esa situaci\u00f3n, estamos listos para defender su caso en la corte. Nuestro equipo presentar\u00e1 los hechos, destacar\u00e1 el comportamiento agresivo del otro conductor y luchar\u00e1 por un resultado que respete sus derechos y bienestar.  <\/p>\n\n<h2 class=\"wp-block-heading\">Da\u00f1os que puede recuperar en un caso de accidente por ira en la carretera<\/h2>\n\n<p>Si un conductor agresivo caus\u00f3 su choque, podr\u00eda ser elegible para una variedad de da\u00f1os. La recuperaci\u00f3n a menudo incluye los costos de los tratamientos que ya ha recibido, m\u00e1s cualquier atenci\u00f3n futura que sus m\u00e9dicos anticipen. No est\u00e1 limitado \u00fanicamente a las facturas m\u00e9dicas; hay varias categor\u00edas que pueden aplicar, tales como:  <\/p>\n\n<ul class=\"wp-block-list\">\n<li>Cargos de la sala de emergencias y estancias hospitalarias<\/li>\n\n\n\n<li>Salarios perdidos si falt\u00f3 al trabajo debido a lesiones<\/li>\n\n\n\n<li>Fisioterapia o atenci\u00f3n especializada para ayudarle a recuperarse<\/li>\n\n\n\n<li>Da\u00f1os a su veh\u00edculo y pertenencias personales<\/li>\n\n\n\n<li>Compensaci\u00f3n por angustia emocional y dolor<\/li>\n\n\n\n<li>Posibles da\u00f1os punitivos si las acciones del conductor fueron particularmente atroces<\/li>\n<\/ul>\n\n<p>Al trabajar con nuestro bufete, obtendr\u00e1 una evaluaci\u00f3n honesta de qu\u00e9 da\u00f1os pueden aplicar a su situaci\u00f3n. Si bien algunas personas solo necesitan un alivio a corto plazo, otras podr\u00edan necesitar cobertura para un per\u00edodo de recuperaci\u00f3n prolongado. <\/p>\n\n<h2 class=\"wp-block-heading\">Qu\u00e9 hacer despu\u00e9s de un incidente de ira en la carretera en Houston<\/h2>\n\n<p>Es com\u00fan sentirse molesto o desorientado despu\u00e9s de un encuentro hostil en la carretera. Sin embargo, ciertos pasos pueden preservar su seguridad y mejorar sus posibilidades de una reclamaci\u00f3n exitosa. Aqu\u00ed hay algunas sugerencias para tener en cuenta:  <\/p>\n\n<ol class=\"wp-block-list\">\n<li>Encuentre un lugar seguro lejos del tr\u00e1fico si puede mover su veh\u00edculo.<\/li>\n\n\n\n<li>Comun\u00edquese con la polic\u00eda de inmediato para obtener un informe formal del incidente.<\/li>\n\n\n\n<li>Re\u00fana fotos o videos de cualquier da\u00f1o y de la escena m\u00e1s amplia.<\/li>\n\n\n\n<li>Busque atenci\u00f3n m\u00e9dica profesional, incluso cuando sienta solo una leve molestia.<\/li>\n\n\n\n<li>Comun\u00edquese con el bufete de abogados de Shane R. Kadlec para revisar los detalles de su caso.<\/li>\n<\/ol>\n\n<p>Estos pasos pueden ser de gran ayuda para salvaguardar su salud y fortalecer cualquier reclamaci\u00f3n futura. La atenci\u00f3n m\u00e9dica inmediata no solo beneficia su bienestar, sino que tambi\u00e9n documenta las lesiones que podr\u00edan volverse m\u00e1s graves con el tiempo. <\/p>\n\n<h2 class=\"wp-block-heading\">Comun\u00edquese con el bufete de abogados de Shane R. Kadlec hoy mismo<\/h2>\n\n<p>Entendemos lo perturbador que puede ser un accidente por ira en la carretera. Nuestro equipo legal est\u00e1 aqu\u00ed para aligerar su carga y guiarle a trav\u00e9s de cada etapa del proceso de compensaci\u00f3n. Si est\u00e1 listo para saber c\u00f3mo podemos ayudarle, llame al <a href=\"tel:%20281-643-2000\">281-643-2000<\/a> hoy mismo. Tambi\u00e9n puede visitar nuestro <a href=\"https:\/\/www.injurylawyerhouston.com\/contact-us-in-houston-texas.html\">sitio web<\/a> para enviarnos un mensaje. Perm\u00edtanos esforzarnos por lograr la mejor resoluci\u00f3n posible y apoyarle en el camino a seguir.    <\/p>\n","protected":false},"excerpt":{"rendered":"<p>Recuperarse de una colisi\u00f3n por ira en la carretera puede ser exigente, especialmente con las crecientes facturas m\u00e9dicas, las reparaciones del veh\u00edculo y la p\u00e9rdida de ingresos. Sentirse inseguro en este momento es perfectamente natural, pero no tiene que enfrentarlo solo. El bufete de abogados de Shane R. Kadlec ha ayudado a muchas personas a&#8230;<\/p>\n","protected":false},"author":1,"featured_media":0,"parent":0,"menu_order":0,"comment_status":"closed","ping_status":"closed","template":"","meta":{"_acf_changed":false,"inline_featured_image":false,"_kad_blocks_custom_css":"","_kad_blocks_head_custom_js":"","_kad_blocks_body_custom_js":"","_kad_blocks_footer_custom_js":"","_kad_post_transparent":"","_kad_post_title":"","_kad_post_layout":"","_kad_post_sidebar_id":"","_kad_post_content_style":"","_kad_post_vertical_padding":"","_kad_post_feature":"","_kad_post_feature_position":"","_kad_post_header":false,"_kad_post_footer":false,"_kad_post_classname":"","footnotes":""},"class_list":["post-500702","page","type-page","status-publish","hentry"],"acf":[],"taxonomy_info":[],"featured_image_src_large":false,"author_info":{"display_name":"Shane R. Kadlec","author_link":"https:\/\/www.injurylawyerhouston.com\/es\/author\/operationslmg\/"},"comment_info":0,"_links":{"self":[{"href":"https:\/\/www.injurylawyerhouston.com\/es\/wp-json\/wp\/v2\/pages\/500702","targetHints":{"allow":["GET"]}}],"collection":[{"href":"https:\/\/www.injurylawyerhouston.com\/es\/wp-json\/wp\/v2\/pages"}],"about":[{"href":"https:\/\/www.injurylawyerhouston.com\/es\/wp-json\/wp\/v2\/types\/page"}],"author":[{"embeddable":true,"href":"https:\/\/www.injurylawyerhouston.com\/es\/wp-json\/wp\/v2\/users\/1"}],"replies":[{"embeddable":true,"href":"https:\/\/www.injurylawyerhouston.com\/es\/wp-json\/wp\/v2\/comments?post=500702"}],"version-history":[{"count":1,"href":"https:\/\/www.injurylawyerhouston.com\/es\/wp-json\/wp\/v2\/pages\/500702\/revisions"}],"predecessor-version":[{"id":500703,"href":"https:\/\/www.injurylawyerhouston.com\/es\/wp-json\/wp\/v2\/pages\/500702\/revisions\/500703"}],"wp:attachment":[{"href":"https:\/\/www.injurylawyerhouston.com\/es\/wp-json\/wp\/v2\/media?parent=500702"}],"curies":[{"name":"wp","href":"https:\/\/api.w.org\/{rel}","templated":true}]}}