{"id":500704,"date":"2025-05-20T14:55:54","date_gmt":"2025-05-20T14:55:54","guid":{"rendered":"https:\/\/www.injurylawyerhouston.com\/abogado-de-accidentes-de-coches-de-alquiler-en-houston\/"},"modified":"2025-10-13T07:37:54","modified_gmt":"2025-10-13T07:37:54","slug":"abogado-de-accidentes-de-coches-de-alquiler-en-houston","status":"publish","type":"page","link":"https:\/\/www.injurylawyerhouston.com\/es\/abogado-de-accidentes-de-coches-de-alquiler-en-houston\/","title":{"rendered":"Abogado de accidentes de coches de alquiler en Houston"},"content":{"rendered":"\n<p>Si ha resultado lesionado en un accidente de coche de alquiler en Houston, es posible que se enfrente a facturas de hospital, problemas de seguros complejos y una angustia emocional considerable. <\/p>\n\n<p>Estos incidentes pueden ser particularmente dif\u00edciles debido a las complicaciones a\u00f1adidas que suelen acompa\u00f1ar a los contratos de alquiler. Es posible que necesite tratamiento m\u00e9dico y que no est\u00e9 seguro de qui\u00e9n es responsable de cubrir los da\u00f1os.  <\/p>\n\n<p>Reconocemos lo dif\u00edcil que puede ser esta situaci\u00f3n y nos comprometemos a brindarle el apoyo y la orientaci\u00f3n que necesita durante este momento dif\u00edcil.<\/p>\n\n<h2 class=\"wp-block-heading\">Cuestiones legales derivadas de colisiones de coches de alquiler en Houston<\/h2>\n\n<p>Texas sigue un sistema de seguro basado en la culpa, lo que significa que generalmente presenta una reclamaci\u00f3n contra la persona que caus\u00f3 su accidente de coche de alquiler. Si la negligencia de un conductor provoc\u00f3 el choque, su p\u00f3liza de seguro suele ser la primera fuente de pago por lesiones y da\u00f1os a la propiedad.  <\/p>\n\n<p>Al mismo tiempo, las empresas de alquiler de coches suelen proporcionar cierta cobertura de responsabilidad civil para sus veh\u00edculos, aunque el tipo y la cantidad pueden variar.<\/p>\n\n<p>Es \u00fatil recordar que los accidentes de coches de alquiler pueden involucrar a m\u00e1s de una parte responsable. El conductor del veh\u00edculo suele ser el principal culpable, pero la negligencia por parte de la empresa de alquiler o de un proveedor de mantenimiento tambi\u00e9n podr\u00eda influir.  <\/p>\n\n<p>Tambi\u00e9n es importante saber que el estatuto de limitaciones de Texas generalmente le permite dos a\u00f1os a partir de la fecha del accidente para presentar una demanda. Proteger sus derechos desde el principio puede preservar las pruebas y mantener su elegibilidad para una indemnizaci\u00f3n. <\/p>\n\n<p>A continuaci\u00f3n, se muestra una breve tabla que destaca algunas consideraciones comunes sobre seguros en estos choques.<\/p>\n\n<figure class=\"wp-block-table\"><table class=\"has-fixed-layout\"><tbody><tr><td class=\"has-text-align-center\" data-align=\"center\"><strong>Tipo de cobertura<\/strong><\/td><td class=\"has-text-align-center\" data-align=\"center\"><strong>Prop\u00f3sito clave<\/strong><\/td><\/tr><tr><td class=\"has-text-align-center\" data-align=\"center\">P\u00f3liza de responsabilidad civil de la empresa de alquiler<\/td><td class=\"has-text-align-center\" data-align=\"center\">Proporciona cobertura de responsabilidad civil b\u00e1sica, a menudo hasta un l\u00edmite de d\u00f3lares espec\u00edfico<\/td><\/tr><tr><td class=\"has-text-align-center\" data-align=\"center\">Seguro de autom\u00f3vil personal del conductor<\/td><td class=\"has-text-align-center\" data-align=\"center\">Podr\u00eda extender la cobertura al conductor del coche de alquiler por lesiones corporales y da\u00f1os a la propiedad<\/td><\/tr><tr><td class=\"has-text-align-center\" data-align=\"center\">Cobertura de alquiler con tarjeta de cr\u00e9dito<\/td><td class=\"has-text-align-center\" data-align=\"center\">A veces cubre los da\u00f1os por colisi\u00f3n si el conductor utiliz\u00f3 una tarjeta de cr\u00e9dito para el alquiler<\/td><\/tr><tr><td class=\"has-text-align-center\" data-align=\"center\">Exenci\u00f3n opcional de responsabilidad por da\u00f1os por colisi\u00f3n<\/td><td class=\"has-text-align-center\" data-align=\"center\">Ofrecida por la agencia de alquiler para cubrir potencialmente los costes de reparaci\u00f3n despu\u00e9s de un choque<\/td><\/tr><\/tbody><\/table><\/figure>\n\n<p>Esta descripci\u00f3n general es general, por lo que cada caso implica sus propios detalles. Una evaluaci\u00f3n exhaustiva puede aclarar qu\u00e9 p\u00f3liza o combinaci\u00f3n de p\u00f3lizas se aplica. <\/p>\n\n<h2 class=\"wp-block-heading\">C\u00f3mo puede ayudar el bufete de abogados de Shane R. Kadlec<\/h2>\n\n<p>Manejar una reclamaci\u00f3n por accidente de coche de alquiler requiere un enfoque claro tanto en cuestiones legales como pr\u00e1cticas. Brindamos una orientaci\u00f3n constante para ayudarle a obtener pagos justos por sus p\u00e9rdidas. Nuestro equipo est\u00e1 preparado para recopilar pruebas clave, hablar con las aseguradoras y defenderle en cada etapa.  <\/p>\n\n<h3 class=\"wp-block-heading\">Evaluaci\u00f3n integral del caso<\/h3>\n\n<p>Comenzamos revisando cada detalle de su situaci\u00f3n, incluidos los registros policiales, las declaraciones de los testigos y sus documentos m\u00e9dicos. Este conocimiento nos ayuda a evaluar la solidez de su posible reclamaci\u00f3n. Luego, hablamos con usted sobre sus posibles v\u00edas de pago, ya sea a trav\u00e9s de un acuerdo de seguro o presentando una demanda.  <\/p>\n\n<h3 class=\"wp-block-heading\">Determinaci\u00f3n de la responsabilidad y la cobertura del seguro<\/h3>\n\n<p>Nuestra siguiente prioridad es identificar a cada parte que pueda tener responsabilidad por su accidente de coche de alquiler. El conductor suele ser el foco inicial, pero tambi\u00e9n observamos a la agencia de alquiler si hay evidencia de negligencia o mantenimiento defectuoso.  <\/p>\n\n<p>Adem\u00e1s, estudiamos todos los planes de seguro, como la p\u00f3liza del conductor, cualquier p\u00f3liza de coche de alquiler o la cobertura que compr\u00f3 a trav\u00e9s de la empresa de alquiler.<\/p>\n\n<h3 class=\"wp-block-heading\">Representaci\u00f3n agresiva<\/h3>\n\n<p>Negociamos con los ajustadores de seguros para obtener un acuerdo que aborde los costes m\u00e9dicos, los salarios perdidos y el dolor que sufri\u00f3. Si el resultado ofrecido es injusto, llevamos el caso a los tribunales y presentamos argumentos para salvaguardar sus intereses. Nuestro enfoque busca un resultado justo basado en una valoraci\u00f3n adecuada de los da\u00f1os.  <\/p>\n\n<h3 class=\"wp-block-heading\">Enfoque centrado en el cliente<\/h3>\n\n<p>Su versi\u00f3n de la historia realmente nos importa y respondemos a sus preguntas siempre que surjan. Tambi\u00e9n pretendemos conectarle con recursos de confianza para la atenci\u00f3n m\u00e9dica o las preocupaciones financieras. A lo largo de su reclamaci\u00f3n, puede apoyarse en nosotros para gestionar la carga legal, de modo que pueda concentrarse en su bienestar.  <\/p>\n\n<h2 class=\"wp-block-heading\">Qu\u00e9 hacer despu\u00e9s de un accidente de coche de alquiler<\/h2>\n\n<p>Hay algunos pasos que puede seguir que podr\u00edan ayudar a proteger su bienestar y su reclamaci\u00f3n por lesiones. Aqu\u00ed hay una breve lista de lo que muchas v\u00edctimas de accidentes eligen hacer en tal situaci\u00f3n: <\/p>\n\n<ul class=\"wp-block-list\">\n<li>Llame al 911 si alguien est\u00e1 herido o si los veh\u00edculos no se pueden sacar de la carretera de forma segura.<\/li>\n\n\n\n<li>Busque evaluaci\u00f3n m\u00e9dica de inmediato para cualquier lesi\u00f3n, incluso si se siente leve.<\/li>\n\n\n\n<li>Notifique a la empresa de alquiler de coches sobre el choque lo antes posible.<\/li>\n\n\n\n<li>Fotograf\u00ede los da\u00f1os a todos los veh\u00edculos, as\u00ed como las lesiones visibles o los peligros en la carretera.<\/li>\n\n\n\n<li>Intercambie informaci\u00f3n de contacto y seguro con otros conductores involucrados.<\/li>\n<\/ul>\n\n<p>Despu\u00e9s de esas tareas inmediatas, buscar el asesoramiento de un abogado puede ser beneficioso antes de proporcionar declaraciones detalladas a las aseguradoras. <\/p>\n\n<p>Esto ayuda a proteger sus derechos y su potencial de pago.<\/p>\n\n<h2 class=\"wp-block-heading\">P\u00f3ngase en contacto con el bufete de abogados de Shane R. Kadlec hoy mismo<\/h2>\n\n<p>Estamos listos para ayudarle a buscar el pago adecuado por su accidente de coche de alquiler. Llame al <g id=\"gid_0\">281-643-2000<\/g> para una consulta gratuita y cu\u00e9ntenos su historia. Tambi\u00e9n puede comunicarse con nuestro equipo a trav\u00e9s de nuestra <a href=\"https:\/\/www.injurylawyerhouston.com\/contact-us-in-houston-texas.html\">p\u00e1gina de contacto<\/a>.  <\/p>\n\n<p>Sabemos lo dif\u00edcil que puede sentirse este momento y estamos aqu\u00ed para apoyarle en cada paso del camino. Usted merece una defensa legal exhaustiva y nos esforzaremos por obtener una indemnizaci\u00f3n justa por sus lesiones. <\/p>\n","protected":false},"excerpt":{"rendered":"<p>Si ha resultado lesionado en un accidente de coche de alquiler en Houston, es posible que se enfrente a facturas de hospital, problemas de seguros complejos y una angustia emocional considerable. Estos incidentes pueden ser particularmente dif\u00edciles debido a las complicaciones a\u00f1adidas que suelen acompa\u00f1ar a los contratos de alquiler. Es posible que necesite tratamiento&#8230;<\/p>\n","protected":false},"author":1,"featured_media":0,"parent":0,"menu_order":0,"comment_status":"closed","ping_status":"closed","template":"","meta":{"_acf_changed":false,"inline_featured_image":false,"_kad_blocks_custom_css":"","_kad_blocks_head_custom_js":"","_kad_blocks_body_custom_js":"","_kad_blocks_footer_custom_js":"","_kad_post_transparent":"","_kad_post_title":"","_kad_post_layout":"","_kad_post_sidebar_id":"","_kad_post_content_style":"","_kad_post_vertical_padding":"","_kad_post_feature":"","_kad_post_feature_position":"","_kad_post_header":false,"_kad_post_footer":false,"_kad_post_classname":"","footnotes":""},"class_list":["post-500704","page","type-page","status-publish","hentry"],"acf":[],"taxonomy_info":[],"featured_image_src_large":false,"author_info":{"display_name":"Shane R. Kadlec","author_link":"https:\/\/www.injurylawyerhouston.com\/es\/author\/operationslmg\/"},"comment_info":0,"_links":{"self":[{"href":"https:\/\/www.injurylawyerhouston.com\/es\/wp-json\/wp\/v2\/pages\/500704","targetHints":{"allow":["GET"]}}],"collection":[{"href":"https:\/\/www.injurylawyerhouston.com\/es\/wp-json\/wp\/v2\/pages"}],"about":[{"href":"https:\/\/www.injurylawyerhouston.com\/es\/wp-json\/wp\/v2\/types\/page"}],"author":[{"embeddable":true,"href":"https:\/\/www.injurylawyerhouston.com\/es\/wp-json\/wp\/v2\/users\/1"}],"replies":[{"embeddable":true,"href":"https:\/\/www.injurylawyerhouston.com\/es\/wp-json\/wp\/v2\/comments?post=500704"}],"version-history":[{"count":1,"href":"https:\/\/www.injurylawyerhouston.com\/es\/wp-json\/wp\/v2\/pages\/500704\/revisions"}],"predecessor-version":[{"id":500705,"href":"https:\/\/www.injurylawyerhouston.com\/es\/wp-json\/wp\/v2\/pages\/500704\/revisions\/500705"}],"wp:attachment":[{"href":"https:\/\/www.injurylawyerhouston.com\/es\/wp-json\/wp\/v2\/media?parent=500704"}],"curies":[{"name":"wp","href":"https:\/\/api.w.org\/{rel}","templated":true}]}}