{"id":500706,"date":"2025-05-20T15:07:06","date_gmt":"2025-05-20T15:07:06","guid":{"rendered":"https:\/\/www.injurylawyerhouston.com\/abogado-de-accidentes-en-aparcamientos-de-houston\/"},"modified":"2025-10-13T07:37:55","modified_gmt":"2025-10-13T07:37:55","slug":"abogado-de-accidentes-en-aparcamientos-de-houston","status":"publish","type":"page","link":"https:\/\/www.injurylawyerhouston.com\/es\/abogado-de-accidentes-en-aparcamientos-de-houston\/","title":{"rendered":"Abogado de accidentes en aparcamientos de Houston"},"content":{"rendered":"\n<p>Los aparcamientos pueden pillar desprevenidos incluso al conductor o peat\u00f3n m\u00e1s prudente. Los coches dan marcha atr\u00e1s inesperadamente, las esquinas estrechas ocultan puntos ciegos y el tr\u00e1fico peatonal aparece en todas las direcciones. Estos peligros hacen que los accidentes en aparcamientos sean m\u00e1s comunes de lo que muchos creen.   <\/p>\n\n<p>Si est\u00e1 lidiando con un accidente de aparcamiento en Houston, le ofrecemos orientaci\u00f3n para que pueda centrarse en la curaci\u00f3n en lugar de en las consecuencias legales.<\/p>\n\n<p>Nuestro equipo en el <a href=\"https:\/\/www.injurylawyerhouston.com\/c\">Bufete de Abogados de Shane R. Kadlec<\/a> est\u00e1 aqu\u00ed para responder a sus preguntas y buscar una compensaci\u00f3n econ\u00f3mica justa por las facturas m\u00e9dicas, los salarios perdidos y las p\u00e9rdidas relacionadas. Creemos en una preparaci\u00f3n exhaustiva y un servicio atento mientras protegemos sus derechos y trabajamos para que su caso avance de la manera m\u00e1s eficiente posible. <\/p>\n\n<h2 class=\"wp-block-heading\">Visi\u00f3n general legal de los accidentes de aparcamiento en Texas<\/h2>\n\n<p>Las investigaciones demuestran que las colisiones en aparcamientos representan alrededor del 20 por ciento de todos los accidentes de veh\u00edculos. Estos datos, se\u00f1alados por el <g id=\"gid_0\">Instituto de Seguros para la Seguridad en las Carreteras<\/g>, subrayan c\u00f3mo una parada rutinaria en una tienda u oficina puede conducir a un accidente inesperado. Muchos factores se combinan en estas bulliciosas zonas, incluyendo la baja visibilidad y las se\u00f1ales de tr\u00e1fico poco fiables.  <\/p>\n\n<p>En Texas, los conductores tienen un deber general de cuidado, como se expresa en los principios de negligencia que se encuentran en el <a href=\"https:\/\/statutes.capitol.texas.gov\/docs\/tn\/htm\/tn.552.htm\" target=\"_blank\" rel=\"noopener\">C\u00f3digo de Transporte de Texas \u00a7552.008<\/a>, que tambi\u00e9n cubre a los peatones. La responsabilidad de un conductor de reducir la velocidad y vigilar el tr\u00e1fico peatonal sigue vigente incluso si el lote es de propiedad privada.  <\/p>\n\n<p>Adem\u00e1s, el propietario de una propiedad podr\u00eda ser responsable en virtud de las leyes de responsabilidad de las instalaciones si la seguridad negligente o las condiciones peligrosas contribuyeron al incidente.<\/p>\n\n<p>Dado que Texas es un estado de negligencia comparativa modificada, una persona lesionada que contribuy\u00f3 parcialmente al accidente podr\u00eda a\u00fan as\u00ed recuperar los da\u00f1os. Sin embargo, su parte de culpa puede reducir la recuperaci\u00f3n, y cualquier porcentaje superior al 50 por ciento impide la recuperaci\u00f3n por completo.  <\/p>\n\n<p>Por \u00faltimo, el estado impone un plazo de dos a\u00f1os para presentar una demanda por lesiones personales. Perder esta ventana a menudo significa perder la capacidad de buscar da\u00f1os financieros a trav\u00e9s de los tribunales. <\/p>\n\n<h2 class=\"wp-block-heading\">C\u00f3mo el bufete de abogados de Shane R. Kadlec apoya a los clientes<\/h2>\n\n<p>Nuestro equipo legal entiende las dificultades que enfrentan las personas por los accidentes de aparcamiento. Abordamos todos los aspectos de su reclamaci\u00f3n, desde la evaluaci\u00f3n inicial hasta la resoluci\u00f3n final, manteniendo una estrecha comunicaci\u00f3n en cada paso. <\/p>\n\n<h3 class=\"wp-block-heading\">Evaluaci\u00f3n integral del caso<\/h3>\n\n<p>Comenzamos examinando las evaluaciones m\u00e9dicas, las estimaciones de reparaci\u00f3n y los recuerdos de los testigos. Nuestra prioridad es identificar a todas las partes responsables, que podr\u00edan incluir a los conductores, los propietarios o incluso las empresas de gesti\u00f3n. A continuaci\u00f3n, elaboramos un plan para obtener una compensaci\u00f3n econ\u00f3mica completa, teniendo en cuenta gastos como las visitas al m\u00e9dico y los da\u00f1os a la propiedad.  <\/p>\n\n<p>Adem\u00e1s, revisamos si factores externos como el pavimento roto, la se\u00f1alizaci\u00f3n confusa o la mala iluminaci\u00f3n contribuyeron a sus lesiones. Estos detalles pueden fortalecer el caso de responsabilidad de las instalaciones o resaltar otras v\u00edas para recuperar los da\u00f1os. <\/p>\n\n<h3 class=\"wp-block-heading\">Investigaci\u00f3n diligente y recopilaci\u00f3n de pruebas<\/h3>\n\n<p>Nos ponemos en contacto con las fuerzas del orden para obtener sus informes oficiales, que a menudo detallan las declaraciones de cada conductor. Tambi\u00e9n recopilamos im\u00e1genes de seguridad de las c\u00e1maras de la zona, cuando est\u00e1n disponibles, y localizamos a los transe\u00fantes que puedan haber visto el incidente. <\/p>\n\n<p>La reconstrucci\u00f3n experta de accidentes es otra herramienta. Si es necesario, trabajamos con consultores especializados para obtener informaci\u00f3n t\u00e9cnica sobre la din\u00e1mica de la colisi\u00f3n o posibles fallos de dise\u00f1o en la distribuci\u00f3n del aparcamiento. <\/p>\n\n<h3 class=\"wp-block-heading\">Negociaci\u00f3n experta con las compa\u00f1\u00edas de seguros<\/h3>\n\n<p>Los ajustadores de seguros a veces pretenden minimizar las lesiones o desviar la culpa. Gestionamos estas discusiones para ayudar a evitar ofertas de acuerdo r\u00e1pidas y a la baja. Nuestra participaci\u00f3n ayuda a protegerle de t\u00e1cticas enga\u00f1osas y asegura que su reclamaci\u00f3n refleje la magnitud total de sus contratiempos.  <\/p>\n\n<p>Defendemos rutinariamente la compensaci\u00f3n que cubre las facturas m\u00e9dicas, la p\u00e9rdida de ingresos, el dolor experimentado durante la recuperaci\u00f3n y el sufrimiento mental. Cuando presentamos sus c\u00e1lculos y pruebas de manera coherente, a menudo se produce una negociaci\u00f3n y un progreso significativos. <\/p>\n\n<h3 class=\"wp-block-heading\">Litigio agresivo cuando es necesario<\/h3>\n\n<p>Algunas aseguradoras se niegan a pagar una suma justa o discuten la responsabilidad. En esas circunstancias, procedemos a presentar una demanda ante un tribunal civil, donde argumentamos su caso con determinaci\u00f3n. Nuestra preparaci\u00f3n para el juicio es un motivador vital para que las compa\u00f1\u00edas de seguros lleguen a un acuerdo m\u00e1s favorable.  <\/p>\n\n<p>Durante los procedimientos judiciales, proporcionamos una orientaci\u00f3n cuidadosa. Le preparamos para las declaraciones, reunimos las pruebas pertinentes y perfeccionamos los argumentos que defienden sus mejores intereses bajo la ley de Texas. <\/p>\n\n<p>Escenarios comunes de accidentes en aparcamientos<\/p>\n\n<p>Los accidentes en aparcamientos surgen en una variedad de formas, cada una con diferentes consideraciones para la culpa y la responsabilidad legal. A continuaci\u00f3n, se presentan algunos ejemplos comunes que manejamos regularmente. <\/p>\n\n<h3 class=\"wp-block-heading\">Accidentes al dar marcha atr\u00e1s<\/h3>\n\n<p>Muchos conductores no miran correctamente al dar marcha atr\u00e1s en una plaza de aparcamiento, lo que provoca colisiones con coches cercanos o transe\u00fantes. El C\u00f3digo de Transporte de Texas \u00a7545.415 subraya el deber del conductor de asegurarse de que el camino est\u00e1 despejado. Cuando un automovilista no cede el paso a los veh\u00edculos en el carril principal o a los peatones que cruzan el camino, pueden ocurrir accidentes.  <\/p>\n\n<p>En tales casos, exploramos si el conductor estaba distra\u00eddo o ignorando las se\u00f1ales o si la distribuci\u00f3n del lote contribuy\u00f3 al error. Estos detalles son clave para establecer la negligencia para la compensaci\u00f3n. <\/p>\n\n<h3 class=\"wp-block-heading\">Accidentes de peatones<\/h3>\n\n<p>Las \u00e1reas de aparcamiento albergan tr\u00e1fico peatonal muy cerca de los coches en movimiento. De acuerdo con el C\u00f3digo de Transporte de Texas \u00a7552.008, los veh\u00edculos deben mostrar el debido cuidado para evitar golpear a los que est\u00e1n a pie. No hacer una pausa en los pasos de peatones o esquinas puede causar graves da\u00f1os.  <\/p>\n\n<p>Los peatones que fueron golpeados en \u00e1reas de aparcamiento a menudo se enfrentan a huesos rotos, lesiones en la cabeza y m\u00e1s. Intervenimos para recopilar registros, reconstruir eventos y argumentar fuertemente que la falta de cuidado de un conductor condujo a sus contratiempos f\u00edsicos y financieros. <\/p>\n\n<h3 class=\"wp-block-heading\">Accidentes de fuga<\/h3>\n\n<p>Algunos accidentes en aparcamientos resultan en la huida de un conductor, dejando a las v\u00edctimas sin un recurso obvio. Bajo el C\u00f3digo de Tr\u00e1fico de Texas \u00a7550.021, dejar el lugar del accidente es ilegal. Afortunadamente, todav\u00eda podr\u00eda recuperar las p\u00e9rdidas a trav\u00e9s de la cobertura de automovilista sin seguro o identificando a la parte culpable a trav\u00e9s de la vigilancia y los relatos de los testigos.  <\/p>\n\n<p>Si su accidente involucr\u00f3 una fuga, le animamos a actuar r\u00e1pidamente para notificar a las autoridades para que cualquier evidencia de v\u00eddeo o testimonios puedan ser recuperados mientras estos recursos siguen siendo accesibles.<\/p>\n\n<h2 class=\"wp-block-heading\">Preguntas frecuentes<\/h2>\n\n<h3 class=\"wp-block-heading\">\u00bfQu\u00e9 da\u00f1os puedo recuperar en una reclamaci\u00f3n por accidente en un aparcamiento?<\/h3>\n\n<p>Por lo general, puede solicitar el pago de:<\/p>\n\n<ul class=\"wp-block-list\">\n<li>Gastos m\u00e9dicos y hospitalarios<\/li>\n\n\n\n<li>Salarios perdidos si sus lesiones le impiden trabajar<\/li>\n\n\n\n<li>Costos de da\u00f1os al coche o a la propiedad<\/li>\n\n\n\n<li>Sufrimiento emocional y reducci\u00f3n de la calidad de vida<\/li>\n<\/ul>\n\n<p>Cada caso difiere en funci\u00f3n de los da\u00f1os que haya sufrido y de las p\u00f3lizas de seguro disponibles.<\/p>\n\n<h3 class=\"wp-block-heading\">\u00bfC\u00f3mo se determina la culpa si no hay se\u00f1ales de tr\u00e1fico?<\/h3>\n\n<p>La culpa generalmente se decide examinando la conducta del conductor y las reglas de derecho de paso adaptadas de los estatutos de tr\u00e1fico de Texas. El conductor que no comprueba los puntos ciegos, cede incorrectamente o conduce a velocidades inseguras puede ser responsable. <\/p>\n\n<h3 class=\"wp-block-heading\">\u00bfQu\u00e9 debo hacer inmediatamente despu\u00e9s de un accidente en un aparcamiento?<\/h3>\n\n<p>Aseg\u00farese de que usted y todos los dem\u00e1s est\u00e1n a salvo, y p\u00f3ngase en contacto con los servicios de emergencia si es necesario. Intercambie nombres y detalles del seguro con el otro conductor. Fotograf\u00eda los da\u00f1os visibles del veh\u00edculo, las marcas en el suelo, las matr\u00edculas y toda la escena, si puede. A continuaci\u00f3n, busque atenci\u00f3n m\u00e9dica inmediata y conserve toda la documentaci\u00f3n relacionada.   <\/p>\n\n<h2 class=\"wp-block-heading\">P\u00f3ngase en contacto con el bufete de abogados de Shane R. Kadlec hoy mismo<\/h2>\n\n<p>Nuestro objetivo es brindarle tranquilidad y ayuda experta cuando se enfrente a las consecuencias de un accidente en un aparcamiento. Para una consulta gratuita, por favor llame al <a href=\"tel:281-643-2000\">281-643-2000<\/a> o p\u00f3ngase en contacto a trav\u00e9s de <a href=\"https:\/\/www.injurylawyerhouston.com\/contact-us-in-houston-texas.html\">nuestra p\u00e1gina de contacto<\/a>. Tambi\u00e9n puede enviar un correo electr\u00f3nico a nuestro personal en cualquier momento.   <\/p>\n\n<p>Nuestro bufete est\u00e1 preparado para defender el cuidado y los recursos que usted merece, comenzando con una simple llamada telef\u00f3nica.<\/p>\n","protected":false},"excerpt":{"rendered":"<p>Los aparcamientos pueden pillar desprevenidos incluso al conductor o peat\u00f3n m\u00e1s prudente. Los coches dan marcha atr\u00e1s inesperadamente, las esquinas estrechas ocultan puntos ciegos y el tr\u00e1fico peatonal aparece en todas las direcciones. Estos peligros hacen que los accidentes en aparcamientos sean m\u00e1s comunes de lo que muchos creen. Si est\u00e1 lidiando con un accidente&#8230;<\/p>\n","protected":false},"author":1,"featured_media":0,"parent":0,"menu_order":0,"comment_status":"closed","ping_status":"closed","template":"","meta":{"_acf_changed":false,"inline_featured_image":false,"_kad_blocks_custom_css":"","_kad_blocks_head_custom_js":"","_kad_blocks_body_custom_js":"","_kad_blocks_footer_custom_js":"","_kad_post_transparent":"","_kad_post_title":"","_kad_post_layout":"","_kad_post_sidebar_id":"","_kad_post_content_style":"","_kad_post_vertical_padding":"","_kad_post_feature":"","_kad_post_feature_position":"","_kad_post_header":false,"_kad_post_footer":false,"_kad_post_classname":"","footnotes":""},"class_list":["post-500706","page","type-page","status-publish","hentry"],"acf":[],"taxonomy_info":[],"featured_image_src_large":false,"author_info":{"display_name":"Shane R. Kadlec","author_link":"https:\/\/www.injurylawyerhouston.com\/es\/author\/operationslmg\/"},"comment_info":0,"_links":{"self":[{"href":"https:\/\/www.injurylawyerhouston.com\/es\/wp-json\/wp\/v2\/pages\/500706","targetHints":{"allow":["GET"]}}],"collection":[{"href":"https:\/\/www.injurylawyerhouston.com\/es\/wp-json\/wp\/v2\/pages"}],"about":[{"href":"https:\/\/www.injurylawyerhouston.com\/es\/wp-json\/wp\/v2\/types\/page"}],"author":[{"embeddable":true,"href":"https:\/\/www.injurylawyerhouston.com\/es\/wp-json\/wp\/v2\/users\/1"}],"replies":[{"embeddable":true,"href":"https:\/\/www.injurylawyerhouston.com\/es\/wp-json\/wp\/v2\/comments?post=500706"}],"version-history":[{"count":1,"href":"https:\/\/www.injurylawyerhouston.com\/es\/wp-json\/wp\/v2\/pages\/500706\/revisions"}],"predecessor-version":[{"id":500707,"href":"https:\/\/www.injurylawyerhouston.com\/es\/wp-json\/wp\/v2\/pages\/500706\/revisions\/500707"}],"wp:attachment":[{"href":"https:\/\/www.injurylawyerhouston.com\/es\/wp-json\/wp\/v2\/media?parent=500706"}],"curies":[{"name":"wp","href":"https:\/\/api.w.org\/{rel}","templated":true}]}}