{"id":500710,"date":"2025-05-07T13:51:57","date_gmt":"2025-05-07T13:51:57","guid":{"rendered":"https:\/\/www.injurylawyerhouston.com\/abogado-de-accidentes-con-conductores-de-amazon-en-katy\/"},"modified":"2025-10-13T07:38:08","modified_gmt":"2025-10-13T07:38:08","slug":"abogado-de-accidentes-con-conductores-de-amazon-en-katy","status":"publish","type":"page","link":"https:\/\/www.injurylawyerhouston.com\/es\/abogado-de-accidentes-con-conductores-de-amazon-en-katy\/","title":{"rendered":"Abogado de accidentes con conductores de Amazon en Katy"},"content":{"rendered":"\n<h2 class=\"wp-block-heading\">Abogado para lesiones causadas en accidentes con veh\u00edculos de reparto de Amazon en los condados de Harris y Waller<\/h2>\n\n<p>Amazon es el rey indiscutible del espacio minorista en l\u00ednea. Se estima que Amazon env\u00eda m\u00e1s de 600 millones de paquetes al a\u00f1o, \u00a1aproximadamente 1,6 millones de paquetes al d\u00eda! <\/p>\n\n<p>Este volumen requiere una operaci\u00f3n masiva para que los paquetes lleguen a sus destinos r\u00e1pidamente. En muchas \u00e1reas, Amazon se ha asociado con FedEx, UPS, DHL y USPS para completar sus entregas, pero tambi\u00e9n tienen sus propios veh\u00edculos de reparto y contratistas externos para depender menos de los servicios de reparto tradicionales. A medida que Amazon aumenta en popularidad, tambi\u00e9n lo hace el riesgo de accidentes con camiones de reparto de Amazon.  <\/p>\n\n<p>Si usted o un ser querido ha resultado lesionado en un accidente debido a la negligencia de otro conductor, el equipo de <a href=\"https:\/\/www.injurylawyerhouston.com\/es\/acerca-del-bufete-de-abogados-de-shane-r-kadlec\/\">la Oficina Legal de Shane R. Kadlec<\/a> est\u00e1 aqu\u00ed para ayudarle en cada paso del camino. Trabajaremos arduamente para garantizar que sus derechos est\u00e9n protegidos y que reciba una compensaci\u00f3n completa por sus lesiones y p\u00e9rdidas. <\/p>\n\n<h2 class=\"wp-block-heading\">Causas de los accidentes de camiones de reparto<\/h2>\n\n<p>La mayor\u00eda de los conductores de camiones de reparto son conductores seguros y quieren llegar a casa con sus familias como todos los dem\u00e1s. Sin embargo, cuando un conductor de cami\u00f3n de reparto act\u00faa de manera negligente, puede causar no solo da\u00f1os graves a otros veh\u00edculos, sino que tambi\u00e9n puede provocar lesiones devastadoras y la muerte. <\/p>\n\n<p>Seg\u00fan la Administraci\u00f3n Nacional de Seguridad del Tr\u00e1fico en las Carreteras (NHTSA), las causas m\u00e1s comunes de los accidentes de camiones de reparto incluyen:<\/p>\n<style>.wp-block-kadence-iconlist.kt-svg-icon-list-items1632_ce9758-fc:not(.this-stops-third-party-issues){margin-top:0px;margin-bottom:0px;}.wp-block-kadence-iconlist.kt-svg-icon-list-items1632_ce9758-fc ul.kt-svg-icon-list:not(.this-prevents-issues):not(.this-stops-third-party-issues):not(.tijsloc){margin-top:0px;margin-right:0px;margin-bottom:var(--global-kb-spacing-sm, 1.5rem);margin-left:0px;column-gap:24px;}.wp-block-kadence-iconlist.kt-svg-icon-list-items1632_ce9758-fc ul.kt-svg-icon-list{grid-row-gap:12px;}.wp-block-kadence-iconlist.kt-svg-icon-list-items1632_ce9758-fc .kb-svg-icon-wrap{color:#f38f1e;}.wp-block-kadence-iconlist.kt-svg-icon-list-items1632_ce9758-fc ul.kt-svg-icon-list .kt-svg-icon-list-item-wrap .kt-svg-icon-list-single{margin-right:10px;}.kt-svg-icon-list-items1632_ce9758-fc ul.kt-svg-icon-list .kt-svg-icon-list-item-wrap, .kt-svg-icon-list-items1632_ce9758-fc ul.kt-svg-icon-list .kt-svg-icon-list-item-wrap a{line-height:25px;}.kt-svg-icon-list-items1632_ce9758-fc ul.kt-svg-icon-list .kt-svg-icon-list-level-0 .kt-svg-icon-list-single svg{font-size:20px;}<\/style>\n<div class=\"wp-block-kadence-iconlist kt-svg-icon-list-items kt-svg-icon-list-items1632_ce9758-fc kt-svg-icon-list-columns-1 alignnone kt-list-icon-aligntop\"><ul class=\"kt-svg-icon-list\"><style>.kt-svg-icon-list-item-1632_159bb0-84 .kt-svg-icon-list-text mark.kt-highlight{background-color:unset;font-style:normal;color:#f76a0c;-webkit-box-decoration-break:clone;box-decoration-break:clone;padding-top:0px;padding-right:0px;padding-bottom:0px;padding-left:0px;}<\/style>\n<li class=\"wp-block-kadence-listitem kt-svg-icon-list-item-wrap kt-svg-icon-list-item-1632_159bb0-84\"><span class=\"kb-svg-icon-wrap kb-svg-icon-fas_chevron-right kt-svg-icon-list-single\"><svg viewBox=\"0 0 320 512\"  fill=\"currentColor\" xmlns=\"http:\/\/www.w3.org\/2000\/svg\"  aria-hidden=\"true\"><path d=\"M285.476 272.971L91.132 467.314c-9.373 9.373-24.569 9.373-33.941 0l-22.667-22.667c-9.357-9.357-9.375-24.522-.04-33.901L188.505 256 34.484 101.255c-9.335-9.379-9.317-24.544.04-33.901l22.667-22.667c9.373-9.373 24.569-9.373 33.941 0L285.475 239.03c9.373 9.372 9.373 24.568.001 33.941z\"\/><\/svg><\/span><span class=\"kt-svg-icon-list-text\"><a href=\"https:\/\/www.injurylawyerhouston.com\/es\/abogado-de-accidentes-por-conduccion-distraida-en-houston\/\">Conducci\u00f3n distra\u00edda<\/a><\/span><\/li>\n\n\n<style>.kt-svg-icon-list-item-1632_74a0f7-85 .kt-svg-icon-list-text mark.kt-highlight{background-color:unset;font-style:normal;color:#f76a0c;-webkit-box-decoration-break:clone;box-decoration-break:clone;padding-top:0px;padding-right:0px;padding-bottom:0px;padding-left:0px;}<\/style>\n<li class=\"wp-block-kadence-listitem kt-svg-icon-list-item-wrap kt-svg-icon-list-item-1632_74a0f7-85\"><span class=\"kb-svg-icon-wrap kb-svg-icon-fas_chevron-right kt-svg-icon-list-single\"><svg viewBox=\"0 0 320 512\"  fill=\"currentColor\" xmlns=\"http:\/\/www.w3.org\/2000\/svg\"  aria-hidden=\"true\"><path d=\"M285.476 272.971L91.132 467.314c-9.373 9.373-24.569 9.373-33.941 0l-22.667-22.667c-9.357-9.357-9.375-24.522-.04-33.901L188.505 256 34.484 101.255c-9.335-9.379-9.317-24.544.04-33.901l22.667-22.667c9.373-9.373 24.569-9.373 33.941 0L285.475 239.03c9.373 9.372 9.373 24.568.001 33.941z\"\/><\/svg><\/span><span class=\"kt-svg-icon-list-text\">Horarios de trabajo y plazos poco realistas<\/span><\/li>\n\n\n<style>.kt-svg-icon-list-item-1632_8719dc-9e .kt-svg-icon-list-text mark.kt-highlight{background-color:unset;font-style:normal;color:#f76a0c;-webkit-box-decoration-break:clone;box-decoration-break:clone;padding-top:0px;padding-right:0px;padding-bottom:0px;padding-left:0px;}<\/style>\n<li class=\"wp-block-kadence-listitem kt-svg-icon-list-item-wrap kt-svg-icon-list-item-1632_8719dc-9e\"><span class=\"kb-svg-icon-wrap kb-svg-icon-fas_chevron-right kt-svg-icon-list-single\"><svg viewBox=\"0 0 320 512\"  fill=\"currentColor\" xmlns=\"http:\/\/www.w3.org\/2000\/svg\"  aria-hidden=\"true\"><path d=\"M285.476 272.971L91.132 467.314c-9.373 9.373-24.569 9.373-33.941 0l-22.667-22.667c-9.357-9.357-9.375-24.522-.04-33.901L188.505 256 34.484 101.255c-9.335-9.379-9.317-24.544.04-33.901l22.667-22.667c9.373-9.373 24.569-9.373 33.941 0L285.475 239.03c9.373 9.372 9.373 24.568.001 33.941z\"\/><\/svg><\/span><span class=\"kt-svg-icon-list-text\">Fatiga<\/span><\/li>\n\n\n<style>.kt-svg-icon-list-item-1632_95c48c-cd .kt-svg-icon-list-text mark.kt-highlight{background-color:unset;font-style:normal;color:#f76a0c;-webkit-box-decoration-break:clone;box-decoration-break:clone;padding-top:0px;padding-right:0px;padding-bottom:0px;padding-left:0px;}<\/style>\n<li class=\"wp-block-kadence-listitem kt-svg-icon-list-item-wrap kt-svg-icon-list-item-1632_95c48c-cd\"><span class=\"kb-svg-icon-wrap kb-svg-icon-fas_chevron-right kt-svg-icon-list-single\"><svg viewBox=\"0 0 320 512\"  fill=\"currentColor\" xmlns=\"http:\/\/www.w3.org\/2000\/svg\"  aria-hidden=\"true\"><path d=\"M285.476 272.971L91.132 467.314c-9.373 9.373-24.569 9.373-33.941 0l-22.667-22.667c-9.357-9.357-9.375-24.522-.04-33.901L188.505 256 34.484 101.255c-9.335-9.379-9.317-24.544.04-33.901l22.667-22.667c9.373-9.373 24.569-9.373 33.941 0L285.475 239.03c9.373 9.372 9.373 24.568.001 33.941z\"\/><\/svg><\/span><span class=\"kt-svg-icon-list-text\">Condiciones clim\u00e1ticas adversas<\/span><\/li>\n\n\n<style>.kt-svg-icon-list-item-1632_238636-66 .kt-svg-icon-list-text mark.kt-highlight{background-color:unset;font-style:normal;color:#f76a0c;-webkit-box-decoration-break:clone;box-decoration-break:clone;padding-top:0px;padding-right:0px;padding-bottom:0px;padding-left:0px;}<\/style>\n<li class=\"wp-block-kadence-listitem kt-svg-icon-list-item-wrap kt-svg-icon-list-item-1632_238636-66\"><span class=\"kb-svg-icon-wrap kb-svg-icon-fas_chevron-right kt-svg-icon-list-single\"><svg viewBox=\"0 0 320 512\"  fill=\"currentColor\" xmlns=\"http:\/\/www.w3.org\/2000\/svg\"  aria-hidden=\"true\"><path d=\"M285.476 272.971L91.132 467.314c-9.373 9.373-24.569 9.373-33.941 0l-22.667-22.667c-9.357-9.357-9.375-24.522-.04-33.901L188.505 256 34.484 101.255c-9.335-9.379-9.317-24.544.04-33.901l22.667-22.667c9.373-9.373 24.569-9.373 33.941 0L285.475 239.03c9.373 9.372 9.373 24.568.001 33.941z\"\/><\/svg><\/span><span class=\"kt-svg-icon-list-text\"><a href=\"\/dwi-dui-accidents\/\">Conducir bajo los efectos del alcohol<\/a><\/span><\/li>\n\n\n<style>.kt-svg-icon-list-item-1632_385573-2b .kt-svg-icon-list-text mark.kt-highlight{background-color:unset;font-style:normal;color:#f76a0c;-webkit-box-decoration-break:clone;box-decoration-break:clone;padding-top:0px;padding-right:0px;padding-bottom:0px;padding-left:0px;}<\/style>\n<li class=\"wp-block-kadence-listitem kt-svg-icon-list-item-wrap kt-svg-icon-list-item-1632_385573-2b\"><span class=\"kb-svg-icon-wrap kb-svg-icon-fas_chevron-right kt-svg-icon-list-single\"><svg viewBox=\"0 0 320 512\"  fill=\"currentColor\" xmlns=\"http:\/\/www.w3.org\/2000\/svg\"  aria-hidden=\"true\"><path d=\"M285.476 272.971L91.132 467.314c-9.373 9.373-24.569 9.373-33.941 0l-22.667-22.667c-9.357-9.357-9.375-24.522-.04-33.901L188.505 256 34.484 101.255c-9.335-9.379-9.317-24.544.04-33.901l22.667-22.667c9.373-9.373 24.569-9.373 33.941 0L285.475 239.03c9.373 9.372 9.373 24.568.001 33.941z\"\/><\/svg><\/span><span class=\"kt-svg-icon-list-text\">Puntos ciegos<\/span><\/li>\n\n\n<style>.kt-svg-icon-list-item-1632_2f78ca-14 .kt-svg-icon-list-text mark.kt-highlight{background-color:unset;font-style:normal;color:#f76a0c;-webkit-box-decoration-break:clone;box-decoration-break:clone;padding-top:0px;padding-right:0px;padding-bottom:0px;padding-left:0px;}<\/style>\n<li class=\"wp-block-kadence-listitem kt-svg-icon-list-item-wrap kt-svg-icon-list-item-1632_2f78ca-14\"><span class=\"kb-svg-icon-wrap kb-svg-icon-fas_chevron-right kt-svg-icon-list-single\"><svg viewBox=\"0 0 320 512\"  fill=\"currentColor\" xmlns=\"http:\/\/www.w3.org\/2000\/svg\"  aria-hidden=\"true\"><path d=\"M285.476 272.971L91.132 467.314c-9.373 9.373-24.569 9.373-33.941 0l-22.667-22.667c-9.357-9.357-9.375-24.522-.04-33.901L188.505 256 34.484 101.255c-9.335-9.379-9.317-24.544.04-33.901l22.667-22.667c9.373-9.373 24.569-9.373 33.941 0L285.475 239.03c9.373 9.372 9.373 24.568.001 33.941z\"\/><\/svg><\/span><span class=\"kt-svg-icon-list-text\">Conducci\u00f3n agresiva<\/span><\/li>\n\n\n<style>.kt-svg-icon-list-item-1632_5ed59c-8e .kt-svg-icon-list-text mark.kt-highlight{background-color:unset;font-style:normal;color:#f76a0c;-webkit-box-decoration-break:clone;box-decoration-break:clone;padding-top:0px;padding-right:0px;padding-bottom:0px;padding-left:0px;}<\/style>\n<li class=\"wp-block-kadence-listitem kt-svg-icon-list-item-wrap kt-svg-icon-list-item-1632_5ed59c-8e\"><span class=\"kb-svg-icon-wrap kb-svg-icon-fas_chevron-right kt-svg-icon-list-single\"><svg viewBox=\"0 0 320 512\"  fill=\"currentColor\" xmlns=\"http:\/\/www.w3.org\/2000\/svg\"  aria-hidden=\"true\"><path d=\"M285.476 272.971L91.132 467.314c-9.373 9.373-24.569 9.373-33.941 0l-22.667-22.667c-9.357-9.357-9.375-24.522-.04-33.901L188.505 256 34.484 101.255c-9.335-9.379-9.317-24.544.04-33.901l22.667-22.667c9.373-9.373 24.569-9.373 33.941 0L285.475 239.03c9.373 9.372 9.373 24.568.001 33.941z\"\/><\/svg><\/span><span class=\"kt-svg-icon-list-text\">Carga sobrecargada o cargada incorrectamente<\/span><\/li>\n\n\n<style>.kt-svg-icon-list-item-1632_c82570-38 .kt-svg-icon-list-text mark.kt-highlight{background-color:unset;font-style:normal;color:#f76a0c;-webkit-box-decoration-break:clone;box-decoration-break:clone;padding-top:0px;padding-right:0px;padding-bottom:0px;padding-left:0px;}<\/style>\n<li class=\"wp-block-kadence-listitem kt-svg-icon-list-item-wrap kt-svg-icon-list-item-1632_c82570-38\"><span class=\"kb-svg-icon-wrap kb-svg-icon-fas_chevron-right kt-svg-icon-list-single\"><svg viewBox=\"0 0 320 512\"  fill=\"currentColor\" xmlns=\"http:\/\/www.w3.org\/2000\/svg\"  aria-hidden=\"true\"><path d=\"M285.476 272.971L91.132 467.314c-9.373 9.373-24.569 9.373-33.941 0l-22.667-22.667c-9.357-9.357-9.375-24.522-.04-33.901L188.505 256 34.484 101.255c-9.335-9.379-9.317-24.544.04-33.901l22.667-22.667c9.373-9.373 24.569-9.373 33.941 0L285.475 239.03c9.373 9.372 9.373 24.568.001 33.941z\"\/><\/svg><\/span><span class=\"kt-svg-icon-list-text\">Exceso de velocidad<\/span><\/li>\n<\/ul><\/div>\n\n<p>Los camiones de reparto de Amazon no son el \u00fanico problema. Amazon ha comenzado a contratar a conductores de reparto y empresas de reparto de terceros, algunos de los cuales utilizan sus propios veh\u00edculos privados, para mantenerse al d\u00eda con la demanda de Two-Day Prime, Prime Same Day Delivery y Amazon Fresh. En la mayor\u00eda de los casos, a estos conductores se les paga m\u00ednimamente y solo ganan dinero si pueden realizar muchas entregas r\u00e1pidamente. Esto a menudo coloca al conductor de reparto en un estado apresurado y distra\u00eddo, lo que puede hacer que los accidentes sean mucho m\u00e1s comunes.   <\/p>\n\n<h2 class=\"wp-block-heading\">Responsabilidad del conductor de reparto<\/h2>\n\n<p>Si usted o un ser querido ha resultado lesionado por un conductor de reparto de Amazon, puede ser confuso determinar qui\u00e9n es responsable de sus da\u00f1os y lesiones. Si el conductor es empleado de una de las principales empresas de reparto como USPS, <a href=\"https:\/\/www.injurylawyerhouston.com\/es\/abogado-de-accidentes-de-ups-y-fedex-en-katy\/\">UPS o FedEx<\/a>, entonces esa empresa podr\u00eda ser responsable. <\/p>\n\n<p>Si el conductor de reparto es un contratista externo, las cosas se complican un poco m\u00e1s. En caso de una reclamaci\u00f3n o demanda, es posible que Amazon no se considere responsable de sus lesiones porque la empresa t\u00e9cnicamente no emplea a esos conductores. Sin embargo, a menos que estos contratistas externos tengan un seguro de conducci\u00f3n comercial, es posible que su compa\u00f1\u00eda de seguros no pague por los da\u00f1os o lesiones que haya sufrido despu\u00e9s de un accidente.  <\/p>\n\n<p>La mejor opci\u00f3n despu\u00e9s de un accidente con un cami\u00f3n de reparto de Amazon es ponerse en contacto con un abogado de lesiones personales lo antes posible. El abogado de lesiones de Texas <a href=\"https:\/\/www.injurylawyerhouston.com\/es\/acerca-de-shane-r-kadlec\/\">Shane Kadlec<\/a> tiene experiencia en determinar qui\u00e9n puede ser culpable de su accidente y en garantizar que se les haga responsables de sus acciones. <\/p>\n\n<h2 class=\"wp-block-heading\">Obtenga la ayuda que necesita hoy<\/h2>\n\n<p>Para obtener m\u00e1s informaci\u00f3n sobre c\u00f3mo recuperar una compensaci\u00f3n despu\u00e9s de un accidente que involucre a un veh\u00edculo de reparto de Amazon, <a href=\"https:\/\/www.injurylawyerhouston.com\/es\/contactenos\/\">p\u00f3ngase en contacto con nuestra oficina<\/a>. Llame al <a href=\"tel:281-643-2000\">281-643-2000<\/a> para una consulta gratuita y sin compromiso hoy mismo. No intente enfrentarse solo a las compa\u00f1\u00edas de seguros. Permita que la Oficina Legal de Shane R. Kadlec le proporcione la orientaci\u00f3n experta y la representaci\u00f3n agresiva que necesita.   <\/p>\n","protected":false},"excerpt":{"rendered":"<p>Abogado para lesiones causadas en accidentes con veh\u00edculos de reparto de Amazon en los condados de Harris y Waller Amazon es el rey indiscutible del espacio minorista en l\u00ednea. Se estima que Amazon env\u00eda m\u00e1s de 600 millones de paquetes al a\u00f1o, \u00a1aproximadamente 1,6 millones de paquetes al d\u00eda! Este volumen requiere una operaci\u00f3n masiva&#8230;<\/p>\n","protected":false},"author":1,"featured_media":500711,"parent":0,"menu_order":0,"comment_status":"closed","ping_status":"closed","template":"","meta":{"_acf_changed":false,"inline_featured_image":false,"_kad_blocks_custom_css":"","_kad_blocks_head_custom_js":"","_kad_blocks_body_custom_js":"","_kad_blocks_footer_custom_js":"","_kad_post_transparent":"","_kad_post_title":"","_kad_post_layout":"","_kad_post_sidebar_id":"","_kad_post_content_style":"","_kad_post_vertical_padding":"","_kad_post_feature":"","_kad_post_feature_position":"","_kad_post_header":false,"_kad_post_footer":false,"_kad_post_classname":"","footnotes":""},"class_list":["post-500710","page","type-page","status-publish","has-post-thumbnail","hentry"],"acf":[],"taxonomy_info":[],"featured_image_src_large":["https:\/\/www.injurylawyerhouston.com\/wp-content\/uploads\/2025\/05\/personal-injury-hero-1024x320.webp",1024,320,true],"author_info":{"display_name":"Shane R. Kadlec","author_link":"https:\/\/www.injurylawyerhouston.com\/es\/author\/operationslmg\/"},"comment_info":0,"_links":{"self":[{"href":"https:\/\/www.injurylawyerhouston.com\/es\/wp-json\/wp\/v2\/pages\/500710","targetHints":{"allow":["GET"]}}],"collection":[{"href":"https:\/\/www.injurylawyerhouston.com\/es\/wp-json\/wp\/v2\/pages"}],"about":[{"href":"https:\/\/www.injurylawyerhouston.com\/es\/wp-json\/wp\/v2\/types\/page"}],"author":[{"embeddable":true,"href":"https:\/\/www.injurylawyerhouston.com\/es\/wp-json\/wp\/v2\/users\/1"}],"replies":[{"embeddable":true,"href":"https:\/\/www.injurylawyerhouston.com\/es\/wp-json\/wp\/v2\/comments?post=500710"}],"version-history":[{"count":1,"href":"https:\/\/www.injurylawyerhouston.com\/es\/wp-json\/wp\/v2\/pages\/500710\/revisions"}],"predecessor-version":[{"id":500712,"href":"https:\/\/www.injurylawyerhouston.com\/es\/wp-json\/wp\/v2\/pages\/500710\/revisions\/500712"}],"wp:featuredmedia":[{"embeddable":true,"href":"https:\/\/www.injurylawyerhouston.com\/es\/wp-json\/wp\/v2\/media\/500711"}],"wp:attachment":[{"href":"https:\/\/www.injurylawyerhouston.com\/es\/wp-json\/wp\/v2\/media?parent=500710"}],"curies":[{"name":"wp","href":"https:\/\/api.w.org\/{rel}","templated":true}]}}