{"id":500721,"date":"2025-05-07T17:42:39","date_gmt":"2025-05-07T17:42:39","guid":{"rendered":"https:\/\/www.injurylawyerhouston.com\/abogado-de-lesiones-en-katy-o-accidentes-de-uber-y-lyft\/"},"modified":"2025-10-13T07:38:20","modified_gmt":"2025-10-13T07:38:20","slug":"abogado-de-lesiones-en-katy-o-accidentes-de-uber-y-lyft","status":"publish","type":"page","link":"https:\/\/www.injurylawyerhouston.com\/es\/abogado-de-lesiones-en-katy-o-accidentes-de-uber-y-lyft\/","title":{"rendered":"Abogado de lesiones en Katy o accidentes de Uber y Lyft"},"content":{"rendered":"\n<h2 class=\"wp-block-heading\">Abogado de accidentes de veh\u00edculos de transporte compartido en el condado de Harris<\/h2>\n\n<p>En las principales ciudades, como el \u00e1rea metropolitana de Houston, los servicios de transporte con conductor como Uber, Lyft y otros han creado una seria competencia para los taxis tradicionales en los \u00faltimos a\u00f1os. En muchos casos, estos servicios basados en la web son m\u00e1s r\u00e1pidos, econ\u00f3micos y accesibles en comparaci\u00f3n con las compa\u00f1\u00edas de taxis. Sin embargo, no est\u00e1n exentos de riesgos.  <\/p>\n\n<p>En el <a href=\"https:\/\/www.injurylawyerhouston.com\/es\/acerca-del-bufete-de-abogados-de-shane-r-kadlec\/\">Bufete de Abogados de Shane R. Kadlec<\/a>, sabemos que cuando utiliza su tel\u00e9fono para solicitar un viaje de Uber o Lyft, tiene todas las razones para creer que llegar\u00e1 a su destino sin problemas. Desafortunadamente, los accidentes ocurren de vez en cuando, y cuando ocurren, recuperar la compensaci\u00f3n puede ser extremadamente dif\u00edcil debido a las complicadas coberturas de seguro asociadas con los servicios de transporte compartido. Si usted o alguien a quien ama result\u00f3 lesionado mientras viajaba con Uber o Lyft o en un choque con un conductor de Uber o Lyft, nuestro equipo capacitado puede ayudarlo a obtener la compensaci\u00f3n que merece.  <\/p>\n\n<h2 class=\"wp-block-heading\">Asesoramiento confiable para pasajeros lesionados<\/h2>\n\n<p>Las empresas de transporte compartido como Uber y Lyft realizan verificaciones de antecedentes y evaluaciones de seguridad para garantizar que sus conductores est\u00e9n equipados para proporcionar viajes seguros a los pasajeros de las empresas. Si bien los conductores deben ser aprobados, no reciben capacitaci\u00f3n formal y no son profesionales. Cuando viaja en un veh\u00edculo de Uber o Lyft, la empresa mantiene una p\u00f3liza de seguro que debe cubrir sus lesiones si ocurriera un accidente.  <\/p>\n\n<p>Seg\u00fan la ley de Texas, las empresas de transporte con conductor tambi\u00e9n deben proporcionar cobertura de responsabilidad primaria cada vez que el conductor tiene activada su versi\u00f3n de la aplicaci\u00f3n Uber o Lyft. Como resultado, si el conductor est\u00e1 involucrado en un accidente con un pasajero en el autom\u00f3vil o mientras conduce buscando otro pasajero, la p\u00f3liza de la empresa debe pagar por cualquier da\u00f1o causado. <\/p>\n\n<p>La realidad, sin embargo, es que lograr que el seguro de la empresa pague no es tan f\u00e1cil. La empresa de transporte compartido o la aseguradora podr\u00edan intentar evitar el pago culpando al conductor o al conductor de otro veh\u00edculo involucrado. La compa\u00f1\u00eda de seguros tambi\u00e9n podr\u00eda cuestionar la gravedad de sus lesiones. Para obtener la compensaci\u00f3n que merece, es posible que deba presentar reclamaciones a varias compa\u00f1\u00edas de seguros, incluida la aseguradora del conductor culpable y posiblemente tambi\u00e9n su propia aseguradora. El <a href=\"https:\/\/www.injurylawyerhouston.com\/shane-r-kadlec-attorney-in-houston\/\">abogado Shane Kadlec<\/a> y su equipo lo ayudar\u00e1n a determinar qu\u00e9 empresas deben compartir la responsabilidad por el accidente y trabajar\u00e1n con usted para construir un caso para obtener la m\u00e1xima compensaci\u00f3n.   <\/p>\n\n<h2 class=\"wp-block-heading\">Accidentes que involucran veh\u00edculos de transporte compartido<\/h2>\n\n<p>Es probable que encuentre complicaciones similares si alguna vez se ve involucrado en un choque con un veh\u00edculo de Uber o Lyft mientras conduce su propio autom\u00f3vil. Dependiendo de las circunstancias, es posible que deba presentar una reclamaci\u00f3n a la aseguradora de la empresa de transporte compartido, a la del conductor o a ambas. En el Bufete de Abogados de Shane R. Kadlec, entendemos que empresas como Uber y Lyft dependen en gran medida de su reputaci\u00f3n, lo que a menudo significa que luchar\u00e1n arduamente para evitar aceptar la culpa de un accidente. Nuestro abogado trabajar\u00e1 arduamente en su nombre hasta que obtenga la compensaci\u00f3n que necesita para seguir adelante con su vida.   <\/p>\n\n<h2 class=\"wp-block-heading\">Llame hoy<\/h2>\n\n<p>Para obtener m\u00e1s informaci\u00f3n sobre c\u00f3mo cobrar una compensaci\u00f3n despu\u00e9s de un accidente que involucre a Uber o Lyft, <a href=\"https:\/\/www.injurylawyerhouston.com\/contact-us\/\">p\u00f3ngase en contacto con nuestra oficina<\/a>. Llame al <g id=\"gid_1\">281-643-2000<\/g> para una consulta gratuita y una revisi\u00f3n de su caso hoy mismo. El Bufete de Abogados de Shane R. Kadlec atiende a clientes en toda la regi\u00f3n de la costa del Golfo de Texas, incluso en Katy, el condado de Waller, el condado de Fort Bend y el condado de Harris.  <\/p>\n","protected":false},"excerpt":{"rendered":"<p>Abogado de accidentes de veh\u00edculos de transporte compartido en el condado de Harris En las principales ciudades, como el \u00e1rea metropolitana de Houston, los servicios de transporte con conductor como Uber, Lyft y otros han creado una seria competencia para los taxis tradicionales en los \u00faltimos a\u00f1os. En muchos casos, estos servicios basados en la&#8230;<\/p>\n","protected":false},"author":1,"featured_media":500722,"parent":0,"menu_order":0,"comment_status":"closed","ping_status":"closed","template":"","meta":{"_acf_changed":false,"inline_featured_image":false,"_kad_blocks_custom_css":"","_kad_blocks_head_custom_js":"","_kad_blocks_body_custom_js":"","_kad_blocks_footer_custom_js":"","_kad_post_transparent":"","_kad_post_title":"","_kad_post_layout":"","_kad_post_sidebar_id":"","_kad_post_content_style":"","_kad_post_vertical_padding":"","_kad_post_feature":"","_kad_post_feature_position":"","_kad_post_header":false,"_kad_post_footer":false,"_kad_post_classname":"","footnotes":""},"class_list":["post-500721","page","type-page","status-publish","has-post-thumbnail","hentry"],"acf":[],"taxonomy_info":[],"featured_image_src_large":["https:\/\/www.injurylawyerhouston.com\/wp-content\/uploads\/2024\/07\/hero01-1024x320.jpg",1024,320,true],"author_info":{"display_name":"Shane R. Kadlec","author_link":"https:\/\/www.injurylawyerhouston.com\/es\/author\/operationslmg\/"},"comment_info":0,"_links":{"self":[{"href":"https:\/\/www.injurylawyerhouston.com\/es\/wp-json\/wp\/v2\/pages\/500721","targetHints":{"allow":["GET"]}}],"collection":[{"href":"https:\/\/www.injurylawyerhouston.com\/es\/wp-json\/wp\/v2\/pages"}],"about":[{"href":"https:\/\/www.injurylawyerhouston.com\/es\/wp-json\/wp\/v2\/types\/page"}],"author":[{"embeddable":true,"href":"https:\/\/www.injurylawyerhouston.com\/es\/wp-json\/wp\/v2\/users\/1"}],"replies":[{"embeddable":true,"href":"https:\/\/www.injurylawyerhouston.com\/es\/wp-json\/wp\/v2\/comments?post=500721"}],"version-history":[{"count":1,"href":"https:\/\/www.injurylawyerhouston.com\/es\/wp-json\/wp\/v2\/pages\/500721\/revisions"}],"predecessor-version":[{"id":500723,"href":"https:\/\/www.injurylawyerhouston.com\/es\/wp-json\/wp\/v2\/pages\/500721\/revisions\/500723"}],"wp:featuredmedia":[{"embeddable":true,"href":"https:\/\/www.injurylawyerhouston.com\/es\/wp-json\/wp\/v2\/media\/500722"}],"wp:attachment":[{"href":"https:\/\/www.injurylawyerhouston.com\/es\/wp-json\/wp\/v2\/media?parent=500721"}],"curies":[{"name":"wp","href":"https:\/\/api.w.org\/{rel}","templated":true}]}}