{"id":500727,"date":"2025-05-07T12:58:06","date_gmt":"2025-05-07T12:58:06","guid":{"rendered":"https:\/\/www.injurylawyerhouston.com\/abogado-de-resbalones-y-caidas-del-condado-de-harris-tx\/"},"modified":"2025-10-13T20:15:49","modified_gmt":"2025-10-13T20:15:49","slug":"abogado-de-resbalones-y-caidas-del-condado-de-harris-tx","status":"publish","type":"page","link":"https:\/\/www.injurylawyerhouston.com\/es\/abogado-de-resbalones-y-caidas-del-condado-de-harris-tx\/","title":{"rendered":"Abogado de resbalones y ca\u00eddas del condado de Harris, TX"},"content":{"rendered":"\n<h2 class=\"wp-block-heading\">Abogado de Responsabilidad de Locales de Texas por Resbalones, Tropiezos y Ca\u00eddas<\/h2>\n\n<p>Si sufre una lesi\u00f3n despu\u00e9s de un accidente de resbal\u00f3n y ca\u00edda como resultado de la negligencia del due\u00f1o de la propiedad, tiene derecho a presentar una demanda. La mejor manera de asegurarse de ganar su caso es contratar a un abogado con experiencia en resbalones y ca\u00eddas de Houston para que lo represente. Afortunadamente, no tiene que ir m\u00e1s all\u00e1 buscando un abogado confiable porque la <a href=\"https:\/\/www.injurylawyerhouston.com\/es\/acerca-del-bufete-de-abogados-de-shane-r-kadlec\/\">oficina legal de Shane R. Kadlec.<\/a> est\u00e1 cerca y lista para ayudarlo.  <\/p>\n\n<h2 class=\"wp-block-heading\">\u00bfQu\u00e9 tipos de casos de resbalones y ca\u00eddas son procesables?<\/h2>\n\n<p>Varios accidentes por resbalones y ca\u00eddas pueden construir un caso m\u00e1s s\u00f3lido que otros, especialmente si el accidente es culpa de otra persona. Si se resbala y cae en los siguientes lugares, probablemente tenga derecho a presentar un reclamo: <\/p>\n<style>.wp-block-kadence-iconlist.kt-svg-icon-list-items1612_9f8edf-d5:not(.this-stops-third-party-issues){margin-top:0px;margin-bottom:0px;}.wp-block-kadence-iconlist.kt-svg-icon-list-items1612_9f8edf-d5 ul.kt-svg-icon-list:not(.this-prevents-issues):not(.this-stops-third-party-issues):not(.tijsloc){margin-top:0px;margin-right:0px;margin-bottom:var(--global-kb-spacing-sm, 1.5rem);margin-left:0px;column-gap:24px;}.wp-block-kadence-iconlist.kt-svg-icon-list-items1612_9f8edf-d5 ul.kt-svg-icon-list{grid-row-gap:12px;}.wp-block-kadence-iconlist.kt-svg-icon-list-items1612_9f8edf-d5 .kb-svg-icon-wrap{color:#f38f1e;}.wp-block-kadence-iconlist.kt-svg-icon-list-items1612_9f8edf-d5 ul.kt-svg-icon-list .kt-svg-icon-list-item-wrap .kt-svg-icon-list-single{margin-right:10px;}.kt-svg-icon-list-items1612_9f8edf-d5 ul.kt-svg-icon-list .kt-svg-icon-list-item-wrap, .kt-svg-icon-list-items1612_9f8edf-d5 ul.kt-svg-icon-list .kt-svg-icon-list-item-wrap a{line-height:25px;}.kt-svg-icon-list-items1612_9f8edf-d5 ul.kt-svg-icon-list .kt-svg-icon-list-level-0 .kt-svg-icon-list-single svg{font-size:20px;}<\/style>\n<div class=\"wp-block-kadence-iconlist kt-svg-icon-list-items kt-svg-icon-list-items1612_9f8edf-d5 kt-svg-icon-list-columns-1 alignnone kt-list-icon-aligntop\"><ul class=\"kt-svg-icon-list\"><style>.kt-svg-icon-list-item-1612_874b57-b6 .kt-svg-icon-list-text mark.kt-highlight{background-color:unset;font-style:normal;color:#f76a0c;-webkit-box-decoration-break:clone;box-decoration-break:clone;padding-top:0px;padding-right:0px;padding-bottom:0px;padding-left:0px;}<\/style>\n<li class=\"wp-block-kadence-listitem kt-svg-icon-list-item-wrap kt-svg-icon-list-item-1612_874b57-b6\"><span class=\"kb-svg-icon-wrap kb-svg-icon-fas_chevron-right kt-svg-icon-list-single\"><svg viewBox=\"0 0 320 512\"  fill=\"currentColor\" xmlns=\"http:\/\/www.w3.org\/2000\/svg\"  aria-hidden=\"true\"><path d=\"M285.476 272.971L91.132 467.314c-9.373 9.373-24.569 9.373-33.941 0l-22.667-22.667c-9.357-9.357-9.375-24.522-.04-33.901L188.505 256 34.484 101.255c-9.335-9.379-9.317-24.544.04-33.901l22.667-22.667c9.373-9.373 24.569-9.373 33.941 0L285.475 239.03c9.373 9.372 9.373 24.568.001 33.941z\"\/><\/svg><\/span><span class=\"kt-svg-icon-list-text\">Pisos resbaladizos<\/span><\/li>\n\n\n<style>.kt-svg-icon-list-item-1612_b209ea-7a .kt-svg-icon-list-text mark.kt-highlight{background-color:unset;font-style:normal;color:#f76a0c;-webkit-box-decoration-break:clone;box-decoration-break:clone;padding-top:0px;padding-right:0px;padding-bottom:0px;padding-left:0px;}<\/style>\n<li class=\"wp-block-kadence-listitem kt-svg-icon-list-item-wrap kt-svg-icon-list-item-1612_b209ea-7a\"><span class=\"kb-svg-icon-wrap kb-svg-icon-fas_chevron-right kt-svg-icon-list-single\"><svg viewBox=\"0 0 320 512\"  fill=\"currentColor\" xmlns=\"http:\/\/www.w3.org\/2000\/svg\"  aria-hidden=\"true\"><path d=\"M285.476 272.971L91.132 467.314c-9.373 9.373-24.569 9.373-33.941 0l-22.667-22.667c-9.357-9.357-9.375-24.522-.04-33.901L188.505 256 34.484 101.255c-9.335-9.379-9.317-24.544.04-33.901l22.667-22.667c9.373-9.373 24.569-9.373 33.941 0L285.475 239.03c9.373 9.372 9.373 24.568.001 33.941z\"\/><\/svg><\/span><span class=\"kt-svg-icon-list-text\">Superficies naturalmente resbaladizas como vidrio o piedra<\/span><\/li>\n\n\n<style>.kt-svg-icon-list-item-1612_c71592-88 .kt-svg-icon-list-text mark.kt-highlight{background-color:unset;font-style:normal;color:#f76a0c;-webkit-box-decoration-break:clone;box-decoration-break:clone;padding-top:0px;padding-right:0px;padding-bottom:0px;padding-left:0px;}<\/style>\n<li class=\"wp-block-kadence-listitem kt-svg-icon-list-item-wrap kt-svg-icon-list-item-1612_c71592-88\"><span class=\"kb-svg-icon-wrap kb-svg-icon-fas_chevron-right kt-svg-icon-list-single\"><svg viewBox=\"0 0 320 512\"  fill=\"currentColor\" xmlns=\"http:\/\/www.w3.org\/2000\/svg\"  aria-hidden=\"true\"><path d=\"M285.476 272.971L91.132 467.314c-9.373 9.373-24.569 9.373-33.941 0l-22.667-22.667c-9.357-9.357-9.375-24.522-.04-33.901L188.505 256 34.484 101.255c-9.335-9.379-9.317-24.544.04-33.901l22.667-22.667c9.373-9.373 24.569-9.373 33.941 0L285.475 239.03c9.373 9.372 9.373 24.568.001 33.941z\"\/><\/svg><\/span><span class=\"kt-svg-icon-list-text\">Pasillos, pasillos y otros pasillos desordenados<\/span><\/li>\n\n\n<style>.kt-svg-icon-list-item-1612_534e63-28 .kt-svg-icon-list-text mark.kt-highlight{background-color:unset;font-style:normal;color:#f76a0c;-webkit-box-decoration-break:clone;box-decoration-break:clone;padding-top:0px;padding-right:0px;padding-bottom:0px;padding-left:0px;}<\/style>\n<li class=\"wp-block-kadence-listitem kt-svg-icon-list-item-wrap kt-svg-icon-list-item-1612_534e63-28\"><span class=\"kb-svg-icon-wrap kb-svg-icon-fas_chevron-right kt-svg-icon-list-single\"><svg viewBox=\"0 0 320 512\"  fill=\"currentColor\" xmlns=\"http:\/\/www.w3.org\/2000\/svg\"  aria-hidden=\"true\"><path d=\"M285.476 272.971L91.132 467.314c-9.373 9.373-24.569 9.373-33.941 0l-22.667-22.667c-9.357-9.357-9.375-24.522-.04-33.901L188.505 256 34.484 101.255c-9.335-9.379-9.317-24.544.04-33.901l22.667-22.667c9.373-9.373 24.569-9.373 33.941 0L285.475 239.03c9.373 9.372 9.373 24.568.001 33.941z\"\/><\/svg><\/span><span class=\"kt-svg-icon-list-text\">Superficies irregulares<\/span><\/li>\n\n\n<style>.kt-svg-icon-list-item-1612_2a04e7-90 .kt-svg-icon-list-text mark.kt-highlight{background-color:unset;font-style:normal;color:#f76a0c;-webkit-box-decoration-break:clone;box-decoration-break:clone;padding-top:0px;padding-right:0px;padding-bottom:0px;padding-left:0px;}<\/style>\n<li class=\"wp-block-kadence-listitem kt-svg-icon-list-item-wrap kt-svg-icon-list-item-1612_2a04e7-90\"><span class=\"kb-svg-icon-wrap kb-svg-icon-fas_chevron-right kt-svg-icon-list-single\"><svg viewBox=\"0 0 320 512\"  fill=\"currentColor\" xmlns=\"http:\/\/www.w3.org\/2000\/svg\"  aria-hidden=\"true\"><path d=\"M285.476 272.971L91.132 467.314c-9.373 9.373-24.569 9.373-33.941 0l-22.667-22.667c-9.357-9.357-9.375-24.522-.04-33.901L188.505 256 34.484 101.255c-9.335-9.379-9.317-24.544.04-33.901l22.667-22.667c9.373-9.373 24.569-9.373 33.941 0L285.475 239.03c9.373 9.372 9.373 24.568.001 33.941z\"\/><\/svg><\/span><span class=\"kt-svg-icon-list-text\">\u00c1reas mal iluminadas<\/span><\/li>\n\n\n<style>.kt-svg-icon-list-item-1612_0011e2-e1 .kt-svg-icon-list-text mark.kt-highlight{background-color:unset;font-style:normal;color:#f76a0c;-webkit-box-decoration-break:clone;box-decoration-break:clone;padding-top:0px;padding-right:0px;padding-bottom:0px;padding-left:0px;}<\/style>\n<li class=\"wp-block-kadence-listitem kt-svg-icon-list-item-wrap kt-svg-icon-list-item-1612_0011e2-e1\"><span class=\"kb-svg-icon-wrap kb-svg-icon-fas_chevron-right kt-svg-icon-list-single\"><svg viewBox=\"0 0 320 512\"  fill=\"currentColor\" xmlns=\"http:\/\/www.w3.org\/2000\/svg\"  aria-hidden=\"true\"><path d=\"M285.476 272.971L91.132 467.314c-9.373 9.373-24.569 9.373-33.941 0l-22.667-22.667c-9.357-9.357-9.375-24.522-.04-33.901L188.505 256 34.484 101.255c-9.335-9.379-9.317-24.544.04-33.901l22.667-22.667c9.373-9.373 24.569-9.373 33.941 0L285.475 239.03c9.373 9.372 9.373 24.568.001 33.941z\"\/><\/svg><\/span><span class=\"kt-svg-icon-list-text\">Escaleras y rampas con pasamanos o pelda\u00f1os sueltos o rotos<\/span><\/li>\n\n\n<style>.kt-svg-icon-list-item-1612_89ce58-79 .kt-svg-icon-list-text mark.kt-highlight{background-color:unset;font-style:normal;color:#f76a0c;-webkit-box-decoration-break:clone;box-decoration-break:clone;padding-top:0px;padding-right:0px;padding-bottom:0px;padding-left:0px;}<\/style>\n<li class=\"wp-block-kadence-listitem kt-svg-icon-list-item-wrap kt-svg-icon-list-item-1612_89ce58-79\"><span class=\"kb-svg-icon-wrap kb-svg-icon-fas_chevron-right kt-svg-icon-list-single\"><svg viewBox=\"0 0 320 512\"  fill=\"currentColor\" xmlns=\"http:\/\/www.w3.org\/2000\/svg\"  aria-hidden=\"true\"><path d=\"M285.476 272.971L91.132 467.314c-9.373 9.373-24.569 9.373-33.941 0l-22.667-22.667c-9.357-9.357-9.375-24.522-.04-33.901L188.505 256 34.484 101.255c-9.335-9.379-9.317-24.544.04-33.901l22.667-22.667c9.373-9.373 24.569-9.373 33.941 0L285.475 239.03c9.373 9.372 9.373 24.568.001 33.941z\"\/><\/svg><\/span><span class=\"kt-svg-icon-list-text\">Andamios y escaleras<\/span><\/li>\n\n\n<style>.kt-svg-icon-list-item-1612_42dc55-f7 .kt-svg-icon-list-text mark.kt-highlight{background-color:unset;font-style:normal;color:#f76a0c;-webkit-box-decoration-break:clone;box-decoration-break:clone;padding-top:0px;padding-right:0px;padding-bottom:0px;padding-left:0px;}<\/style>\n<li class=\"wp-block-kadence-listitem kt-svg-icon-list-item-wrap kt-svg-icon-list-item-1612_42dc55-f7\"><span class=\"kb-svg-icon-wrap kb-svg-icon-fas_chevron-right kt-svg-icon-list-single\"><svg viewBox=\"0 0 320 512\"  fill=\"currentColor\" xmlns=\"http:\/\/www.w3.org\/2000\/svg\"  aria-hidden=\"true\"><path d=\"M285.476 272.971L91.132 467.314c-9.373 9.373-24.569 9.373-33.941 0l-22.667-22.667c-9.357-9.357-9.375-24.522-.04-33.901L188.505 256 34.484 101.255c-9.335-9.379-9.317-24.544.04-33.901l22.667-22.667c9.373-9.373 24.569-9.373 33.941 0L285.475 239.03c9.373 9.372 9.373 24.568.001 33.941z\"\/><\/svg><\/span><span class=\"kt-svg-icon-list-text\">Superficies inestables<\/span><\/li>\n\n\n<style>.kt-svg-icon-list-item-1612_44e11a-8a .kt-svg-icon-list-text mark.kt-highlight{background-color:unset;font-style:normal;color:#f76a0c;-webkit-box-decoration-break:clone;box-decoration-break:clone;padding-top:0px;padding-right:0px;padding-bottom:0px;padding-left:0px;}<\/style>\n<li class=\"wp-block-kadence-listitem kt-svg-icon-list-item-wrap kt-svg-icon-list-item-1612_44e11a-8a\"><span class=\"kb-svg-icon-wrap kb-svg-icon-fas_chevron-right kt-svg-icon-list-single\"><svg viewBox=\"0 0 320 512\"  fill=\"currentColor\" xmlns=\"http:\/\/www.w3.org\/2000\/svg\"  aria-hidden=\"true\"><path d=\"M285.476 272.971L91.132 467.314c-9.373 9.373-24.569 9.373-33.941 0l-22.667-22.667c-9.357-9.357-9.375-24.522-.04-33.901L188.505 256 34.484 101.255c-9.335-9.379-9.317-24.544.04-33.901l22.667-22.667c9.373-9.373 24.569-9.373 33.941 0L285.475 239.03c9.373 9.372 9.373 24.568.001 33.941z\"\/><\/svg><\/span><span class=\"kt-svg-icon-list-text\">Negligencia en hogares de ancianos, etc.<\/span><\/li>\n<\/ul><\/div>\n\n<h2 class=\"wp-block-heading\">Pasos a seguir si ha sido v\u00edctima de un accidente de resbal\u00f3n y ca\u00edda<\/h2>\n\n<h3 class=\"wp-block-heading\">Obtenga informaci\u00f3n de testigos<\/h3>\n\n<p>Es de vital importancia recopilar nombres, n\u00fameros de tel\u00e9fono o direcciones de correo electr\u00f3nico y direcciones de casa de todos los testigos presenciales. Sus declaraciones ayudar\u00e1n a probar su reclamo. <\/p>\n\n<h3 class=\"wp-block-heading\">Recopilar evidencia<\/h3>\n\n<p>Antes de ponerse en contacto con un abogado de resbalones y ca\u00eddas en Houston, TX, recuerde tomar fotos de la ubicaci\u00f3n exacta. Fotograf\u00ede cualquier parche de hielo, superficies rotas o cualquier condici\u00f3n asociada con su accidente. Esto ayudar\u00e1 a construir una demanda s\u00f3lida contra el acusado.  <\/p>\n\n<h3 class=\"wp-block-heading\">Busque tratamiento m\u00e9dico<\/h3>\n\n<p>Si ha tenido un accidente, debe consultar inmediatamente a un m\u00e9dico para recibir atenci\u00f3n m\u00e9dica y documentaci\u00f3n sobre lesiones. Los registros m\u00e9dicos ser\u00e1n pruebas esenciales si decide contratar a un abogado de resbalones y ca\u00eddas para que lo ayude a buscar una compensaci\u00f3n por sus lesiones. <\/p>\n\n<h3 class=\"wp-block-heading\">Informar del incidente<\/h3>\n\n<p>No importa d\u00f3nde ocurra su accidente, en la casa de un amigo, en un restaurante, en una tienda o en una acera, aseg\u00farese de informar el problema al due\u00f1o de la propiedad, al arrendador o al administrador. P\u00eddale a la persona que escriba un informe y solicite una copia antes de irse. Si es posible, tambi\u00e9n puede grabar evidencia de video o audio.  <\/p>\n\n<h2 class=\"wp-block-heading\">Llame a un abogado experto en resbalones y ca\u00eddas en Houston<\/h2>\n\n<p>Ponerse en contacto con un abogado de lesiones personales en Houston puede ser lo mejor para usted si desea buscar su compensaci\u00f3n completa. Nuestros abogados de lesiones de Houston tienen a\u00f1os de experiencia y un vasto conocimiento legal para probar la responsabilidad en estos casos complejos de resbalones y ca\u00eddas, que pueden ser dif\u00edciles de manejar por su cuenta. <\/p>\n\n<h2 class=\"wp-block-heading\">Elija un abogado con experiencia en resbalones y ca\u00eddas cerca de usted<\/h2>\n\n<p>\u00bfEst\u00e1 buscando un abogado de resbalones y ca\u00eddas en Houston que lo ayude a luchar por sus derechos? En caso afirmativo, estamos esperando para revisar su reclamo y, si tiene un caso viable, trabajaremos para recuperar la compensaci\u00f3n total que se merece. <\/p>\n\n<p>Elija a Shane R. Kadlec para obtener el mejor abogado de resbalones y ca\u00eddas de Houston para ayudarlo a obtener lo que le corresponde. Por favor, ll\u00e1menos al <a href=\"tel:281-643-2000\">281-643-2000<\/a> para una consulta gratuita o <a href=\"https:\/\/www.injurylawyerhouston.com\/es\/contactenos\/\">cont\u00e1ctenos<\/a> en l\u00ednea. <\/p>\n","protected":false},"excerpt":{"rendered":"<p>Abogado de Responsabilidad de Locales de Texas por Resbalones, Tropiezos y Ca\u00eddas Si sufre una lesi\u00f3n despu\u00e9s de un accidente de resbal\u00f3n y ca\u00edda como resultado de la negligencia del due\u00f1o de la propiedad, tiene derecho a presentar una demanda. La mejor manera de asegurarse de ganar su caso es contratar a un abogado con&#8230;<\/p>\n","protected":false},"author":1,"featured_media":500729,"parent":0,"menu_order":0,"comment_status":"closed","ping_status":"closed","template":"","meta":{"_acf_changed":false,"inline_featured_image":false,"_kad_blocks_custom_css":"","_kad_blocks_head_custom_js":"","_kad_blocks_body_custom_js":"","_kad_blocks_footer_custom_js":"","_kad_post_transparent":"","_kad_post_title":"","_kad_post_layout":"","_kad_post_sidebar_id":"","_kad_post_content_style":"","_kad_post_vertical_padding":"","_kad_post_feature":"","_kad_post_feature_position":"","_kad_post_header":false,"_kad_post_footer":false,"_kad_post_classname":"","footnotes":""},"class_list":["post-500727","page","type-page","status-publish","has-post-thumbnail","hentry"],"acf":[],"taxonomy_info":[],"featured_image_src_large":["https:\/\/www.injurylawyerhouston.com\/wp-content\/uploads\/2025\/05\/hero09-1024x320.webp",1024,320,true],"author_info":{"display_name":"Shane R. Kadlec","author_link":"https:\/\/www.injurylawyerhouston.com\/es\/author\/operationslmg\/"},"comment_info":0,"_links":{"self":[{"href":"https:\/\/www.injurylawyerhouston.com\/es\/wp-json\/wp\/v2\/pages\/500727","targetHints":{"allow":["GET"]}}],"collection":[{"href":"https:\/\/www.injurylawyerhouston.com\/es\/wp-json\/wp\/v2\/pages"}],"about":[{"href":"https:\/\/www.injurylawyerhouston.com\/es\/wp-json\/wp\/v2\/types\/page"}],"author":[{"embeddable":true,"href":"https:\/\/www.injurylawyerhouston.com\/es\/wp-json\/wp\/v2\/users\/1"}],"replies":[{"embeddable":true,"href":"https:\/\/www.injurylawyerhouston.com\/es\/wp-json\/wp\/v2\/comments?post=500727"}],"version-history":[{"count":1,"href":"https:\/\/www.injurylawyerhouston.com\/es\/wp-json\/wp\/v2\/pages\/500727\/revisions"}],"predecessor-version":[{"id":500731,"href":"https:\/\/www.injurylawyerhouston.com\/es\/wp-json\/wp\/v2\/pages\/500727\/revisions\/500731"}],"wp:featuredmedia":[{"embeddable":true,"href":"https:\/\/www.injurylawyerhouston.com\/es\/wp-json\/wp\/v2\/media\/500729"}],"wp:attachment":[{"href":"https:\/\/www.injurylawyerhouston.com\/es\/wp-json\/wp\/v2\/media?parent=500727"}],"curies":[{"name":"wp","href":"https:\/\/api.w.org\/{rel}","templated":true}]}}