{"id":500734,"date":"2025-05-20T14:45:47","date_gmt":"2025-05-20T14:45:47","guid":{"rendered":"https:\/\/www.injurylawyerhouston.com\/abogado-de-colision-de-impacto-lateral-en-houston\/"},"modified":"2025-10-13T20:15:52","modified_gmt":"2025-10-13T20:15:52","slug":"abogado-de-colision-de-impacto-lateral-en-houston","status":"publish","type":"page","link":"https:\/\/www.injurylawyerhouston.com\/es\/abogado-de-colision-de-impacto-lateral-en-houston\/","title":{"rendered":"Abogado de colisi\u00f3n de impacto lateral en Houston"},"content":{"rendered":"\n<p>Estar involucrado en una colisi\u00f3n de impacto lateral puede poner su vida patas arriba, especialmente cuando conduce a lesiones inesperadas y tensi\u00f3n financiera.  <\/p>\n\n<p>En la <a href=\"https:\/\/www.injurylawyerhouston.com\/es\/\">oficina legal de Shane Kadlec<\/a>, hemos pasado a\u00f1os ayudando a las v\u00edctimas del \u00e1rea de Houston a obtener una compensaci\u00f3n justa. Entendemos lo devastadores que pueden ser estos accidentes, y estamos aqu\u00ed para ofrecerle el apoyo legal que necesita. <\/p>\n\n<p>A continuaci\u00f3n, encontrar\u00e1 informaci\u00f3n clave sobre accidentes de impacto lateral, lesiones comunes, sus derechos bajo la ley de Texas y c\u00f3mo podemos ayudarlo a proteger su futuro.<\/p>\n\n<h2 class=\"wp-block-heading\">\u00bfQu\u00e9 saber sobre las colisiones de impacto lateral?<\/h2>\n\n<p>Las colisiones de impacto lateral, a menudo llamadas accidentes de T-bone, ocurren cuando la parte delantera de un veh\u00edculo golpea el costado de otro. Dado que los lados del veh\u00edculo ofrecen menos protecci\u00f3n, estos choques a menudo causan <a href=\"https:\/\/www.injurylawyerhouston.com\/blogs\/4640\/common-causes-and-symptoms-of-traumatic-brain-injuries\">lesiones graves<\/a>. Por lo general, ocurren en las intersecciones o cuando los conductores ignoran las se\u00f1ales de tr\u00e1fico, dejando a las v\u00edctimas con cargas f\u00edsicas y financieras duraderas.  <\/p>\n\n<p>Estos accidentes son especialmente peligrosos porque los cinturones de seguridad y las caracter\u00edsticas de seguridad pueden no proteger completamente contra los impactos laterales. Incluso con la tecnolog\u00eda moderna de impacto lateral, los pasajeros cerca de la puerta golpeada siguen siendo vulnerables.   <\/p>\n\n<p>Tales choques representan una gran parte de las lesiones automovil\u00edsticas graves, por lo que es vital comprender sus opciones legales.<\/p>\n\n<p>Las reclamaciones de seguros pueden ser complejas debido a factores como m\u00faltiples veh\u00edculos y responsabilidad en disputa. Es por eso que la orientaci\u00f3n legal experimentada es crucial para buscar una compensaci\u00f3n justa. <\/p>\n\n<p>A continuaci\u00f3n, veremos c\u00f3mo ocurren estos choques y las formas de ayudar a que las carreteras de Houston sean m\u00e1s seguras.<\/p>\n\n<h2 class=\"wp-block-heading\">Causas de colisiones de impacto lateral<\/h2>\n\n<p>Aunque los accidentes de impacto lateral pueden ocurrir en muchas circunstancias, a menudo aparecen ciertos problemas en estos casos. Conocer estas causas puede ayudarlo a mantenerse m\u00e1s preparado mientras se encuentra en carreteras concurridas. <\/p>\n\n<p>Aqu\u00ed hay algunas de las principales razones detr\u00e1s de las colisiones de impacto lateral:<\/p>\n\n<ul class=\"wp-block-list\">\n<li><strong>No detenerse o ceder el paso<\/strong>: Pasar por los sem\u00e1foros en rojo, ignorar las se\u00f1ales de alto o calcular mal el espacio en las intersecciones puede crear choques en T-bone.<\/li>\n\n\n\n<li><strong>Giros incorrectos<\/strong>: Un conductor que hace un giro arriesgado a la izquierda sin verificar el tr\u00e1fico que se aproxima a menudo causa un impacto directo en el costado de otro veh\u00edculo.<\/li>\n\n\n\n<li><strong>Errores de fusi\u00f3n<\/strong>: Los golpes laterales o las colisiones de impacto lateral surgen si un conductor se incorpora incorrectamente, sin revisar los espejos o los puntos ciegos.<\/li>\n\n\n\n<li><strong>Conducci\u00f3n distra\u00edda: El uso del<\/strong> tel\u00e9fono, los mensajes de texto o cualquier otra distracci\u00f3n pueden hacer que un conductor se salte un sem\u00e1foro o no se d\u00e9 cuenta del tr\u00e1fico contrario.<\/li>\n\n\n\n<li><strong>Conducir bajo la influencia<\/strong>: Con un juicio deteriorado y reacciones m\u00e1s lentas, los conductores intoxicados tienen muchas m\u00e1s probabilidades de causar una colisi\u00f3n lateral.<\/li>\n<\/ul>\n\n<p>Cuando agrega altas velocidades o veh\u00edculos pesados a la mezcla, los resultados pueden ser extremadamente da\u00f1inos para todos los involucrados. Aunque estos choques a veces involucran m\u00faltiples factores que interact\u00faan, una revisi\u00f3n completa del caso puede identificar qui\u00e9n debe ser considerado responsable. <\/p>\n\n<p>A continuaci\u00f3n, veamos las lesiones m\u00e1s frecuentes que enfrentan las personas despu\u00e9s de un choque de impacto lateral.<\/p>\n\n<h2 class=\"wp-block-heading\">Lesiones comunes en accidentes de impacto lateral<\/h2>\n\n<p>Debido a que la puerta de un veh\u00edculo ofrece menos protecci\u00f3n que la parte delantera, las colisiones laterales a menudo provocan lesiones m\u00e1s graves. Los del lado impactado corren un mayor riesgo, pero la fuerza repentina puede afectar a todos los pasajeros. Las lesiones comunes incluyen:  <\/p>\n\n<ol class=\"wp-block-list\">\n<li><strong>Lesiones en la cabeza y lesiones cerebrales traum\u00e1ticas (TBI<\/strong>): Los ocupantes pueden golpear ventanas, puertas u otras superficies, lo que provoca conmociones cerebrales o traumatismos m\u00e1s peligrosos.<\/li>\n\n\n\n<li>Lesiones en el <strong>cuello y la espalda<\/strong>: Las fuerzas en la columna vertebral durante el impacto pueden causar latigazo cervical o da\u00f1o al disco, lo que con frecuencia resulta en dolor continuo.<\/li>\n\n\n\n<li><strong>Traumatismo tor\u00e1cico, costilla y abdominal<\/strong>: Los impactos aplastantes pueden provocar costillas rotas, hemorragias internas o da\u00f1os en los \u00f3rganos principales.<\/li>\n\n\n\n<li><strong>Huesos fracturados<\/strong>: Los brazos, la pelvis e incluso las piernas son susceptibles si el compartimiento de pasajeros se ve forzado hacia adentro.<\/li>\n\n\n\n<li>Lesiones internas: La fuerza contundente puede causar da\u00f1o a los \u00f3rganos o hemorragia interna, lo que puede requerir atenci\u00f3n inmediata.<\/li>\n<\/ol>\n\n<p>La atenci\u00f3n m\u00e9dica pr\u00e1ctica es esencial poco despu\u00e9s del accidente, tanto para proteger su salud como para garantizar que haya un registro de sus lesiones. Los costos pueden ser altos, especialmente si necesita cirug\u00eda, fisioterapia o tratamientos de seguimiento a lo largo del tiempo. <\/p>\n\n<p>Si decide buscar representaci\u00f3n, nuestra firma se esfuerza por desarrollar un plan completo que se centre en su recuperaci\u00f3n, alivio financiero y bienestar futuro. Repasemos exactamente c\u00f3mo podemos apoyar a clientes como usted. <\/p>\n\n<h2 class=\"wp-block-heading\">C\u00f3mo podemos ayudar<\/h2>\n\n<p>Elegir la representaci\u00f3n legal adecuada es vital despu\u00e9s de una colisi\u00f3n de impacto lateral. Brindamos soporte personalizado, mantenemos una comunicaci\u00f3n abierta y siempre mantenemos sus mejores intereses a la vanguardia de nuestros esfuerzos. A continuaci\u00f3n se presentan algunas formas en que abordamos su caso.  <\/p>\n\n<h3 class=\"wp-block-heading\">Evaluaci\u00f3n integral del caso<\/h3>\n\n<p>Comenzamos con una revisi\u00f3n cuidadosa de la situaci\u00f3n general, recopilando informes policiales, visitando el lugar del accidente si es necesario y asegurando pruebas. Nuestro objetivo es construir una imagen s\u00f3lida de c\u00f3mo ocurri\u00f3 exactamente la colisi\u00f3n. <\/p>\n\n<p>Al recopilar detalles como informes de da\u00f1os del veh\u00edculo y declaraciones de testigos, podemos comprender mejor los factores que provocaron sus lesiones. Este proceso nos permite buscar una compensaci\u00f3n de la parte responsable. <\/p>\n\n<h3 class=\"wp-block-heading\">Negociaci\u00f3n agresiva con las compa\u00f1\u00edas de seguros<\/h3>\n\n<p>Sabemos que los ajustadores de seguros con frecuencia tienen como objetivo llegar a un acuerdo r\u00e1pidamente y por menos del monto total que pueda necesitar. Nuestros abogados defienden firmemente sus intereses, comunic\u00e1ndose con los representantes de seguros en su nombre. <\/p>\n\n<p>Usted merece un apoyo que cubra los costos m\u00e9dicos, la p\u00e9rdida de ingresos y el dolor o la angustia. Nuestro equipo trabaja para asegurar un resultado justo que tenga en cuenta los gastos inmediatos y futuros. <\/p>\n\n<h3 class=\"wp-block-heading\">Litigios cuando sea necesario<\/h3>\n\n<p>Hay ocasiones en las que no es posible llegar a un acuerdo justo a trav\u00e9s de negociaciones directas. En esas circunstancias, estamos preparados para llevar su caso a los tribunales. Los juicios pueden ser complejos, por lo que contar con un equipo que comprenda el marco de los procedimientos legales puede ser muy beneficioso.  <\/p>\n\n<p>Nuestra historia incluye ayudar a muchos clientes a recibir veredictos positivos cuando las aseguradoras no estaban dispuestas a llegar a acuerdos razonables. Si bien la cancha nunca es un paso que tomamos a la ligera, estamos listos para seguir adelante si avanza en sus objetivos. <\/p>\n\n<h3 class=\"wp-block-heading\">Buscando una compensaci\u00f3n completa por sus p\u00e9rdidas<\/h3>\n\n<p>Los da\u00f1os en colisiones de impacto lateral pueden incluir facturas m\u00e9dicas pasadas y actuales, salarios perdidos, da\u00f1os a la propiedad y p\u00e9rdidas intangibles. Nos esforzamos por tener en cuenta todos los costos relacionados con sus lesiones, desde la rehabilitaci\u00f3n continua hasta el costo emocional de su accidente. <\/p>\n\n<p>Nuestra preocupaci\u00f3n no es solo ayudar a cubrir las facturas inmediatas, sino tambi\u00e9n buscar su comodidad y estabilidad a largo plazo. Eso significa tener en cuenta cualquier tratamiento que pueda necesitar en los pr\u00f3ximos meses o a\u00f1os. <\/p>\n\n<p>Con nuestro enfoque en mente, veamos algunas consideraciones legales espec\u00edficas de Texas que pueden entrar en juego en su reclamo.<\/p>\n\n<h2 class=\"wp-block-heading\">Ley de Texas y Colisiones de Impacto Lateral<\/h2>\n\n<p>Como la mayor\u00eda de los estados, Texas hace cumplir ciertas leyes sobre negligencia y c\u00f3mo se asigna la culpa en los accidentes automovil\u00edsticos. Sigue una forma de culpa comparativa, lo que significa que a\u00fan puede tener la opci\u00f3n de recuperar fondos, incluso si tiene una responsabilidad parcial por el accidente. Siempre que su parte de culpa no supere el 50 por ciento, a\u00fan puede obtener da\u00f1os.  <\/p>\n\n<p>Otro punto clave es la ventana de dos a\u00f1os para presentar un reclamo por lesiones personales. El reloj comienza a correr a partir de la fecha de la colisi\u00f3n. Los retrasos a menudo complican su camino hacia una compensaci\u00f3n justa, por lo que es \u00fatil comenzar su proceso de reclamo m\u00e1s temprano que tarde.  <\/p>\n\n<p>En algunos casos inusuales, tambi\u00e9n puede buscar da\u00f1os punitivos si el conductor culpable actu\u00f3 de manera imprudente o conduc\u00eda bajo la influencia. Estos da\u00f1os adicionales tienen como objetivo penalizar acciones muy riesgosas. <\/p>\n\n<h2 class=\"wp-block-heading\">P\u00f3ngase en contacto con el bufete de abogados de Shane R. Kadlec hoy mismo<\/h2>\n\n<p>No deber\u00eda tener que enfrentar facturas m\u00e9dicas, reparaciones de autom\u00f3viles y estr\u00e9s solo. Estamos aqu\u00ed para ofrecer un apoyo sincero y personalizado en cada paso del camino. Ya sea que no est\u00e9 seguro de su pr\u00f3ximo movimiento o se pregunte si califica para da\u00f1os y perjuicios, lo guiaremos con cuidado y claridad.  <\/p>\n\n<p>Si usted o un ser querido result\u00f3 herido en un accidente de impacto lateral, ll\u00e1menos al <a href=\"tel:281-643-2000\">281-643-2000<\/a> o visite <a href=\"https:\/\/www.injurylawyerhouston.com\/contact-us-in-houston-texas.html\">nuestra p\u00e1gina de contacto<\/a>.<\/p>\n\n<p>Estamos comprometidos a aliviar sus cargas, explorar sus opciones y ayudarlo a avanzar con confianza.<\/p>\n","protected":false},"excerpt":{"rendered":"<p>Estar involucrado en una colisi\u00f3n de impacto lateral puede poner su vida patas arriba, especialmente cuando conduce a lesiones inesperadas y tensi\u00f3n financiera. En la oficina legal de Shane Kadlec, hemos pasado a\u00f1os ayudando a las v\u00edctimas del \u00e1rea de Houston a obtener una compensaci\u00f3n justa. Entendemos lo devastadores que pueden ser estos accidentes, y&#8230;<\/p>\n","protected":false},"author":1,"featured_media":0,"parent":0,"menu_order":0,"comment_status":"closed","ping_status":"closed","template":"","meta":{"_acf_changed":false,"inline_featured_image":false,"_kad_blocks_custom_css":"","_kad_blocks_head_custom_js":"","_kad_blocks_body_custom_js":"","_kad_blocks_footer_custom_js":"","_kad_post_transparent":"","_kad_post_title":"","_kad_post_layout":"","_kad_post_sidebar_id":"","_kad_post_content_style":"","_kad_post_vertical_padding":"","_kad_post_feature":"","_kad_post_feature_position":"","_kad_post_header":false,"_kad_post_footer":false,"_kad_post_classname":"","footnotes":""},"class_list":["post-500734","page","type-page","status-publish","hentry"],"acf":[],"taxonomy_info":[],"featured_image_src_large":false,"author_info":{"display_name":"Shane R. Kadlec","author_link":"https:\/\/www.injurylawyerhouston.com\/es\/author\/operationslmg\/"},"comment_info":0,"_links":{"self":[{"href":"https:\/\/www.injurylawyerhouston.com\/es\/wp-json\/wp\/v2\/pages\/500734","targetHints":{"allow":["GET"]}}],"collection":[{"href":"https:\/\/www.injurylawyerhouston.com\/es\/wp-json\/wp\/v2\/pages"}],"about":[{"href":"https:\/\/www.injurylawyerhouston.com\/es\/wp-json\/wp\/v2\/types\/page"}],"author":[{"embeddable":true,"href":"https:\/\/www.injurylawyerhouston.com\/es\/wp-json\/wp\/v2\/users\/1"}],"replies":[{"embeddable":true,"href":"https:\/\/www.injurylawyerhouston.com\/es\/wp-json\/wp\/v2\/comments?post=500734"}],"version-history":[{"count":1,"href":"https:\/\/www.injurylawyerhouston.com\/es\/wp-json\/wp\/v2\/pages\/500734\/revisions"}],"predecessor-version":[{"id":500738,"href":"https:\/\/www.injurylawyerhouston.com\/es\/wp-json\/wp\/v2\/pages\/500734\/revisions\/500738"}],"wp:attachment":[{"href":"https:\/\/www.injurylawyerhouston.com\/es\/wp-json\/wp\/v2\/media?parent=500734"}],"curies":[{"name":"wp","href":"https:\/\/api.w.org\/{rel}","templated":true}]}}