{"id":500739,"date":"2025-05-07T13:29:14","date_gmt":"2025-05-07T13:29:14","guid":{"rendered":"https:\/\/www.injurylawyerhouston.com\/abogado-de-lesiones-personales-de-katy\/"},"modified":"2025-10-13T20:15:56","modified_gmt":"2025-10-13T20:15:56","slug":"abogado-de-lesiones-personales-de-katy","status":"publish","type":"page","link":"https:\/\/www.injurylawyerhouston.com\/es\/abogado-de-lesiones-personales-de-katy\/","title":{"rendered":"Abogado de lesiones personales de Katy"},"content":{"rendered":"\n<h2 class=\"wp-block-heading\">Abogado de lesiones personales que presta servicios en Katy, TX<\/h2>\n\n<p>Cuando se lesiona en cualquier tipo de accidente, su vida puede cambiar para siempre. Es posible que se enfrente a costosas facturas m\u00e9dicas, una disminuci\u00f3n de la capacidad para trabajar y, en algunos casos, meses o a\u00f1os de rehabilitaci\u00f3n. Si sufri\u00f3 sus lesiones como resultado de las acciones o negligencia de otra persona, es posible que pueda buscar una compensaci\u00f3n para ayudar a volver a encarrilar su vida.  <\/p>\n\n<p>En la <a href=\"https:\/\/www.injurylawyerhouston.com\/es\/acerca-del-bufete-de-abogados-de-shane-r-kadlec\/\">oficina legal de Shane R. Kadlec<\/a>, atendemos las necesidades legales de las v\u00edctimas lesionadas en toda la regi\u00f3n. Desde que abrimos nuestras puertas en 1996, hemos ayudado a cientos de clientes a obtener resultados favorables despu\u00e9s de muchos tipos diferentes de accidentes. Con nuestra experiencia y habilidad, trabajamos arduamente para ayudarlo a maximizar su recuperaci\u00f3n.  <\/p>\n\n<h2 class=\"wp-block-heading\">Responsabilizar a las partes adecuadas<\/h2>\n\n<p>El abogado Shane Kadlec entiende que un reclamo exitoso por lesiones comienza con la identificaci\u00f3n de las partes responsables y hacerlas responsables de sus acciones o negligencia. En nuestra firma, lo hacemos escuchando atentamente su relato del accidente y haciendo un seguimiento con nuestra propia investigaci\u00f3n, que puede incluir aportes de una variedad de profesionales m\u00e9dicos y financieros. Este enfoque nos ha ayudado a construir una larga historia de \u00e9xito en casos de lesiones como:  <\/p>\n\n<ul class=\"wp-block-list\">\n<li><a href=\"\/car-accidents\/\">Accidentes automovil\u00edsticos:<\/a> Manejamos todo tipo de casos de accidentes <a href=\"https:\/\/www.injurylawyerhouston.com\/es\/abogado-especializado-en-lesiones-por-accidentes-de-conduccion-en-estado-de-ebriedad-en-katy\/\">automovil\u00edsticos, incluidos accidentes por conducir ebrio<\/a>, choques relacionados con la velocidad y m\u00e1s.<\/li>\n\n\n\n<li><a href=\"https:\/\/www.injurylawyerhouston.com\/es\/abogado-de-accidentes-de-uber-y-lyft-en-houston\/\">Accidentes de Uber y Lyft:<\/a> Si result\u00f3 herido en un accidente que involucr\u00f3 un veh\u00edculo de viaje compartido, nuestro equipo puede ayudarlo a navegar por el complejo panorama de seguros.<\/li>\n\n\n\n<li><a href=\"\/truck-accidents\/\">Accidentes de camiones:<\/a> Un cami\u00f3n comercial grande puede causar lesiones graves cuando se ve involucrado en un accidente, y estamos equipados para ayudarlo a buscar una compensaci\u00f3n completa.<\/li>\n\n\n\n<li><strong>Accidentes de veh\u00edculos de reparto:<\/strong> Los accidentes con veh\u00edculos de reparto, incluidos los que son propiedad o est\u00e1n contratados por <a href=\"https:\/\/www.injurylawyerhouston.com\/es\/abogado-de-accidentes-con-conductores-de-amazon-en-katy\/\">Amazon<\/a><a href=\"https:\/\/www.injurylawyerhouston.com\/es\/abogado-de-accidentes-de-ups-y-fedex-en-katy\/\">, UPS o FedEx,<\/a> pueden causar lesiones y volverse muy complicados.<\/li>\n\n\n\n<li><a href=\"\/motorcycle-accidents\/\">Accidentes de motocicleta:<\/a> Los motociclistas son especialmente vulnerables en un accidente. Nuestro compasivo equipo trabaja arduamente en nombre de los motociclistas lesionados y sus familias. <\/li>\n\n\n\n<li><a href=\"\/premises-liability\/\">Responsabilidad de las instalaciones:<\/a> Las lesiones graves a menudo son causadas por peligros de tropiezos, resbalones y ca\u00eddas, mala iluminaci\u00f3n, seguridad inadecuada y mordeduras de perros.<\/li>\n<\/ul>\n\n<h2 class=\"wp-block-heading\">\u00bfPor qu\u00e9 contratar a la oficina legal de Shane R. Kadlec despu\u00e9s de un accidente?<\/h2>\n\n<p>Elegir la representaci\u00f3n legal adecuada despu\u00e9s de un accidente es una decisi\u00f3n fundamental que puede afectar significativamente el resultado de su caso. En la oficina legal de Shane R. Kadlec, nos distinguimos como un aliado confiable para los heridos en Katy, TX y las \u00e1reas circundantes. Nuestra firma est\u00e1 anclada por abogados de lesiones personales certificados por la junta, un testimonio de nuestra experiencia y dedicaci\u00f3n a la excelencia en el campo de la ley de lesiones personales. Nuestro compromiso con nuestros clientes se refleja en m\u00e1s de 100 rese\u00f1as positivas en Google, lo que subraya la confianza que la comunidad local deposita en nosotros. Con un profundo conocimiento de los desaf\u00edos que enfrenta despu\u00e9s de un accidente, estamos aqu\u00ed para brindarle la representaci\u00f3n calificada y la atenci\u00f3n personalizada que se merece.    <\/p>\n\n<h2 class=\"wp-block-heading\">\u00bfC\u00f3mo puede ayudarme un abogado de lesiones personales?<\/h2>\n\n<p>Navegar por las secuelas de un accidente puede ser abrumador, pero no tiene que enfrentarlo solo. Un abogado de lesiones personales de la oficina legal de Shane R. Kadlec puede ser su defensor y gu\u00eda en cada paso del proceso legal. Comenzamos evaluando minuciosamente su caso, identificando todas las posibles fuentes de compensaci\u00f3n para garantizar su recuperaci\u00f3n financiera. Desde negociar con las compa\u00f1\u00edas de seguros hasta litigar casos complejos en los tribunales, nuestro objetivo es asegurar la m\u00e1xima compensaci\u00f3n posible por sus lesiones, facturas m\u00e9dicas, salarios perdidos y dolor y sufrimiento. Nuestra experiencia no solo radica en defender sus derechos, sino tambi\u00e9n en brindar apoyo compasivo, asegurando que tenga los recursos y la orientaci\u00f3n para concentrarse en su recuperaci\u00f3n.    <\/p>\n\n<h2 class=\"wp-block-heading\">\u00bfCu\u00e1les son los tipos comunes de accidentes en Katy, TX?<\/h2>\n\n<p>Katy, TX, con sus bulliciosas carreteras y su creciente poblaci\u00f3n, ve una variedad de accidentes que pueden dar lugar a reclamos por lesiones personales. Los tipos comunes de accidentes en el \u00e1rea incluyen: <\/p>\n\n<ul class=\"wp-block-list\">\n<li><strong>Accidentes automovil\u00edsticos: <\/strong>Dado el tr\u00e1fico pesado en la I-10 y las carreteras locales, los accidentes automovil\u00edsticos son frecuentes, desde colisiones traseras hasta choques de varios veh\u00edculos.<\/li>\n\n\n\n<li><strong>Accidentes de camiones: <\/strong>La proximidad a las principales carreteras significa que los accidentes de camiones grandes y camiones de 18 ruedas no son infrecuentes, lo que a menudo resulta en lesiones importantes debido al tama\u00f1o y peso de estos veh\u00edculos.<\/li>\n\n\n\n<li><strong>Accidentes de motocicleta: <\/strong>Los motociclistas son particularmente vulnerables en las carreteras de Katy, ya que enfrentan riesgos tanto por la congesti\u00f3n del tr\u00e1fico como por los problemas de visibilidad.<\/li>\n\n\n\n<li><strong>Resbalones y ca\u00eddas: <\/strong>Ya sea en establecimientos minoristas, restaurantes o espacios p\u00fablicos, los accidentes por resbalones y ca\u00eddas son una causa com\u00fan de lesiones, a menudo debido a peligros no resueltos.<\/li>\n<\/ul>\n\n<p>En Katy, TX, y m\u00e1s all\u00e1, la oficina legal de Shane R. Kadlec se dedica a representar a personas que han resultado lesionadas debido a la negligencia de otros. Nuestra experiencia abarca una amplia gama de casos de lesiones personales y estamos comprometidos a lograr la justicia y la compensaci\u00f3n que merecen nuestros clientes. <\/p>\n\n<h2 class=\"wp-block-heading\">La experiencia marca la diferencia<\/h2>\n\n<p>En la oficina legal de Shane R. Kadlec, nuestro abogado certificado por la Junta de Derecho Procesal de Lesiones Personales ha estado ayudando a las v\u00edctimas de accidentes a buscar la compensaci\u00f3n que merecen durante m\u00e1s de 25 a\u00f1os. Entendemos lo devastador que puede ser para una familia cuando un ser querido sufre lesiones catastr\u00f3ficas o muere como resultado de la negligencia de otra parte. Nuestros abogados experimentados trabajan en estrecha colaboraci\u00f3n con las v\u00edctimas y sus familias en la b\u00fasqueda de da\u00f1os por:  <\/p>\n\n<ul class=\"wp-block-list\">\n<li>Facturas m\u00e9dicas, incluida la terapia f\u00edsica u ocupacional continua<\/li>\n\n\n\n<li>Salarios perdidos, incluida la disminuci\u00f3n de la capacidad de ingresos<\/li>\n\n\n\n<li>Discapacidad, incluida la discapacidad parcial y total, tanto temporal como permanente<\/li>\n\n\n\n<li>Dolor y sufrimiento<\/li>\n\n\n\n<li>Cicatrices y desfiguraci\u00f3n<\/li>\n\n\n\n<li>Muerte por negligencia<\/li>\n<\/ul>\n\n<p>Despu\u00e9s de un accidente, es posible que reciba ofertas de liquidaci\u00f3n por parte de las compa\u00f1\u00edas de seguros en un esfuerzo por limitar su responsabilidad. En muchas situaciones, estas ofertas iniciales a menudo son insuficientes para satisfacer sus necesidades continuas. Nuestros abogados trabajar\u00e1n con usted para determinar el valor real de su caso y no se dejar\u00e1n intimidar por las compa\u00f1\u00edas de seguros que buscan hacer un trato r\u00e1pido. Con los hechos de nuestro lado, no tenemos miedo de llevar su caso a la sala del tribunal cuando sea necesario.   <\/p>\n\n<h2 class=\"wp-block-heading\">P\u00f3ngase en contacto con un abogado de lesiones certificado por la junta hoy<\/h2>\n\n<h3 class=\"wp-block-heading\">Consultas legales gratuitas<\/h3>\n\n<p>Si usted o un ser querido ha resultado lesionado en cualquier tipo de accidente causado por el descuido de otra persona, <a href=\"https:\/\/www.injurylawyerhouston.com\/es\/contactenos\/\">comun\u00edquese con nuestra oficina<\/a>. Llamar   <a href=\"tel:281-643-2000\"><\/a><a href=\"tel:281-643-2000\">281-643-2000<\/a> y hable hoy con un abogado con experiencia en lesiones personales en la oficina legal de Shane R. Kadlec. No cobramos nada en casos de lesiones personales a menos que obtenga una compensaci\u00f3n, por lo que no tiene nada que perder. Nuestra firma se enorgullece de servir a clientes en Katy, TX y en toda el \u00e1rea metropolitana de Houston.  <\/p>\n","protected":false},"excerpt":{"rendered":"<p>Abogado de lesiones personales que presta servicios en Katy, TX Cuando se lesiona en cualquier tipo de accidente, su vida puede cambiar para siempre. Es posible que se enfrente a costosas facturas m\u00e9dicas, una disminuci\u00f3n de la capacidad para trabajar y, en algunos casos, meses o a\u00f1os de rehabilitaci\u00f3n. Si sufri\u00f3 sus lesiones como resultado&#8230;<\/p>\n","protected":false},"author":1,"featured_media":500740,"parent":0,"menu_order":0,"comment_status":"closed","ping_status":"closed","template":"","meta":{"_acf_changed":false,"inline_featured_image":false,"_kad_blocks_custom_css":"","_kad_blocks_head_custom_js":"","_kad_blocks_body_custom_js":"","_kad_blocks_footer_custom_js":"","_kad_post_transparent":"","_kad_post_title":"","_kad_post_layout":"","_kad_post_sidebar_id":"","_kad_post_content_style":"","_kad_post_vertical_padding":"","_kad_post_feature":"","_kad_post_feature_position":"","_kad_post_header":false,"_kad_post_footer":false,"_kad_post_classname":"","footnotes":""},"class_list":["post-500739","page","type-page","status-publish","has-post-thumbnail","hentry"],"acf":[],"taxonomy_info":[],"featured_image_src_large":["https:\/\/www.injurylawyerhouston.com\/wp-content\/uploads\/2025\/05\/hero06-1024x320.webp",1024,320,true],"author_info":{"display_name":"Shane R. Kadlec","author_link":"https:\/\/www.injurylawyerhouston.com\/es\/author\/operationslmg\/"},"comment_info":0,"_links":{"self":[{"href":"https:\/\/www.injurylawyerhouston.com\/es\/wp-json\/wp\/v2\/pages\/500739","targetHints":{"allow":["GET"]}}],"collection":[{"href":"https:\/\/www.injurylawyerhouston.com\/es\/wp-json\/wp\/v2\/pages"}],"about":[{"href":"https:\/\/www.injurylawyerhouston.com\/es\/wp-json\/wp\/v2\/types\/page"}],"author":[{"embeddable":true,"href":"https:\/\/www.injurylawyerhouston.com\/es\/wp-json\/wp\/v2\/users\/1"}],"replies":[{"embeddable":true,"href":"https:\/\/www.injurylawyerhouston.com\/es\/wp-json\/wp\/v2\/comments?post=500739"}],"version-history":[{"count":3,"href":"https:\/\/www.injurylawyerhouston.com\/es\/wp-json\/wp\/v2\/pages\/500739\/revisions"}],"predecessor-version":[{"id":500749,"href":"https:\/\/www.injurylawyerhouston.com\/es\/wp-json\/wp\/v2\/pages\/500739\/revisions\/500749"}],"wp:featuredmedia":[{"embeddable":true,"href":"https:\/\/www.injurylawyerhouston.com\/es\/wp-json\/wp\/v2\/media\/500740"}],"wp:attachment":[{"href":"https:\/\/www.injurylawyerhouston.com\/es\/wp-json\/wp\/v2\/media?parent=500739"}],"curies":[{"name":"wp","href":"https:\/\/api.w.org\/{rel}","templated":true}]}}