{"id":500744,"date":"2025-05-07T11:44:43","date_gmt":"2025-05-07T11:44:43","guid":{"rendered":"https:\/\/www.injurylawyerhouston.com\/abogado-de-falta-de-diagnostico-diagnostico-erroneo-de-houston\/"},"modified":"2025-10-13T20:15:56","modified_gmt":"2025-10-13T20:15:56","slug":"abogado-de-falta-de-diagnostico-diagnostico-erroneo-de-houston","status":"publish","type":"page","link":"https:\/\/www.injurylawyerhouston.com\/es\/abogado-de-falta-de-diagnostico-diagnostico-erroneo-de-houston\/","title":{"rendered":"Abogado de falta de diagn\u00f3stico \/ diagn\u00f3stico err\u00f3neo de Houston"},"content":{"rendered":"\n<p>Si un m\u00e9dico no ordena las pruebas adecuadas, no explora posibles diagn\u00f3sticos o no administra el tratamiento de manera oportuna, la condici\u00f3n del paciente puede empeorar o incluso provocar la muerte. Ejerciendo durante m\u00e1s de 20 a\u00f1os, Shane R. Kadlec est\u00e1 bien versado en reclamos por negligencia m\u00e9dica y puede trabajar diligentemente para garantizar que un m\u00e9dico negligente rinda cuentas. Si las ofertas de liquidaci\u00f3n no lo compensan lo suficiente por sus lesiones, el Sr. Kadlec puede llevar su demanda por diagn\u00f3stico err\u00f3neo a juicio y abogar agresivamente en su nombre. Si usted o su ser querido ha sufrido lesiones graves a manos de un m\u00e9dico en Houston, Texas, <a href=\"https:\/\/www.injurylawyerhouston.com\/es\/contactenos\/\" data-type=\"page\" data-id=\"1565\">comun\u00edquese con<\/a> la oficina legal de Shane R. Kadlec para saber c\u00f3mo el Sr. Kadlec puede ayudar.   <\/p>\n\n<p>El diagn\u00f3stico err\u00f3neo puede afectar seriamente el bienestar y la calidad de vida de un paciente, lo que resulta en condiciones m\u00e9dicas avanzadas y trauma emocional.<\/p>\n\n<h3 class=\"wp-block-heading\">\u00bfQu\u00e9 es un diagn\u00f3stico err\u00f3neo?<\/h3>\n\n<p>El diagn\u00f3stico err\u00f3neo <a href=\"https:\/\/www.injurylawyerhouston.com\/es\/abogado-de-negligencia-medica-en-houston\/\">cae bajo negligencia m\u00e9dica<\/a>. Cuando un m\u00e9dico diagnostica err\u00f3neamente una enfermedad, puede ignorar ciertos s\u00edntomas o no examinar completamente a un paciente. Cuando un m\u00e9dico se niega a diagnosticar una enfermedad o dolencia por completo, puede descartar s\u00edntomas importantes o simplemente no explorar todas las posibilidades. El diagn\u00f3stico err\u00f3neo puede resultar en que el paciente reciba el tratamiento incorrecto o la progresi\u00f3n de una enfermedad o dolencia preexistente. Como resultado, es posible que los pacientes no reciban el tratamiento que necesitan para salvar vidas.    <\/p>\n\n<h3 class=\"wp-block-heading\">Ejemplos comunes de diagn\u00f3stico err\u00f3neo<\/h3>\n<style>.wp-block-kadence-iconlist.kt-svg-icon-list-items1578_2604c7-b6:not(.this-stops-third-party-issues){margin-top:0px;margin-bottom:0px;}.wp-block-kadence-iconlist.kt-svg-icon-list-items1578_2604c7-b6 ul.kt-svg-icon-list:not(.this-prevents-issues):not(.this-stops-third-party-issues):not(.tijsloc){margin-top:0px;margin-right:0px;margin-bottom:var(--global-kb-spacing-sm, 1.5rem);margin-left:0px;column-gap:24px;}.wp-block-kadence-iconlist.kt-svg-icon-list-items1578_2604c7-b6 ul.kt-svg-icon-list{grid-row-gap:12px;}.wp-block-kadence-iconlist.kt-svg-icon-list-items1578_2604c7-b6 .kb-svg-icon-wrap{color:#f38f1e;}.wp-block-kadence-iconlist.kt-svg-icon-list-items1578_2604c7-b6 ul.kt-svg-icon-list .kt-svg-icon-list-item-wrap .kt-svg-icon-list-single{margin-right:10px;}.kt-svg-icon-list-items1578_2604c7-b6 ul.kt-svg-icon-list .kt-svg-icon-list-item-wrap, .kt-svg-icon-list-items1578_2604c7-b6 ul.kt-svg-icon-list .kt-svg-icon-list-item-wrap a{line-height:25px;}.kt-svg-icon-list-items1578_2604c7-b6 ul.kt-svg-icon-list .kt-svg-icon-list-level-0 .kt-svg-icon-list-single svg{font-size:20px;}<\/style>\n<div class=\"wp-block-kadence-iconlist kt-svg-icon-list-items kt-svg-icon-list-items1578_2604c7-b6 kt-svg-icon-list-columns-1 alignnone kt-list-icon-aligntop\"><ul class=\"kt-svg-icon-list\"><style>.kt-svg-icon-list-item-1578_dd02bc-ed .kt-svg-icon-list-text mark.kt-highlight{background-color:unset;font-style:normal;color:#f76a0c;-webkit-box-decoration-break:clone;box-decoration-break:clone;padding-top:0px;padding-right:0px;padding-bottom:0px;padding-left:0px;}<\/style>\n<li class=\"wp-block-kadence-listitem kt-svg-icon-list-item-wrap kt-svg-icon-list-item-1578_dd02bc-ed\"><span class=\"kb-svg-icon-wrap kb-svg-icon-fas_chevron-right kt-svg-icon-list-single\"><svg viewBox=\"0 0 320 512\"  fill=\"currentColor\" xmlns=\"http:\/\/www.w3.org\/2000\/svg\"  aria-hidden=\"true\"><path d=\"M285.476 272.971L91.132 467.314c-9.373 9.373-24.569 9.373-33.941 0l-22.667-22.667c-9.357-9.357-9.375-24.522-.04-33.901L188.505 256 34.484 101.255c-9.335-9.379-9.317-24.544.04-33.901l22.667-22.667c9.373-9.373 24.569-9.373 33.941 0L285.475 239.03c9.373 9.372 9.373 24.568.001 33.941z\"\/><\/svg><\/span><span class=\"kt-svg-icon-list-text\">Ejecute un espectro completo de pruebas<\/span><\/li>\n\n\n<style>.kt-svg-icon-list-item-1578_48d142-50 .kt-svg-icon-list-text mark.kt-highlight{background-color:unset;font-style:normal;color:#f76a0c;-webkit-box-decoration-break:clone;box-decoration-break:clone;padding-top:0px;padding-right:0px;padding-bottom:0px;padding-left:0px;}<\/style>\n<li class=\"wp-block-kadence-listitem kt-svg-icon-list-item-wrap kt-svg-icon-list-item-1578_48d142-50\"><span class=\"kb-svg-icon-wrap kb-svg-icon-fas_chevron-right kt-svg-icon-list-single\"><svg viewBox=\"0 0 320 512\"  fill=\"currentColor\" xmlns=\"http:\/\/www.w3.org\/2000\/svg\"  aria-hidden=\"true\"><path d=\"M285.476 272.971L91.132 467.314c-9.373 9.373-24.569 9.373-33.941 0l-22.667-22.667c-9.357-9.357-9.375-24.522-.04-33.901L188.505 256 34.484 101.255c-9.335-9.379-9.317-24.544.04-33.901l22.667-22.667c9.373-9.373 24.569-9.373 33.941 0L285.475 239.03c9.373 9.372 9.373 24.568.001 33.941z\"\/><\/svg><\/span><span class=\"kt-svg-icon-list-text\">Explorar y descartar posibles alternativas<\/span><\/li>\n\n\n<style>.kt-svg-icon-list-item-1578_ade2b2-b8 .kt-svg-icon-list-text mark.kt-highlight{background-color:unset;font-style:normal;color:#f76a0c;-webkit-box-decoration-break:clone;box-decoration-break:clone;padding-top:0px;padding-right:0px;padding-bottom:0px;padding-left:0px;}<\/style>\n<li class=\"wp-block-kadence-listitem kt-svg-icon-list-item-wrap kt-svg-icon-list-item-1578_ade2b2-b8\"><span class=\"kb-svg-icon-wrap kb-svg-icon-fas_chevron-right kt-svg-icon-list-single\"><svg viewBox=\"0 0 320 512\"  fill=\"currentColor\" xmlns=\"http:\/\/www.w3.org\/2000\/svg\"  aria-hidden=\"true\"><path d=\"M285.476 272.971L91.132 467.314c-9.373 9.373-24.569 9.373-33.941 0l-22.667-22.667c-9.357-9.357-9.375-24.522-.04-33.901L188.505 256 34.484 101.255c-9.335-9.379-9.317-24.544.04-33.901l22.667-22.667c9.373-9.373 24.569-9.373 33.941 0L285.475 239.03c9.373 9.372 9.373 24.568.001 33.941z\"\/><\/svg><\/span><span class=\"kt-svg-icon-list-text\">Evaluar todos los s\u00edntomas<\/span><\/li>\n\n\n<style>.kt-svg-icon-list-item-1578_3f3c7c-49 .kt-svg-icon-list-text mark.kt-highlight{background-color:unset;font-style:normal;color:#f76a0c;-webkit-box-decoration-break:clone;box-decoration-break:clone;padding-top:0px;padding-right:0px;padding-bottom:0px;padding-left:0px;}<\/style>\n<li class=\"wp-block-kadence-listitem kt-svg-icon-list-item-wrap kt-svg-icon-list-item-1578_3f3c7c-49\"><span class=\"kb-svg-icon-wrap kb-svg-icon-fas_chevron-right kt-svg-icon-list-single\"><svg viewBox=\"0 0 320 512\"  fill=\"currentColor\" xmlns=\"http:\/\/www.w3.org\/2000\/svg\"  aria-hidden=\"true\"><path d=\"M285.476 272.971L91.132 467.314c-9.373 9.373-24.569 9.373-33.941 0l-22.667-22.667c-9.357-9.357-9.375-24.522-.04-33.901L188.505 256 34.484 101.255c-9.335-9.379-9.317-24.544.04-33.901l22.667-22.667c9.373-9.373 24.569-9.373 33.941 0L285.475 239.03c9.373 9.372 9.373 24.568.001 33.941z\"\/><\/svg><\/span><span class=\"kt-svg-icon-list-text\">Proporcionar un seguimiento adecuado<\/span><\/li>\n<\/ul><\/div>\n\n<p>Cuando conf\u00eda su caso al Sr. Kadlec, puede estar seguro de que utilizar\u00e1 sus amplios recursos para investigar a fondo el incidente y responsabilizar a la parte correspondiente.<\/p>\n\n<h3 class=\"wp-block-heading\">Recuperaci\u00f3n de da\u00f1os por su sufrimiento<\/h3>\n\n<p>El diagn\u00f3stico err\u00f3neo o la falta de diagn\u00f3stico pueden tener graves repercusiones, incluidos errores quir\u00fargicos, lesiones de nacimiento y progresi\u00f3n de enfermedades tratables. Adem\u00e1s del estr\u00e9s f\u00edsico que esto supone para un paciente, las v\u00edctimas y sus familias deben lidiar con el trauma emocional y los costos m\u00e9dicos adicionales. <\/p>\n\n<p>El diagn\u00f3stico err\u00f3neo puede resultar en que el paciente reciba el tratamiento incorrecto o la progresi\u00f3n de una enfermedad o dolencia preexistente.<\/p>\n\n<p>El Sr. Kadlec puede luchar por su derecho a una compensaci\u00f3n por su sufrimiento. \u00c9l es capaz y est\u00e1 dispuesto a llevar su caso a juicio si las ofertas de acuerdo de la otra parte no cubren suficientemente los da\u00f1os. Puede ayudar a obtener reparaciones para:  <\/p>\n<style>.wp-block-kadence-iconlist.kt-svg-icon-list-items1578_e7876a-8a:not(.this-stops-third-party-issues){margin-top:0px;margin-bottom:0px;}.wp-block-kadence-iconlist.kt-svg-icon-list-items1578_e7876a-8a ul.kt-svg-icon-list:not(.this-prevents-issues):not(.this-stops-third-party-issues):not(.tijsloc){margin-top:0px;margin-right:0px;margin-bottom:var(--global-kb-spacing-sm, 1.5rem);margin-left:0px;column-gap:24px;}.wp-block-kadence-iconlist.kt-svg-icon-list-items1578_e7876a-8a ul.kt-svg-icon-list{grid-row-gap:12px;}.wp-block-kadence-iconlist.kt-svg-icon-list-items1578_e7876a-8a .kb-svg-icon-wrap{color:#f38f1e;}.wp-block-kadence-iconlist.kt-svg-icon-list-items1578_e7876a-8a ul.kt-svg-icon-list .kt-svg-icon-list-item-wrap .kt-svg-icon-list-single{margin-right:10px;}.kt-svg-icon-list-items1578_e7876a-8a ul.kt-svg-icon-list .kt-svg-icon-list-item-wrap, .kt-svg-icon-list-items1578_e7876a-8a ul.kt-svg-icon-list .kt-svg-icon-list-item-wrap a{line-height:25px;}.kt-svg-icon-list-items1578_e7876a-8a ul.kt-svg-icon-list .kt-svg-icon-list-level-0 .kt-svg-icon-list-single svg{font-size:20px;}<\/style>\n<div class=\"wp-block-kadence-iconlist kt-svg-icon-list-items kt-svg-icon-list-items1578_e7876a-8a kt-svg-icon-list-columns-1 alignnone kt-list-icon-aligntop\"><ul class=\"kt-svg-icon-list\"><style>.kt-svg-icon-list-item-1578_5ea6e0-53 .kt-svg-icon-list-text mark.kt-highlight{background-color:unset;font-style:normal;color:#f76a0c;-webkit-box-decoration-break:clone;box-decoration-break:clone;padding-top:0px;padding-right:0px;padding-bottom:0px;padding-left:0px;}<\/style>\n<li class=\"wp-block-kadence-listitem kt-svg-icon-list-item-wrap kt-svg-icon-list-item-1578_5ea6e0-53\"><span class=\"kb-svg-icon-wrap kb-svg-icon-fas_chevron-right kt-svg-icon-list-single\"><svg viewBox=\"0 0 320 512\"  fill=\"currentColor\" xmlns=\"http:\/\/www.w3.org\/2000\/svg\"  aria-hidden=\"true\"><path d=\"M285.476 272.971L91.132 467.314c-9.373 9.373-24.569 9.373-33.941 0l-22.667-22.667c-9.357-9.357-9.375-24.522-.04-33.901L188.505 256 34.484 101.255c-9.335-9.379-9.317-24.544.04-33.901l22.667-22.667c9.373-9.373 24.569-9.373 33.941 0L285.475 239.03c9.373 9.372 9.373 24.568.001 33.941z\"\/><\/svg><\/span><span class=\"kt-svg-icon-list-text\">Gastos m\u00e9dicos<\/span><\/li>\n\n\n<style>.kt-svg-icon-list-item-1578_da30f8-82 .kt-svg-icon-list-text mark.kt-highlight{background-color:unset;font-style:normal;color:#f76a0c;-webkit-box-decoration-break:clone;box-decoration-break:clone;padding-top:0px;padding-right:0px;padding-bottom:0px;padding-left:0px;}<\/style>\n<li class=\"wp-block-kadence-listitem kt-svg-icon-list-item-wrap kt-svg-icon-list-item-1578_da30f8-82\"><span class=\"kb-svg-icon-wrap kb-svg-icon-fas_chevron-right kt-svg-icon-list-single\"><svg viewBox=\"0 0 320 512\"  fill=\"currentColor\" xmlns=\"http:\/\/www.w3.org\/2000\/svg\"  aria-hidden=\"true\"><path d=\"M285.476 272.971L91.132 467.314c-9.373 9.373-24.569 9.373-33.941 0l-22.667-22.667c-9.357-9.357-9.375-24.522-.04-33.901L188.505 256 34.484 101.255c-9.335-9.379-9.317-24.544.04-33.901l22.667-22.667c9.373-9.373 24.569-9.373 33.941 0L285.475 239.03c9.373 9.372 9.373 24.568.001 33.941z\"\/><\/svg><\/span><span class=\"kt-svg-icon-list-text\">P\u00e9rdida de salarios actuales y futuros<\/span><\/li>\n\n\n<style>.kt-svg-icon-list-item-1578_d14e3f-3d .kt-svg-icon-list-text mark.kt-highlight{background-color:unset;font-style:normal;color:#f76a0c;-webkit-box-decoration-break:clone;box-decoration-break:clone;padding-top:0px;padding-right:0px;padding-bottom:0px;padding-left:0px;}<\/style>\n<li class=\"wp-block-kadence-listitem kt-svg-icon-list-item-wrap kt-svg-icon-list-item-1578_d14e3f-3d\"><span class=\"kb-svg-icon-wrap kb-svg-icon-fas_chevron-right kt-svg-icon-list-single\"><svg viewBox=\"0 0 320 512\"  fill=\"currentColor\" xmlns=\"http:\/\/www.w3.org\/2000\/svg\"  aria-hidden=\"true\"><path d=\"M285.476 272.971L91.132 467.314c-9.373 9.373-24.569 9.373-33.941 0l-22.667-22.667c-9.357-9.357-9.375-24.522-.04-33.901L188.505 256 34.484 101.255c-9.335-9.379-9.317-24.544.04-33.901l22.667-22.667c9.373-9.373 24.569-9.373 33.941 0L285.475 239.03c9.373 9.372 9.373 24.568.001 33.941z\"\/><\/svg><\/span><span class=\"kt-svg-icon-list-text\">Dolor y sufrimiento<\/span><\/li>\n\n\n<style>.kt-svg-icon-list-item-1578_d367ac-2c .kt-svg-icon-list-text mark.kt-highlight{background-color:unset;font-style:normal;color:#f76a0c;-webkit-box-decoration-break:clone;box-decoration-break:clone;padding-top:0px;padding-right:0px;padding-bottom:0px;padding-left:0px;}<\/style>\n<li class=\"wp-block-kadence-listitem kt-svg-icon-list-item-wrap kt-svg-icon-list-item-1578_d367ac-2c\"><span class=\"kb-svg-icon-wrap kb-svg-icon-fas_chevron-right kt-svg-icon-list-single\"><svg viewBox=\"0 0 320 512\"  fill=\"currentColor\" xmlns=\"http:\/\/www.w3.org\/2000\/svg\"  aria-hidden=\"true\"><path d=\"M285.476 272.971L91.132 467.314c-9.373 9.373-24.569 9.373-33.941 0l-22.667-22.667c-9.357-9.357-9.375-24.522-.04-33.901L188.505 256 34.484 101.255c-9.335-9.379-9.317-24.544.04-33.901l22.667-22.667c9.373-9.373 24.569-9.373 33.941 0L285.475 239.03c9.373 9.372 9.373 24.568.001 33.941z\"\/><\/svg><\/span><span class=\"kt-svg-icon-list-text\">P\u00e9rdida de consorcio para los seres queridos<\/span><\/li>\n\n\n<style>.kt-svg-icon-list-item-1578_861401-b6 .kt-svg-icon-list-text mark.kt-highlight{background-color:unset;font-style:normal;color:#f76a0c;-webkit-box-decoration-break:clone;box-decoration-break:clone;padding-top:0px;padding-right:0px;padding-bottom:0px;padding-left:0px;}<\/style>\n<li class=\"wp-block-kadence-listitem kt-svg-icon-list-item-wrap kt-svg-icon-list-item-1578_861401-b6\"><span class=\"kb-svg-icon-wrap kb-svg-icon-fas_chevron-right kt-svg-icon-list-single\"><svg viewBox=\"0 0 320 512\"  fill=\"currentColor\" xmlns=\"http:\/\/www.w3.org\/2000\/svg\"  aria-hidden=\"true\"><path d=\"M285.476 272.971L91.132 467.314c-9.373 9.373-24.569 9.373-33.941 0l-22.667-22.667c-9.357-9.357-9.375-24.522-.04-33.901L188.505 256 34.484 101.255c-9.335-9.379-9.317-24.544.04-33.901l22.667-22.667c9.373-9.373 24.569-9.373 33.941 0L285.475 239.03c9.373 9.372 9.373 24.568.001 33.941z\"\/><\/svg><\/span><span class=\"kt-svg-icon-list-text\">Costos de funeral y entierro si el diagn\u00f3stico err\u00f3neo resulta <a href=\"\/wrongful-death\/\">en una muerte por negligencia<\/a><\/span><\/li>\n<\/ul><\/div>\n\n<p>Las demandas por diagn\u00f3sticos err\u00f3neos son complicadas y los pacientes a menudo enfrentan enormes obst\u00e1culos legales al presentar un reclamo. Los problemas de inmunidad y los plazos de presentaci\u00f3n de demandas pueden obstaculizar el caso de una v\u00edctima. Como tal, es fundamental trabajar con un abogado calificado que pueda navegar a trav\u00e9s de estas complejidades para ayudar a garantizar un resultado exitoso. El Sr. Kadlec es <a href=\"https:\/\/www.injurylawyerhouston.com\/es\/por-que-elegir-un-abogado-de-lesiones-certificado-por-la-junta\/\">un abogado de lesiones personales certificado por la junta<\/a> que ha ayudado a innumerables clientes a cobrar las reparaciones debidas.   <\/p>\n<style>.kadence-column1578_c03cc7-cb > .kt-inside-inner-col{padding-top:var(--global-kb-spacing-md, 2rem);padding-right:var(--global-kb-spacing-md, 2rem);padding-bottom:var(--global-kb-spacing-md, 2rem);padding-left:var(--global-kb-spacing-md, 2rem);}.kadence-column1578_c03cc7-cb > .kt-inside-inner-col,.kadence-column1578_c03cc7-cb > .kt-inside-inner-col:before{border-top-left-radius:0px;border-top-right-radius:0px;border-bottom-right-radius:0px;border-bottom-left-radius:0px;}.kadence-column1578_c03cc7-cb > .kt-inside-inner-col{column-gap:var(--global-kb-gap-sm, 1rem);}.kadence-column1578_c03cc7-cb > .kt-inside-inner-col{flex-direction:column;}.kadence-column1578_c03cc7-cb > .kt-inside-inner-col > .aligncenter{width:100%;}.kadence-column1578_c03cc7-cb > .kt-inside-inner-col{background-image:url('https:\/\/www.injurylawyerhouston.com\/wp-content\/uploads\/2025\/04\/gray-arrows-bg.webp');background-size:cover;background-position:center center;background-attachment:scroll;background-repeat:no-repeat;}.kadence-column1578_c03cc7-cb > .kt-inside-inner-col:before{opacity:0.62;background-color:var(--global-palette9, #ffffff);}.kadence-column1578_c03cc7-cb{position:relative;}@media all and (max-width: 1024px){.kadence-column1578_c03cc7-cb > .kt-inside-inner-col{flex-direction:column;justify-content:center;}}@media all and (max-width: 767px){.kadence-column1578_c03cc7-cb > .kt-inside-inner-col{padding-top:var(--global-kb-spacing-sm, 1.5rem);padding-right:var(--global-kb-spacing-sm, 1.5rem);padding-bottom:var(--global-kb-spacing-sm, 1.5rem);padding-left:var(--global-kb-spacing-sm, 1.5rem);flex-direction:column;justify-content:center;}}<\/style>\n<div class=\"wp-block-kadence-column kadence-column1578_c03cc7-cb kb-section-has-overlay\"><div class=\"kt-inside-inner-col\">\n<h2 class=\"wp-block-heading\">Programe su cita<\/h2>\n\n\n\n<p>Para presentar con \u00e9xito una demanda por diagn\u00f3stico err\u00f3neo, necesita un defensor fuerte como el Sr. Kadlec de su lado. Mientras se enfoca en la recuperaci\u00f3n, nuestro equipo puede determinar la negligencia y defender agresivamente sus derechos. <a href=\"https:\/\/www.injurylawyerhouston.com\/es\/contactenos\/\">Comun\u00edquese con nuestra oficina legal en l\u00ednea<\/a> o ll\u00e1menos al <a href=\"tel:281-643-2000\">281-643-2000<\/a> para programar una consulta gratuita. Ayudamos a clientes en todo el condado de Harris y el \u00e1rea metropolitana de Houston.  <\/p>\n<\/div><\/div>\n","protected":false},"excerpt":{"rendered":"<p>Si un m\u00e9dico no ordena las pruebas adecuadas, no explora posibles diagn\u00f3sticos o no administra el tratamiento de manera oportuna, la condici\u00f3n del paciente puede empeorar o incluso provocar la muerte. Ejerciendo durante m\u00e1s de 20 a\u00f1os, Shane R. Kadlec est\u00e1 bien versado en reclamos por negligencia m\u00e9dica y puede trabajar diligentemente para garantizar que&#8230;<\/p>\n","protected":false},"author":1,"featured_media":500745,"parent":0,"menu_order":0,"comment_status":"closed","ping_status":"closed","template":"","meta":{"_acf_changed":false,"inline_featured_image":false,"_kad_blocks_custom_css":"","_kad_blocks_head_custom_js":"","_kad_blocks_body_custom_js":"","_kad_blocks_footer_custom_js":"","_kad_post_transparent":"","_kad_post_title":"","_kad_post_layout":"","_kad_post_sidebar_id":"","_kad_post_content_style":"","_kad_post_vertical_padding":"","_kad_post_feature":"","_kad_post_feature_position":"","_kad_post_header":false,"_kad_post_footer":false,"_kad_post_classname":"","footnotes":""},"class_list":["post-500744","page","type-page","status-publish","has-post-thumbnail","hentry"],"acf":[],"taxonomy_info":[],"featured_image_src_large":["https:\/\/www.injurylawyerhouston.com\/wp-content\/uploads\/2025\/05\/harris-county-delayed-diagnosis-malpractice-lawyer.webp",1000,400,false],"author_info":{"display_name":"Shane R. Kadlec","author_link":"https:\/\/www.injurylawyerhouston.com\/es\/author\/operationslmg\/"},"comment_info":0,"_links":{"self":[{"href":"https:\/\/www.injurylawyerhouston.com\/es\/wp-json\/wp\/v2\/pages\/500744","targetHints":{"allow":["GET"]}}],"collection":[{"href":"https:\/\/www.injurylawyerhouston.com\/es\/wp-json\/wp\/v2\/pages"}],"about":[{"href":"https:\/\/www.injurylawyerhouston.com\/es\/wp-json\/wp\/v2\/types\/page"}],"author":[{"embeddable":true,"href":"https:\/\/www.injurylawyerhouston.com\/es\/wp-json\/wp\/v2\/users\/1"}],"replies":[{"embeddable":true,"href":"https:\/\/www.injurylawyerhouston.com\/es\/wp-json\/wp\/v2\/comments?post=500744"}],"version-history":[{"count":1,"href":"https:\/\/www.injurylawyerhouston.com\/es\/wp-json\/wp\/v2\/pages\/500744\/revisions"}],"predecessor-version":[{"id":500746,"href":"https:\/\/www.injurylawyerhouston.com\/es\/wp-json\/wp\/v2\/pages\/500744\/revisions\/500746"}],"wp:featuredmedia":[{"embeddable":true,"href":"https:\/\/www.injurylawyerhouston.com\/es\/wp-json\/wp\/v2\/media\/500745"}],"wp:attachment":[{"href":"https:\/\/www.injurylawyerhouston.com\/es\/wp-json\/wp\/v2\/media?parent=500744"}],"curies":[{"name":"wp","href":"https:\/\/api.w.org\/{rel}","templated":true}]}}