{"id":500761,"date":"2025-05-07T13:39:29","date_gmt":"2025-05-07T13:39:29","guid":{"rendered":"https:\/\/www.injurylawyerhouston.com\/abogado-de-accidentes-automovilisticos-en-katy\/"},"modified":"2025-10-13T20:16:05","modified_gmt":"2025-10-13T20:16:05","slug":"abogado-de-accidentes-automovilisticos-en-katy","status":"publish","type":"page","link":"https:\/\/www.injurylawyerhouston.com\/es\/abogado-de-accidentes-automovilisticos-en-katy\/","title":{"rendered":"Abogado de accidentes automovil\u00edsticos en Katy"},"content":{"rendered":"\n<h2 class=\"wp-block-heading\">Abogado de accidentes automovil\u00edsticos en Katy, TX<\/h2>\n\n<h3 class=\"wp-block-heading\">Sirviendo a los condados de Harris, Waller y Fort Bend<\/h3>\n\n<p>Los accidentes automovil\u00edsticos pueden cambiar vidas en un instante, dejando a las v\u00edctimas abrumadas con facturas m\u00e9dicas, salarios perdidos y trauma emocional. Si ha resultado lesionado en un accidente automovil\u00edstico en Katy, Texas, obtener la asistencia de un abogado con experiencia en accidentes automovil\u00edsticos es uno de los pasos m\u00e1s importantes que puede tomar para proteger su futuro. En la <a href=\"https:\/\/www.injurylawyerhouston.com\/es\/contactenos\/\">oficina legal de Shane R. Kadlec<\/a>, estamos aqu\u00ed para ayudarlo a navegar el complejo proceso legal y luchar por la compensaci\u00f3n que se merece.  <\/p>\n\n<p><a href=\"https:\/\/www.injurylawyerhouston.com\/es\/acerca-de-shane-r-kadlec\/\">El abogado Shane Kadlec<\/a> entiende que usted, como v\u00edctima de un accidente, puede sentirse abrumado e inseguro de s\u00ed mismo, especialmente si las compa\u00f1\u00edas de seguros est\u00e1n tratando de presionarlo para que acepte un acuerdo r\u00e1pido. Tal acuerdo puede sonar atractivo al principio, pero existe una buena posibilidad de que la primera oferta de una compa\u00f1\u00eda de seguros no aborde sus necesidades lo suficiente. Antes de firmar o aceptar algo, le recomendamos que se comunique con nuestra oficina. Tenemos la experiencia y la habilidad para evaluar su caso, y trabajaremos con usted para explorar sus opciones disponibles para cobrar una compensaci\u00f3n.   <\/p>\n\n<h2 class=\"wp-block-heading\">Qu\u00e9 hacer despu\u00e9s de un accidente automovil\u00edstico en Katy, Texas<\/h2>\n\n<p>Despu\u00e9s de un accidente automovil\u00edstico, hay algunas cosas importantes que debe hacer para asegurarse de que sus derechos est\u00e9n completamente protegidos:<\/p>\n\n<ol class=\"wp-block-list\">\n<li>Mueva su autom\u00f3vil, si es posible, a un lugar seguro y notifique a la polic\u00eda del accidente. El informe policial podr\u00eda ser crucial para construir su caso de compensaci\u00f3n. <\/li>\n\n\n\n<li>Obtenga atenci\u00f3n m\u00e9dica para sus lesiones. Tenga en cuenta que algunas lesiones pueden no ser evidentes durante varias horas o incluso d\u00edas despu\u00e9s del accidente. <\/li>\n\n\n\n<li>Llame a nuestros abogados expertos en accidentes automovil\u00edsticos de Katy al <a href=\"tel:281-643-2000\">281-643-2000<\/a> lo antes posible. Un abogado puede ponerse a trabajar de inmediato para recopilar informaci\u00f3n y determinar la responsabilidad por sus lesiones. <\/li>\n<\/ol>\n\n<p><a href=\"https:\/\/www.injurylawyerhouston.com\/es\/que-hacer-despues-de-un-accidente-automovilistico\/\">Visite nuestra p\u00e1gina dedicada a lo que debe hacer despu\u00e9s de un accidente<\/a> para obtener una gu\u00eda paso a paso<\/p>\n\n<p>Dependiendo de las circunstancias de su caso, el equipo de la oficina legal de Shane R. Kadlec puede ayudarlo a recuperar una compensaci\u00f3n por facturas m\u00e9dicas, salarios perdidos, capacidad de ingresos reducida, dolor y sufrimiento, y mucho m\u00e1s. Despu\u00e9s de un accidente fatal, tambi\u00e9n ayudamos a los familiares sobrevivientes a presentar una <a href=\"\/wrongful-death\/\">demanda por muerte por negligencia<\/a> cuando corresponda. <\/p>\n\n<h2 class=\"wp-block-heading\">Tipos comunes de casos de accidentes que manejamos que involucran un veh\u00edculo<\/h2>\n\n<ul class=\"wp-block-list\">\n<li><a href=\"https:\/\/www.injurylawyerhouston.com\/es\/abogado-de-accidentes-automovilisticos-en-houston\/\">Accidentes automovil\u00edsticos<\/a><\/li>\n\n\n\n<li><a href=\"https:\/\/www.injurylawyerhouston.com\/es\/abogado-de-accidentes-de-camiones-en-houston\/\">Accidentes de camiones<\/a><\/li>\n\n\n\n<li><a href=\"https:\/\/www.injurylawyerhouston.com\/es\/abogado-de-accidentes-de-motocicleta-en-houston\/\">Accidentes de motocicleta<\/a><\/li>\n\n\n\n<li><a href=\"https:\/\/www.injurylawyerhouston.com\/es\/abogado-de-accidentes-de-conductores-de-houston-amazon\/\">Accidentes de conductores de Amazon<\/a><\/li>\n\n\n\n<li><a href=\"https:\/\/www.injurylawyerhouston.com\/es\/accidentes-de-bicicletas-y-peatones-en-houston\/\">Accidentes de bicicletas y peatones<\/a><\/li>\n\n\n\n<li><a href=\"https:\/\/www.injurylawyerhouston.com\/es\/abogado-de-colisiones-traseras-en-houston\/\">Colisiones traseras<\/a><\/li>\n\n\n\n<li><a href=\"https:\/\/www.injurylawyerhouston.com\/es\/abogado-de-colision-frontal-de-houston\/\">Colisiones frontales<\/a><\/li>\n\n\n\n<li><a href=\"https:\/\/www.injurylawyerhouston.com\/es\/abogado-de-accidentes-de-dwi-y-dui-en-houston\/\">Accidentes de DWI \/ DUI<\/a><\/li>\n\n\n\n<li><a href=\"https:\/\/www.injurylawyerhouston.com\/es\/abogado-de-accidentes-de-atropello-y-fuga-en-houston\/\">Accidentes de atropello y fuga<\/a><\/li>\n\n\n\n<li><a href=\"https:\/\/www.injurylawyerhouston.com\/es\/abogado-de-fatiga-del-conductor-de-houston\/\">Fatiga del conductor<\/a><\/li>\n\n\n\n<li><a href=\"https:\/\/www.injurylawyerhouston.com\/es\/abogado-de-accidentes-por-conduccion-distraida-en-houston\/\">Conducci\u00f3n distra\u00edda<\/a><\/li>\n\n\n\n<li><a href=\"https:\/\/www.injurylawyerhouston.com\/es\/abogado-de-accidentes-de-automovilistas-sin-seguro-o-con-seguro-insuficiente-en-houston\/\">Accidentes de automovilistas sin seguro o con seguro insuficiente<\/a><\/li>\n\n\n\n<li><a href=\"https:\/\/www.injurylawyerhouston.com\/es\/abogado-de-accidentes-por-exceso-de-velocidad-e-infracciones-de-trafico-en-houston\/\">Accidentes causados por exceso de velocidad e infracciones de tr\u00e1nsito<\/a><\/li>\n\n\n\n<li><a href=\"https:\/\/www.injurylawyerhouston.com\/es\/abogado-de-accidentes-de-uber-y-lyft-en-houston\/\">Accidentes de Uber y Lyft<\/a><\/li>\n\n\n\n<li><a href=\"https:\/\/www.injurylawyerhouston.com\/es\/abogado-de-accidentes-de-camiones-con-navaja-en-houston\/\">Accidentes de camiones con navaja<\/a><\/li>\n<\/ul>\n\n<h2 class=\"wp-block-heading\">\u00bfQu\u00e9 compensaci\u00f3n puede ayudarlo a recuperar un abogado de lesiones por accidentes automovil\u00edsticos?<\/h2>\n\n<p>Nuestros abogados de accidentes automovil\u00edsticos en Katy entienden el profundo impacto que un accidente puede tener en su vida. Dependiendo de los detalles de su caso, podemos ayudarlo a obtener una compensaci\u00f3n por: <\/p>\n\n<ul class=\"wp-block-list\">\n<li>Facturas m\u00e9dicas, incluidos tratamientos futuros<\/li>\n\n\n\n<li>Salarios perdidos y capacidad de ingresos reducida<\/li>\n\n\n\n<li>Da\u00f1os a la propiedad<\/li>\n\n\n\n<li>Dolor y sufrimiento<\/li>\n\n\n\n<li>Angustia emocional<\/li>\n<\/ul>\n\n<h2 class=\"wp-block-heading\">Cu\u00e1ndo contratar a un abogado despu\u00e9s de un accidente automovil\u00edstico<\/h2>\n\n<p>Muchas v\u00edctimas de accidentes preguntan: &#8220;\u00bfCu\u00e1ndo es el momento adecuado para contratar a un abogado despu\u00e9s de un accidente automovil\u00edstico?&#8221; La respuesta es lo antes posible. Las compa\u00f1\u00edas de seguros a menudo act\u00faan r\u00e1pidamente para resolver reclamos por la cantidad m\u00e1s baja posible, dejando a las v\u00edctimas con facturas impagas y una compensaci\u00f3n insuficiente. Tener un abogado con experiencia en accidentes automovil\u00edsticos de su lado garantiza que sus derechos est\u00e9n protegidos y que su acuerdo refleje el alcance total de sus da\u00f1os.   <\/p>\n\n<h2 class=\"wp-block-heading\">\u00a1P\u00f3ngase en contacto con abogados con experiencia en accidentes automovil\u00edsticos en Katy, TX hoy!<\/h2>\n\n<p>Si usted o un ser querido ha resultado lesionado en un accidente automovil\u00edstico en Katy, Texas, no espere para obtener el apoyo legal que necesita. En la <a href=\"https:\/\/www.injurylawyerhouston.com\/es\/contactenos\/\">oficina legal de Shane R. Kadlec<\/a>, nos dedicamos a brindar representaci\u00f3n personalizada y efectiva a las v\u00edctimas de accidentes. Llamar    <a href=\"tel:281-643-2000\"><\/a><a href=\"tel:281-643-2000\">281-643-2000<\/a> hoy para una consulta gratuita y dar el primer paso para asegurar la compensaci\u00f3n que se merece.<\/p>\n","protected":false},"excerpt":{"rendered":"<p>Abogado de accidentes automovil\u00edsticos en Katy, TX Sirviendo a los condados de Harris, Waller y Fort Bend Los accidentes automovil\u00edsticos pueden cambiar vidas en un instante, dejando a las v\u00edctimas abrumadas con facturas m\u00e9dicas, salarios perdidos y trauma emocional. Si ha resultado lesionado en un accidente automovil\u00edstico en Katy, Texas, obtener la asistencia de un&#8230;<\/p>\n","protected":false},"author":1,"featured_media":500700,"parent":0,"menu_order":0,"comment_status":"closed","ping_status":"closed","template":"","meta":{"_acf_changed":false,"inline_featured_image":false,"_kad_blocks_custom_css":"","_kad_blocks_head_custom_js":"","_kad_blocks_body_custom_js":"","_kad_blocks_footer_custom_js":"","_kad_post_transparent":"","_kad_post_title":"","_kad_post_layout":"","_kad_post_sidebar_id":"","_kad_post_content_style":"","_kad_post_vertical_padding":"","_kad_post_feature":"","_kad_post_feature_position":"","_kad_post_header":false,"_kad_post_footer":false,"_kad_post_classname":"","footnotes":""},"class_list":["post-500761","page","type-page","status-publish","has-post-thumbnail","hentry"],"acf":[],"taxonomy_info":[],"featured_image_src_large":["https:\/\/www.injurylawyerhouston.com\/wp-content\/uploads\/2025\/05\/hero05-1024x320.webp",1024,320,true],"author_info":{"display_name":"Shane R. Kadlec","author_link":"https:\/\/www.injurylawyerhouston.com\/es\/author\/operationslmg\/"},"comment_info":0,"_links":{"self":[{"href":"https:\/\/www.injurylawyerhouston.com\/es\/wp-json\/wp\/v2\/pages\/500761","targetHints":{"allow":["GET"]}}],"collection":[{"href":"https:\/\/www.injurylawyerhouston.com\/es\/wp-json\/wp\/v2\/pages"}],"about":[{"href":"https:\/\/www.injurylawyerhouston.com\/es\/wp-json\/wp\/v2\/types\/page"}],"author":[{"embeddable":true,"href":"https:\/\/www.injurylawyerhouston.com\/es\/wp-json\/wp\/v2\/users\/1"}],"replies":[{"embeddable":true,"href":"https:\/\/www.injurylawyerhouston.com\/es\/wp-json\/wp\/v2\/comments?post=500761"}],"version-history":[{"count":3,"href":"https:\/\/www.injurylawyerhouston.com\/es\/wp-json\/wp\/v2\/pages\/500761\/revisions"}],"predecessor-version":[{"id":500770,"href":"https:\/\/www.injurylawyerhouston.com\/es\/wp-json\/wp\/v2\/pages\/500761\/revisions\/500770"}],"wp:featuredmedia":[{"embeddable":true,"href":"https:\/\/www.injurylawyerhouston.com\/es\/wp-json\/wp\/v2\/media\/500700"}],"wp:attachment":[{"href":"https:\/\/www.injurylawyerhouston.com\/es\/wp-json\/wp\/v2\/media?parent=500761"}],"curies":[{"name":"wp","href":"https:\/\/api.w.org\/{rel}","templated":true}]}}