{"id":500771,"date":"2025-05-07T12:14:21","date_gmt":"2025-05-07T12:14:21","guid":{"rendered":"https:\/\/www.injurylawyerhouston.com\/abogados-de-accidentes-automovilisticos-en-el-condado-de-harris-tx\/"},"modified":"2025-10-13T20:16:08","modified_gmt":"2025-10-13T20:16:08","slug":"abogados-de-accidentes-automovilisticos-en-el-condado-de-harris-tx","status":"publish","type":"page","link":"https:\/\/www.injurylawyerhouston.com\/es\/abogados-de-accidentes-automovilisticos-en-el-condado-de-harris-tx\/","title":{"rendered":"Abogados de accidentes automovil\u00edsticos en el condado de Harris, TX"},"content":{"rendered":"\n<h2 class=\"wp-block-heading\">Abogados de lesiones de Texas que ayudan a las v\u00edctimas de accidentes automovil\u00edsticos en el condado de Harris<\/h2>\n\n<p>Uno de los eventos que m\u00e1s seriamente puede afectar la vida de las personas es un accidente de tr\u00e1fico. Dependiendo de la gravedad del caso, puede haber da\u00f1os f\u00edsicos, emocionales y econ\u00f3micos significativos. Si usted o un miembro de su familia ha sufrido un accidente que ha causado lesiones, es aconsejable contar con el apoyo de un equipo de los mejores abogados de accidentes automovil\u00edsticos en Houston.  <\/p>\n\n<p>Si un tercero es responsable de esta situaci\u00f3n desafiante, tiene derecho a una compensaci\u00f3n monetaria justa para ayudarlo a lidiar con la situaci\u00f3n. Para lograr el m\u00e1ximo beneficio a su favor, es esencial el apoyo de un abogado l\u00edder en accidentes automovil\u00edsticos en Houston. P\u00f3ngase en contacto con la <a href=\"https:\/\/www.injurylawyerhouston.com\/es\/acerca-del-bufete-de-abogados-de-shane-r-kadlec\/\">oficina legal de Shane R. Kadlec.<\/a> para obtener m\u00e1s informaci\u00f3n hoy.  <\/p>\n\n<h2 class=\"wp-block-heading\">La importancia de contar con un abogado de accidentes automovil\u00edsticos de primer nivel en Houston<\/h2>\n\n<p>Los procesos legales asociados para obtener reclamaciones financieras por da\u00f1os resultantes de un accidente son complicados. La experiencia de un abogado de lesiones automovil\u00edsticas de Houston de primera l\u00ednea le ahorrar\u00e1 el riesgo de recibir una cantidad m\u00ednima, o incluso nada en absoluto. Con un abogado de primera l\u00ednea como Shane R. Kadlec, el mejor abogado de lesiones personales en Houston, aprovechar\u00e1 al m\u00e1ximo el proceso.  <\/p>\n\n<h3 class=\"wp-block-heading\">Consulta<\/h3>\n\n<p>El primer paso es determinar si tiene un caso. Al ponerse en contacto con nuestro equipo de litigios, lo invitaremos a una reuni\u00f3n gratuita y sin compromiso. All\u00ed, analizaremos los hechos y determinaremos las diversas lesiones personales por las que puede tener un reclamo. Tambi\u00e9n es necesario decidir sobre los montos que se pueden reclamar por da\u00f1os y perjuicios seg\u00fan la ley aplicable de Texas.   <\/p>\n\n<h3 class=\"wp-block-heading\">Consejo<\/h3>\n\n<p>Una vez establecidas las condiciones iniciales del proceso, debemos elegir juntos la mejor manera de avanzar. Esto no solo depender\u00e1 del accidente en s\u00ed, sino tambi\u00e9n de los diferentes actores involucrados. No es lo mismo tratar directamente con el otro conductor, que con \u00e9l y las compa\u00f1\u00edas de seguros, por ejemplo. Adem\u00e1s, en el camino, Shane te brindar\u00e1 apoyo emocional, ya que el objetivo principal es que sigas adelante con tu vida, superando esta situaci\u00f3n con \u00e9xito.   <\/p>\n\n<h3 class=\"wp-block-heading\">Limado<\/h3>\n\n<p>Los reclamos de sus derechos necesitan un conjunto de requisitos y evidencia para respaldar los argumentos de su solicitud. Nuestros abogados de accidentes automovil\u00edsticos en Houston TX lo ayudar\u00e1n a reunir la evidencia y el testimonio necesarios para que tenga un caso s\u00f3lido y ganador. Adem\u00e1s, asistiremos en los procedimientos ante las compa\u00f1\u00edas de seguros y los tribunales, si es necesario.  <\/p>\n\n<h3 class=\"wp-block-heading\">Asentamiento<\/h3>\n\n<p>Generalmente, el proceso de solicitud de compensaci\u00f3n no requiere un juicio. Nuestro equipo proceder\u00e1 en principio con una negociaci\u00f3n con las distintas partes que tienen la responsabilidad de las lesiones que ha sufrido. La experiencia de Shane puede ayudarlo a lograr una cantidad aceptable.  <\/p>\n\n<h3 class=\"wp-block-heading\">Juicio<\/h3>\n\n<p>Si lamentablemente no es posible llegar a un acuerdo con su contraparte, el reclamo debe ir a instancias superiores. El equipo de abogados expertos de nuestro despacho apoyar\u00e1 la informaci\u00f3n necesaria para acudir a los tribunales. Tambi\u00e9n lo ayudar\u00e1n a usted y a sus testigos a lidiar con las diversas preguntas en la corte para garantizar un resultado ideal.  <\/p>\n\n<h2 class=\"wp-block-heading\">Conf\u00ede en uno de los mejores abogados de accidentes automovil\u00edsticos en Houston<\/h2>\n\n<p>Si usted o un miembro de su familia est\u00e1 pasando por este momento dif\u00edcil y se pregunta: &#8220;\u00bfD\u00f3nde puedo encontrar un abogado l\u00edder en accidentes automovil\u00edsticos en Houston cerca de m\u00ed?&#8221; Est\u00e1s en el lugar correcto. Deje que Shane y su extraordinario grupo de especialistas lo ayuden a hacer el reclamo correcto que proteger\u00e1 sus derechos. Ll\u00e1menos al <g id=\"gid_0\">281-643-2000<\/g> para una consulta gratuita o <g id=\"gid_1\">cont\u00e1ctenos<\/g> en l\u00ednea. Estaremos encantados de apoyarte.    <\/p>\n","protected":false},"excerpt":{"rendered":"<p>Abogados de lesiones de Texas que ayudan a las v\u00edctimas de accidentes automovil\u00edsticos en el condado de Harris Uno de los eventos que m\u00e1s seriamente puede afectar la vida de las personas es un accidente de tr\u00e1fico. Dependiendo de la gravedad del caso, puede haber da\u00f1os f\u00edsicos, emocionales y econ\u00f3micos significativos. Si usted o un&#8230;<\/p>\n","protected":false},"author":1,"featured_media":500774,"parent":0,"menu_order":0,"comment_status":"closed","ping_status":"closed","template":"","meta":{"_acf_changed":false,"inline_featured_image":false,"_kad_blocks_custom_css":"","_kad_blocks_head_custom_js":"","_kad_blocks_body_custom_js":"","_kad_blocks_footer_custom_js":"","_kad_post_transparent":"","_kad_post_title":"","_kad_post_layout":"","_kad_post_sidebar_id":"","_kad_post_content_style":"","_kad_post_vertical_padding":"","_kad_post_feature":"","_kad_post_feature_position":"","_kad_post_header":false,"_kad_post_footer":false,"_kad_post_classname":"","footnotes":""},"class_list":["post-500771","page","type-page","status-publish","has-post-thumbnail","hentry"],"acf":[],"taxonomy_info":[],"featured_image_src_large":["https:\/\/www.injurylawyerhouston.com\/wp-content\/uploads\/2025\/05\/hero02-1024x320.webp",1024,320,true],"author_info":{"display_name":"Shane R. Kadlec","author_link":"https:\/\/www.injurylawyerhouston.com\/es\/author\/operationslmg\/"},"comment_info":0,"_links":{"self":[{"href":"https:\/\/www.injurylawyerhouston.com\/es\/wp-json\/wp\/v2\/pages\/500771","targetHints":{"allow":["GET"]}}],"collection":[{"href":"https:\/\/www.injurylawyerhouston.com\/es\/wp-json\/wp\/v2\/pages"}],"about":[{"href":"https:\/\/www.injurylawyerhouston.com\/es\/wp-json\/wp\/v2\/types\/page"}],"author":[{"embeddable":true,"href":"https:\/\/www.injurylawyerhouston.com\/es\/wp-json\/wp\/v2\/users\/1"}],"replies":[{"embeddable":true,"href":"https:\/\/www.injurylawyerhouston.com\/es\/wp-json\/wp\/v2\/comments?post=500771"}],"version-history":[{"count":1,"href":"https:\/\/www.injurylawyerhouston.com\/es\/wp-json\/wp\/v2\/pages\/500771\/revisions"}],"predecessor-version":[{"id":500775,"href":"https:\/\/www.injurylawyerhouston.com\/es\/wp-json\/wp\/v2\/pages\/500771\/revisions\/500775"}],"wp:featuredmedia":[{"embeddable":true,"href":"https:\/\/www.injurylawyerhouston.com\/es\/wp-json\/wp\/v2\/media\/500774"}],"wp:attachment":[{"href":"https:\/\/www.injurylawyerhouston.com\/es\/wp-json\/wp\/v2\/media?parent=500771"}],"curies":[{"name":"wp","href":"https:\/\/api.w.org\/{rel}","templated":true}]}}