{"id":500783,"date":"2025-05-07T12:05:03","date_gmt":"2025-05-07T12:05:03","guid":{"rendered":"https:\/\/www.injurylawyerhouston.com\/renuncia\/"},"modified":"2025-10-13T20:16:13","modified_gmt":"2025-10-13T20:16:13","slug":"renuncia","status":"publish","type":"page","link":"https:\/\/www.injurylawyerhouston.com\/es\/renuncia\/","title":{"rendered":"Renuncia"},"content":{"rendered":"\n<p>La informaci\u00f3n que obtiene en este sitio no es, ni pretende ser, asesoramiento legal. Debe consultar a un abogado para obtener asesoramiento sobre su situaci\u00f3n individual. Lo invitamos a contactarnos y agradecemos sus llamadas, cartas y correo electr\u00f3nico. Contactarnos no crea una relaci\u00f3n abogado-cliente. No nos env\u00ede ninguna informaci\u00f3n confidencial hasta el momento en que se haya establecido una relaci\u00f3n abogado-cliente.    <\/p>\n\n<h3 class=\"wp-block-heading\">Descargo de responsabilidad de la ADA<\/h3>\n\n<p>Nuestra firma cumple con la Ley de Estadounidenses con Discapacidades (ADA) y todos los est\u00e1ndares de sitios web aplicables, incluidas las WCAG 2.0. No discrimina por motivos de discapacidad. Si tiene alg\u00fan problema para observar el contenido de este sitio web, comun\u00edquese con nosotros. Previa solicitud, se realizar\u00e1n adaptaciones razonables.   <\/p>\n","protected":false},"excerpt":{"rendered":"<p>La informaci\u00f3n que obtiene en este sitio no es, ni pretende ser, asesoramiento legal. Debe consultar a un abogado para obtener asesoramiento sobre su situaci\u00f3n individual. Lo invitamos a contactarnos y agradecemos sus llamadas, cartas y correo electr\u00f3nico. Contactarnos no crea una relaci\u00f3n abogado-cliente. No nos env\u00ede ninguna informaci\u00f3n confidencial hasta el momento en que&#8230;<\/p>\n","protected":false},"author":1,"featured_media":0,"parent":0,"menu_order":0,"comment_status":"closed","ping_status":"closed","template":"","meta":{"_acf_changed":false,"inline_featured_image":false,"_kad_blocks_custom_css":"","_kad_blocks_head_custom_js":"","_kad_blocks_body_custom_js":"","_kad_blocks_footer_custom_js":"","_kad_post_transparent":"","_kad_post_title":"","_kad_post_layout":"","_kad_post_sidebar_id":"","_kad_post_content_style":"","_kad_post_vertical_padding":"","_kad_post_feature":"","_kad_post_feature_position":"","_kad_post_header":false,"_kad_post_footer":false,"_kad_post_classname":"","footnotes":""},"class_list":["post-500783","page","type-page","status-publish","hentry"],"acf":[],"taxonomy_info":[],"featured_image_src_large":false,"author_info":{"display_name":"Shane R. Kadlec","author_link":"https:\/\/www.injurylawyerhouston.com\/es\/author\/operationslmg\/"},"comment_info":0,"_links":{"self":[{"href":"https:\/\/www.injurylawyerhouston.com\/es\/wp-json\/wp\/v2\/pages\/500783","targetHints":{"allow":["GET"]}}],"collection":[{"href":"https:\/\/www.injurylawyerhouston.com\/es\/wp-json\/wp\/v2\/pages"}],"about":[{"href":"https:\/\/www.injurylawyerhouston.com\/es\/wp-json\/wp\/v2\/types\/page"}],"author":[{"embeddable":true,"href":"https:\/\/www.injurylawyerhouston.com\/es\/wp-json\/wp\/v2\/users\/1"}],"replies":[{"embeddable":true,"href":"https:\/\/www.injurylawyerhouston.com\/es\/wp-json\/wp\/v2\/comments?post=500783"}],"version-history":[{"count":1,"href":"https:\/\/www.injurylawyerhouston.com\/es\/wp-json\/wp\/v2\/pages\/500783\/revisions"}],"predecessor-version":[{"id":500785,"href":"https:\/\/www.injurylawyerhouston.com\/es\/wp-json\/wp\/v2\/pages\/500783\/revisions\/500785"}],"wp:attachment":[{"href":"https:\/\/www.injurylawyerhouston.com\/es\/wp-json\/wp\/v2\/media?parent=500783"}],"curies":[{"name":"wp","href":"https:\/\/api.w.org\/{rel}","templated":true}]}}