{"id":500786,"date":"2025-05-07T12:54:12","date_gmt":"2025-05-07T12:54:12","guid":{"rendered":"https:\/\/www.injurylawyerhouston.com\/abogado-de-lesiones-certificado-por-la-junta-del-condado-de-harris-tx\/"},"modified":"2025-10-13T20:16:15","modified_gmt":"2025-10-13T20:16:15","slug":"abogado-de-lesiones-certificado-por-la-junta-del-condado-de-harris-tx","status":"publish","type":"page","link":"https:\/\/www.injurylawyerhouston.com\/es\/abogado-de-lesiones-certificado-por-la-junta-del-condado-de-harris-tx\/","title":{"rendered":"Abogado de lesiones certificado por la junta del condado de Harris, TX"},"content":{"rendered":"\n<h2 class=\"wp-block-heading\">Abogado de lesiones personales en la costa del Golfo de Texas para todo tipo de accidentes<\/h2>\n\n<p>Si est\u00e1 buscando un abogado de accidentes de Houston, TX que ponga a sus clientes en primer lugar para garantizar que cumplan y superen sus expectativas, entonces la <a href=\"https:\/\/www.injurylawyerhouston.com\/es\/acerca-del-bufete-de-abogados-de-shane-r-kadlec\/\">oficina legal de Shane R. Kadlec.<\/a> es la opci\u00f3n correcta para usted. Nos apasiona ayudar a las v\u00edctimas de accidentes a obtener la m\u00e1xima compensaci\u00f3n que merecen despu\u00e9s de un accidente que no fue su culpa. <\/p>\n\n<h3 class=\"wp-block-heading\">Valores centrados en el cliente en nuestro bufete de abogados<\/h3>\n\n<p>Nuestros valores de cliente primero significan que nosotros, como profesionales legales, vamos m\u00e1s all\u00e1 de nuestro deber al anteponer las necesidades y requisitos de nuestros clientes a cualquier otra cosa.<\/p>\n\n<p>Aqu\u00ed hay varias cosas que consideramos para asegurarnos de cumplir con nuestro objetivo de poner a nuestros clientes en primer lugar:<\/p>\n<style>.wp-block-kadence-iconlist.kt-svg-icon-list-items1609_dd00cd-63:not(.this-stops-third-party-issues){margin-top:0px;margin-bottom:0px;}.wp-block-kadence-iconlist.kt-svg-icon-list-items1609_dd00cd-63 ul.kt-svg-icon-list:not(.this-prevents-issues):not(.this-stops-third-party-issues):not(.tijsloc){margin-top:0px;margin-right:0px;margin-bottom:var(--global-kb-spacing-sm, 1.5rem);margin-left:0px;column-gap:24px;}.wp-block-kadence-iconlist.kt-svg-icon-list-items1609_dd00cd-63 ul.kt-svg-icon-list{grid-row-gap:12px;}.wp-block-kadence-iconlist.kt-svg-icon-list-items1609_dd00cd-63 .kb-svg-icon-wrap{color:#f38f1e;}.wp-block-kadence-iconlist.kt-svg-icon-list-items1609_dd00cd-63 ul.kt-svg-icon-list .kt-svg-icon-list-item-wrap .kt-svg-icon-list-single{margin-right:10px;}.kt-svg-icon-list-items1609_dd00cd-63 ul.kt-svg-icon-list .kt-svg-icon-list-item-wrap, .kt-svg-icon-list-items1609_dd00cd-63 ul.kt-svg-icon-list .kt-svg-icon-list-item-wrap a{line-height:25px;}.kt-svg-icon-list-items1609_dd00cd-63 ul.kt-svg-icon-list .kt-svg-icon-list-level-0 .kt-svg-icon-list-single svg{font-size:20px;}<\/style>\n<div class=\"wp-block-kadence-iconlist kt-svg-icon-list-items kt-svg-icon-list-items1609_dd00cd-63 kt-svg-icon-list-columns-1 alignnone kt-list-icon-aligntop\"><ul class=\"kt-svg-icon-list\"><style>.kt-svg-icon-list-item-1609_cf2116-77 .kt-svg-icon-list-text mark.kt-highlight{background-color:unset;font-style:normal;color:#f76a0c;-webkit-box-decoration-break:clone;box-decoration-break:clone;padding-top:0px;padding-right:0px;padding-bottom:0px;padding-left:0px;}<\/style>\n<li class=\"wp-block-kadence-listitem kt-svg-icon-list-item-wrap kt-svg-icon-list-item-1609_cf2116-77\"><span class=\"kb-svg-icon-wrap kb-svg-icon-fas_chevron-right kt-svg-icon-list-single\"><svg viewBox=\"0 0 320 512\"  fill=\"currentColor\" xmlns=\"http:\/\/www.w3.org\/2000\/svg\"  aria-hidden=\"true\"><path d=\"M285.476 272.971L91.132 467.314c-9.373 9.373-24.569 9.373-33.941 0l-22.667-22.667c-9.357-9.357-9.375-24.522-.04-33.901L188.505 256 34.484 101.255c-9.335-9.379-9.317-24.544.04-33.901l22.667-22.667c9.373-9.373 24.569-9.373 33.941 0L285.475 239.03c9.373 9.372 9.373 24.568.001 33.941z\"\/><\/svg><\/span><span class=\"kt-svg-icon-list-text\">Nuestros abogados de accidentes automovil\u00edsticos en Houston se ponen en el lugar de nuestros clientes y determinan c\u00f3mo se sentir\u00edan en su situaci\u00f3n<\/span><\/li>\n\n\n<style>.kt-svg-icon-list-item-1609_9e53cd-4a .kt-svg-icon-list-text mark.kt-highlight{background-color:unset;font-style:normal;color:#f76a0c;-webkit-box-decoration-break:clone;box-decoration-break:clone;padding-top:0px;padding-right:0px;padding-bottom:0px;padding-left:0px;}<\/style>\n<li class=\"wp-block-kadence-listitem kt-svg-icon-list-item-wrap kt-svg-icon-list-item-1609_9e53cd-4a\"><span class=\"kb-svg-icon-wrap kb-svg-icon-fas_chevron-right kt-svg-icon-list-single\"><svg viewBox=\"0 0 320 512\"  fill=\"currentColor\" xmlns=\"http:\/\/www.w3.org\/2000\/svg\"  aria-hidden=\"true\"><path d=\"M285.476 272.971L91.132 467.314c-9.373 9.373-24.569 9.373-33.941 0l-22.667-22.667c-9.357-9.357-9.375-24.522-.04-33.901L188.505 256 34.484 101.255c-9.335-9.379-9.317-24.544.04-33.901l22.667-22.667c9.373-9.373 24.569-9.373 33.941 0L285.475 239.03c9.373 9.372 9.373 24.568.001 33.941z\"\/><\/svg><\/span><span class=\"kt-svg-icon-list-text\">Prestamos atenci\u00f3n a los detalles y llegamos al n\u00facleo de las necesidades de nuestros clientes.<\/span><\/li>\n\n\n<style>.kt-svg-icon-list-item-1609_f3394b-0f .kt-svg-icon-list-text mark.kt-highlight{background-color:unset;font-style:normal;color:#f76a0c;-webkit-box-decoration-break:clone;box-decoration-break:clone;padding-top:0px;padding-right:0px;padding-bottom:0px;padding-left:0px;}<\/style>\n<li class=\"wp-block-kadence-listitem kt-svg-icon-list-item-wrap kt-svg-icon-list-item-1609_f3394b-0f\"><span class=\"kb-svg-icon-wrap kb-svg-icon-fas_chevron-right kt-svg-icon-list-single\"><svg viewBox=\"0 0 320 512\"  fill=\"currentColor\" xmlns=\"http:\/\/www.w3.org\/2000\/svg\"  aria-hidden=\"true\"><path d=\"M285.476 272.971L91.132 467.314c-9.373 9.373-24.569 9.373-33.941 0l-22.667-22.667c-9.357-9.357-9.375-24.522-.04-33.901L188.505 256 34.484 101.255c-9.335-9.379-9.317-24.544.04-33.901l22.667-22.667c9.373-9.373 24.569-9.373 33.941 0L285.475 239.03c9.373 9.372 9.373 24.568.001 33.941z\"\/><\/svg><\/span><span class=\"kt-svg-icon-list-text\">Conozca las reglas de nuestra firma legal y reconozca que la lealtad del cliente est\u00e1 en juego. Siempre estamos dispuestos a romper esas reglas para satisfacer a nuestros clientes. <\/span><\/li>\n<\/ul><\/div>\n\n<h3 class=\"wp-block-heading\">Valores fundamentales para nuestra firma<\/h3>\n\n<p>Nuestros valores fundamentales sirven para guiar continuamente a nuestros abogados de accidentes en Houston, TX y a la firma en el logro de nuestros objetivos mutuos de una manera basada en un marco \u00e9tico e ideol\u00f3gico.<\/p>\n\n<p>Con los siguientes valores fundamentales que rigen nuestro bufete de abogados, puede estar seguro de obtener un abogado experto en accidentes automovil\u00edsticos en Houston para representar su caso adecuadamente:<\/p>\n\n<h3 class=\"wp-block-heading\">Respeto<\/h3>\n\n<p>Respetar a nuestros clientes significa respetar sus derechos humanos personales y su privacidad. Nuestro abogado de accidentes automovil\u00edsticos en Houston, TX, trabajar\u00e1 estrechamente con usted, eliminando cualquier tipo de discriminaci\u00f3n, ya sea por discapacidad f\u00edsica, religi\u00f3n, raza, nacionalidad o g\u00e9nero. <\/p>\n\n<h3 class=\"wp-block-heading\">Colaboraci\u00f3n<\/h3>\n\n<p>Nuestros intereses son genuinamente los de nuestros clientes; es por eso que nuestro abogado de accidentes automovil\u00edsticos de Houston colaborar\u00e1 con usted y un equipo de investigadores para construir un caso s\u00f3lido. Estos son los beneficios de la colaboraci\u00f3n: <\/p>\n<style>.wp-block-kadence-iconlist.kt-svg-icon-list-items1609_c1b833-11:not(.this-stops-third-party-issues){margin-top:0px;margin-bottom:0px;}.wp-block-kadence-iconlist.kt-svg-icon-list-items1609_c1b833-11 ul.kt-svg-icon-list:not(.this-prevents-issues):not(.this-stops-third-party-issues):not(.tijsloc){margin-top:0px;margin-right:0px;margin-bottom:var(--global-kb-spacing-sm, 1.5rem);margin-left:0px;column-gap:24px;}.wp-block-kadence-iconlist.kt-svg-icon-list-items1609_c1b833-11 ul.kt-svg-icon-list{grid-row-gap:12px;}.wp-block-kadence-iconlist.kt-svg-icon-list-items1609_c1b833-11 .kb-svg-icon-wrap{color:#f38f1e;}.wp-block-kadence-iconlist.kt-svg-icon-list-items1609_c1b833-11 ul.kt-svg-icon-list .kt-svg-icon-list-item-wrap .kt-svg-icon-list-single{margin-right:10px;}.kt-svg-icon-list-items1609_c1b833-11 ul.kt-svg-icon-list .kt-svg-icon-list-item-wrap, .kt-svg-icon-list-items1609_c1b833-11 ul.kt-svg-icon-list .kt-svg-icon-list-item-wrap a{line-height:25px;}.kt-svg-icon-list-items1609_c1b833-11 ul.kt-svg-icon-list .kt-svg-icon-list-level-0 .kt-svg-icon-list-single svg{font-size:20px;}<\/style>\n<div class=\"wp-block-kadence-iconlist kt-svg-icon-list-items kt-svg-icon-list-items1609_c1b833-11 kt-svg-icon-list-columns-1 alignnone kt-list-icon-aligntop\"><ul class=\"kt-svg-icon-list\"><style>.kt-svg-icon-list-item-1609_c77390-a0 .kt-svg-icon-list-text mark.kt-highlight{background-color:unset;font-style:normal;color:#f76a0c;-webkit-box-decoration-break:clone;box-decoration-break:clone;padding-top:0px;padding-right:0px;padding-bottom:0px;padding-left:0px;}<\/style>\n<li class=\"wp-block-kadence-listitem kt-svg-icon-list-item-wrap kt-svg-icon-list-item-1609_c77390-a0\"><span class=\"kb-svg-icon-wrap kb-svg-icon-fas_chevron-right kt-svg-icon-list-single\"><svg viewBox=\"0 0 320 512\"  fill=\"currentColor\" xmlns=\"http:\/\/www.w3.org\/2000\/svg\"  aria-hidden=\"true\"><path d=\"M285.476 272.971L91.132 467.314c-9.373 9.373-24.569 9.373-33.941 0l-22.667-22.667c-9.357-9.357-9.375-24.522-.04-33.901L188.505 256 34.484 101.255c-9.335-9.379-9.317-24.544.04-33.901l22.667-22.667c9.373-9.373 24.569-9.373 33.941 0L285.475 239.03c9.373 9.372 9.373 24.568.001 33.941z\"\/><\/svg><\/span><span class=\"kt-svg-icon-list-text\">Intercambio de perspectivas<\/span><\/li>\n\n\n<style>.kt-svg-icon-list-item-1609_f0f086-32 .kt-svg-icon-list-text mark.kt-highlight{background-color:unset;font-style:normal;color:#f76a0c;-webkit-box-decoration-break:clone;box-decoration-break:clone;padding-top:0px;padding-right:0px;padding-bottom:0px;padding-left:0px;}<\/style>\n<li class=\"wp-block-kadence-listitem kt-svg-icon-list-item-wrap kt-svg-icon-list-item-1609_f0f086-32\"><span class=\"kb-svg-icon-wrap kb-svg-icon-fas_chevron-right kt-svg-icon-list-single\"><svg viewBox=\"0 0 320 512\"  fill=\"currentColor\" xmlns=\"http:\/\/www.w3.org\/2000\/svg\"  aria-hidden=\"true\"><path d=\"M285.476 272.971L91.132 467.314c-9.373 9.373-24.569 9.373-33.941 0l-22.667-22.667c-9.357-9.357-9.375-24.522-.04-33.901L188.505 256 34.484 101.255c-9.335-9.379-9.317-24.544.04-33.901l22.667-22.667c9.373-9.373 24.569-9.373 33.941 0L285.475 239.03c9.373 9.372 9.373 24.568.001 33.941z\"\/><\/svg><\/span><span class=\"kt-svg-icon-list-text\">Mayor honestidad y eficiencia<\/span><\/li>\n\n\n<style>.kt-svg-icon-list-item-1609_d09a32-f9 .kt-svg-icon-list-text mark.kt-highlight{background-color:unset;font-style:normal;color:#f76a0c;-webkit-box-decoration-break:clone;box-decoration-break:clone;padding-top:0px;padding-right:0px;padding-bottom:0px;padding-left:0px;}<\/style>\n<li class=\"wp-block-kadence-listitem kt-svg-icon-list-item-wrap kt-svg-icon-list-item-1609_d09a32-f9\"><span class=\"kb-svg-icon-wrap kb-svg-icon-fas_chevron-right kt-svg-icon-list-single\"><svg viewBox=\"0 0 320 512\"  fill=\"currentColor\" xmlns=\"http:\/\/www.w3.org\/2000\/svg\"  aria-hidden=\"true\"><path d=\"M285.476 272.971L91.132 467.314c-9.373 9.373-24.569 9.373-33.941 0l-22.667-22.667c-9.357-9.357-9.375-24.522-.04-33.901L188.505 256 34.484 101.255c-9.335-9.379-9.317-24.544.04-33.901l22.667-22.667c9.373-9.373 24.569-9.373 33.941 0L285.475 239.03c9.373 9.372 9.373 24.568.001 33.941z\"\/><\/svg><\/span><span class=\"kt-svg-icon-list-text\">Reducir los malentendidos<\/span><\/li>\n\n\n<style>.kt-svg-icon-list-item-1609_7379f5-74 .kt-svg-icon-list-text mark.kt-highlight{background-color:unset;font-style:normal;color:#f76a0c;-webkit-box-decoration-break:clone;box-decoration-break:clone;padding-top:0px;padding-right:0px;padding-bottom:0px;padding-left:0px;}<\/style>\n<li class=\"wp-block-kadence-listitem kt-svg-icon-list-item-wrap kt-svg-icon-list-item-1609_7379f5-74\"><span class=\"kb-svg-icon-wrap kb-svg-icon-fas_chevron-right kt-svg-icon-list-single\"><svg viewBox=\"0 0 320 512\"  fill=\"currentColor\" xmlns=\"http:\/\/www.w3.org\/2000\/svg\"  aria-hidden=\"true\"><path d=\"M285.476 272.971L91.132 467.314c-9.373 9.373-24.569 9.373-33.941 0l-22.667-22.667c-9.357-9.357-9.375-24.522-.04-33.901L188.505 256 34.484 101.255c-9.335-9.379-9.317-24.544.04-33.901l22.667-22.667c9.373-9.373 24.569-9.373 33.941 0L285.475 239.03c9.373 9.372 9.373 24.568.001 33.941z\"\/><\/svg><\/span><span class=\"kt-svg-icon-list-text\">Creatividad mejorada, etc.<\/span><\/li>\n<\/ul><\/div>\n\n<h3 class=\"wp-block-heading\">Excelencia<\/h3>\n\n<p>Nos esforzamos por lograr servicios de la m\u00e1s alta calidad y profesionalismo desde el primer d\u00eda que se comunica con nosotros para obtener ayuda. Creemos que la victoria de nuestro cliente tambi\u00e9n es nuestra, por lo que trabajamos arduamente para obtener los mejores resultados posibles. <\/p>\n\n<h3 class=\"wp-block-heading\">Integridad y \u00e9tica<\/h3>\n\n<p>Todo nuestro negocio se basa en la integridad y la \u00e9tica para construir una relaci\u00f3n estable y confiable con nuestros clientes. Esto implica: <\/p>\n<style>.wp-block-kadence-iconlist.kt-svg-icon-list-items1609_e3e273-e5:not(.this-stops-third-party-issues){margin-top:0px;margin-bottom:0px;}.wp-block-kadence-iconlist.kt-svg-icon-list-items1609_e3e273-e5 ul.kt-svg-icon-list:not(.this-prevents-issues):not(.this-stops-third-party-issues):not(.tijsloc){margin-top:0px;margin-right:0px;margin-bottom:var(--global-kb-spacing-sm, 1.5rem);margin-left:0px;column-gap:24px;}.wp-block-kadence-iconlist.kt-svg-icon-list-items1609_e3e273-e5 ul.kt-svg-icon-list{grid-row-gap:12px;}.wp-block-kadence-iconlist.kt-svg-icon-list-items1609_e3e273-e5 .kb-svg-icon-wrap{color:#f38f1e;}.wp-block-kadence-iconlist.kt-svg-icon-list-items1609_e3e273-e5 ul.kt-svg-icon-list .kt-svg-icon-list-item-wrap .kt-svg-icon-list-single{margin-right:10px;}.kt-svg-icon-list-items1609_e3e273-e5 ul.kt-svg-icon-list .kt-svg-icon-list-item-wrap, .kt-svg-icon-list-items1609_e3e273-e5 ul.kt-svg-icon-list .kt-svg-icon-list-item-wrap a{line-height:25px;}.kt-svg-icon-list-items1609_e3e273-e5 ul.kt-svg-icon-list .kt-svg-icon-list-level-0 .kt-svg-icon-list-single svg{font-size:20px;}<\/style>\n<div class=\"wp-block-kadence-iconlist kt-svg-icon-list-items kt-svg-icon-list-items1609_e3e273-e5 kt-svg-icon-list-columns-1 alignnone kt-list-icon-aligntop\"><ul class=\"kt-svg-icon-list\"><style>.kt-svg-icon-list-item-1609_ac3238-ab .kt-svg-icon-list-text mark.kt-highlight{background-color:unset;font-style:normal;color:#f76a0c;-webkit-box-decoration-break:clone;box-decoration-break:clone;padding-top:0px;padding-right:0px;padding-bottom:0px;padding-left:0px;}<\/style>\n<li class=\"wp-block-kadence-listitem kt-svg-icon-list-item-wrap kt-svg-icon-list-item-1609_ac3238-ab\"><span class=\"kb-svg-icon-wrap kb-svg-icon-fas_chevron-right kt-svg-icon-list-single\"><svg viewBox=\"0 0 320 512\"  fill=\"currentColor\" xmlns=\"http:\/\/www.w3.org\/2000\/svg\"  aria-hidden=\"true\"><path d=\"M285.476 272.971L91.132 467.314c-9.373 9.373-24.569 9.373-33.941 0l-22.667-22.667c-9.357-9.357-9.375-24.522-.04-33.901L188.505 256 34.484 101.255c-9.335-9.379-9.317-24.544.04-33.901l22.667-22.667c9.373-9.373 24.569-9.373 33.941 0L285.475 239.03c9.373 9.372 9.373 24.568.001 33.941z\"\/><\/svg><\/span><span class=\"kt-svg-icon-list-text\">Transparencia<\/span><\/li>\n\n\n<style>.kt-svg-icon-list-item-1609_59a9eb-c3 .kt-svg-icon-list-text mark.kt-highlight{background-color:unset;font-style:normal;color:#f76a0c;-webkit-box-decoration-break:clone;box-decoration-break:clone;padding-top:0px;padding-right:0px;padding-bottom:0px;padding-left:0px;}<\/style>\n<li class=\"wp-block-kadence-listitem kt-svg-icon-list-item-wrap kt-svg-icon-list-item-1609_59a9eb-c3\"><span class=\"kb-svg-icon-wrap kb-svg-icon-fas_chevron-right kt-svg-icon-list-single\"><svg viewBox=\"0 0 320 512\"  fill=\"currentColor\" xmlns=\"http:\/\/www.w3.org\/2000\/svg\"  aria-hidden=\"true\"><path d=\"M285.476 272.971L91.132 467.314c-9.373 9.373-24.569 9.373-33.941 0l-22.667-22.667c-9.357-9.357-9.375-24.522-.04-33.901L188.505 256 34.484 101.255c-9.335-9.379-9.317-24.544.04-33.901l22.667-22.667c9.373-9.373 24.569-9.373 33.941 0L285.475 239.03c9.373 9.372 9.373 24.568.001 33.941z\"\/><\/svg><\/span><span class=\"kt-svg-icon-list-text\">Fiabilidad<\/span><\/li>\n\n\n<style>.kt-svg-icon-list-item-1609_88ee03-30 .kt-svg-icon-list-text mark.kt-highlight{background-color:unset;font-style:normal;color:#f76a0c;-webkit-box-decoration-break:clone;box-decoration-break:clone;padding-top:0px;padding-right:0px;padding-bottom:0px;padding-left:0px;}<\/style>\n<li class=\"wp-block-kadence-listitem kt-svg-icon-list-item-wrap kt-svg-icon-list-item-1609_88ee03-30\"><span class=\"kb-svg-icon-wrap kb-svg-icon-fas_chevron-right kt-svg-icon-list-single\"><svg viewBox=\"0 0 320 512\"  fill=\"currentColor\" xmlns=\"http:\/\/www.w3.org\/2000\/svg\"  aria-hidden=\"true\"><path d=\"M285.476 272.971L91.132 467.314c-9.373 9.373-24.569 9.373-33.941 0l-22.667-22.667c-9.357-9.357-9.375-24.522-.04-33.901L188.505 256 34.484 101.255c-9.335-9.379-9.317-24.544.04-33.901l22.667-22.667c9.373-9.373 24.569-9.373 33.941 0L285.475 239.03c9.373 9.372 9.373 24.568.001 33.941z\"\/><\/svg><\/span><span class=\"kt-svg-icon-list-text\">Equidad<\/span><\/li>\n\n\n<style>.kt-svg-icon-list-item-1609_2581cb-e7 .kt-svg-icon-list-text mark.kt-highlight{background-color:unset;font-style:normal;color:#f76a0c;-webkit-box-decoration-break:clone;box-decoration-break:clone;padding-top:0px;padding-right:0px;padding-bottom:0px;padding-left:0px;}<\/style>\n<li class=\"wp-block-kadence-listitem kt-svg-icon-list-item-wrap kt-svg-icon-list-item-1609_2581cb-e7\"><span class=\"kb-svg-icon-wrap kb-svg-icon-fas_chevron-right kt-svg-icon-list-single\"><svg viewBox=\"0 0 320 512\"  fill=\"currentColor\" xmlns=\"http:\/\/www.w3.org\/2000\/svg\"  aria-hidden=\"true\"><path d=\"M285.476 272.971L91.132 467.314c-9.373 9.373-24.569 9.373-33.941 0l-22.667-22.667c-9.357-9.357-9.375-24.522-.04-33.901L188.505 256 34.484 101.255c-9.335-9.379-9.317-24.544.04-33.901l22.667-22.667c9.373-9.373 24.569-9.373 33.941 0L285.475 239.03c9.373 9.372 9.373 24.568.001 33.941z\"\/><\/svg><\/span><span class=\"kt-svg-icon-list-text\">Verdad<\/span><\/li>\n<\/ul><\/div>\n\n<h3 class=\"wp-block-heading\">Innovaci\u00f3n<\/h3>\n\n<p>Seguimos el principio del cambio (no de la imitaci\u00f3n) mediante el uso de ideas \u00fanicas al tratar con nuestros clientes. Nuestros abogados de accidentes son din\u00e1micos y presentan conceptos excepcionales que se traducen en servicios legales exitosos. <\/p>\n\n<h3 class=\"wp-block-heading\">Elija un abogado de accidentes automovil\u00edsticos cerca de usted<\/h3>\n\n<p>\u00bfEst\u00e1 buscando un abogado de accidentes automovil\u00edsticos en Houston? En caso afirmativo, nuestro bufete de abogados est\u00e1 cerca y esperando para ayudarlo a obtener su compensaci\u00f3n m\u00e1xima. <\/p>\n\n<p>Elija a Shane R. Kadlec hoy para experimentar c\u00f3mo se siente trabajar con un abogado de accidentes de Houston TX para obtener sus mejores intereses despu\u00e9s de un accidente que no fue su culpa. No dude en llamarnos al <a href=\"tel:281-643-2000\">281-643-2000<\/a> para una consulta gratuita o <a href=\"https:\/\/www.injurylawyerhouston.com\/es\/contactenos\/\">cont\u00e1ctenos<\/a> en l\u00ednea. <\/p>\n","protected":false},"excerpt":{"rendered":"<p>Abogado de lesiones personales en la costa del Golfo de Texas para todo tipo de accidentes Si est\u00e1 buscando un abogado de accidentes de Houston, TX que ponga a sus clientes en primer lugar para garantizar que cumplan y superen sus expectativas, entonces la oficina legal de Shane R. Kadlec. es la opci\u00f3n correcta para&#8230;<\/p>\n","protected":false},"author":1,"featured_media":500790,"parent":0,"menu_order":0,"comment_status":"closed","ping_status":"closed","template":"","meta":{"_acf_changed":false,"inline_featured_image":false,"_kad_blocks_custom_css":"","_kad_blocks_head_custom_js":"","_kad_blocks_body_custom_js":"","_kad_blocks_footer_custom_js":"","_kad_post_transparent":"","_kad_post_title":"","_kad_post_layout":"","_kad_post_sidebar_id":"","_kad_post_content_style":"","_kad_post_vertical_padding":"","_kad_post_feature":"","_kad_post_feature_position":"","_kad_post_header":false,"_kad_post_footer":false,"_kad_post_classname":"","footnotes":""},"class_list":["post-500786","page","type-page","status-publish","has-post-thumbnail","hentry"],"acf":[],"taxonomy_info":[],"featured_image_src_large":["https:\/\/www.injurylawyerhouston.com\/wp-content\/uploads\/2025\/05\/rear-end-crash-hero-1-1024x320.webp",1024,320,true],"author_info":{"display_name":"Shane R. Kadlec","author_link":"https:\/\/www.injurylawyerhouston.com\/es\/author\/operationslmg\/"},"comment_info":0,"_links":{"self":[{"href":"https:\/\/www.injurylawyerhouston.com\/es\/wp-json\/wp\/v2\/pages\/500786","targetHints":{"allow":["GET"]}}],"collection":[{"href":"https:\/\/www.injurylawyerhouston.com\/es\/wp-json\/wp\/v2\/pages"}],"about":[{"href":"https:\/\/www.injurylawyerhouston.com\/es\/wp-json\/wp\/v2\/types\/page"}],"author":[{"embeddable":true,"href":"https:\/\/www.injurylawyerhouston.com\/es\/wp-json\/wp\/v2\/users\/1"}],"replies":[{"embeddable":true,"href":"https:\/\/www.injurylawyerhouston.com\/es\/wp-json\/wp\/v2\/comments?post=500786"}],"version-history":[{"count":1,"href":"https:\/\/www.injurylawyerhouston.com\/es\/wp-json\/wp\/v2\/pages\/500786\/revisions"}],"predecessor-version":[{"id":500792,"href":"https:\/\/www.injurylawyerhouston.com\/es\/wp-json\/wp\/v2\/pages\/500786\/revisions\/500792"}],"wp:featuredmedia":[{"embeddable":true,"href":"https:\/\/www.injurylawyerhouston.com\/es\/wp-json\/wp\/v2\/media\/500790"}],"wp:attachment":[{"href":"https:\/\/www.injurylawyerhouston.com\/es\/wp-json\/wp\/v2\/media?parent=500786"}],"curies":[{"name":"wp","href":"https:\/\/api.w.org\/{rel}","templated":true}]}}