{"id":500787,"date":"2025-05-07T12:08:13","date_gmt":"2025-05-07T12:08:13","guid":{"rendered":"https:\/\/www.injurylawyerhouston.com\/abogado-de-lesiones-personales-del-condado-de-harris-tx\/"},"modified":"2025-10-13T20:16:15","modified_gmt":"2025-10-13T20:16:15","slug":"abogado-de-lesiones-personales-del-condado-de-harris-tx","status":"publish","type":"page","link":"https:\/\/www.injurylawyerhouston.com\/es\/abogado-de-lesiones-personales-del-condado-de-harris-tx\/","title":{"rendered":"Abogado de lesiones personales del condado de Harris, TX"},"content":{"rendered":"\n<h2 class=\"wp-block-heading\">Abogado del Condado de Harris que ayuda a las v\u00edctimas lesionadas a recuperar una compensaci\u00f3n completa<\/h2>\n\n<p>\u00bfUsted o un ser querido ha sido v\u00edctima de una lesi\u00f3n personal como resultado del error, la malicia o la negligencia de otra persona? Si es as\u00ed, es probable que tenga derecho a una compensaci\u00f3n seg\u00fan la ley de Texas. Si le preocupa c\u00f3mo pagar\u00e1 un abogado de lesiones en Houston, \u00a1no se preocupe m\u00e1s! Puede encontrar un abogado especializado en lesiones personales de Houston en la <g id=\"gid_0\">oficina legal de Shane R. Kadlec.<\/g> El abogado Kadlec a menudo representa a los clientes con honorarios de contingencia, lo que significa que no les cobra nada a menos que ganen sus casos y obtengan su dinero.    <\/p>\n\n<p>\u00bfCalifica para la representaci\u00f3n basada en contingencias? Solo hay una forma de averiguarlo: programe una cita para una consulta gratuita. <\/p>\n\n<p><strong>Descargo de responsabilidad completo: <\/strong>No todos calificar\u00e1n para la representaci\u00f3n legal basada en contingencias, y a algunas personas se les pedir\u00e1 que hagan un dep\u00f3sito en servicios legales. Sin embargo, incluso si no califica, puede obtener una consulta gratuita sobre su caso. <a href=\"https:\/\/www.injurylawyerhouston.com\/es\/contactenos\/\">Cont\u00e1ctenos en l\u00ednea<\/a> o ll\u00e1menos al <a href=\"tel:281-643-2000\">281-643-2000<\/a> para programar su consulta gratuita ahora. <\/p>\n\n<h2 class=\"wp-block-heading\">\u00bfQu\u00e9 puede hacer por m\u00ed un abogado de lesiones personales de Houston?<\/h2>\n\n<p>Hay muchas cosas, adem\u00e1s de una consulta gratuita y asesoramiento legal, que un abogado de lesiones personales de Houston puede hacer por usted. Por ejemplo, el abogado Kadlec tiene mucha experiencia en la representaci\u00f3n de lesiones personales y ha establecido relaciones con todo tipo de m\u00e9dicos y quiropr\u00e1cticos en Houston. Si no est\u00e1 recibiendo el tipo de atenci\u00f3n m\u00e9dica que necesita y merece, nuestro abogado puede ayudarlo a encontrar esa atenci\u00f3n m\u00e9dica y trabajamos con profesionales m\u00e9dicos que pueden servir como testigos expertos en su nombre. Por supuesto, esto es solo ara\u00f1ar la superficie. Estos son algunos otros beneficios de contratar a un abogado de lesiones personales:    <\/p>\n\n<h2 class=\"wp-block-heading\">Orientaci\u00f3n en cada paso del camino<\/h2>\n\n<p>Si no ha pasado por un reclamo por lesiones personales antes, probablemente no sepa qu\u00e9 esperar. Los reclamos por lesiones personales pueden ser muy largos y prolongados. Puede valer la pena tener un abogado con experiencia de su lado, que lo asesore y se asegure de que est\u00e1 haciendo lo que necesita hacer para prosperar su caso.  <\/p>\n\n<h2 class=\"wp-block-heading\">Ayuda con todos los asuntos legales<\/h2>\n\n<p>A menos que usted mismo sea abogado o asistente legal, probablemente no sabr\u00e1 qu\u00e9 hacer o cu\u00e1ndo hacerlo. Se debe presentar el papeleo, se deben recopilar pruebas, se debe dar testimonio de testigos, se debe tratar con las compa\u00f1\u00edas de seguros y mucho m\u00e1s sucede detr\u00e1s de escena en cualquier caso de lesiones personales. <\/p>\n\n<h2 class=\"wp-block-heading\">Protecci\u00f3n de sus derechos<\/h2>\n\n<p>No mucha gente en estos d\u00edas se sorprende cuando escucha que los fiscales o abogados violan los derechos de otra persona. Y esto puede sorprenderte, pero los jueces no est\u00e1n ah\u00ed para proteger tus derechos. Est\u00e1n ah\u00ed para interpretar la ley. Depende de usted proteger sus derechos, pero si no conoce el sistema legal, \u00bfc\u00f3mo lo har\u00e1? Es por eso que tiene sentido contratar a un abogado de lesiones personales de Houston. Perm\u00edtanos proteger sus derechos y asegurarnos de que no se aprovechen de usted. Cuando la compa\u00f1\u00eda de seguros ve que tiene al abogado Kadlec de su lado, es mucho m\u00e1s probable que jueguen limpio.      <\/p>\n\n<h2 class=\"wp-block-heading\">P\u00f3ngase en contacto con un abogado de lesiones certificado por la junta hoy<\/h2>\n\n<p>Para obtener m\u00e1s informaci\u00f3n sobre nuestra firma y c\u00f3mo podemos ayudarlo con su caso, <a href=\"tel:281-643-2000\">comun\u00edquese con nuestra oficina<\/a>. Llame al <a href=\"tel:281-643-2000\">281-643-2000<\/a> para una consulta gratuita con el abogado Shane Kadlec hoy.   <\/p>\n","protected":false},"excerpt":{"rendered":"<p>Abogado del Condado de Harris que ayuda a las v\u00edctimas lesionadas a recuperar una compensaci\u00f3n completa \u00bfUsted o un ser querido ha sido v\u00edctima de una lesi\u00f3n personal como resultado del error, la malicia o la negligencia de otra persona? Si es as\u00ed, es probable que tenga derecho a una compensaci\u00f3n seg\u00fan la ley de&#8230;<\/p>\n","protected":false},"author":1,"featured_media":500789,"parent":0,"menu_order":0,"comment_status":"closed","ping_status":"closed","template":"","meta":{"_acf_changed":false,"inline_featured_image":false,"_kad_blocks_custom_css":"","_kad_blocks_head_custom_js":"","_kad_blocks_body_custom_js":"","_kad_blocks_footer_custom_js":"","_kad_post_transparent":"","_kad_post_title":"","_kad_post_layout":"","_kad_post_sidebar_id":"","_kad_post_content_style":"","_kad_post_vertical_padding":"","_kad_post_feature":"","_kad_post_feature_position":"","_kad_post_header":false,"_kad_post_footer":false,"_kad_post_classname":"","footnotes":""},"class_list":["post-500787","page","type-page","status-publish","has-post-thumbnail","hentry"],"acf":[],"taxonomy_info":[],"featured_image_src_large":["https:\/\/www.injurylawyerhouston.com\/wp-content\/uploads\/2025\/05\/hero04-1024x320.webp",1024,320,true],"author_info":{"display_name":"Shane R. Kadlec","author_link":"https:\/\/www.injurylawyerhouston.com\/es\/author\/operationslmg\/"},"comment_info":0,"_links":{"self":[{"href":"https:\/\/www.injurylawyerhouston.com\/es\/wp-json\/wp\/v2\/pages\/500787","targetHints":{"allow":["GET"]}}],"collection":[{"href":"https:\/\/www.injurylawyerhouston.com\/es\/wp-json\/wp\/v2\/pages"}],"about":[{"href":"https:\/\/www.injurylawyerhouston.com\/es\/wp-json\/wp\/v2\/types\/page"}],"author":[{"embeddable":true,"href":"https:\/\/www.injurylawyerhouston.com\/es\/wp-json\/wp\/v2\/users\/1"}],"replies":[{"embeddable":true,"href":"https:\/\/www.injurylawyerhouston.com\/es\/wp-json\/wp\/v2\/comments?post=500787"}],"version-history":[{"count":1,"href":"https:\/\/www.injurylawyerhouston.com\/es\/wp-json\/wp\/v2\/pages\/500787\/revisions"}],"predecessor-version":[{"id":500791,"href":"https:\/\/www.injurylawyerhouston.com\/es\/wp-json\/wp\/v2\/pages\/500787\/revisions\/500791"}],"wp:featuredmedia":[{"embeddable":true,"href":"https:\/\/www.injurylawyerhouston.com\/es\/wp-json\/wp\/v2\/media\/500789"}],"wp:attachment":[{"href":"https:\/\/www.injurylawyerhouston.com\/es\/wp-json\/wp\/v2\/media?parent=500787"}],"curies":[{"name":"wp","href":"https:\/\/api.w.org\/{rel}","templated":true}]}}