{"id":500794,"date":"2025-05-07T11:54:48","date_gmt":"2025-05-07T11:54:48","guid":{"rendered":"https:\/\/www.injurylawyerhouston.com\/ganadora-de-la-primavera-de-2022-tionna-taite\/"},"modified":"2025-10-13T20:16:19","modified_gmt":"2025-10-13T20:16:19","slug":"ganadora-de-la-primavera-de-2022-tionna-taite","status":"publish","type":"page","link":"https:\/\/www.injurylawyerhouston.com\/es\/ganadora-de-la-primavera-de-2022-tionna-taite\/","title":{"rendered":"Ganadora de la primavera de 2022, Tionna Taite"},"content":{"rendered":"\n<h2 class=\"wp-block-heading\">Ganador de la beca de servicio p\u00fablico de la oficina legal de Shane R. Kadlec en la primavera de 2022<\/h2>\n<style>.kb-image1586_43875c-3f .kb-image-has-overlay:after{opacity:0.3;}<\/style>\n<div class=\"wp-block-kadence-image kb-image1586_43875c-3f\"><figure class=\"alignright\"><img decoding=\"async\" src=\"https:\/\/www.injurylawyerhouston.com\/wp-content\/uploads\/2025\/05\/ss_tionna_taite.jpg\" alt=\"Tionna Taite\" class=\"kb-img\"><\/figure><\/div>\n\n<h3 class=\"wp-block-heading\">Tionna Taite<\/h3>\n\n<p>Tionna Taite es una estudiante apasionada que aspira a tener un impacto significativo en la profesi\u00f3n legal y su comunidad educativa. En su ensayo, Tionna detalla c\u00f3mo espera ser una defensora de otros estudiantes minoritarios y de aquellos que pueden no tener voz. Despu\u00e9s de terminar la facultad de derecho, Tionna espera convertirse en abogada de propiedad intelectual, dedicar tiempo al trabajo pro bono y contribuir a su comunidad a trav\u00e9s de la filantrop\u00eda.  <\/p>\n\n<h3 class=\"wp-block-heading\">Lea el ensayo de Tionna:<\/h3>\n\n<p>Se ha dejado una marca duradera en m\u00ed. No, no como una mancha. M\u00e1s como una huella interna que mancha mi car\u00e1cter. La influencia de mi abuela se puede ver a trav\u00e9s de mis respuestas a las diversas circunstancias de la vida. Las discusiones en el porche de mi abuela me educaron sobre la historia de mi ciudad natal, Montgomery, Alabama, as\u00ed como sobre los prejuicios que mi abuela soport\u00f3 durante su juventud. En 1961, el Ku Klux Klan invadi\u00f3 la propiedad de mi bisabuelo. Cuando solo ten\u00eda siete a\u00f1os, mi abuela consolaba a sus seis hermanos mientras se acurrucaban en la esquina de la habitaci\u00f3n de sus padres en Evergreen, Alabama. A trav\u00e9s de sus historias de injusticia, he desarrollado una conciencia social que tiene como objetivo dar voz a las v\u00edctimas que de otro modo no tendr\u00edan la oportunidad de ser escuchadas.       <\/p>\n\n<p>La cantidad desproporcionada de estudiantes de minor\u00edas que no pueden perseguir f\u00e1cilmente sus objetivos educativos tambi\u00e9n me motiva a obtener un t\u00edtulo en derecho. No solo me esforzar\u00e9 por ser un abogado de propiedad intelectual, que es uno de los campos menos diversos del derecho, sino que tambi\u00e9n aumentar\u00e9 las oportunidades educativas para estudiantes desfavorecidos y minoritarios. Esto es extremadamente importante para m\u00ed porque muchos estudiantes de minor\u00edas tienen talentos y aspiraciones que a menudo quedan vacantes porque no tienen acceso a los recursos educativos b\u00e1sicos que necesitan.  <\/p>\n\n<p>Como abogada negra, tomar\u00e9 la iniciativa y abogar\u00e9 por los estudiantes de minor\u00edas de todos los or\u00edgenes para que puedan seguir libremente una educaci\u00f3n sin obst\u00e1culos financieros. Utilizar\u00e9 mi experiencia legal para desafiar las leyes que crean barreras educativas para los estudiantes minoritarios. Adem\u00e1s, desafiar\u00e9 los sistemas que permiten que persistan las desigualdades raciales en la educaci\u00f3n, la vivienda y el sistema de justicia. Un t\u00edtulo en derecho me otorgar\u00eda la experiencia necesaria para abordar e iniciar adecuadamente el cambio social como servidor p\u00fablico.   <\/p>\n\n<p>Mientras planifico la universidad y mis metas profesionales, la Beca de Servicio P\u00fablico de la Oficina Legal de Shane R. Kadlec es el enlace que me ayuda con los gastos universitarios presentes y futuros que encontrar\u00e9 a lo largo de mi carrera acad\u00e9mica en la Facultad de Derecho de la Universidad de Alabama. No solo aspiro a ser un abogado de propiedad intelectual, sino que tambi\u00e9n deseo impactar positivamente en la sociedad a trav\u00e9s de programas caritativos como fil\u00e1ntropo. En \u00faltima instancia, la Beca de Servicio P\u00fablico de la Oficina Legal de Shane R. Kadlec invierte profundamente y contribuye a mi futuro al permitirme pagar un t\u00edtulo en derecho. Al invertir en m\u00ed, la Beca de Servicio P\u00fablico de la Oficina Legal de Shane R. Kadlec tambi\u00e9n invierte en la educaci\u00f3n de otros estudiantes a los que podr\u00e9 ayudar en el futuro cuando obtenga mi t\u00edtulo de abogado.   <\/p>\n\n<p>Todo lo que me he convertido y en lo que me estoy convirtiendo ha sido moldeado por las suaves manos de mi abuela. A trav\u00e9s de sus acciones, historias, experiencias y conversaciones, he recibido una gema preciosa para llevar conmigo mientras soporto los desaf\u00edos de la vida. Esa gema preciosa es un rub\u00ed. Sin ese rub\u00ed, no habr\u00eda experimentado de primera mano la necesidad de personas que protejan y ayuden a su comunidad como servidor p\u00fablico. Tengo la suerte de ser la nieta de Ruby Booker.    <\/p>\n","protected":false},"excerpt":{"rendered":"<p>Ganador de la beca de servicio p\u00fablico de la oficina legal de Shane R. Kadlec en la primavera de 2022 Tionna Taite Tionna Taite es una estudiante apasionada que aspira a tener un impacto significativo en la profesi\u00f3n legal y su comunidad educativa. En su ensayo, Tionna detalla c\u00f3mo espera ser una defensora de otros&#8230;<\/p>\n","protected":false},"author":1,"featured_media":500800,"parent":0,"menu_order":0,"comment_status":"closed","ping_status":"closed","template":"","meta":{"_acf_changed":false,"inline_featured_image":false,"_kad_blocks_custom_css":"","_kad_blocks_head_custom_js":"","_kad_blocks_body_custom_js":"","_kad_blocks_footer_custom_js":"","_kad_post_transparent":"","_kad_post_title":"","_kad_post_layout":"","_kad_post_sidebar_id":"","_kad_post_content_style":"","_kad_post_vertical_padding":"","_kad_post_feature":"","_kad_post_feature_position":"","_kad_post_header":false,"_kad_post_footer":false,"_kad_post_classname":"","footnotes":""},"class_list":["post-500794","page","type-page","status-publish","has-post-thumbnail","hentry"],"acf":[],"taxonomy_info":[],"featured_image_src_large":["https:\/\/www.injurylawyerhouston.com\/wp-content\/uploads\/2025\/05\/houston-skyline-1024x320.webp",1024,320,true],"author_info":{"display_name":"Shane R. Kadlec","author_link":"https:\/\/www.injurylawyerhouston.com\/es\/author\/operationslmg\/"},"comment_info":0,"_links":{"self":[{"href":"https:\/\/www.injurylawyerhouston.com\/es\/wp-json\/wp\/v2\/pages\/500794","targetHints":{"allow":["GET"]}}],"collection":[{"href":"https:\/\/www.injurylawyerhouston.com\/es\/wp-json\/wp\/v2\/pages"}],"about":[{"href":"https:\/\/www.injurylawyerhouston.com\/es\/wp-json\/wp\/v2\/types\/page"}],"author":[{"embeddable":true,"href":"https:\/\/www.injurylawyerhouston.com\/es\/wp-json\/wp\/v2\/users\/1"}],"replies":[{"embeddable":true,"href":"https:\/\/www.injurylawyerhouston.com\/es\/wp-json\/wp\/v2\/comments?post=500794"}],"version-history":[{"count":1,"href":"https:\/\/www.injurylawyerhouston.com\/es\/wp-json\/wp\/v2\/pages\/500794\/revisions"}],"predecessor-version":[{"id":500801,"href":"https:\/\/www.injurylawyerhouston.com\/es\/wp-json\/wp\/v2\/pages\/500794\/revisions\/500801"}],"wp:featuredmedia":[{"embeddable":true,"href":"https:\/\/www.injurylawyerhouston.com\/es\/wp-json\/wp\/v2\/media\/500800"}],"wp:attachment":[{"href":"https:\/\/www.injurylawyerhouston.com\/es\/wp-json\/wp\/v2\/media?parent=500794"}],"curies":[{"name":"wp","href":"https:\/\/api.w.org\/{rel}","templated":true}]}}