{"id":500795,"date":"2025-05-07T11:56:38","date_gmt":"2025-05-07T11:56:38","guid":{"rendered":"https:\/\/www.injurylawyerhouston.com\/ganador-de-la-primavera-de-2022-brady-cole-miller\/"},"modified":"2025-10-13T20:16:19","modified_gmt":"2025-10-13T20:16:19","slug":"ganador-de-la-primavera-de-2022-brady-cole-miller","status":"publish","type":"page","link":"https:\/\/www.injurylawyerhouston.com\/es\/ganador-de-la-primavera-de-2022-brady-cole-miller\/","title":{"rendered":"Ganador de la primavera de 2022 Brady Cole Miller"},"content":{"rendered":"\n<h2 class=\"wp-block-heading\">Ganador de la beca de servicio p\u00fablico de la oficina legal de Shane R. Kadlec en la primavera de 2022<\/h2>\n<style>.kb-image1589_a31871-34 .kb-image-has-overlay:after{opacity:0.3;}<\/style>\n<div class=\"wp-block-kadence-image kb-image1589_a31871-34\"><figure class=\"alignright\"><img decoding=\"async\" src=\"https:\/\/www.injurylawyerhouston.com\/wp-content\/uploads\/2025\/05\/ss_brady_cole_miller.jpg\" alt=\"\/static\/dealer-23236\/ss_brady_cole_miller.jpg\" class=\"kb-img\"><\/figure><\/div>\n\n<h3 class=\"wp-block-heading\">Brady Cole Miller<\/h3>\n\n<p>El ensayo de la beca de Brady muestra su pasi\u00f3n por marcar la diferencia en el sistema de justicia penal. Como alguien que siempre ha so\u00f1ado con convertirse en abogado, Brady espera usar su educaci\u00f3n superior para seguir una carrera como abogado penal de inter\u00e9s p\u00fablico. Brady demuestra su compromiso con el servicio p\u00fablico a trav\u00e9s de su inmenso deseo de traer un cambio positivo al sistema de justicia penal.  <\/p>\n\n<h3 class=\"wp-block-heading\">Lea el ensayo de Brady:<\/h3>\n\n<p>Desde que tengo memoria, he querido convertirme en abogado. Siempre me preguntan por qu\u00e9 y c\u00f3mo empez\u00f3 eso. Nunca ha habido abogados en mi familia extendida. Ni siquiera estoy seguro de haber conocido a un abogado mientras crec\u00eda. Sin embargo, cada vez que alguien preguntaba, siempre dec\u00eda que quer\u00eda ser abogado. Puede que no pueda precisar d\u00f3nde comenz\u00f3, pero ciertamente s\u00e9 lo que me impulsa ahora. Jugu\u00e9 f\u00fatbol americano en la escuela secundaria en un equipo dominado por jugadores negros con una abrumadora mayor\u00eda de entrenadores blancos. En la pr\u00e1ctica, no fue anormal escuchar a los entrenadores usar t\u00e9rminos como &#8220;mono&#8221; y &#8220;mapache&#8221; cuando hablaban de jugadores negros en el equipo. A pesar de todas sus fallas, ese equipo de f\u00fatbol es la forma en que conoc\u00ed a mi mejor amigo hasta el d\u00eda de hoy. La historia familiar de Marcus es compleja, por decir lo menos. Su madre adicta a las drogas lo abandon\u00f3 cuando estaba en la escuela primaria. Cuando Marcus estaba en la escuela secundaria, su padre fue arrestado y encarcelado por delitos que \u00e9l y Marcus niegan haber cometido. Se le dio un defensor p\u00fablico que no ten\u00eda experiencia y estaba sobrecargado de trabajo. Despu\u00e9s de tres minutos, su abogado le dijo que el acuerdo de culpabilidad frente a \u00e9l ser\u00eda mejor que ir a juicio. A su abogado no le importaba que pudiera ser inocente o que tuviera una familia en casa que lo necesitara.              <\/p>\n\n<p>La historia de Marcus es solo una de las razones por las que quiero convertirme en abogado. Hay tanto que hacer para reformar el sistema carcelario lo suficiente como para que sirva a la &#8220;justicia igualitaria&#8221;. Se necesitar\u00e1n miles de personas que se unan y decidan que &#8220;van a llevar el sistema a juicio&#8221;, como dir\u00eda Van Jones. Mucha gente ha dedicado su vida a trabajar en este espacio, y quiero ser parte de su movimiento. Quiero ayudar a defender a aquellos que no pueden pagar para defenderse. Quiero ayudar a revocar las condenas que fueron injustas y vergonzosas en primer lugar. Quiero cambiar el sistema que Bryan Stevenson dice que &#8220;te trata mejor si eres rico y culpable que si eres pobre e inocente&#8221;.      <\/p>\n\n<p>Este no es un problema que podamos solucionar retroactivamente; contin\u00faa propag\u00e1ndose hoy. Justo este verano, Texas aprob\u00f3 un proyecto de ley que elimina las fianzas personales en un gran n\u00famero de casos, lo que solo aumenta la ya fuerte dependencia de Texas de la fianza en efectivo, que sabemos que afecta de manera desproporcionada a los pobres y a las personas de color. Este no es un problema del pasado que simplemente tenemos que resolver, este es un problema para ahora y en el futuro que debemos seguir luchando y defendiendo activamente. Cuatrocientos a\u00f1os de racismo y trato desigual han contribuido directamente a profundos problemas sist\u00e9micos con todas las instituciones de Estados Unidos en la actualidad. Quiero hacer mi parte para ayudar a cambiar el rumbo hacia una justicia real, equitativa e impactante.    <\/p>\n","protected":false},"excerpt":{"rendered":"<p>Ganador de la beca de servicio p\u00fablico de la oficina legal de Shane R. Kadlec en la primavera de 2022 Brady Cole Miller El ensayo de la beca de Brady muestra su pasi\u00f3n por marcar la diferencia en el sistema de justicia penal. Como alguien que siempre ha so\u00f1ado con convertirse en abogado, Brady espera&#8230;<\/p>\n","protected":false},"author":1,"featured_media":500798,"parent":0,"menu_order":0,"comment_status":"closed","ping_status":"closed","template":"","meta":{"_acf_changed":false,"inline_featured_image":false,"_kad_blocks_custom_css":"","_kad_blocks_head_custom_js":"","_kad_blocks_body_custom_js":"","_kad_blocks_footer_custom_js":"","_kad_post_transparent":"","_kad_post_title":"","_kad_post_layout":"","_kad_post_sidebar_id":"","_kad_post_content_style":"","_kad_post_vertical_padding":"","_kad_post_feature":"","_kad_post_feature_position":"","_kad_post_header":false,"_kad_post_footer":false,"_kad_post_classname":"","footnotes":""},"class_list":["post-500795","page","type-page","status-publish","has-post-thumbnail","hentry"],"acf":[],"taxonomy_info":[],"featured_image_src_large":["https:\/\/www.injurylawyerhouston.com\/wp-content\/uploads\/2024\/06\/harris-county-injury-lawyers.jpg",1000,400,false],"author_info":{"display_name":"Shane R. Kadlec","author_link":"https:\/\/www.injurylawyerhouston.com\/es\/author\/operationslmg\/"},"comment_info":0,"_links":{"self":[{"href":"https:\/\/www.injurylawyerhouston.com\/es\/wp-json\/wp\/v2\/pages\/500795","targetHints":{"allow":["GET"]}}],"collection":[{"href":"https:\/\/www.injurylawyerhouston.com\/es\/wp-json\/wp\/v2\/pages"}],"about":[{"href":"https:\/\/www.injurylawyerhouston.com\/es\/wp-json\/wp\/v2\/types\/page"}],"author":[{"embeddable":true,"href":"https:\/\/www.injurylawyerhouston.com\/es\/wp-json\/wp\/v2\/users\/1"}],"replies":[{"embeddable":true,"href":"https:\/\/www.injurylawyerhouston.com\/es\/wp-json\/wp\/v2\/comments?post=500795"}],"version-history":[{"count":1,"href":"https:\/\/www.injurylawyerhouston.com\/es\/wp-json\/wp\/v2\/pages\/500795\/revisions"}],"predecessor-version":[{"id":500799,"href":"https:\/\/www.injurylawyerhouston.com\/es\/wp-json\/wp\/v2\/pages\/500795\/revisions\/500799"}],"wp:featuredmedia":[{"embeddable":true,"href":"https:\/\/www.injurylawyerhouston.com\/es\/wp-json\/wp\/v2\/media\/500798"}],"wp:attachment":[{"href":"https:\/\/www.injurylawyerhouston.com\/es\/wp-json\/wp\/v2\/media?parent=500795"}],"curies":[{"name":"wp","href":"https:\/\/api.w.org\/{rel}","templated":true}]}}