{"id":500796,"date":"2025-05-07T12:02:54","date_gmt":"2025-05-07T12:02:54","guid":{"rendered":"https:\/\/www.injurylawyerhouston.com\/ganadora-de-otono-de-2022-emily-martinez\/"},"modified":"2025-10-13T20:16:21","modified_gmt":"2025-10-13T20:16:21","slug":"ganadora-de-otono-de-2022-emily-martinez","status":"publish","type":"page","link":"https:\/\/www.injurylawyerhouston.com\/es\/ganadora-de-otono-de-2022-emily-martinez\/","title":{"rendered":"Ganadora de oto\u00f1o de 2022 Emily Martinez"},"content":{"rendered":"\n<h2 class=\"wp-block-heading\">Ganador de la beca de servicio p\u00fablico de la oficina legal de Shane R. Kadlec de oto\u00f1o de 2022<\/h2>\n<style>.kb-image1595_89f03f-a9 .kb-image-has-overlay:after{opacity:0.3;}<\/style>\n<div class=\"wp-block-kadence-image kb-image1595_89f03f-a9\"><figure class=\"alignright\"><img decoding=\"async\" src=\"https:\/\/www.injurylawyerhouston.com\/wp-content\/uploads\/2025\/05\/ss_emily_martinez.jpg\" alt=\"Emily\" class=\"kb-img\"><\/figure><\/div>\n\n<h3 class=\"wp-block-heading\">Emily Mart\u00ednez<\/h3>\n\n<p>El ensayo de Emily exhibe su fuerte \u00e9tica de trabajo, sacrificio y tenacidad. Emily no solo es una estudiante universitaria de primera generaci\u00f3n, sino que tambi\u00e9n es una ciudadana y miembro del servicio de primera generaci\u00f3n. Es una l\u00edder entre sus compa\u00f1eros y le deseamos lo mejor en su b\u00fasqueda de una carrera en derecho.  <\/p>\n\n<h3 class=\"wp-block-heading\">Lea el ensayo de Emily:<\/h3>\n\n<p>Mi camino poco convencional hacia la facultad de derecho me ha proporcionado un profundo conocimiento y experiencia, lo que ha inspirado mi compromiso con la diversidad y la inclusi\u00f3n y me ha llevado a una carrera legal. Como ciudadano de primera generaci\u00f3n, estudiante universitario, estudiante de derecho y miembro del servicio, mis experiencias brindan una perspectiva diversa que me ayudar\u00e1 a encontrar soluciones creativas como abogado y promover el avance de los hispanos en la profesi\u00f3n legal. <\/p>\n\n<p>Soy hija de padres inmigrantes. Mi madre emigr\u00f3 a Estados Unidos desde una peque\u00f1a comunidad ubicada en los bosques de Chiapas, M\u00e9xico. Mi padre naveg\u00f3 de Cuba a Estados Unidos en un barco que \u00e9l mismo fabric\u00f3. Cuando cumpl\u00ed 11 a\u00f1os, mi madre fue detenida por agentes de inmigraci\u00f3n. La prolongada batalla legal que result\u00f3 fue mi primera exposici\u00f3n al campo legal.    <\/p>\n\n<p>La aparente desesperanza de la situaci\u00f3n de mi familia motiv\u00f3 mis estudios. Me ofrecieron la oportunidad de estudiar en una escuela secundaria Early College, donde al mismo tiempo asist\u00ed a un colegio comunitario trabajando para obtener un t\u00edtulo de asociado. Poco despu\u00e9s de graduarme de la escuela secundaria, la apelaci\u00f3n de inmigraci\u00f3n de mi madre fue denegada. Sin embargo, un abogado innovador inform\u00f3 a mi familia sobre la libertad condicional militar en el lugar, un programa que podr\u00eda revocar la orden de deportaci\u00f3n de mi madre si uno de sus hijos era miembro del servicio. Esa semana, me alist\u00e9 en un papel de combate con la Guardia Nacional del Ej\u00e9rcito. Fui una de las cuatro mujeres que se graduaron de la formaci\u00f3n. Este fue un momento crucial para m\u00ed. Me di cuenta de que mi vida ser\u00eda una b\u00fasqueda constante de crecimiento personal y profesional, y le deb\u00eda a mi madre dedicar mi vida a un trabajo significativo. Me apasiona empoderar a los miembros de grupos minoritarios a trav\u00e9s de soluciones legales y tutor\u00eda.       <\/p>\n\n<p>Mientras cursaba mi licenciatura, continu\u00e9 desarrollando mis habilidades de liderazgo. Aprend\u00ed a prosperar como l\u00edder bajo presi\u00f3n mientras estaba al mando de equipos de soldados durante tres misiones de la Guardia Nacional. Comand\u00e9 con \u00e9xito un pelot\u00f3n de 30 soldados administrando grandes movimientos, asignaciones de misiones y las necesidades de soldados individuales. En mi \u00faltimo semestre con ROTC, fui ascendido a Oficial Ejecutivo, donde fui el segundo al mando de 58 cadetes, dirigiendo las tareas administrativas diarias y desarrollando oficiales de apoyo. Como Oficial Ejecutivo, comenc\u00e9 un programa de talleres en el que seleccion\u00e9 cadetes calificados para impartir clases informativas sobre una variedad de temas, como el empoderamiento de las mujeres y la gesti\u00f3n del tiempo. En 2021, me comisionaron como oficial del ej\u00e9rcito. A trav\u00e9s de mi servicio militar, me he vuelto decisivo e intencional en mis acciones, he desarrollado s\u00f3lidas habilidades para resolver problemas y la capacidad de ense\u00f1ar y guiar a otros.      <\/p>\n\n<p>Me considero un candidato cuya experiencia \u00fanica demuestra singularmente el poder transformador que tienen los abogados como consejeros. Estoy listo para ofrecer mis esfuerzos al campo legal para poder trabajar con un conjunto diverso de clientes y colegas que se beneficiar\u00e1n de mis experiencias y pocas del mundo y, al mismo tiempo, empoderar\u00e1n a los miembros de la comunidad hispana. <\/p>\n","protected":false},"excerpt":{"rendered":"<p>Ganador de la beca de servicio p\u00fablico de la oficina legal de Shane R. Kadlec de oto\u00f1o de 2022 Emily Mart\u00ednez El ensayo de Emily exhibe su fuerte \u00e9tica de trabajo, sacrificio y tenacidad. Emily no solo es una estudiante universitaria de primera generaci\u00f3n, sino que tambi\u00e9n es una ciudadana y miembro del servicio de&#8230;<\/p>\n","protected":false},"author":1,"featured_media":500800,"parent":0,"menu_order":0,"comment_status":"closed","ping_status":"closed","template":"","meta":{"_acf_changed":false,"inline_featured_image":false,"_kad_blocks_custom_css":"","_kad_blocks_head_custom_js":"","_kad_blocks_body_custom_js":"","_kad_blocks_footer_custom_js":"","_kad_post_transparent":"","_kad_post_title":"","_kad_post_layout":"","_kad_post_sidebar_id":"","_kad_post_content_style":"","_kad_post_vertical_padding":"","_kad_post_feature":"","_kad_post_feature_position":"","_kad_post_header":false,"_kad_post_footer":false,"_kad_post_classname":"","footnotes":""},"class_list":["post-500796","page","type-page","status-publish","has-post-thumbnail","hentry"],"acf":[],"taxonomy_info":[],"featured_image_src_large":["https:\/\/www.injurylawyerhouston.com\/wp-content\/uploads\/2025\/05\/houston-skyline-1024x320.webp",1024,320,true],"author_info":{"display_name":"Shane R. Kadlec","author_link":"https:\/\/www.injurylawyerhouston.com\/es\/author\/operationslmg\/"},"comment_info":0,"_links":{"self":[{"href":"https:\/\/www.injurylawyerhouston.com\/es\/wp-json\/wp\/v2\/pages\/500796","targetHints":{"allow":["GET"]}}],"collection":[{"href":"https:\/\/www.injurylawyerhouston.com\/es\/wp-json\/wp\/v2\/pages"}],"about":[{"href":"https:\/\/www.injurylawyerhouston.com\/es\/wp-json\/wp\/v2\/types\/page"}],"author":[{"embeddable":true,"href":"https:\/\/www.injurylawyerhouston.com\/es\/wp-json\/wp\/v2\/users\/1"}],"replies":[{"embeddable":true,"href":"https:\/\/www.injurylawyerhouston.com\/es\/wp-json\/wp\/v2\/comments?post=500796"}],"version-history":[{"count":3,"href":"https:\/\/www.injurylawyerhouston.com\/es\/wp-json\/wp\/v2\/pages\/500796\/revisions"}],"predecessor-version":[{"id":500807,"href":"https:\/\/www.injurylawyerhouston.com\/es\/wp-json\/wp\/v2\/pages\/500796\/revisions\/500807"}],"wp:featuredmedia":[{"embeddable":true,"href":"https:\/\/www.injurylawyerhouston.com\/es\/wp-json\/wp\/v2\/media\/500800"}],"wp:attachment":[{"href":"https:\/\/www.injurylawyerhouston.com\/es\/wp-json\/wp\/v2\/media?parent=500796"}],"curies":[{"name":"wp","href":"https:\/\/api.w.org\/{rel}","templated":true}]}}