{"id":500797,"date":"2025-05-07T11:50:48","date_gmt":"2025-05-07T11:50:48","guid":{"rendered":"https:\/\/www.injurylawyerhouston.com\/lesiones-laborales-de-no-suscriptores-de-houston\/"},"modified":"2025-10-13T20:16:25","modified_gmt":"2025-10-13T20:16:25","slug":"lesiones-laborales-de-no-suscriptores-de-houston","status":"publish","type":"page","link":"https:\/\/www.injurylawyerhouston.com\/es\/lesiones-laborales-de-no-suscriptores-de-houston\/","title":{"rendered":"Lesiones laborales de no suscriptores de Houston"},"content":{"rendered":"\n<p>Hay m\u00faltiples situaciones en las que los trabajadores pueden experimentar lesiones en el <a href=\"\/workplace-injuries\/\">lugar de trabajo<\/a> y, en muchos casos, los beneficios de compensaci\u00f3n para trabajadores no estar\u00e1n disponibles para abordar los gastos m\u00e9dicos de una persona, as\u00ed como la p\u00e9rdida de ingresos debido a una discapacidad temporal o permanente.  <\/p>\n\n<h2 class=\"wp-block-heading\">Abogado de lesiones en el lugar de trabajo de Houston para casos en los que los empleadores no tienen seguro de compensaci\u00f3n para trabajadores<\/h2>\n\n<p>Los empleadores en Texas no est\u00e1n obligados a tener un seguro de compensaci\u00f3n para trabajadores, y cuando un empleador no tiene seguro, un trabajador puede tener dificultades para recibir una compensaci\u00f3n financiera por sus lesiones. En los casos que involucran a empleadores que no est\u00e1n suscritos, los empleados lesionados deber\u00e1n trabajar con un abogado para determinar sus mejores opciones para recuperar una compensaci\u00f3n por los da\u00f1os que han sufrido. La <a href=\"https:\/\/www.injurylawyerhouston.com\/es\/\">oficina legal de Shane R. Kadlec<\/a> est\u00e1 equipada para ayudar a quienes se encuentran en este tipo de situaci\u00f3n.  <\/p>\n\n<h2 class=\"wp-block-heading\">Opciones para empleados de empleadores sin seguro<\/h2>\n\n<p>Un empleador que no mantiene un seguro de compensaci\u00f3n para trabajadores se conoce como no suscriptor. Si un no suscriptor fue responsable de la lesi\u00f3n de un empleado, el empleado puede emprender acciones legales para cobrar una compensaci\u00f3n del empleador a trav\u00e9s de una demanda por lesiones personales. Algunos empleadores pueden mantener otros tipos de p\u00f3lizas de seguro, como seguro de accidentes, salud o discapacidad.    <\/p>\n\n<p>Sin embargo, dado que estas p\u00f3lizas son diferentes del seguro de compensaci\u00f3n para trabajadores, se considerar\u00e1 que un empleador no est\u00e1 suscrito y los empleados pueden buscar una compensaci\u00f3n de estos empleadores. A diferencia de otros casos de lesiones personales, la cantidad que una persona puede cobrar por una lesi\u00f3n laboral de un no suscriptor no se ver\u00e1 afectada por la negligencia contributiva, e incluso si un trabajador tuvo parte de la culpa de una lesi\u00f3n, el empleador puede ser considerado responsable del monto total de los da\u00f1os de la persona. <\/p>\n\n<p>En la mayor\u00eda de los casos, un empleado buscar\u00e1 una compensaci\u00f3n por lesiones causadas por la negligencia de un empleador. Esta negligencia puede incluir: <\/p>\n<style>.wp-block-kadence-iconlist.kt-svg-icon-list-items1583_9fd4c0-41:not(.this-stops-third-party-issues){margin-top:0px;margin-bottom:0px;}.wp-block-kadence-iconlist.kt-svg-icon-list-items1583_9fd4c0-41 ul.kt-svg-icon-list:not(.this-prevents-issues):not(.this-stops-third-party-issues):not(.tijsloc){margin-top:0px;margin-right:0px;margin-bottom:var(--global-kb-spacing-sm, 1.5rem);margin-left:0px;column-gap:24px;}.wp-block-kadence-iconlist.kt-svg-icon-list-items1583_9fd4c0-41 ul.kt-svg-icon-list{grid-row-gap:12px;}.wp-block-kadence-iconlist.kt-svg-icon-list-items1583_9fd4c0-41 .kb-svg-icon-wrap{color:#f38f1e;}.wp-block-kadence-iconlist.kt-svg-icon-list-items1583_9fd4c0-41 ul.kt-svg-icon-list .kt-svg-icon-list-item-wrap .kt-svg-icon-list-single{margin-right:10px;}.kt-svg-icon-list-items1583_9fd4c0-41 ul.kt-svg-icon-list .kt-svg-icon-list-item-wrap, .kt-svg-icon-list-items1583_9fd4c0-41 ul.kt-svg-icon-list .kt-svg-icon-list-item-wrap a{line-height:25px;}.kt-svg-icon-list-items1583_9fd4c0-41 ul.kt-svg-icon-list .kt-svg-icon-list-level-0 .kt-svg-icon-list-single svg{font-size:20px;}<\/style>\n<div class=\"wp-block-kadence-iconlist kt-svg-icon-list-items kt-svg-icon-list-items1583_9fd4c0-41 kt-svg-icon-list-columns-1 alignnone kt-list-icon-aligntop\"><ul class=\"kt-svg-icon-list\"><style>.kt-svg-icon-list-item-1583_0013e8-b8 .kt-svg-icon-list-text mark.kt-highlight{background-color:unset;font-style:normal;color:#f76a0c;-webkit-box-decoration-break:clone;box-decoration-break:clone;padding-top:0px;padding-right:0px;padding-bottom:0px;padding-left:0px;}<\/style>\n<li class=\"wp-block-kadence-listitem kt-svg-icon-list-item-wrap kt-svg-icon-list-item-1583_0013e8-b8\"><span class=\"kb-svg-icon-wrap kb-svg-icon-fas_chevron-right kt-svg-icon-list-single\"><svg viewBox=\"0 0 320 512\"  fill=\"currentColor\" xmlns=\"http:\/\/www.w3.org\/2000\/svg\"  aria-hidden=\"true\"><path d=\"M285.476 272.971L91.132 467.314c-9.373 9.373-24.569 9.373-33.941 0l-22.667-22.667c-9.357-9.357-9.375-24.522-.04-33.901L188.505 256 34.484 101.255c-9.335-9.379-9.317-24.544.04-33.901l22.667-22.667c9.373-9.373 24.569-9.373 33.941 0L285.475 239.03c9.373 9.372 9.373 24.568.001 33.941z\"\/><\/svg><\/span><span class=\"kt-svg-icon-list-text\">No proporcionar a los empleados la capacitaci\u00f3n adecuada.<\/span><\/li>\n\n\n<style>.kt-svg-icon-list-item-1583_dba5b6-f6 .kt-svg-icon-list-text mark.kt-highlight{background-color:unset;font-style:normal;color:#f76a0c;-webkit-box-decoration-break:clone;box-decoration-break:clone;padding-top:0px;padding-right:0px;padding-bottom:0px;padding-left:0px;}<\/style>\n<li class=\"wp-block-kadence-listitem kt-svg-icon-list-item-wrap kt-svg-icon-list-item-1583_dba5b6-f6\"><span class=\"kb-svg-icon-wrap kb-svg-icon-fas_chevron-right kt-svg-icon-list-single\"><svg viewBox=\"0 0 320 512\"  fill=\"currentColor\" xmlns=\"http:\/\/www.w3.org\/2000\/svg\"  aria-hidden=\"true\"><path d=\"M285.476 272.971L91.132 467.314c-9.373 9.373-24.569 9.373-33.941 0l-22.667-22.667c-9.357-9.357-9.375-24.522-.04-33.901L188.505 256 34.484 101.255c-9.335-9.379-9.317-24.544.04-33.901l22.667-22.667c9.373-9.373 24.569-9.373 33.941 0L285.475 239.03c9.373 9.372 9.373 24.568.001 33.941z\"\/><\/svg><\/span><span class=\"kt-svg-icon-list-text\">No utilizar equipo de seguridad o tomar las medidas adecuadas para prevenir accidentes.<\/span><\/li>\n\n\n<style>.kt-svg-icon-list-item-1583_2f522d-ad .kt-svg-icon-list-text mark.kt-highlight{background-color:unset;font-style:normal;color:#f76a0c;-webkit-box-decoration-break:clone;box-decoration-break:clone;padding-top:0px;padding-right:0px;padding-bottom:0px;padding-left:0px;}<\/style>\n<li class=\"wp-block-kadence-listitem kt-svg-icon-list-item-wrap kt-svg-icon-list-item-1583_2f522d-ad\"><span class=\"kb-svg-icon-wrap kb-svg-icon-fas_chevron-right kt-svg-icon-list-single\"><svg viewBox=\"0 0 320 512\"  fill=\"currentColor\" xmlns=\"http:\/\/www.w3.org\/2000\/svg\"  aria-hidden=\"true\"><path d=\"M285.476 272.971L91.132 467.314c-9.373 9.373-24.569 9.373-33.941 0l-22.667-22.667c-9.357-9.357-9.375-24.522-.04-33.901L188.505 256 34.484 101.255c-9.335-9.379-9.317-24.544.04-33.901l22.667-22.667c9.373-9.373 24.569-9.373 33.941 0L285.475 239.03c9.373 9.372 9.373 24.568.001 33.941z\"\/><\/svg><\/span><span class=\"kt-svg-icon-list-text\">Falta de mantenimiento adecuado del equipo.<\/span><\/li>\n\n\n<style>.kt-svg-icon-list-item-1583_0c27d8-59 .kt-svg-icon-list-text mark.kt-highlight{background-color:unset;font-style:normal;color:#f76a0c;-webkit-box-decoration-break:clone;box-decoration-break:clone;padding-top:0px;padding-right:0px;padding-bottom:0px;padding-left:0px;}<\/style>\n<li class=\"wp-block-kadence-listitem kt-svg-icon-list-item-wrap kt-svg-icon-list-item-1583_0c27d8-59\"><span class=\"kb-svg-icon-wrap kb-svg-icon-fas_chevron-right kt-svg-icon-list-single\"><svg viewBox=\"0 0 320 512\"  fill=\"currentColor\" xmlns=\"http:\/\/www.w3.org\/2000\/svg\"  aria-hidden=\"true\"><path d=\"M285.476 272.971L91.132 467.314c-9.373 9.373-24.569 9.373-33.941 0l-22.667-22.667c-9.357-9.357-9.375-24.522-.04-33.901L188.505 256 34.484 101.255c-9.335-9.379-9.317-24.544.04-33.901l22.667-22.667c9.373-9.373 24.569-9.373 33.941 0L285.475 239.03c9.373 9.372 9.373 24.568.001 33.941z\"\/><\/svg><\/span><span class=\"kt-svg-icon-list-text\">No supervisar adecuadamente a los trabajadores y asegurarse de que siguen los procedimientos de seguridad correctos.<\/span><\/li>\n\n\n<style>.kt-svg-icon-list-item-1583_1e4481-a2 .kt-svg-icon-list-text mark.kt-highlight{background-color:unset;font-style:normal;color:#f76a0c;-webkit-box-decoration-break:clone;box-decoration-break:clone;padding-top:0px;padding-right:0px;padding-bottom:0px;padding-left:0px;}<\/style>\n<li class=\"wp-block-kadence-listitem kt-svg-icon-list-item-wrap kt-svg-icon-list-item-1583_1e4481-a2\"><span class=\"kb-svg-icon-wrap kb-svg-icon-fas_chevron-right kt-svg-icon-list-single\"><svg viewBox=\"0 0 320 512\"  fill=\"currentColor\" xmlns=\"http:\/\/www.w3.org\/2000\/svg\"  aria-hidden=\"true\"><path d=\"M285.476 272.971L91.132 467.314c-9.373 9.373-24.569 9.373-33.941 0l-22.667-22.667c-9.357-9.357-9.375-24.522-.04-33.901L188.505 256 34.484 101.255c-9.335-9.379-9.317-24.544.04-33.901l22.667-22.667c9.373-9.373 24.569-9.373 33.941 0L285.475 239.03c9.373 9.372 9.373 24.568.001 33.941z\"\/><\/svg><\/span><span class=\"kt-svg-icon-list-text\">No abordar los peligros en el lugar de trabajo.<\/span><\/li>\n\n\n<style>.kt-svg-icon-list-item-1583_464d8f-7b .kt-svg-icon-list-text mark.kt-highlight{background-color:unset;font-style:normal;color:#f76a0c;-webkit-box-decoration-break:clone;box-decoration-break:clone;padding-top:0px;padding-right:0px;padding-bottom:0px;padding-left:0px;}<\/style>\n<li class=\"wp-block-kadence-listitem kt-svg-icon-list-item-wrap kt-svg-icon-list-item-1583_464d8f-7b\"><span class=\"kb-svg-icon-wrap kb-svg-icon-fas_chevron-right kt-svg-icon-list-single\"><svg viewBox=\"0 0 320 512\"  fill=\"currentColor\" xmlns=\"http:\/\/www.w3.org\/2000\/svg\"  aria-hidden=\"true\"><path d=\"M285.476 272.971L91.132 467.314c-9.373 9.373-24.569 9.373-33.941 0l-22.667-22.667c-9.357-9.357-9.375-24.522-.04-33.901L188.505 256 34.484 101.255c-9.335-9.379-9.317-24.544.04-33.901l22.667-22.667c9.373-9.373 24.569-9.373 33.941 0L285.475 239.03c9.373 9.372 9.373 24.568.001 33.941z\"\/><\/svg><\/span><span class=\"kt-svg-icon-list-text\">No responder adecuadamente a los problemas de seguridad informados por los empleados.<\/span><\/li>\n<\/ul><\/div>\n\n<p>Adem\u00e1s de emprender acciones legales contra un empleador negligente, un trabajador lesionado tambi\u00e9n puede presentar demandas contra <a href=\"https:\/\/www.injurylawyerhouston.com\/es\/abogado-de-reclamos-por-lesiones-laborales-de-terceros-en-houston\/\">terceros<\/a> responsables de un accidente o lesi\u00f3n. Los da\u00f1os disponibles en una demanda por lesiones personales a menudo exceder\u00e1n los montos de compensaci\u00f3n que una persona puede recibir a trav\u00e9s de la compensaci\u00f3n laboral.   <\/p>\n\n<p>Si bien la compensaci\u00f3n para trabajadores proporcionar\u00e1 a una persona un porcentaje de los ingresos que ha perdido debido a una discapacidad, los da\u00f1os en una demanda por lesiones personales pueden proporcionar una compensaci\u00f3n por el monto total de los ingresos perdidos, as\u00ed como por los impedimentos a la capacidad de ingresos futuros. Un reclamo por lesiones personales tambi\u00e9n puede permitir que una v\u00edctima reciba una compensaci\u00f3n que abordar\u00e1 el dolor y el sufrimiento f\u00edsico y emocional que ha experimentado debido a su lesi\u00f3n. <\/p>\n\n<h2 class=\"wp-block-heading\">C\u00f3mo podemos ayudar<\/h2>\n\n<p>La oficina legal de Shane R. Kadlec representa a v\u00edctimas de accidentes y lesiones en el lugar de trabajo, y trabajamos para garantizar que los empleados lesionados puedan recibir una compensaci\u00f3n que aborde todos los da\u00f1os que han sufrido.  <\/p>\n\n<p>Trabajamos para asegurarnos de que las v\u00edctimas sean compensadas por los gastos m\u00e9dicos relacionados con una lesi\u00f3n laboral, p\u00e9rdida de ingresos, reducci\u00f3n de la capacidad de ingresos y dolor y sufrimiento. <a href=\"https:\/\/www.injurylawyerhouston.com\/es\/acerca-de-shane-r-kadlec\/\">El abogado Shane Kadlec<\/a> tiene m\u00e1s de 25 a\u00f1os de experiencia en casos de <a href=\"\/personal-injury\/\">lesiones personales<\/a>, <a href=\"https:\/\/www.injurylawyerhouston.com\/es\/abogado-de-negligencia-medica-en-houston\/\">negligencia m\u00e9dica<\/a> y accidentes laborales, y trabaja para ayudar a los clientes a emprender acciones legales contra empleadores negligentes u otras partes que les han causado da\u00f1o.<\/p>\n<style>.kadence-column1583_433a84-62 > .kt-inside-inner-col{padding-top:var(--global-kb-spacing-md, 2rem);padding-right:var(--global-kb-spacing-md, 2rem);padding-bottom:var(--global-kb-spacing-md, 2rem);padding-left:var(--global-kb-spacing-md, 2rem);}.kadence-column1583_433a84-62 > .kt-inside-inner-col,.kadence-column1583_433a84-62 > .kt-inside-inner-col:before{border-top-left-radius:0px;border-top-right-radius:0px;border-bottom-right-radius:0px;border-bottom-left-radius:0px;}.kadence-column1583_433a84-62 > .kt-inside-inner-col{column-gap:var(--global-kb-gap-sm, 1rem);}.kadence-column1583_433a84-62 > .kt-inside-inner-col{flex-direction:column;}.kadence-column1583_433a84-62 > .kt-inside-inner-col > .aligncenter{width:100%;}.kadence-column1583_433a84-62 > .kt-inside-inner-col{background-image:url('https:\/\/www.injurylawyerhouston.com\/wp-content\/uploads\/2025\/04\/gray-arrows-bg.webp');background-size:cover;background-position:center center;background-attachment:scroll;background-repeat:no-repeat;}.kadence-column1583_433a84-62 > .kt-inside-inner-col:before{opacity:0.62;background-color:var(--global-palette9, #ffffff);}.kadence-column1583_433a84-62{position:relative;}@media all and (max-width: 1024px){.kadence-column1583_433a84-62 > .kt-inside-inner-col{flex-direction:column;justify-content:center;}}@media all and (max-width: 767px){.kadence-column1583_433a84-62 > .kt-inside-inner-col{padding-top:var(--global-kb-spacing-sm, 1.5rem);padding-right:var(--global-kb-spacing-sm, 1.5rem);padding-bottom:var(--global-kb-spacing-sm, 1.5rem);padding-left:var(--global-kb-spacing-sm, 1.5rem);flex-direction:column;justify-content:center;}}<\/style>\n<div class=\"wp-block-kadence-column kadence-column1583_433a84-62 kb-section-has-overlay\"><div class=\"kt-inside-inner-col\">\n<h2 class=\"wp-block-heading\">P\u00f3ngase en contacto con nuestro abogado de lesiones laborales no suscriptores de Houston<\/h2>\n\n\n\n<p>Despu\u00e9s de una lesi\u00f3n relacionada con el trabajo, nuestra firma puede ayudarlo a determinar si es elegible para la compensaci\u00f3n laboral o si puede buscar una compensaci\u00f3n a trav\u00e9s de una demanda contra su empleador u otras partes. Para programar una consulta gratuita y obtener ayuda legal con su caso, <a href=\"https:\/\/www.injurylawyerhouston.com\/es\/contactenos\/\">comun\u00edquese con nuestra oficina<\/a> hoy al   <a href=\"tel:2814563186\"><\/a><a href=\"tel:281-643-2000\">281-643-2000<\/a>. Ayudamos con casos de lesiones laborales en Memorial, el condado de Waller, el condado de Brazoria, el condado de Fort Bend, Houston, Pearland, el condado de Liberty, el condado de Galveston, la costa del Golfo, el condado de Chambers, el condado de Montgomery, Katy, West Houston, The Woodlands, Bellaire, el condado de Harris y Sugar Land. <\/p>\n<\/div><\/div>\n","protected":false},"excerpt":{"rendered":"<p>Hay m\u00faltiples situaciones en las que los trabajadores pueden experimentar lesiones en el lugar de trabajo y, en muchos casos, los beneficios de compensaci\u00f3n para trabajadores no estar\u00e1n disponibles para abordar los gastos m\u00e9dicos de una persona, as\u00ed como la p\u00e9rdida de ingresos debido a una discapacidad temporal o permanente. Abogado de lesiones en el&#8230;<\/p>\n","protected":false},"author":1,"featured_media":500714,"parent":0,"menu_order":0,"comment_status":"closed","ping_status":"closed","template":"","meta":{"_acf_changed":false,"inline_featured_image":false,"_kad_blocks_custom_css":"","_kad_blocks_head_custom_js":"","_kad_blocks_body_custom_js":"","_kad_blocks_footer_custom_js":"","_kad_post_transparent":"","_kad_post_title":"","_kad_post_layout":"","_kad_post_sidebar_id":"","_kad_post_content_style":"","_kad_post_vertical_padding":"","_kad_post_feature":"","_kad_post_feature_position":"","_kad_post_header":false,"_kad_post_footer":false,"_kad_post_classname":"","footnotes":""},"class_list":["post-500797","page","type-page","status-publish","has-post-thumbnail","hentry"],"acf":[],"taxonomy_info":[],"featured_image_src_large":["https:\/\/www.injurylawyerhouston.com\/wp-content\/uploads\/2025\/05\/fort-bend-county-workplace-injury-attorney-for-employer-negligence.webp",1000,400,false],"author_info":{"display_name":"Shane R. Kadlec","author_link":"https:\/\/www.injurylawyerhouston.com\/es\/author\/operationslmg\/"},"comment_info":0,"_links":{"self":[{"href":"https:\/\/www.injurylawyerhouston.com\/es\/wp-json\/wp\/v2\/pages\/500797","targetHints":{"allow":["GET"]}}],"collection":[{"href":"https:\/\/www.injurylawyerhouston.com\/es\/wp-json\/wp\/v2\/pages"}],"about":[{"href":"https:\/\/www.injurylawyerhouston.com\/es\/wp-json\/wp\/v2\/types\/page"}],"author":[{"embeddable":true,"href":"https:\/\/www.injurylawyerhouston.com\/es\/wp-json\/wp\/v2\/users\/1"}],"replies":[{"embeddable":true,"href":"https:\/\/www.injurylawyerhouston.com\/es\/wp-json\/wp\/v2\/comments?post=500797"}],"version-history":[{"count":3,"href":"https:\/\/www.injurylawyerhouston.com\/es\/wp-json\/wp\/v2\/pages\/500797\/revisions"}],"predecessor-version":[{"id":500811,"href":"https:\/\/www.injurylawyerhouston.com\/es\/wp-json\/wp\/v2\/pages\/500797\/revisions\/500811"}],"wp:featuredmedia":[{"embeddable":true,"href":"https:\/\/www.injurylawyerhouston.com\/es\/wp-json\/wp\/v2\/media\/500714"}],"wp:attachment":[{"href":"https:\/\/www.injurylawyerhouston.com\/es\/wp-json\/wp\/v2\/media?parent=500797"}],"curies":[{"name":"wp","href":"https:\/\/api.w.org\/{rel}","templated":true}]}}