{"id":500804,"date":"2025-05-07T11:58:44","date_gmt":"2025-05-07T11:58:44","guid":{"rendered":"https:\/\/www.injurylawyerhouston.com\/ganadora-de-otono-de-2022-kristina-tipton\/"},"modified":"2025-10-13T20:16:23","modified_gmt":"2025-10-13T20:16:23","slug":"ganadora-de-otono-de-2022-kristina-tipton","status":"publish","type":"page","link":"https:\/\/www.injurylawyerhouston.com\/es\/ganadora-de-otono-de-2022-kristina-tipton\/","title":{"rendered":"Ganadora de oto\u00f1o de 2022 Kristina Tipton"},"content":{"rendered":"\n<h2 class=\"wp-block-heading\">Ganador de la beca de servicio p\u00fablico de la oficina legal de Shane R. Kadlec de oto\u00f1o de 2022<\/h2>\n\n<h3 class=\"wp-block-heading\">Kristina Tipton<\/h3>\n<style>.kb-image1592_a0fdcd-ab .kb-image-has-overlay:after{opacity:0.3;}<\/style>\n<div class=\"wp-block-kadence-image kb-image1592_a0fdcd-ab\"><figure class=\"alignright\"><img decoding=\"async\" src=\"https:\/\/www.injurylawyerhouston.com\/wp-content\/uploads\/2025\/05\/ss_kristina_tipton.jpg\" alt=\"Kristina\" class=\"kb-img\"><\/figure><\/div>\n\n<p>Kristina Tipton es una estudiante ambiciosa que cree en defender a las comunidades marginadas. En su ensayo, aprender\u00e1 c\u00f3mo sus luchas y crecimiento como individuo ayudaron a dar forma a sus aspiraciones. Kristina es incre\u00edblemente motivada y apasionada y sabemos que tendr\u00e1 un impacto positivo en la comunidad legal.  <\/p>\n\n<h3 class=\"wp-block-heading\">Lea el ensayo de Kristina:<\/h3>\n\n<p>En un momento en que nuestra civilidad parece m\u00e1s vulnerable, mis propias experiencias personales me impulsan a defender los derechos de las comunidades marginadas. Mi dedicaci\u00f3n se basa especialmente en una pasant\u00eda en la Sociedad de Ayuda Legal en la ciudad de Nueva York. La Sociedad de Ayuda Legal hace m\u00e1s que solo defender a los clientes. Los abogados de Legal Aid Society demuestran lo que significa ser un defensor p\u00fablico, abogando tanto en la comunidad como en la sala del tribunal. El trabajo de Legal Aid Society en la comunidad ayuda a reducir las tasas de criminalidad mediante el uso del modelo Cure Violence, que reconoce la violencia armada como un problema de salud p\u00fablica. Su trabajo en la sala del tribunal da voz y aboga por los afectados por nuestro sistema de justicia roto. Este enfoque hol\u00edstico y de base da como resultado que menos personas acudan a los tribunales y brinda un asesoramiento informado y experimentado para aquellos que terminan necesitando defensa legal. La raz\u00f3n por la que deseo hacer este tipo de trabajo legal basado en la comunidad no es solo porque soy una persona motivada y enfocada con excelentes habilidades interpersonales que me permitir\u00e1n tener \u00e9xito como abogado; Mi propio estatus y experiencia como persona marginada alimenta mi deseo de mejorar la vida de otros que tienen pocos recursos.       <\/p>\n\n<p>Si bien ahora veo la ley como el camino m\u00e1s claro y \u00fanico para mi carrera, este no siempre fue el caso. Debido a la historia de adicci\u00f3n en mi familia, durante mis primeros dos a\u00f1os como estudiante de pregrado en la Universidad de Texas, mi objetivo final era obtener un t\u00edtulo en neurociencia. M\u00e1s espec\u00edficamente, estaba interesado en desarrollar tratamientos m\u00e1s efectivos para el abuso de drogas y la adicci\u00f3n al alcohol. Como asistente de investigaci\u00f3n en el Laboratorio Robert Messing, vi el vasto potencial de nuevos descubrimientos y tratamientos innovadores mientras investig\u00e1bamos tratamientos para la adicci\u00f3n a las drogas y los trastornos neuropsiqui\u00e1tricos. En poco tiempo, estuve expuesto a la din\u00e1mica del mundo de la investigaci\u00f3n y se me dio la independencia para impactar proyectos cr\u00edticos centrados en datos, incluidas t\u00e9cnicas bioqu\u00edmicas para abordar el abuso de sustancias y an\u00e1lisis estad\u00edsticos detallados de datos en preparaci\u00f3n para pr\u00f3ximas publicaciones. Al estudiar los circuitos de la adicci\u00f3n, la ansiedad y la depresi\u00f3n, me preocup\u00e9 m\u00e1s por las personas que padecen estas afecciones, en lugar de la biolog\u00eda y la ciencia detr\u00e1s de las enfermedades. Me encontr\u00e9 con ganas de conocer a la gente, de estar en el terreno con aquellos que caen en problemas legales por factores que, al final del d\u00eda, pueden ser el resultado de predisposiciones gen\u00e9ticas y biol\u00f3gicas. Quer\u00eda hacer m\u00e1s, tener un impacto fuera del laboratorio. La forma en que estas enfermedades tienen un impacto social tan grande en los grupos marginados y la forma en que esto influye en la forma en que trabajamos y gobernamos como sociedad, fue reveladora. Descubr\u00ed que la respuesta no est\u00e1 en el laboratorio, sino en la sala del tribunal.         <\/p>\n\n<p>Cambiar de especializaci\u00f3n de neurociencia a gobierno ciertamente no fue una transici\u00f3n f\u00e1cil, pero fue incre\u00edblemente transformadora. Aprend\u00ed sobre el desarrollo constitucional en torno a los derechos civiles y el proceso judicial. El cambio en el trabajo del curso me abri\u00f3 a\u00fan m\u00e1s los ojos a los a\u00f1os de injusticia a lo largo de la historia de Estados Unidos y me ayud\u00f3 a comprender que, si bien es posible que hayamos recorrido un largo camino, todav\u00eda hay un largo viaje por delante. Utilic\u00e9 el mismo conjunto de habilidades que us\u00e9 para la investigaci\u00f3n emp\u00edrica, aplic\u00e1ndolo al trabajo del curso en gobierno e historia y pasant\u00edas legales.   <\/p>\n\n<p>Despu\u00e9s de graduarme de la universidad, supe que quer\u00eda adquirir m\u00e1s experiencia en el campo que alg\u00fan d\u00eda llamar\u00eda mi carrera. Quer\u00eda seguir aprendiendo, mientras estaba rodeada del trabajo que amo. Despu\u00e9s de mi pasant\u00eda en Legal Aid, comenc\u00e9 a trabajar en el Tribunal Municipal de Austin, como secretario judicial en la c\u00e1rcel del condado de Travis. Durante mi tiempo con la ciudad de Austin, aprend\u00ed c\u00f3mo funciona el sistema de justicia desde adentro. Ver de primera mano las formas en que las diferentes piezas de cada caso funcionan juntas ha sido incre\u00edble. Aprend\u00ed sobre los matices y la complejidad del sistema de justicia al mismo tiempo que estuve expuesto a algunas de las discrepancias, especialmente, lo confuso que puede ser para las personas que se convierten en &#8220;parte del sistema&#8221;. Esto solo ha solidificado a\u00fan m\u00e1s mi inter\u00e9s en la ley, ya que veo ejemplos de esta injusticia en mi trabajo diario actual.      <\/p>\n\n<p>Cuando solicit\u00e9 ingreso a la facultad de derecho, mi solicitud fue menos que impresionante, mi GPA de pregrado carec\u00eda debido al estr\u00e9s del trabajo riguroso del curso y el equilibrio de mis trabajos y finanzas. Me abr\u00ed camino en la universidad para pagar las facturas y la matr\u00edcula. Sab\u00eda que cuando llegu\u00e9 a la facultad de derecho, quer\u00eda dedicar todo mi tiempo al trabajo del curso y concentrarme en mi futuro. Desafortunadamente, estaba en la lista de espera en el sur de Texas, as\u00ed que cuando finalmente me admitieron, no me ofrecieron ninguna beca. Esto me puso en una situaci\u00f3n dif\u00edcil, pero sab\u00eda que ten\u00eda que hacer lo mejor para mi futuro y pedir pr\u00e9stamos para poder concentrarme en mi educaci\u00f3n.    <\/p>\n\n<p>Tener \u00e9xito en la facultad de derecho me brindar\u00e1 la oportunidad de hacer los cambios en el campo legal y la sociedad que me propuse hacer. Soy una mujer de color de mente fuerte. Tengo un punto de vista \u00fanico y un conjunto de habilidades en sinton\u00eda que podr\u00edan beneficiar al sistema de justicia de adentro hacia afuera.  <\/p>\n","protected":false},"excerpt":{"rendered":"<p>Ganador de la beca de servicio p\u00fablico de la oficina legal de Shane R. Kadlec de oto\u00f1o de 2022 Kristina Tipton Kristina Tipton es una estudiante ambiciosa que cree en defender a las comunidades marginadas. En su ensayo, aprender\u00e1 c\u00f3mo sus luchas y crecimiento como individuo ayudaron a dar forma a sus aspiraciones. Kristina es&#8230;<\/p>\n","protected":false},"author":1,"featured_media":500798,"parent":0,"menu_order":0,"comment_status":"closed","ping_status":"closed","template":"","meta":{"_acf_changed":false,"inline_featured_image":false,"_kad_blocks_custom_css":"","_kad_blocks_head_custom_js":"","_kad_blocks_body_custom_js":"","_kad_blocks_footer_custom_js":"","_kad_post_transparent":"","_kad_post_title":"","_kad_post_layout":"","_kad_post_sidebar_id":"","_kad_post_content_style":"","_kad_post_vertical_padding":"","_kad_post_feature":"","_kad_post_feature_position":"","_kad_post_header":false,"_kad_post_footer":false,"_kad_post_classname":"","footnotes":""},"class_list":["post-500804","page","type-page","status-publish","has-post-thumbnail","hentry"],"acf":[],"taxonomy_info":[],"featured_image_src_large":["https:\/\/www.injurylawyerhouston.com\/wp-content\/uploads\/2024\/06\/harris-county-injury-lawyers.jpg",1000,400,false],"author_info":{"display_name":"Shane R. Kadlec","author_link":"https:\/\/www.injurylawyerhouston.com\/es\/author\/operationslmg\/"},"comment_info":0,"_links":{"self":[{"href":"https:\/\/www.injurylawyerhouston.com\/es\/wp-json\/wp\/v2\/pages\/500804","targetHints":{"allow":["GET"]}}],"collection":[{"href":"https:\/\/www.injurylawyerhouston.com\/es\/wp-json\/wp\/v2\/pages"}],"about":[{"href":"https:\/\/www.injurylawyerhouston.com\/es\/wp-json\/wp\/v2\/types\/page"}],"author":[{"embeddable":true,"href":"https:\/\/www.injurylawyerhouston.com\/es\/wp-json\/wp\/v2\/users\/1"}],"replies":[{"embeddable":true,"href":"https:\/\/www.injurylawyerhouston.com\/es\/wp-json\/wp\/v2\/comments?post=500804"}],"version-history":[{"count":3,"href":"https:\/\/www.injurylawyerhouston.com\/es\/wp-json\/wp\/v2\/pages\/500804\/revisions"}],"predecessor-version":[{"id":500809,"href":"https:\/\/www.injurylawyerhouston.com\/es\/wp-json\/wp\/v2\/pages\/500804\/revisions\/500809"}],"wp:featuredmedia":[{"embeddable":true,"href":"https:\/\/www.injurylawyerhouston.com\/es\/wp-json\/wp\/v2\/media\/500798"}],"wp:attachment":[{"href":"https:\/\/www.injurylawyerhouston.com\/es\/wp-json\/wp\/v2\/media?parent=500804"}],"curies":[{"name":"wp","href":"https:\/\/api.w.org\/{rel}","templated":true}]}}