{"id":500812,"date":"2025-05-06T06:33:52","date_gmt":"2025-05-06T06:33:52","guid":{"rendered":"https:\/\/www.injurylawyerhouston.com\/abogado-de-lesiones-personales-de-houston-reconocido\/"},"modified":"2025-10-13T20:20:18","modified_gmt":"2025-10-13T20:20:18","slug":"abogado-de-lesiones-personales-de-houston-reconocido","status":"publish","type":"page","link":"https:\/\/www.injurylawyerhouston.com\/es\/abogado-de-lesiones-personales-de-houston-reconocido\/","title":{"rendered":"Abogado de lesiones personales de Houston reconocido"},"content":{"rendered":"\n<h2 class=\"wp-block-heading\">Abogado de lesiones personales de Houston reconocido como uno de los 100 mejores abogados litigantes de demandantes civiles<\/h2>\n<style>.kb-image1508_a7ba2c-20.kb-image-is-ratio-size, .kb-image1508_a7ba2c-20 .kb-image-is-ratio-size{max-width:400px;width:100%;}.wp-block-kadence-column > .kt-inside-inner-col > .kb-image1508_a7ba2c-20.kb-image-is-ratio-size, .wp-block-kadence-column > .kt-inside-inner-col > .kb-image1508_a7ba2c-20 .kb-image-is-ratio-size{align-self:unset;}.kb-image1508_a7ba2c-20 figure{max-width:400px;}.kb-image1508_a7ba2c-20 .image-is-svg, .kb-image1508_a7ba2c-20 .image-is-svg img{width:100%;}.kb-image1508_a7ba2c-20 .kb-image-has-overlay:after{opacity:0.3;}@media all and (max-width: 1024px){.kb-image1508_a7ba2c-20.kb-image-is-ratio-size, .kb-image1508_a7ba2c-20 .kb-image-is-ratio-size{max-width:334px;width:100%;}}@media all and (max-width: 1024px){.kb-image1508_a7ba2c-20 figure{max-width:334px;}}<\/style>\n<div class=\"wp-block-kadence-image kb-image1508_a7ba2c-20\"><figure class=\"alignright\"><img decoding=\"async\" src=\"https:\/\/www.injurylawyerhouston.com\/wp-content\/uploads\/2025\/05\/kadlec_top100_pr.jpg\" alt=\"reconocido\" class=\"kb-img\"><\/figure><\/div>\n\n<p>El abogado de lesiones personales de Houston, <a href=\"https:\/\/www.injurylawyerhouston.com\/es\/acerca-de-shane-r-kadlec\/\">Shane R. Kadlec<\/a>, fundador de la oficina legal de Shane R. Kadlec, ha sido nombrado uno de los 100 mejores abogados litigantes de demandantes civiles por The National Trial Lawyers. Cada a\u00f1o, los abogados litigantes nacionales reconocen a los abogados de alto rendimiento de cada estado o regi\u00f3n por su \u00e9xito, conocimiento y habilidades avanzadas. Durante los \u00faltimos 25 a\u00f1os, el abogado Kadlec ha demostrado un profundo compromiso de ayudar a las v\u00edctimas de lesiones en toda el \u00e1rea de Houston.  <\/p>\n\n<p>El abogado Shane Kadlec es un abogado litigante certificado por la junta que brinda servicios legales superiores a clientes de Texas que han sufrido lesiones despu\u00e9s de accidentes peligrosos, incluidos accidentes automovil\u00edsticos, as\u00ed como accidentes que ocurren en sitios de construcci\u00f3n y en el lugar de trabajo. El Sr. Kadlec tiene una amplia experiencia representando a v\u00edctimas perjudicadas debido a las acciones negligentes de terceros, incluidos casos de responsabilidad de locales y negligencia m\u00e9dica. <\/p>\n\n<p>Desde que fue admitido en el Colegio de Abogados del Estado de Texas en 1996, el Sr. Kadlec ha recibido numerosos elogios en reconocimiento a su incre\u00edble trabajo en el campo legal y el apoyo que ha brindado a sus clientes. Anteriormente, ha sido nombrado Texas Rising Star por Super Lawyers, y tambi\u00e9n fue reconocido como un abogado l\u00edder menor de 40 a\u00f1os por la revista Texas Monthly. <\/p>\n\n<p>El Sr. Kadlec demuestra su inmenso compromiso con la profesi\u00f3n legal a trav\u00e9s de sus diversas membres\u00edas y trabajo pro bono. Se desempe\u00f1a como miembro sustentador de la Asociaci\u00f3n de Abogados Litigantes de Texas. <\/p>\n\n<h3 class=\"wp-block-heading\">Acerca del bufete de abogados de Shane R. Kadlec<\/h3>\n\n<p>Representando a las v\u00edctimas de lesiones desde su oficina de Houston, los abogados <a href=\"https:\/\/www.injurylawyerhouston.com\/es\/acerca-del-bufete-de-abogados-de-shane-r-kadlec\/\">de la oficina legal de Shane R. Kadlec<\/a> est\u00e1n atentos a sus clientes y apasionados por defender los derechos de sus clientes. El equipo legal aboga por los necesitados despu\u00e9s de accidentes graves y lucha por la compensaci\u00f3n que merecen sus clientes. <\/p>\n\n<p>El bufete de abogados tambi\u00e9n brinda apoyo a su comunidad y futuros abogados. Dos veces al a\u00f1o, la oficina legal de Shane R. Kadlec ofrece una <a href=\"https:\/\/www.injurylawyerhouston.com\/es\/beca-de-servicio-publico-del-bufete-de-abogados-de-shane-r-kadlec\/\">oportunidad de beca<\/a> a estudiantes universitarios de todo el pa\u00eds que est\u00e1n siguiendo una carrera en el servicio p\u00fablico. <\/p>\n\n<p>Para obtener m\u00e1s informaci\u00f3n sobre la oficina legal de Shane R. Kadlec y la Beca de Servicio P\u00fablico, visite <a href=\"https:\/\/www.injurylawyerhouston.com\/es\/\" target=\"_blank\" rel=\"noreferrer noopener\">https:\/\/www.injurylawyerhouston.com\/<\/a> o llame al <a href=\"tel:281-643-2000\">281-643-2000<\/a>.<\/p>\n","protected":false},"excerpt":{"rendered":"<p>Abogado de lesiones personales de Houston reconocido como uno de los 100 mejores abogados litigantes de demandantes civiles El abogado de lesiones personales de Houston, Shane R. Kadlec, fundador de la oficina legal de Shane R. Kadlec, ha sido nombrado uno de los 100 mejores abogados litigantes de demandantes civiles por The National Trial Lawyers&#8230;.<\/p>\n","protected":false},"author":1,"featured_media":0,"parent":0,"menu_order":0,"comment_status":"closed","ping_status":"closed","template":"","meta":{"_acf_changed":false,"inline_featured_image":false,"_kad_blocks_custom_css":"","_kad_blocks_head_custom_js":"","_kad_blocks_body_custom_js":"","_kad_blocks_footer_custom_js":"","_kad_post_transparent":"","_kad_post_title":"","_kad_post_layout":"","_kad_post_sidebar_id":"","_kad_post_content_style":"","_kad_post_vertical_padding":"","_kad_post_feature":"","_kad_post_feature_position":"","_kad_post_header":false,"_kad_post_footer":false,"_kad_post_classname":"","footnotes":""},"class_list":["post-500812","page","type-page","status-publish","hentry"],"acf":[],"taxonomy_info":[],"featured_image_src_large":false,"author_info":{"display_name":"Shane R. Kadlec","author_link":"https:\/\/www.injurylawyerhouston.com\/es\/author\/operationslmg\/"},"comment_info":0,"_links":{"self":[{"href":"https:\/\/www.injurylawyerhouston.com\/es\/wp-json\/wp\/v2\/pages\/500812","targetHints":{"allow":["GET"]}}],"collection":[{"href":"https:\/\/www.injurylawyerhouston.com\/es\/wp-json\/wp\/v2\/pages"}],"about":[{"href":"https:\/\/www.injurylawyerhouston.com\/es\/wp-json\/wp\/v2\/types\/page"}],"author":[{"embeddable":true,"href":"https:\/\/www.injurylawyerhouston.com\/es\/wp-json\/wp\/v2\/users\/1"}],"replies":[{"embeddable":true,"href":"https:\/\/www.injurylawyerhouston.com\/es\/wp-json\/wp\/v2\/comments?post=500812"}],"version-history":[{"count":1,"href":"https:\/\/www.injurylawyerhouston.com\/es\/wp-json\/wp\/v2\/pages\/500812\/revisions"}],"predecessor-version":[{"id":500813,"href":"https:\/\/www.injurylawyerhouston.com\/es\/wp-json\/wp\/v2\/pages\/500812\/revisions\/500813"}],"wp:attachment":[{"href":"https:\/\/www.injurylawyerhouston.com\/es\/wp-json\/wp\/v2\/media?parent=500812"}],"curies":[{"name":"wp","href":"https:\/\/api.w.org\/{rel}","templated":true}]}}