{"id":500814,"date":"2025-05-06T13:05:20","date_gmt":"2025-05-06T13:05:20","guid":{"rendered":"https:\/\/www.injurylawyerhouston.com\/abogado-de-lesiones-cerebrales-traumaticas-de-houston\/"},"modified":"2025-10-13T20:20:22","modified_gmt":"2025-10-13T20:20:22","slug":"abogado-de-lesiones-cerebrales-traumaticas-de-houston","status":"publish","type":"page","link":"https:\/\/www.injurylawyerhouston.com\/es\/abogado-de-lesiones-cerebrales-traumaticas-de-houston\/","title":{"rendered":"Abogado de lesiones cerebrales traum\u00e1ticas de Houston"},"content":{"rendered":"\n<p>Un golpe en la cabeza puede ser muy doloroso y no solo puede hacer que una persona pierda el conocimiento, sino que tambi\u00e9n puede causar da\u00f1o al cerebro, lo que lleva a una variedad de problemas que afectar\u00e1n la salud f\u00edsica y mental de una persona y afectar\u00e1n su capacidad para funcionar normalmente. Desafortunadamente, estas <a href=\"https:\/\/www.injurylawyerhouston.com\/es\/abogado-de-lesiones-catastroficas-en-houston\/\">lesiones catastr\u00f3ficas<\/a> a veces pueden ser dif\u00edciles de diagnosticar, ya que es posible que no tengan s\u00edntomas que sean identificables de inmediato. Las v\u00edctimas que sufren lesiones cerebrales causadas por la negligencia de otra persona o que fueron infligidas intencionalmente deber\u00e1n comprender las formas en que sus lesiones pueden afectarlos y los pasos que pueden tomar para obtener una compensaci\u00f3n.  <\/p>\n\n<p>Al abordar una lesi\u00f3n cerebral traum\u00e1tica (TBI), una v\u00edctima puede trabajar con un abogado de <a href=\"\/personal-injury\/\">lesiones personales<\/a> para asegurarse de que tendr\u00e1 los recursos financieros para abordar sus problemas de salud continuos y las formas en que su vida se ha visto afectada. En la <a href=\"https:\/\/www.injurylawyerhouston.com\/es\/acerca-del-bufete-de-abogados-de-shane-r-kadlec\/\">oficina legal de Shane R. Kadlec<\/a>, tenemos m\u00e1s de dos d\u00e9cadas de experiencia representando a v\u00edctimas de accidentes y lesiones. Podemos ayudar a las v\u00edctimas y sus familias a obtener una comprensi\u00f3n completa de los efectos que una lesi\u00f3n ha tenido en sus vidas, los tipos de tratamiento que pueden ser necesarios en el futuro, las limitaciones que una lesi\u00f3n cerebral puede imponer a una persona y las opciones para emprender acciones legales para garantizar que sean compensados por completo por estos da\u00f1os.  <\/p>\n\n<h2 class=\"wp-block-heading\">Comprender el impacto de las lesiones cerebrales traum\u00e1ticas<\/h2>\n\n<p>Las lesiones cerebrales graves pueden ocurrir en una variedad de situaciones, incluidos <a href=\"\/car-accidents\/\">accidentes automovil\u00edsticos<\/a>, <a href=\"https:\/\/www.injurylawyerhouston.com\/es\/abogado-de-resbalones-tropiezos-y-caidas-de-houston\/\">accidentes por resbalones y ca\u00eddas<\/a> y <a href=\"\/workplace-injuries\/\">accidentes laborales<\/a>. Inmediatamente despu\u00e9s de una lesi\u00f3n cerebral traum\u00e1tica, una persona puede experimentar s\u00edntomas como dolores de cabeza, n\u00e1useas o mareos. Sin embargo, las lesiones cerebrales moderadas o graves pueden tener s\u00edntomas a\u00fan m\u00e1s graves, y estos s\u00edntomas pueden no ocurrir hasta varios d\u00edas o semanas despu\u00e9s de que ocurri\u00f3 la lesi\u00f3n. Los efectos a largo plazo de una lesi\u00f3n cerebral traum\u00e1tica pueden incluir:   <\/p>\n\n<ul class=\"wp-block-list\">\n<li><strong>P\u00e9rdida de memoria<\/strong>, incluida la incapacidad de recordar las circunstancias inmediatamente antes o despu\u00e9s de una lesi\u00f3n, as\u00ed como la dificultad para formar nuevos recuerdos o recordar detalles importantes de la vida diaria de una persona.<\/li>\n\n\n\n<li><strong>Dolores de cabeza cr\u00f3nicos y persistentes<\/strong>, que pueden ir acompa\u00f1ados de zumbidos en los o\u00eddos.<\/li>\n\n\n\n<li>Problemas sensoriales, incluida la sensibilidad a sonidos fuertes o luces brillantes, visi\u00f3n borrosa o doble, o cambios en la capacidad de saborear u oler.<\/li>\n\n\n\n<li><strong>Problemas para mantener el equilibrio y coordinar los movimientos corporales<\/strong>, que pueden afectar la capacidad de una persona para realizar tareas relacionadas con el trabajo u otras actividades diarias.<\/li>\n\n\n\n<li><strong>Problemas del habla y el lenguaje<\/strong>, que incluyen dificultad para hablar, dificultad para comprender palabras habladas o escritas, o incapacidad para expresar pensamientos a los dem\u00e1s.<\/li>\n\n\n\n<li><strong>Trastornos del estado de \u00e1nimo,<\/strong> que incluyen ira inapropiada, irritabilidad, ansiedad, depresi\u00f3n, cambios de comportamiento o personalidad, y cambios de humor o dificultad para regular las emociones. Estos problemas tambi\u00e9n pueden dificultar que una persona se concentre en las tareas, y puede experimentar confusi\u00f3n o tener problemas para interactuar adecuadamente con los dem\u00e1s. <\/li>\n\n\n\n<li><strong>Trastornos del sue\u00f1o<\/strong>, incluido el insomnio o la fatiga extrema.<\/li>\n\n\n\n<li><strong>Epilepsia<\/strong>, que puede provocar convulsiones o convulsiones repetidas, incluso cuando una persona est\u00e1 expuesta a luces intermitentes u otras formas de informaci\u00f3n sensorial.<\/li>\n<\/ul>\n\n<p>Si bien los s\u00edntomas de una persona pueden mejorar con el tiempo, algunos problemas de salud relacionados con una lesi\u00f3n cerebral pueden ser permanentes, lo que afecta la capacidad de una persona para mantener el empleo o afectar sus relaciones personales. En casos especialmente graves, una persona puede caer en coma o una lesi\u00f3n cerebral puede provocar una <a href=\"\/wrongful-death\/\">muerte por negligencia<\/a>. <\/p>\n\n<h2 class=\"wp-block-heading\">P\u00f3ngase en contacto con nuestro abogado de lesiones cerebrales traum\u00e1ticas de Houston<\/h2>\n\n<p>Si ha sufrido una lesi\u00f3n cerebral traum\u00e1tica en un accidente o porque fue agredido por otra persona, deber\u00e1 comprender los pasos que puede seguir para determinar el alcance de sus da\u00f1os y buscar una compensaci\u00f3n financiera. El abogado Shane Kadlec puede brindarle representaci\u00f3n y luchar para asegurarse de que reciba la compensaci\u00f3n que necesita. <a href=\"https:\/\/www.injurylawyerhouston.com\/es\/contactenos\/\">Comun\u00edquese con nuestra firma<\/a> al <a href=\"tel:281-643-2000\">281-643-2000<\/a> para programar su consulta gratuita. Representamos a clientes que han sufrido lesiones cerebrales traum\u00e1ticas y otras lesiones catastr\u00f3ficas en el condado de Galveston, Sugar Land, el condado de Montgomery, Memorial, Houston, West Houston, The Woodlands, el condado de Waller, Pearland, el condado de Chambers, el condado de Harris, la costa del Golfo, el condado de Brazoria, el condado de Liberty, Bellaire, Katy y el condado de Fort Bend.  <\/p>\n","protected":false},"excerpt":{"rendered":"<p>Un golpe en la cabeza puede ser muy doloroso y no solo puede hacer que una persona pierda el conocimiento, sino que tambi\u00e9n puede causar da\u00f1o al cerebro, lo que lleva a una variedad de problemas que afectar\u00e1n la salud f\u00edsica y mental de una persona y afectar\u00e1n su capacidad para funcionar normalmente. Desafortunadamente, estas&#8230;<\/p>\n","protected":false},"author":1,"featured_media":500815,"parent":0,"menu_order":0,"comment_status":"closed","ping_status":"closed","template":"","meta":{"_acf_changed":false,"inline_featured_image":false,"_kad_blocks_custom_css":"","_kad_blocks_head_custom_js":"","_kad_blocks_body_custom_js":"","_kad_blocks_footer_custom_js":"","_kad_post_transparent":"","_kad_post_title":"","_kad_post_layout":"","_kad_post_sidebar_id":"","_kad_post_content_style":"","_kad_post_vertical_padding":"","_kad_post_feature":"","_kad_post_feature_position":"","_kad_post_header":false,"_kad_post_footer":false,"_kad_post_classname":"","footnotes":""},"class_list":["post-500814","page","type-page","status-publish","has-post-thumbnail","hentry"],"acf":[],"taxonomy_info":[],"featured_image_src_large":["https:\/\/www.injurylawyerhouston.com\/wp-content\/uploads\/2025\/05\/traumatic-brain-injuries-hero-1024x410.webp",1024,410,true],"author_info":{"display_name":"Shane R. Kadlec","author_link":"https:\/\/www.injurylawyerhouston.com\/es\/author\/operationslmg\/"},"comment_info":0,"_links":{"self":[{"href":"https:\/\/www.injurylawyerhouston.com\/es\/wp-json\/wp\/v2\/pages\/500814","targetHints":{"allow":["GET"]}}],"collection":[{"href":"https:\/\/www.injurylawyerhouston.com\/es\/wp-json\/wp\/v2\/pages"}],"about":[{"href":"https:\/\/www.injurylawyerhouston.com\/es\/wp-json\/wp\/v2\/types\/page"}],"author":[{"embeddable":true,"href":"https:\/\/www.injurylawyerhouston.com\/es\/wp-json\/wp\/v2\/users\/1"}],"replies":[{"embeddable":true,"href":"https:\/\/www.injurylawyerhouston.com\/es\/wp-json\/wp\/v2\/comments?post=500814"}],"version-history":[{"count":1,"href":"https:\/\/www.injurylawyerhouston.com\/es\/wp-json\/wp\/v2\/pages\/500814\/revisions"}],"predecessor-version":[{"id":500817,"href":"https:\/\/www.injurylawyerhouston.com\/es\/wp-json\/wp\/v2\/pages\/500814\/revisions\/500817"}],"wp:featuredmedia":[{"embeddable":true,"href":"https:\/\/www.injurylawyerhouston.com\/es\/wp-json\/wp\/v2\/media\/500815"}],"wp:attachment":[{"href":"https:\/\/www.injurylawyerhouston.com\/es\/wp-json\/wp\/v2\/media?parent=500814"}],"curies":[{"name":"wp","href":"https:\/\/api.w.org\/{rel}","templated":true}]}}