{"id":500818,"date":"2025-05-05T15:32:34","date_gmt":"2025-05-05T15:32:34","guid":{"rendered":"https:\/\/www.injurylawyerhouston.com\/abogado-de-perdida-de-vision-y-audicion-en-houston\/"},"modified":"2025-10-13T20:20:27","modified_gmt":"2025-10-13T20:20:27","slug":"abogado-de-perdida-de-vision-y-audicion-en-houston","status":"publish","type":"page","link":"https:\/\/www.injurylawyerhouston.com\/es\/abogado-de-perdida-de-vision-y-audicion-en-houston\/","title":{"rendered":"Abogado de p\u00e9rdida de visi\u00f3n y audici\u00f3n en Houston"},"content":{"rendered":"\n<p>Las condiciones de trabajo peligrosas, los accidentes automovil\u00edsticos y los errores quir\u00fargicos pueden provocar problemas de audici\u00f3n o visi\u00f3n. Si las acciones negligentes de otra parte han comprometido su visi\u00f3n o audici\u00f3n, o si su lesi\u00f3n ocurri\u00f3 en el trabajo, necesita un abogado que pueda ayudarlo a cobrar la compensaci\u00f3n que se le debe. <\/p>\n\n<p>El abogado de p\u00e9rdida de visi\u00f3n y audici\u00f3n <a href=\"https:\/\/www.injurylawyerhouston.com\/es\/acerca-de-shane-r-kadlec\/\">Shane R. Kadlec<\/a> en Houston, Texas, ha representado a clientes en casos de lesiones personales durante m\u00e1s de 20 a\u00f1os. \u00c9l puede luchar por un acuerdo m\u00e1ximo o una indemnizaci\u00f3n del jurado mientras usted se concentra en la curaci\u00f3n. Para programar una revisi\u00f3n gratuita de su caso, llame a la oficina legal de Shane R. Kadlec al <a href=\"tel:281-643-2000\">281-643-2000<\/a>.  <\/p>\n\n<h2 class=\"wp-block-heading\">Lesiones relacionadas con el trabajo<\/h2>\n\n<p>Los Centros para el Control de Enfermedades informan que la p\u00e9rdida auditiva es una de las lesiones laborales m\u00e1s comunes en el pa\u00eds, con aproximadamente 22 millones de estadounidenses expuestos a niveles de ruido peligrosos en su lugar de trabajo. La p\u00e9rdida de visi\u00f3n y las lesiones relacionadas con los ojos tambi\u00e9n son comunes. La exposici\u00f3n a productos qu\u00edmicos, herramientas defectuosas u otras condiciones peligrosas han provocado la p\u00e9rdida temporal o permanente de la visi\u00f3n en casi el 20 por ciento de <a href=\"\/workplace-injuries\/\">las lesiones relacionadas con el trabajo<\/a>. El Sr. Kadlec puede ayudarlo a presentar un reclamo de compensaci\u00f3n para trabajadores. Si su lesi\u00f3n fue el resultado de negligencia o capacitaci\u00f3n inadecuada de su empleador, tambi\u00e9n puede tener motivos para una demanda por lesiones personales.    <\/p>\n\n<p>Trabajamos con expertos m\u00e9dicos para calcular el alcance de sus p\u00e9rdidas y buscar la cantidad de compensaci\u00f3n que realmente merece.<\/p>\n\n<h2 class=\"wp-block-heading\">Accidentes automovil\u00edsticos<\/h2>\n\n<p>Cuando <a href=\"\/car-accidents\/\">ocurren accidentes automovil\u00edsticos<\/a>, el despliegue de bolsas de aire, lesiones en la cabeza o latigazo cervical pueden provocar zumbidos en los o\u00eddos o una p\u00e9rdida total de la audici\u00f3n. Del mismo modo, la p\u00e9rdida de visi\u00f3n puede ocurrir como resultado de desechos en los ojos o traumatismos faciales graves. Seg\u00fan el Centro Nacional de Informaci\u00f3n Biotecnol\u00f3gica, casi 11,000 lesiones oculares ocurren como resultado de accidentes automovil\u00edsticos cada a\u00f1o.  <\/p>\n\n<h2 class=\"wp-block-heading\">Negligencia m\u00e9dica<\/h2>\n\n<p>Los errores quir\u00fargicos, los errores de medicaci\u00f3n y las lesiones de nacimiento tambi\u00e9n pueden provocar una p\u00e9rdida permanente de la visi\u00f3n y la audici\u00f3n. Un abogado de negligencia m\u00e9dica puede ayudarlo a cobrar una compensaci\u00f3n por sus lesiones y responsabilizar a su m\u00e9dico por sus acciones. <\/p>\n\n<h2 class=\"wp-block-heading\">\u00bfQu\u00e9 debe hacer despu\u00e9s de una lesi\u00f3n visual o auditiva?<\/h2>\n\n<p>Su primera prioridad despu\u00e9s de sufrir p\u00e9rdida de visi\u00f3n o audici\u00f3n debe ser recibir atenci\u00f3n m\u00e9dica. Nuestro equipo puede organizar su atenci\u00f3n con expertos m\u00e9dicos de confianza, lo que le permite concentrarse en su recuperaci\u00f3n mientras buscamos una compensaci\u00f3n en su nombre. El Sr. Kadlec puede compilar informes m\u00e9dicos y cualquier otra evidencia que respalde su caso.  <\/p>\n\n<h2 class=\"wp-block-heading\">\u00bfPor qu\u00e9 contratar a un abogado?<\/h2>\n\n<p>La p\u00e9rdida de visi\u00f3n o audici\u00f3n puede comprometer su capacidad para trabajar, comunicarse y disfrutar de su vida cotidiana. El Sr. Kadlec puede ayudarlo a garantizar que reciba una compensaci\u00f3n por sus gastos m\u00e9dicos, p\u00e9rdida de ingresos y asistencia permanente requerida despu\u00e9s de su accidente. Nuestra oficina tambi\u00e9n trabaja con expertos m\u00e9dicos para calcular con precisi\u00f3n el alcance de sus p\u00e9rdidas. Con base en esta informaci\u00f3n, su abogado puede buscar la cantidad de compensaci\u00f3n que realmente necesita y merece.   <\/p>\n\n<h2 class=\"wp-block-heading\">Llame a nuestra oficina para discutir su caso<\/h2>\n\n<p>El Sr. Kadlec brinda a cada uno de sus clientes una atenci\u00f3n personalizada. Como su cliente, se comunicar\u00e1 directamente con un abogado certificado por la junta que ha representado a clientes lesionados durante m\u00e1s de 20 a\u00f1os. Para programar su consulta con el Sr. Kadlec, llame a nuestra oficina al <a href=\"tel:281-643-2000\">281-643-2000<\/a> o <a href=\"https:\/\/www.injurylawyerhouston.com\/es\/contactenos\/\">cont\u00e1ctenos en l\u00ednea<\/a>. La oficina legal de Shane R. Kadlec atiende a clientes en el condado de Harris, el condado de Galveston, el condado de Waller, el condado de Chambers, el condado de Liberty y el condado de Brazoria.   <\/p>\n","protected":false},"excerpt":{"rendered":"<p>Las condiciones de trabajo peligrosas, los accidentes automovil\u00edsticos y los errores quir\u00fargicos pueden provocar problemas de audici\u00f3n o visi\u00f3n. Si las acciones negligentes de otra parte han comprometido su visi\u00f3n o audici\u00f3n, o si su lesi\u00f3n ocurri\u00f3 en el trabajo, necesita un abogado que pueda ayudarlo a cobrar la compensaci\u00f3n que se le debe. El&#8230;<\/p>\n","protected":false},"author":1,"featured_media":500820,"parent":0,"menu_order":0,"comment_status":"closed","ping_status":"closed","template":"","meta":{"_acf_changed":false,"inline_featured_image":false,"_kad_blocks_custom_css":"","_kad_blocks_head_custom_js":"","_kad_blocks_body_custom_js":"","_kad_blocks_footer_custom_js":"","_kad_post_transparent":"","_kad_post_title":"","_kad_post_layout":"","_kad_post_sidebar_id":"","_kad_post_content_style":"","_kad_post_vertical_padding":"","_kad_post_feature":"","_kad_post_feature_position":"","_kad_post_header":false,"_kad_post_footer":false,"_kad_post_classname":"","footnotes":""},"class_list":["post-500818","page","type-page","status-publish","has-post-thumbnail","hentry"],"acf":[],"taxonomy_info":[],"featured_image_src_large":["https:\/\/www.injurylawyerhouston.com\/wp-content\/uploads\/2025\/05\/vision-and-hearing-loss-hero-1024x410.webp",1024,410,true],"author_info":{"display_name":"Shane R. Kadlec","author_link":"https:\/\/www.injurylawyerhouston.com\/es\/author\/operationslmg\/"},"comment_info":0,"_links":{"self":[{"href":"https:\/\/www.injurylawyerhouston.com\/es\/wp-json\/wp\/v2\/pages\/500818","targetHints":{"allow":["GET"]}}],"collection":[{"href":"https:\/\/www.injurylawyerhouston.com\/es\/wp-json\/wp\/v2\/pages"}],"about":[{"href":"https:\/\/www.injurylawyerhouston.com\/es\/wp-json\/wp\/v2\/types\/page"}],"author":[{"embeddable":true,"href":"https:\/\/www.injurylawyerhouston.com\/es\/wp-json\/wp\/v2\/users\/1"}],"replies":[{"embeddable":true,"href":"https:\/\/www.injurylawyerhouston.com\/es\/wp-json\/wp\/v2\/comments?post=500818"}],"version-history":[{"count":3,"href":"https:\/\/www.injurylawyerhouston.com\/es\/wp-json\/wp\/v2\/pages\/500818\/revisions"}],"predecessor-version":[{"id":500829,"href":"https:\/\/www.injurylawyerhouston.com\/es\/wp-json\/wp\/v2\/pages\/500818\/revisions\/500829"}],"wp:featuredmedia":[{"embeddable":true,"href":"https:\/\/www.injurylawyerhouston.com\/es\/wp-json\/wp\/v2\/media\/500820"}],"wp:attachment":[{"href":"https:\/\/www.injurylawyerhouston.com\/es\/wp-json\/wp\/v2\/media?parent=500818"}],"curies":[{"name":"wp","href":"https:\/\/api.w.org\/{rel}","templated":true}]}}