{"id":500822,"date":"2025-05-05T15:12:56","date_gmt":"2025-05-05T15:12:56","guid":{"rendered":"https:\/\/www.injurylawyerhouston.com\/abogado-de-responsabilidad-en-accidentes-de-camiones-comerciales-en-houston\/"},"modified":"2025-10-13T20:20:26","modified_gmt":"2025-10-13T20:20:26","slug":"abogado-de-responsabilidad-en-accidentes-de-camiones-comerciales-en-houston","status":"publish","type":"page","link":"https:\/\/www.injurylawyerhouston.com\/es\/abogado-de-responsabilidad-en-accidentes-de-camiones-comerciales-en-houston\/","title":{"rendered":"Abogado de Responsabilidad en Accidentes de Camiones Comerciales en Houston"},"content":{"rendered":"\n<p>Los camiones de 18 ruedas y los camiones de &#8220;plataforma grande&#8221; son muy grandes y pueden pesar decenas de miles de libras. Cuando los camiones comerciales est\u00e1n involucrados en accidentes, pueden ocurrir m\u00faltiples tipos de lesiones graves. Despu\u00e9s de un <a href=\"\/truck-accidents\/\">accidente de cami\u00f3n<\/a>, las v\u00edctimas pueden no estar seguras de c\u00f3mo proceder mientras reciben tratamiento m\u00e9dico y abordan los efectos que sus lesiones han tenido en sus vidas. En algunos casos, puede ser dif\u00edcil determinar qui\u00e9n puede ser responsable de un accidente de cami\u00f3n, pero al trabajar con un abogado con experiencia en <a href=\"\/personal-injury\/\">lesiones personales<\/a> , las v\u00edctimas pueden tomar las medidas correctas para recibir la compensaci\u00f3n que necesitan y merecen.   <\/p>\n\n<p>En la <a href=\"https:\/\/www.injurylawyerhouston.com\/es\/acerca-del-bufete-de-abogados-de-shane-r-kadlec\/\">oficina legal de Shane R. Kadlec<\/a>, entendemos las dificultades que a menudo enfrentan las v\u00edctimas de accidentes de camiones y nos dedicamos a ayudar a nuestros clientes a recibir una compensaci\u00f3n por sus lesiones. Nuestro fundador, el <g id=\"gid_1\">abogado Shane Kadlec<\/g>, ha estado trabajando con v\u00edctimas de lesiones para abordar este tipo de problemas durante m\u00e1s de 25 a\u00f1os, y ha ayudado con miles de casos que involucran m\u00faltiples tipos de lesiones. Puede ayudar a las v\u00edctimas a determinar qui\u00e9n fue responsable de un accidente de cami\u00f3n y asegurarse de que tomen las medidas adecuadas para responsabilizar a estas partes y recuperar una compensaci\u00f3n que aborde completamente sus da\u00f1os.  <\/p>\n\n<h3 class=\"wp-block-heading\">Partes responsables en accidentes de camiones<\/h3>\n\n<p>Cuando un cami\u00f3n grande est\u00e1 involucrado en un accidente, hay varias partes en las que puede recaer la responsabilidad, que incluyen:<\/p>\n\n<ul class=\"wp-block-list\">\n<li><strong>El conductor del cami\u00f3n:<\/strong> Los conductores negligentes que cometen errores costosos al volante a veces pueden ser considerados responsables de las lesiones que causan. Las formas comunes de negligencia del conductor de camiones incluyen <a href=\"https:\/\/www.injurylawyerhouston.com\/es\/abogado-de-fatiga-del-conductor-de-houston\/\">fatiga del conductor<\/a>, infracciones de tr\u00e1nsito y <a href=\"\/dwi-dui-accidents\/\">conducci\u00f3n en estado de ebriedad o intoxicaci\u00f3n<\/a>. <\/li>\n\n\n\n<li><strong>La empresa propietaria del cami\u00f3n o empleada por el conductor del cami\u00f3n:<\/strong> Un empleador puede ser considerado responsable de las acciones de sus empleados. Si un conductor trabajaba para una empresa de camiones, o si su cami\u00f3n era propiedad de otra persona, esas partes pueden ser responsables de las lesiones y da\u00f1os que ocurrieron debido a la negligencia del conductor. <\/li>\n\n\n\n<li><strong>El fabricante del veh\u00edculo:<\/strong> A veces, los defectos en el dise\u00f1o y la fabricaci\u00f3n de un cami\u00f3n pueden contribuir a los accidentes de camiones, y el fabricante del <a href=\"https:\/\/www.injurylawyerhouston.com\/es\/abogado-de-accidentes-de-falla-de-equipos-en-houston\/\">equipo defectuoso<\/a> puede ser considerado responsable de las lesiones que ocurran como resultado. Los fabricantes pueden ser responsables de problemas como fallas en los frenos de aire de un cami\u00f3n, reventones de neum\u00e1ticos o acoplamientos defectuosos del remolque. <\/li>\n\n\n\n<li><strong>El cargador o cargador de la carga:<\/strong> Si la colocaci\u00f3n de la carga en un cami\u00f3n jug\u00f3 un papel en dificultar el control del veh\u00edculo, las partes que cargaron la carga en el cami\u00f3n pueden ser consideradas responsables. Una empresa de carga tambi\u00e9n puede ser responsable de las lesiones que ocurren en accidentes causados por <a href=\"https:\/\/www.injurylawyerhouston.com\/es\/abogado-de-accidentes-de-camiones-en-houston-por-carga-caida\/\">la ca\u00edda de la carga<\/a>. <\/li>\n\n\n\n<li><strong>Empresas de mantenimiento:<\/strong> Los camiones pueden experimentar un desgaste significativo durante miles de millas de viaje, y deben inspeccionarse regularmente para garantizar que se pueda identificar y reparar cualquier problema potencial. No realizar el mantenimiento correctamente puede provocar problemas como frenos desgastados que pueden contribuir a un accidente. En estos casos, una empresa encargada del mantenimiento del cami\u00f3n puede ser considerada responsable de las lesiones sufridas por las v\u00edctimas.  <\/li>\n<\/ul>\n\n<h3 class=\"wp-block-heading\">P\u00f3ngase en contacto con nuestros abogados de accidentes de camiones comerciales en Houston<\/h3>\n\n<p>Despu\u00e9s de un accidente de cami\u00f3n comercial, nuestros abogados pueden realizar una investigaci\u00f3n para determinar qui\u00e9n tuvo la culpa e identificar a todas las partes responsables. Nos aseguraremos de que las v\u00edctimas puedan emprender acciones legales contra los responsables, y lucharemos para ayudarlos a recibir una compensaci\u00f3n que cubra completamente los da\u00f1os que han sufrido. <g id=\"gid_0\">Cont\u00e1ctenos<\/g> y programe una consulta gratuita llamando al <g id=\"gid_1\">281-643-2000<\/g><x id=\"gid_2\"><\/x>. Ayudamos con casos de accidentes de camiones comerciales en el condado de Fort Bend, el condado de Galveston, la costa del Golfo, Sugar Land, Houston, el condado de Harris, el condado de Liberty, Memorial, el condado de Montgomery, el condado de Chambers, Pearland, el condado de Brazoria, Katy, The Woodlands, Bellaire, West Houston y el condado de Waller.  <\/p>\n","protected":false},"excerpt":{"rendered":"<p>Los camiones de 18 ruedas y los camiones de &#8220;plataforma grande&#8221; son muy grandes y pueden pesar decenas de miles de libras. Cuando los camiones comerciales est\u00e1n involucrados en accidentes, pueden ocurrir m\u00faltiples tipos de lesiones graves. Despu\u00e9s de un accidente de cami\u00f3n, las v\u00edctimas pueden no estar seguras de c\u00f3mo proceder mientras reciben tratamiento&#8230;<\/p>\n","protected":false},"author":1,"featured_media":500825,"parent":0,"menu_order":0,"comment_status":"closed","ping_status":"closed","template":"","meta":{"_acf_changed":false,"inline_featured_image":false,"_kad_blocks_custom_css":"","_kad_blocks_head_custom_js":"","_kad_blocks_body_custom_js":"","_kad_blocks_footer_custom_js":"","_kad_post_transparent":"","_kad_post_title":"","_kad_post_layout":"","_kad_post_sidebar_id":"","_kad_post_content_style":"","_kad_post_vertical_padding":"","_kad_post_feature":"","_kad_post_feature_position":"","_kad_post_header":false,"_kad_post_footer":false,"_kad_post_classname":"","footnotes":""},"class_list":["post-500822","page","type-page","status-publish","has-post-thumbnail","hentry"],"acf":[],"taxonomy_info":[],"featured_image_src_large":["https:\/\/www.injurylawyerhouston.com\/wp-content\/uploads\/2025\/05\/fort-bend-county-truck-wreck-liability-lawyer.webp",1000,400,false],"author_info":{"display_name":"Shane R. Kadlec","author_link":"https:\/\/www.injurylawyerhouston.com\/es\/author\/operationslmg\/"},"comment_info":0,"_links":{"self":[{"href":"https:\/\/www.injurylawyerhouston.com\/es\/wp-json\/wp\/v2\/pages\/500822","targetHints":{"allow":["GET"]}}],"collection":[{"href":"https:\/\/www.injurylawyerhouston.com\/es\/wp-json\/wp\/v2\/pages"}],"about":[{"href":"https:\/\/www.injurylawyerhouston.com\/es\/wp-json\/wp\/v2\/types\/page"}],"author":[{"embeddable":true,"href":"https:\/\/www.injurylawyerhouston.com\/es\/wp-json\/wp\/v2\/users\/1"}],"replies":[{"embeddable":true,"href":"https:\/\/www.injurylawyerhouston.com\/es\/wp-json\/wp\/v2\/comments?post=500822"}],"version-history":[{"count":1,"href":"https:\/\/www.injurylawyerhouston.com\/es\/wp-json\/wp\/v2\/pages\/500822\/revisions"}],"predecessor-version":[{"id":500826,"href":"https:\/\/www.injurylawyerhouston.com\/es\/wp-json\/wp\/v2\/pages\/500822\/revisions\/500826"}],"wp:featuredmedia":[{"embeddable":true,"href":"https:\/\/www.injurylawyerhouston.com\/es\/wp-json\/wp\/v2\/media\/500825"}],"wp:attachment":[{"href":"https:\/\/www.injurylawyerhouston.com\/es\/wp-json\/wp\/v2\/media?parent=500822"}],"curies":[{"name":"wp","href":"https:\/\/api.w.org\/{rel}","templated":true}]}}