{"id":500827,"date":"2025-05-05T14:42:03","date_gmt":"2025-05-05T14:42:03","guid":{"rendered":"https:\/\/www.injurylawyerhouston.com\/abogado-de-defectos-de-neumaticos-en-houston\/"},"modified":"2025-10-13T20:20:27","modified_gmt":"2025-10-13T20:20:27","slug":"abogado-de-defectos-de-neumaticos-en-houston","status":"publish","type":"page","link":"https:\/\/www.injurylawyerhouston.com\/es\/abogado-de-defectos-de-neumaticos-en-houston\/","title":{"rendered":"Abogado de Defectos de Neum\u00e1ticos en Houston"},"content":{"rendered":"\n<p>Los veh\u00edculos de motor son piezas complejas de maquinaria que contienen muchas partes diferentes. M\u00faltiples tipos de autopartes defectuosas pueden provocar <a href=\"\/car-accidents\/\">accidentes automovil\u00edsticos <\/a>peligrosos y lesiones graves. Los neum\u00e1ticos se encuentran entre las m\u00e1s importantes de estas partes, ya que son el \u00fanico punto de contacto entre un veh\u00edculo y la carretera. Si los neum\u00e1ticos no funcionan correctamente, es posible que un conductor no pueda mantener el control mientras conduce, y esta p\u00e9rdida de control puede hacer que sea imposible evitar colisiones con otros veh\u00edculos, obst\u00e1culos o peatones. Cuando ocurren accidentes y lesiones debido a llantas defectuosas, las v\u00edctimas pueden tomar medidas contra un fabricante trabajando con un abogado con experiencia en casos de <a href=\"\/product-liability\/\">responsabilidad por productos defectuosos <\/a>.    <\/p>\n\n<p>En la <a href=\"https:\/\/www.injurylawyerhouston.com\/es\/acerca-del-bufete-de-abogados-de-shane-r-kadlec\/\">oficina legal de Shane R. Kadlec<\/a>, brindamos a nuestros clientes ayuda legal experimentada y dedicada, asegurando que puedan tomar las medidas adecuadas para abordar las lesiones causadas por productos defectuosos. Con m\u00e1s de 25 a\u00f1os de experiencia representando a clientes en casos de lesiones personales, el <a href=\"https:\/\/www.injurylawyerhouston.com\/es\/acerca-de-shane-r-kadlec\/\">abogado Kadlec <\/a>comprende las leyes que afectan la responsabilidad del producto y trabaja para ayudar a las v\u00edctimas a obtener una compensaci\u00f3n por lesiones causadas por llantas u otras piezas de autom\u00f3viles que fueron dise\u00f1adas, fabricadas o instaladas incorrectamente. <\/p>\n\n<h2 class=\"wp-block-heading\">Lesiones resultantes de llantas defectuosas<\/h2>\n\n<p>Hay varias formas en que los defectos de los neum\u00e1ticos pueden causar accidentes y lesiones, que incluyen:<\/p>\n\n<ul class=\"wp-block-list\">\n<li>Reventones: los neum\u00e1ticos pueden estar demasiado inflados cuando se instalan, o puede producirse una separaci\u00f3n de la banda de rodadura durante el viaje debido a defectos de dise\u00f1o o fabricaci\u00f3n. En algunos casos, la explosi\u00f3n de neum\u00e1ticos puede provocar accidentes de vuelco. Una p\u00e9rdida repentina de presi\u00f3n de los neum\u00e1ticos tambi\u00e9n puede hacer que un conductor pierda el control, especialmente si viaja a altas velocidades.  <\/li>\n\n\n\n<li>Falta de tracci\u00f3n: los neum\u00e1ticos deben agarrarse a la carretera de una manera que garantice que el conductor pueda mantener el control en todo momento. Si las bandas de rodadura de un neum\u00e1tico est\u00e1n dise\u00f1adas de manera defectuosa, o si se producen errores durante el proceso de fabricaci\u00f3n, es posible que los neum\u00e1ticos no proporcionen la tracci\u00f3n adecuada. Esto puede hacer que un conductor pierda el control al tomar curvas o cambiar de carril, lo que hace que choque con otros veh\u00edculos. La falta de tracci\u00f3n tambi\u00e9n puede afectar la capacidad del conductor para reducir la velocidad y detenerse por completo, y estos problemas pueden provocar accidentes traseros u otras situaciones en las que el conductor no puede evitar chocar con veh\u00edculos, peatones u obst\u00e1culos.   <\/li>\n\n\n\n<li>Instalaci\u00f3n incorrecta: un mec\u00e1nico o instalador de llantas puede usar los tipos incorrectos de llantas para un veh\u00edculo, o pueden inflar las llantas de manera insuficiente o excesiva durante la instalaci\u00f3n. No seguir los procedimientos adecuados durante la instalaci\u00f3n puede hacer que un autom\u00f3vil no sea seguro para conducir. Los conductores que esperan poder operar su veh\u00edculo correctamente despu\u00e9s de que se hayan instalado los neum\u00e1ticos pueden sufrir una p\u00e9rdida de control y pueden verse involucrados en colisiones incluso cuando siguen las leyes de tr\u00e1nsito y los procedimientos de seguridad correctos.  <\/li>\n\n\n\n<li>Reparaciones inadecuadas de neum\u00e1ticos: si bien los neum\u00e1ticos se pueden reacondicionar y seguir funcionando de manera segura, los neum\u00e1ticos reparados incorrectamente pueden fallar y causar p\u00e9rdida de control, lo que provoca colisiones. Los reclamos por estos choques se pueden hacer con \u00e9xito contra las compa\u00f1\u00edas de reparaci\u00f3n de llantas si se obtienen y conservan las pruebas de la falla y la reparaci\u00f3n defectuosa. <\/li>\n<\/ul>\n\n<h2 class=\"wp-block-heading\">P\u00f3ngase en contacto con nuestro abogado de lesiones por defectos de neum\u00e1ticos en Houston<\/h2>\n\n<p>Determinar las causas de un accidente automovil\u00edstico a veces puede ser dif\u00edcil, pero con la ayuda de un abogado experimentado, las v\u00edctimas pueden asegurarse de que est\u00e1n tomando las medidas correctas para recibir una compensaci\u00f3n financiera. Nuestra firma puede reunir la evidencia necesaria para demostrar que el fabricante de un producto u otra parte fue responsable de las lesiones de una persona, y trabajaremos para garantizar que las v\u00edctimas reciban una compensaci\u00f3n completa por los da\u00f1os que han sufrido. <a href=\"https:\/\/www.injurylawyerhouston.com\/es\/contactenos\/\">P\u00f3ngase en contacto con nuestra oficina<\/a> hoy llamando al <a href=\"tel:281-643-2000\">281-643-2000<\/a> para programar su consulta gratuita. Ayudamos con casos de lesiones que involucran llantas defectuosas y otras autopartes en Memorial, el condado de Waller, la costa del Golfo, el condado de Fort Bend, Bellaire, el condado de Harris, The Woodlands, el condado de Galveston, el condado de Montgomery, Houston, Pearland, el condado de Brazoria, Katy, el condado de Liberty, el condado de Chambers, West Houston y Sugar Land.  <\/p>\n","protected":false},"excerpt":{"rendered":"<p>Los veh\u00edculos de motor son piezas complejas de maquinaria que contienen muchas partes diferentes. M\u00faltiples tipos de autopartes defectuosas pueden provocar accidentes automovil\u00edsticos peligrosos y lesiones graves. Los neum\u00e1ticos se encuentran entre las m\u00e1s importantes de estas partes, ya que son el \u00fanico punto de contacto entre un veh\u00edculo y la carretera. Si los neum\u00e1ticos&#8230;<\/p>\n","protected":false},"author":1,"featured_media":500830,"parent":0,"menu_order":0,"comment_status":"closed","ping_status":"closed","template":"","meta":{"_acf_changed":false,"inline_featured_image":false,"_kad_blocks_custom_css":"","_kad_blocks_head_custom_js":"","_kad_blocks_body_custom_js":"","_kad_blocks_footer_custom_js":"","_kad_post_transparent":"","_kad_post_title":"","_kad_post_layout":"","_kad_post_sidebar_id":"","_kad_post_content_style":"","_kad_post_vertical_padding":"","_kad_post_feature":"","_kad_post_feature_position":"","_kad_post_header":false,"_kad_post_footer":false,"_kad_post_classname":"","footnotes":""},"class_list":["post-500827","page","type-page","status-publish","has-post-thumbnail","hentry"],"acf":[],"taxonomy_info":[],"featured_image_src_large":["https:\/\/www.injurylawyerhouston.com\/wp-content\/uploads\/2025\/05\/Tire-Defects-1024x320.webp",1024,320,true],"author_info":{"display_name":"Shane R. Kadlec","author_link":"https:\/\/www.injurylawyerhouston.com\/es\/author\/operationslmg\/"},"comment_info":0,"_links":{"self":[{"href":"https:\/\/www.injurylawyerhouston.com\/es\/wp-json\/wp\/v2\/pages\/500827","targetHints":{"allow":["GET"]}}],"collection":[{"href":"https:\/\/www.injurylawyerhouston.com\/es\/wp-json\/wp\/v2\/pages"}],"about":[{"href":"https:\/\/www.injurylawyerhouston.com\/es\/wp-json\/wp\/v2\/types\/page"}],"author":[{"embeddable":true,"href":"https:\/\/www.injurylawyerhouston.com\/es\/wp-json\/wp\/v2\/users\/1"}],"replies":[{"embeddable":true,"href":"https:\/\/www.injurylawyerhouston.com\/es\/wp-json\/wp\/v2\/comments?post=500827"}],"version-history":[{"count":1,"href":"https:\/\/www.injurylawyerhouston.com\/es\/wp-json\/wp\/v2\/pages\/500827\/revisions"}],"predecessor-version":[{"id":500832,"href":"https:\/\/www.injurylawyerhouston.com\/es\/wp-json\/wp\/v2\/pages\/500827\/revisions\/500832"}],"wp:featuredmedia":[{"embeddable":true,"href":"https:\/\/www.injurylawyerhouston.com\/es\/wp-json\/wp\/v2\/media\/500830"}],"wp:attachment":[{"href":"https:\/\/www.injurylawyerhouston.com\/es\/wp-json\/wp\/v2\/media?parent=500827"}],"curies":[{"name":"wp","href":"https:\/\/api.w.org\/{rel}","templated":true}]}}