{"id":500833,"date":"2025-05-05T15:16:50","date_gmt":"2025-05-05T15:16:50","guid":{"rendered":"https:\/\/www.injurylawyerhouston.com\/abogado-de-accidentes-de-falla-de-equipos-en-houston\/"},"modified":"2025-10-13T20:20:29","modified_gmt":"2025-10-13T20:20:29","slug":"abogado-de-accidentes-de-falla-de-equipos-en-houston","status":"publish","type":"page","link":"https:\/\/www.injurylawyerhouston.com\/es\/abogado-de-accidentes-de-falla-de-equipos-en-houston\/","title":{"rendered":"Abogado de accidentes de falla de equipos en Houston"},"content":{"rendered":"\n<p>Cuando ocurre un <a href=\"\/truck-accidents\/\">accidente de cami\u00f3n<\/a> grave, generalmente es razonable suponer que alguien ha sido negligente al causarlo. Lo m\u00e1s com\u00fan es que la culpa recaiga estrictamente en el conductor del cami\u00f3n debido a un error que se cometi\u00f3 en los momentos previos a la colisi\u00f3n. Sin embargo, hay algunos casos en los que el accidente fue causado por una falla del equipo o un mantenimiento inadecuado. Adem\u00e1s de operar sus veh\u00edculos de manera segura, los conductores de camiones y las empresas de camiones tienen el deber de realizar el mantenimiento necesario para mantener los veh\u00edculos seguros y aptos para circular. Sin embargo, incluso cuando se ha realizado el mantenimiento, siempre existe la posibilidad de que se haya instalado una pieza defectuosa o que una pieza de trabajo se haya instalado incorrectamente.    <\/p>\n\n<p>En la oficina legal de Shane R. Kadlec, llevamos a cabo investigaciones expertas sobre cada accidente de cami\u00f3n en nuestros esfuerzos por descubrir y probar la causa del accidente. Nos asociamos y contratamos a los mejores expertos de la industria y les pedimos que testifiquen en juicios para explicar todas las fallas que contribuyeron al accidente. Nuestro equipo legal se encarga del trabajo legal para que pueda dedicar este tiempo a su curaci\u00f3n personal mientras buscamos una compensaci\u00f3n para usted.  <\/p>\n\n<h3 class=\"wp-block-heading\">Componentes defectuosos del cami\u00f3n que pueden causar accidentes<\/h3>\n\n<p>Incluso los conductores de camiones m\u00e1s cautelosos pueden perder el control de su veh\u00edculo y verse involucrados en un accidente grave muy r\u00e1pidamente si ciertos componentes de su veh\u00edculo fallan. Las piezas defectuosas comunes de camiones que conducen a accidentes incluyen: <\/p>\n<style>.wp-block-kadence-iconlist.kt-svg-icon-list-items1487_18f870-42:not(.this-stops-third-party-issues){margin-top:0px;margin-bottom:0px;}.wp-block-kadence-iconlist.kt-svg-icon-list-items1487_18f870-42 ul.kt-svg-icon-list:not(.this-prevents-issues):not(.this-stops-third-party-issues):not(.tijsloc){margin-top:0px;margin-right:0px;margin-bottom:var(--global-kb-spacing-sm, 1.5rem);margin-left:0px;column-gap:24px;}.wp-block-kadence-iconlist.kt-svg-icon-list-items1487_18f870-42 ul.kt-svg-icon-list{grid-row-gap:12px;}.wp-block-kadence-iconlist.kt-svg-icon-list-items1487_18f870-42 .kb-svg-icon-wrap{color:#f38f1e;}.wp-block-kadence-iconlist.kt-svg-icon-list-items1487_18f870-42 ul.kt-svg-icon-list .kt-svg-icon-list-item-wrap .kt-svg-icon-list-single{margin-right:10px;}.kt-svg-icon-list-items1487_18f870-42 ul.kt-svg-icon-list .kt-svg-icon-list-item-wrap, .kt-svg-icon-list-items1487_18f870-42 ul.kt-svg-icon-list .kt-svg-icon-list-item-wrap a{line-height:25px;}.kt-svg-icon-list-items1487_18f870-42 ul.kt-svg-icon-list .kt-svg-icon-list-level-0 .kt-svg-icon-list-single svg{font-size:20px;}<\/style>\n<div class=\"wp-block-kadence-iconlist kt-svg-icon-list-items kt-svg-icon-list-items1487_18f870-42 kt-svg-icon-list-columns-1 alignnone kt-list-icon-aligntop\"><ul class=\"kt-svg-icon-list\"><style>.kt-svg-icon-list-item-1487_a3608a-ba .kt-svg-icon-list-text mark.kt-highlight{background-color:unset;font-style:normal;color:#f76a0c;-webkit-box-decoration-break:clone;box-decoration-break:clone;padding-top:0px;padding-right:0px;padding-bottom:0px;padding-left:0px;}<\/style>\n<li class=\"wp-block-kadence-listitem kt-svg-icon-list-item-wrap kt-svg-icon-list-item-1487_a3608a-ba\"><span class=\"kb-svg-icon-wrap kb-svg-icon-fas_chevron-right kt-svg-icon-list-single\"><svg viewBox=\"0 0 320 512\"  fill=\"currentColor\" xmlns=\"http:\/\/www.w3.org\/2000\/svg\"  aria-hidden=\"true\"><path d=\"M285.476 272.971L91.132 467.314c-9.373 9.373-24.569 9.373-33.941 0l-22.667-22.667c-9.357-9.357-9.375-24.522-.04-33.901L188.505 256 34.484 101.255c-9.335-9.379-9.317-24.544.04-33.901l22.667-22.667c9.373-9.373 24.569-9.373 33.941 0L285.475 239.03c9.373 9.372 9.373 24.568.001 33.941z\"\/><\/svg><\/span><span class=\"kt-svg-icon-list-text\"><strong>Frenos:<\/strong> Si un conductor no puede detenerse debido a frenos defectuosos, es posible que no pueda evitar golpear a otro veh\u00edculo, o incluso a una persona que camina o anda en bicicleta. No siempre es posible alejarse de los dem\u00e1s lo suficientemente r\u00e1pido al darse cuenta de que los frenos no funcionan correctamente. Debido a que los camiones comerciales generalmente usan frenos de aire, los problemas con los componentes de estos sistemas, como las mangueras de aire con fugas, pueden provocar fallas en los frenos.  <\/span><\/li>\n\n\n<style>.kt-svg-icon-list-item-1487_095e1e-49 .kt-svg-icon-list-text mark.kt-highlight{background-color:unset;font-style:normal;color:#f76a0c;-webkit-box-decoration-break:clone;box-decoration-break:clone;padding-top:0px;padding-right:0px;padding-bottom:0px;padding-left:0px;}<\/style>\n<li class=\"wp-block-kadence-listitem kt-svg-icon-list-item-wrap kt-svg-icon-list-item-1487_095e1e-49\"><span class=\"kb-svg-icon-wrap kb-svg-icon-fas_chevron-right kt-svg-icon-list-single\"><svg viewBox=\"0 0 320 512\"  fill=\"currentColor\" xmlns=\"http:\/\/www.w3.org\/2000\/svg\"  aria-hidden=\"true\"><path d=\"M285.476 272.971L91.132 467.314c-9.373 9.373-24.569 9.373-33.941 0l-22.667-22.667c-9.357-9.357-9.375-24.522-.04-33.901L188.505 256 34.484 101.255c-9.335-9.379-9.317-24.544.04-33.901l22.667-22.667c9.373-9.373 24.569-9.373 33.941 0L285.475 239.03c9.373 9.372 9.373 24.568.001 33.941z\"\/><\/svg><\/span><span class=\"kt-svg-icon-list-text\"><strong>Sistemas de direcci\u00f3n: <\/strong>Cuando falla el sistema de direcci\u00f3n de un cami\u00f3n, la \u00fanica opci\u00f3n del conductor es frenar con fuerza. Si hay tr\u00e1fico alrededor, es muy probable que un conductor que pierda la capacidad de direcci\u00f3n golpee a otra persona. <\/span><\/li>\n\n\n<style>.kt-svg-icon-list-item-1487_702c18-16 .kt-svg-icon-list-text mark.kt-highlight{background-color:unset;font-style:normal;color:#f76a0c;-webkit-box-decoration-break:clone;box-decoration-break:clone;padding-top:0px;padding-right:0px;padding-bottom:0px;padding-left:0px;}<\/style>\n<li class=\"wp-block-kadence-listitem kt-svg-icon-list-item-wrap kt-svg-icon-list-item-1487_702c18-16\"><span class=\"kb-svg-icon-wrap kb-svg-icon-fas_chevron-right kt-svg-icon-list-single\"><svg viewBox=\"0 0 320 512\"  fill=\"currentColor\" xmlns=\"http:\/\/www.w3.org\/2000\/svg\"  aria-hidden=\"true\"><path d=\"M285.476 272.971L91.132 467.314c-9.373 9.373-24.569 9.373-33.941 0l-22.667-22.667c-9.357-9.357-9.375-24.522-.04-33.901L188.505 256 34.484 101.255c-9.335-9.379-9.317-24.544.04-33.901l22.667-22.667c9.373-9.373 24.569-9.373 33.941 0L285.475 239.03c9.373 9.372 9.373 24.568.001 33.941z\"\/><\/svg><\/span><span class=\"kt-svg-icon-list-text\"><strong>Neum\u00e1ticos: <\/strong>Cuando las llantas explotan, un conductor de cami\u00f3n puede perder el control de su cami\u00f3n o puede no poder evitar un accidente de vuelco. Los reventones de llantas a menudo conducen a accidentes de varios veh\u00edculos. <\/span><\/li>\n\n\n<style>.kt-svg-icon-list-item-1487_14cfec-eb .kt-svg-icon-list-text mark.kt-highlight{background-color:unset;font-style:normal;color:#f76a0c;-webkit-box-decoration-break:clone;box-decoration-break:clone;padding-top:0px;padding-right:0px;padding-bottom:0px;padding-left:0px;}<\/style>\n<li class=\"wp-block-kadence-listitem kt-svg-icon-list-item-wrap kt-svg-icon-list-item-1487_14cfec-eb\"><span class=\"kb-svg-icon-wrap kb-svg-icon-fas_chevron-right kt-svg-icon-list-single\"><svg viewBox=\"0 0 320 512\"  fill=\"currentColor\" xmlns=\"http:\/\/www.w3.org\/2000\/svg\"  aria-hidden=\"true\"><path d=\"M285.476 272.971L91.132 467.314c-9.373 9.373-24.569 9.373-33.941 0l-22.667-22.667c-9.357-9.357-9.375-24.522-.04-33.901L188.505 256 34.484 101.255c-9.335-9.379-9.317-24.544.04-33.901l22.667-22.667c9.373-9.373 24.569-9.373 33.941 0L285.475 239.03c9.373 9.372 9.373 24.568.001 33.941z\"\/><\/svg><\/span><span class=\"kt-svg-icon-list-text\"><strong>Acoplamientos de remolque:<\/strong> Si un remolque se desprende de un cami\u00f3n durante el tr\u00e1nsito, puede chocar con otros veh\u00edculos y causar lesiones graves.<\/span><\/li>\n<\/ul><\/div>\n\n<h3 class=\"wp-block-heading\">Responsabilidad despu\u00e9s de un accidente de falla del equipo<\/h3>\n\n<p>Los casos en los que un componente defectuoso del veh\u00edculo causa un accidente con frecuencia representan la intersecci\u00f3n entre los reclamos por accidentes de camiones y los litigios <a href=\"\/product-liability\/\">por responsabilidad por productos<\/a> defectuosos. La responsabilidad en estos casos recae en la parte responsable del defecto que caus\u00f3 el accidente. Con frecuencia, este es el fabricante de la pieza que fall\u00f3.  <\/p>\n\n<p>Sin embargo, si el problema no es el producto en s\u00ed, sino la forma en que se instal\u00f3, entonces la responsabilidad puede recaer en el mec\u00e1nico o t\u00e9cnico del veh\u00edculo que instal\u00f3 la pieza de manera negligente. Es probable que su abogado realice un an\u00e1lisis espec\u00edfico de los hechos para determinar contra qui\u00e9n presentar un reclamo. <\/p>\n\n<h3 class=\"wp-block-heading\">Responsabilidad despu\u00e9s de que un mantenimiento inadecuado cause un accidente<\/h3>\n\n<p>Un conductor de cami\u00f3n o una empresa de camiones que fue negligente en el mantenimiento de un veh\u00edculo generalmente ser\u00e1 responsable de los da\u00f1os resultantes de una reparaci\u00f3n que deber\u00eda haberse hecho pero no se hizo. Por ejemplo, si los frenos de un cami\u00f3n se han desgastado lentamente y el frenado se ha vuelto cada vez m\u00e1s dif\u00edcil, el conductor tiene el deber de informar este problema y asegurarse de que los frenos se reparen para que el cami\u00f3n sea seguro de conducir. Si no lo hace, o si una empresa de camiones no repara los frenos correctamente, y los frenos finalmente fallan y provocan un accidente, el conductor del cami\u00f3n y\/o su empleador pueden ser considerados responsables.  <\/p>\n\n<p>En este caso, desde una perspectiva legal, es como si el conductor o la empresa hubieran tomado cualquier otra acci\u00f3n descuidada que contribuy\u00f3 al accidente. En el caso de accidentes de camiones, es m\u00e1s probable que la agencia propietaria de los camiones sea la parte responsable que el conductor del cami\u00f3n, aunque podr\u00eda ir en cualquier direcci\u00f3n dependiendo de qui\u00e9n sea el deber de garantizar que se realice el mantenimiento antes de permitir que el cami\u00f3n vuelva a la carretera. <\/p>\n\n<h3 class=\"wp-block-heading\">P\u00f3ngase en contacto con un abogado de accidentes por fallas de equipos de camiones en el condado de Harris<\/h3>\n\n<p>En la oficina legal de Shane R. Kadlec, estamos capacitados para investigar para determinar qui\u00e9n es la parte responsable despu\u00e9s de que una falla en el equipo o un mantenimiento inadecuado provoque un accidente de cami\u00f3n. Podemos buscar una compensaci\u00f3n de cualquier parte que pueda ser responsable ante usted para que podamos ganarle el acuerdo o premio m\u00e1s alto posible. <a href=\"https:\/\/www.injurylawyerhouston.com\/es\/contactenos\/\">Cont\u00e1ctenos<\/a> al <a href=\"tel:281-643-2000\">281-643-2000<\/a> para una consulta gratuita. <\/p>\n","protected":false},"excerpt":{"rendered":"<p>Cuando ocurre un accidente de cami\u00f3n grave, generalmente es razonable suponer que alguien ha sido negligente al causarlo. Lo m\u00e1s com\u00fan es que la culpa recaiga estrictamente en el conductor del cami\u00f3n debido a un error que se cometi\u00f3 en los momentos previos a la colisi\u00f3n. Sin embargo, hay algunos casos en los que el&#8230;<\/p>\n","protected":false},"author":1,"featured_media":500835,"parent":0,"menu_order":0,"comment_status":"closed","ping_status":"closed","template":"","meta":{"_acf_changed":false,"inline_featured_image":false,"_kad_blocks_custom_css":"","_kad_blocks_head_custom_js":"","_kad_blocks_body_custom_js":"","_kad_blocks_footer_custom_js":"","_kad_post_transparent":"","_kad_post_title":"","_kad_post_layout":"","_kad_post_sidebar_id":"","_kad_post_content_style":"","_kad_post_vertical_padding":"","_kad_post_feature":"","_kad_post_feature_position":"","_kad_post_header":false,"_kad_post_footer":false,"_kad_post_classname":"","footnotes":""},"class_list":["post-500833","page","type-page","status-publish","has-post-thumbnail","hentry"],"acf":[],"taxonomy_info":[],"featured_image_src_large":["https:\/\/www.injurylawyerhouston.com\/wp-content\/uploads\/2025\/05\/harris-county-truck-crash-lawyer.webp",1000,400,false],"author_info":{"display_name":"Shane R. Kadlec","author_link":"https:\/\/www.injurylawyerhouston.com\/es\/author\/operationslmg\/"},"comment_info":0,"_links":{"self":[{"href":"https:\/\/www.injurylawyerhouston.com\/es\/wp-json\/wp\/v2\/pages\/500833","targetHints":{"allow":["GET"]}}],"collection":[{"href":"https:\/\/www.injurylawyerhouston.com\/es\/wp-json\/wp\/v2\/pages"}],"about":[{"href":"https:\/\/www.injurylawyerhouston.com\/es\/wp-json\/wp\/v2\/types\/page"}],"author":[{"embeddable":true,"href":"https:\/\/www.injurylawyerhouston.com\/es\/wp-json\/wp\/v2\/users\/1"}],"replies":[{"embeddable":true,"href":"https:\/\/www.injurylawyerhouston.com\/es\/wp-json\/wp\/v2\/comments?post=500833"}],"version-history":[{"count":1,"href":"https:\/\/www.injurylawyerhouston.com\/es\/wp-json\/wp\/v2\/pages\/500833\/revisions"}],"predecessor-version":[{"id":500837,"href":"https:\/\/www.injurylawyerhouston.com\/es\/wp-json\/wp\/v2\/pages\/500833\/revisions\/500837"}],"wp:featuredmedia":[{"embeddable":true,"href":"https:\/\/www.injurylawyerhouston.com\/es\/wp-json\/wp\/v2\/media\/500835"}],"wp:attachment":[{"href":"https:\/\/www.injurylawyerhouston.com\/es\/wp-json\/wp\/v2\/media?parent=500833"}],"curies":[{"name":"wp","href":"https:\/\/api.w.org\/{rel}","templated":true}]}}