{"id":500834,"date":"2025-05-05T14:58:12","date_gmt":"2025-05-05T14:58:12","guid":{"rendered":"https:\/\/www.injurylawyerhouston.com\/abogado-de-accidentes-de-camiones-con-navaja-en-houston\/"},"modified":"2025-10-13T20:20:30","modified_gmt":"2025-10-13T20:20:30","slug":"abogado-de-accidentes-de-camiones-con-navaja-en-houston","status":"publish","type":"page","link":"https:\/\/www.injurylawyerhouston.com\/es\/abogado-de-accidentes-de-camiones-con-navaja-en-houston\/","title":{"rendered":"Abogado de accidentes de camiones con navaja en Houston"},"content":{"rendered":"\n<p>Cualquier accidente de carretera que involucre un cami\u00f3n de 18 ruedas puede tener consecuencias devastadoras. Solo se necesita un momento fugaz de descuido para que un conductor de cami\u00f3n cause un accidente que pueda alterar el curso de la vida de una v\u00edctima. Los conductores de camiones son plenamente conscientes del riesgo de da\u00f1o que sus veh\u00edculos representan para los dem\u00e1s si no se operan con un alto nivel de precauci\u00f3n.    <\/p>\n\n<p>Sin embargo, los <a href=\"\/truck-accidents\/\">accidentes de camiones<\/a> comerciales ocurren todos los d\u00edas. Estas colisiones devastadoras se pueden prevenir en casi todos los casos. Rara vez se estrella un cami\u00f3n de 18 ruedas cuando tanto el conductor como la agencia de camiones cumplen con el deber de cuidado que tienen con todos en la carretera a su alrededor.  <\/p>\n\n<figure class=\"wp-block-image\"><img loading=\"lazy\" decoding=\"async\" width=\"1200\" height=\"600\" src=\"https:\/\/www.injurylawyerhouston.com\/wp-content\/uploads\/2025\/05\/top-img-1.jpg\" alt=\"Oficina legal de Shane R. Kadlec en Houston, TX\" class=\"wp-image-1482\" srcset=\"https:\/\/www.injurylawyerhouston.com\/wp-content\/uploads\/2025\/05\/top-img-1.jpg 1200w, https:\/\/www.injurylawyerhouston.com\/wp-content\/uploads\/2025\/05\/top-img-1-300x150.jpg 300w, https:\/\/www.injurylawyerhouston.com\/wp-content\/uploads\/2025\/05\/top-img-1-1024x512.jpg 1024w, https:\/\/www.injurylawyerhouston.com\/wp-content\/uploads\/2025\/05\/top-img-1-768x384.jpg 768w\" sizes=\"auto, (max-width: 1200px) 100vw, 1200px\" \/><\/figure>\n\n<p>En la oficina legal de Shane R. Kadlec, tenemos experiencia en la presentaci\u00f3n de reclamos por accidentes de camiones. Nuestros abogados expertos comprenden el alcance del da\u00f1o que un accidente de cami\u00f3n puede causar no solo a las v\u00edctimas de primera mano, sino tambi\u00e9n a sus familias. Nuestro objetivo es recuperar la mayor cantidad posible de compensaci\u00f3n en nombre de las personas que han resultado lesionadas debido a un transporte descuidado. Nos esforzaremos por mantener el proceso de reclamos lo m\u00e1s f\u00e1cil posible para usted para que pueda concentrarse en su curaci\u00f3n.   <\/p>\n\n<h2 class=\"wp-block-heading\">Causas de accidentes de camiones con navaja<\/h2>\n\n<p>Un accidente de cami\u00f3n con navaja ocurre cuando el conductor del cami\u00f3n pierde el control del veh\u00edculo de tal manera que el remolque del cami\u00f3n se pliega en un \u00e1ngulo de 90 grados con respecto a la cabina. Los enganches de remolque est\u00e1n dise\u00f1ados para permitir flexibilidad en los giros. Cuando giran de manera inapropiada, es probable que el cami\u00f3n gire incontrolablemente, causando un da\u00f1o extremo a cualquier persona y cualquier cosa lo suficientemente desafortunada como para quedar atrapada en su camino.  <\/p>\n\n<p>Los accidentes de navaja rara vez ocurren a menos que el conductor o la agencia que lo emplea haya cometido un error grave, como:<\/p>\n\n<ul class=\"wp-block-list\">\n<li><strong><a href=\"https:\/\/www.injurylawyerhouston.com\/es\/abogado-de-accidentes-de-falla-de-equipos-en-houston\/\">Mantenimiento deficiente de los frenos<\/a>:<\/strong> El jackkning es causado con frecuencia por defectos en el sistema de frenos del cami\u00f3n. Cuando el sistema de frenado del cami\u00f3n no funciona como deber\u00eda cuando el conductor intenta detener su plataforma, el remolque puede continuar avanzando a pesar de los esfuerzos del conductor por frenar, lo que hace que el remolque gire alrededor del costado de la cabina. <\/li>\n\n\n\n<li><strong>Frenado inadecuado:<\/strong> Otra causa com\u00fan de accidentes de navaja es cuando un conductor intenta detener su cami\u00f3n demasiado r\u00e1pido. Los conductores de camiones pueden frenar demasiado fuerte si se distrajeron y no se dieron cuenta de que el tr\u00e1fico se detuvo a tiempo. <\/li>\n\n\n\n<li><a href=\"https:\/\/www.injurylawyerhouston.com\/es\/abogado-de-accidentes-por-exceso-de-velocidad-e-infracciones-de-trafico-en-houston\/\"><strong>Acelerar: <\/strong>Los conductores de camiones a exceso de velocidad corren el riesgo de perder el control de su plataforma.<\/a><\/li>\n\n\n\n<li><a href=\"https:\/\/www.injurylawyerhouston.com\/accidents-caused-by-speeding-and-traffic-violation.html\"><\/a><strong><a href=\"\/dwi-dui-accidents\/\">Conducir ebrio<\/a>: <\/strong>Los conductores de camiones intoxicados corren un riesgo muy alto de causar accidentes graves.<\/li>\n\n\n\n<li><strong><a href=\"https:\/\/www.injurylawyerhouston.com\/es\/abogado-de-accidentes-de-camiones-en-houston-por-carga-caida\/\">Carga ca\u00edda o en movimiento<\/a>:<\/strong> La carga mal colocada y asegurada puede desplazarse a un lado del cami\u00f3n y hacer que el remolque se doble hacia la cabina.<\/li>\n<\/ul>\n\n<p>Nuestros abogados llevar\u00e1n a cabo una investigaci\u00f3n calificada para determinar y demostrar las causas de su accidente.<\/p>\n\n<h2 class=\"wp-block-heading\">Compensaci\u00f3n disponible despu\u00e9s de un accidente de navaja<\/h2>\n\n<p>La cantidad en d\u00f3lares de los da\u00f1os causados por un accidente de cami\u00f3n comercial puede ser sustancial. Muchas lesiones asociadas con accidentes de camiones con navaja pueden alterar la vida. Lamentablemente, algunas v\u00edctimas no sanar\u00e1n por completo y es posible que no puedan regresar al trabajo o la escuela. Los tipos de compensaci\u00f3n que pueden estar disponibles despu\u00e9s de un accidente de cami\u00f3n incluyen:   <\/p>\n\n<ul class=\"wp-block-list\">\n<li>Salarios perdidos y p\u00e9rdida de ingresos futuros<\/li>\n\n\n\n<li>Dolor y sufrimiento<\/li>\n\n\n\n<li>Gastos de atenci\u00f3n m\u00e9dica actuales y futuros<\/li>\n\n\n\n<li>P\u00e9rdida del disfrute de la vida<\/li>\n\n\n\n<li><a href=\"\/wrongful-death\/\">Compensaci\u00f3n por muerte por negligencia<\/a> para familiares sobrevivientes<\/li>\n<\/ul>\n\n<h2 class=\"wp-block-heading\">P\u00f3ngase en contacto con un abogado de accidentes de camiones con navaja del condado de Harris<\/h2>\n\n<p>La oficina legal de Shane R. Kadlec se toma muy en serio los accidentes de camiones con navaja y perseguimos estos reclamos agresivamente. Nuestros abogados expertos en lesiones personales certificados por la Junta de Houston pueden probar negligencia y tambi\u00e9n son h\u00e1biles negociadores. Estamos preparados para llevar su caso a juicio si es necesario, y las compa\u00f1\u00edas de seguros y los abogados defensores toman nuestros casos muy en serio. <a href=\"\/contact-us-houston-lawyers\/\">Cont\u00e1ctenos<\/a> al <a href=\"tel:281-643-2000\">281-643-2000<\/a> para recibir una consulta gratuita.  <\/p>\n","protected":false},"excerpt":{"rendered":"<p>Cualquier accidente de carretera que involucre un cami\u00f3n de 18 ruedas puede tener consecuencias devastadoras. Solo se necesita un momento fugaz de descuido para que un conductor de cami\u00f3n cause un accidente que pueda alterar el curso de la vida de una v\u00edctima. Los conductores de camiones son plenamente conscientes del riesgo de da\u00f1o que&#8230;<\/p>\n","protected":false},"author":1,"featured_media":500838,"parent":0,"menu_order":0,"comment_status":"closed","ping_status":"closed","template":"","meta":{"_acf_changed":false,"inline_featured_image":false,"_kad_blocks_custom_css":"","_kad_blocks_head_custom_js":"","_kad_blocks_body_custom_js":"","_kad_blocks_footer_custom_js":"","_kad_post_transparent":"","_kad_post_title":"","_kad_post_layout":"","_kad_post_sidebar_id":"","_kad_post_content_style":"","_kad_post_vertical_padding":"","_kad_post_feature":"","_kad_post_feature_position":"","_kad_post_header":false,"_kad_post_footer":false,"_kad_post_classname":"","footnotes":""},"class_list":["post-500834","page","type-page","status-publish","has-post-thumbnail","hentry"],"acf":[],"taxonomy_info":[],"featured_image_src_large":["https:\/\/www.injurylawyerhouston.com\/wp-content\/uploads\/2025\/05\/jackknife-truck-accidents-1024x320.webp",1024,320,true],"author_info":{"display_name":"Shane R. Kadlec","author_link":"https:\/\/www.injurylawyerhouston.com\/es\/author\/operationslmg\/"},"comment_info":0,"_links":{"self":[{"href":"https:\/\/www.injurylawyerhouston.com\/es\/wp-json\/wp\/v2\/pages\/500834","targetHints":{"allow":["GET"]}}],"collection":[{"href":"https:\/\/www.injurylawyerhouston.com\/es\/wp-json\/wp\/v2\/pages"}],"about":[{"href":"https:\/\/www.injurylawyerhouston.com\/es\/wp-json\/wp\/v2\/types\/page"}],"author":[{"embeddable":true,"href":"https:\/\/www.injurylawyerhouston.com\/es\/wp-json\/wp\/v2\/users\/1"}],"replies":[{"embeddable":true,"href":"https:\/\/www.injurylawyerhouston.com\/es\/wp-json\/wp\/v2\/comments?post=500834"}],"version-history":[{"count":1,"href":"https:\/\/www.injurylawyerhouston.com\/es\/wp-json\/wp\/v2\/pages\/500834\/revisions"}],"predecessor-version":[{"id":500840,"href":"https:\/\/www.injurylawyerhouston.com\/es\/wp-json\/wp\/v2\/pages\/500834\/revisions\/500840"}],"wp:featuredmedia":[{"embeddable":true,"href":"https:\/\/www.injurylawyerhouston.com\/es\/wp-json\/wp\/v2\/media\/500838"}],"wp:attachment":[{"href":"https:\/\/www.injurylawyerhouston.com\/es\/wp-json\/wp\/v2\/media?parent=500834"}],"curies":[{"name":"wp","href":"https:\/\/api.w.org\/{rel}","templated":true}]}}