{"id":500839,"date":"2025-05-04T12:31:39","date_gmt":"2025-05-04T12:31:39","guid":{"rendered":"https:\/\/www.injurylawyerhouston.com\/abogado-de-resbalones-tropiezos-y-caidas-de-houston\/"},"modified":"2025-10-13T20:20:44","modified_gmt":"2025-10-13T20:20:44","slug":"abogado-de-resbalones-tropiezos-y-caidas-de-houston","status":"publish","type":"page","link":"https:\/\/www.injurylawyerhouston.com\/es\/abogado-de-resbalones-tropiezos-y-caidas-de-houston\/","title":{"rendered":"Abogado de resbalones, tropiezos y ca\u00eddas de Houston"},"content":{"rendered":"\n<p>Hay una variedad de situaciones en las que pueden ocurrir lesiones mientras una persona se encuentra en la propiedad de otra persona. Estos incidentes pueden implicar peligros que hacen que alguien pierda el equilibrio y se caiga. Cuando una persona se resbala o tropieza debido a condiciones en una propiedad que deber\u00edan haber sido abordadas por el due\u00f1o de la propiedad, puede emprender acciones legales para obtener una compensaci\u00f3n presentando una demanda por <g id=\"gid_0\">responsabilidad de locales<\/g> . Para garantizar que las lesiones y da\u00f1os de la v\u00edctima se aborden por completo, es importante obtener la representaci\u00f3n de un abogado que tenga experiencia en este tipo de casos.   <\/p>\n\n<p>La <a href=\"https:\/\/www.injurylawyerhouston.com\/es\/acerca-del-bufete-de-abogados-de-shane-r-kadlec\/\">oficina legal de Shane R. Kadlec<\/a> brinda ayuda legal a clientes en una amplia variedad de casos de <a href=\"\/personal-injury\/\">lesiones personales<\/a> , incluidos accidentes causados por la negligencia de los propietarios. Nuestro abogado fundador tiene m\u00e1s de 25 a\u00f1os de experiencia legal y ha representado a miles de clientes en casos que involucran m\u00faltiples tipos de lesiones. Trabajaremos para asegurar una compensaci\u00f3n completa por todos los da\u00f1os de una persona, incluido el tratamiento m\u00e9dico que ha recibido, cualquier tratamiento futuro que se necesite, ingresos perdidos mientras se recupera de una lesi\u00f3n, discapacidades permanentes que afectan la capacidad de ingresos futuros y dolor y sufrimiento f\u00edsico y emocional.  <\/p>\n\n<h2 class=\"wp-block-heading\">Buscar compensaci\u00f3n por lesiones por resbalones y ca\u00eddas<\/h2>\n\n<p>Un accidente de resbal\u00f3n, tropiezo y ca\u00edda puede provocar m\u00faltiples tipos diferentes de lesiones. Estos pueden incluir huesos rotos, articulaciones dislocadas o esguinces. En casos m\u00e1s graves, una persona puede golpearse la cabeza contra el suelo u otros objetos y sufrir <a href=\"https:\/\/www.injurylawyerhouston.com\/es\/abogado-de-lesiones-cerebrales-traumaticas-de-houston\/\">lesiones cerebrales traum\u00e1ticas<\/a>, o pueden ocurrir <a href=\"https:\/\/www.injurylawyerhouston.com\/es\/abogado-de-lesiones-de-la-medula-espinal-en-houston\/\">lesiones de la m\u00e9dula espinal<\/a> que pueden provocar par\u00e1lisis o p\u00e9rdida de movilidad. Si se produce una ca\u00edda desde una gran altura, una persona puede sufrir <a href=\"https:\/\/www.injurylawyerhouston.com\/es\/abogado-de-lesiones-catastroficas-en-houston\/\">lesiones catastr\u00f3ficas<\/a> o <a href=\"\/wrongful-death\/\">muerte por negligencia<\/a>.   <\/p>\n\n<p>Las lesiones por resbalones, tropiezos y ca\u00eddas pueden ocurrir por m\u00faltiples razones, que incluyen:<\/p>\n\n<ul class=\"wp-block-list\">\n<li><strong>Pisos mojados<\/strong>: Si los derrames no se limpian correctamente, si las \u00e1reas alrededor de la entrada de un edificio no se mantienen secas mediante el uso de tapetes, o si los clientes no reciben advertencias sobre pisos resbaladizos que han sido trapeados recientemente, los visitantes de un establecimiento pueden resbalar y caer.<\/li>\n\n\n\n<li><strong>Aceras o estacionamientos da\u00f1ados<\/strong>: Las grietas grandes, los huecos o las superficies irregulares en las aceras pueden hacer que las personas tropiecen y se caigan. Los baches y otros peligros en los estacionamientos tambi\u00e9n pueden provocar accidentes peligrosos por tropiezos. Si un \u00e1rea no tiene suficiente iluminaci\u00f3n, es posible que los clientes no puedan ver y evitar estos peligros al caminar de noche. El due\u00f1o de una propiedad puede ser responsable de no reparar este tipo de defectos o asegurarse de que las personas puedan evitar accidentes y lesiones.   <\/li>\n\n\n\n<li><strong>Escaleras peligrosas<\/strong>: Los accidentes por resbalones y ca\u00eddas o tropiezos y ca\u00eddas en las escaleras pueden ser muy peligrosos, y una persona puede sufrir m\u00faltiples tipos de lesiones al caer por un tramo de escaleras. Estos accidentes pueden ocurrir si los escalones est\u00e1n da\u00f1ados o resbaladizos, si los pasamanos est\u00e1n rotos o si una escalera no tiene la iluminaci\u00f3n adecuada. <\/li>\n\n\n\n<li><strong>Barandillas da\u00f1adas o defectuosas<\/strong>: Los centros comerciales, los grandes almacenes y otros lugares pueden tener varios niveles, y se deben proporcionar barandillas adecuadas para proteger contra ca\u00eddas desde niveles superiores. Si las barandillas no funcionan correctamente, pueden ocurrir lesiones por ca\u00eddas y pueden provocar discapacidades permanentes o la muerte. <\/li>\n<\/ul>\n\n<h2 class=\"wp-block-heading\">P\u00f3ngase en contacto con nuestro abogado de accidentes por resbalones, tropiezos y ca\u00eddas en Houston<\/h2>\n\n<p>Probar que el due\u00f1o de una propiedad fue responsable de un accidente de resbal\u00f3n y ca\u00edda a veces puede ser dif\u00edcil, y una persona o empresa puede intentar evitar la responsabilidad alegando que una v\u00edctima deber\u00eda haber estado al tanto de los peligros. Nuestra firma puede reunir la evidencia necesaria para demostrar que un accidente de ca\u00edda fue causado por la negligencia del due\u00f1o de una propiedad, y trabajaremos para garantizar que las v\u00edctimas puedan recibir la compensaci\u00f3n que merecen. <g id=\"gid_0\">Cont\u00e1ctenos<\/g> y programe una consulta gratuita llamando al <g id=\"gid_1\">281-643-2000<\/g>. Ofrecemos ayuda legal experimentada y dedicada en casos de responsabilidad de locales en Sugar Land, Memorial, West Houston, el condado de Waller, el condado de Chambers, la costa del Golfo, el condado de Liberty, el condado de Fort Bend, Katy, Bellaire, el condado de Brazoria, el condado de Harris, Pearland, The Woodlands, Houston, el condado de Montgomery y el condado de Galveston.  <\/p>\n","protected":false},"excerpt":{"rendered":"<p>Hay una variedad de situaciones en las que pueden ocurrir lesiones mientras una persona se encuentra en la propiedad de otra persona. Estos incidentes pueden implicar peligros que hacen que alguien pierda el equilibrio y se caiga. Cuando una persona se resbala o tropieza debido a condiciones en una propiedad que deber\u00edan haber sido abordadas&#8230;<\/p>\n","protected":false},"author":1,"featured_media":500844,"parent":0,"menu_order":0,"comment_status":"closed","ping_status":"closed","template":"","meta":{"_acf_changed":false,"inline_featured_image":false,"_kad_blocks_custom_css":"","_kad_blocks_head_custom_js":"","_kad_blocks_body_custom_js":"","_kad_blocks_footer_custom_js":"","_kad_post_transparent":"","_kad_post_title":"","_kad_post_layout":"","_kad_post_sidebar_id":"","_kad_post_content_style":"","_kad_post_vertical_padding":"","_kad_post_feature":"","_kad_post_feature_position":"","_kad_post_header":false,"_kad_post_footer":false,"_kad_post_classname":"","footnotes":""},"class_list":["post-500839","page","type-page","status-publish","has-post-thumbnail","hentry"],"acf":[],"taxonomy_info":[],"featured_image_src_large":["https:\/\/www.injurylawyerhouston.com\/wp-content\/uploads\/2025\/05\/slip-and-fall-hero-1024x410.webp",1024,410,true],"author_info":{"display_name":"Shane R. Kadlec","author_link":"https:\/\/www.injurylawyerhouston.com\/es\/author\/operationslmg\/"},"comment_info":0,"_links":{"self":[{"href":"https:\/\/www.injurylawyerhouston.com\/es\/wp-json\/wp\/v2\/pages\/500839","targetHints":{"allow":["GET"]}}],"collection":[{"href":"https:\/\/www.injurylawyerhouston.com\/es\/wp-json\/wp\/v2\/pages"}],"about":[{"href":"https:\/\/www.injurylawyerhouston.com\/es\/wp-json\/wp\/v2\/types\/page"}],"author":[{"embeddable":true,"href":"https:\/\/www.injurylawyerhouston.com\/es\/wp-json\/wp\/v2\/users\/1"}],"replies":[{"embeddable":true,"href":"https:\/\/www.injurylawyerhouston.com\/es\/wp-json\/wp\/v2\/comments?post=500839"}],"version-history":[{"count":4,"href":"https:\/\/www.injurylawyerhouston.com\/es\/wp-json\/wp\/v2\/pages\/500839\/revisions"}],"predecessor-version":[{"id":500877,"href":"https:\/\/www.injurylawyerhouston.com\/es\/wp-json\/wp\/v2\/pages\/500839\/revisions\/500877"}],"wp:featuredmedia":[{"embeddable":true,"href":"https:\/\/www.injurylawyerhouston.com\/es\/wp-json\/wp\/v2\/media\/500844"}],"wp:attachment":[{"href":"https:\/\/www.injurylawyerhouston.com\/es\/wp-json\/wp\/v2\/media?parent=500839"}],"curies":[{"name":"wp","href":"https:\/\/api.w.org\/{rel}","templated":true}]}}