{"id":500849,"date":"2025-05-05T14:48:24","date_gmt":"2025-05-05T14:48:24","guid":{"rendered":"https:\/\/www.injurylawyerhouston.com\/abogado-de-autopartes-defectuosas-de-houston\/"},"modified":"2025-10-13T20:20:38","modified_gmt":"2025-10-13T20:20:38","slug":"abogado-de-autopartes-defectuosas-de-houston","status":"publish","type":"page","link":"https:\/\/www.injurylawyerhouston.com\/es\/abogado-de-autopartes-defectuosas-de-houston\/","title":{"rendered":"Abogado de autopartes defectuosas de Houston"},"content":{"rendered":"\n<p>Existen m\u00faltiples tipos diferentes de productos defectuosos que pueden causar lesiones graves a sus usuarios. Cuando un fabricante, distribuidor o minorista permite que los productos peligrosos est\u00e9n disponibles para los consumidores, las personas lesionadas por estos productos pueden buscar una compensaci\u00f3n a trav\u00e9s de una demanda por <a href=\"\/product-liability\/\">responsabilidad del producto<\/a> .   <\/p>\n\n<p>Algunas de las lesiones m\u00e1s graves relacionadas con productos involucran veh\u00edculos o autopartes que no funcionan correctamente. Los problemas con los componentes de un veh\u00edculo pueden provocar <a href=\"\/car-accidents\/\">accidentes automovil\u00edsticos<\/a> peligrosos que resultan en lesiones a conductores, pasajeros u otras partes. Las v\u00edctimas de este tipo de lesiones deber\u00e1n obtener la representaci\u00f3n de un abogado con experiencia para asegurarse de que toman las medidas correctas para recibir una compensaci\u00f3n por sus da\u00f1os.  <\/p>\n\n<p>Si ha resultado lesionado mientras conduc\u00eda o viajaba en un veh\u00edculo motorizado que fue objeto de un retiro del mercado o conten\u00eda piezas defectuosas, la <a href=\"https:\/\/www.injurylawyerhouston.com\/es\/acerca-del-bufete-de-abogados-de-shane-r-kadlec\/\">oficina legal de Shane R. Kadlec<\/a> puede ayudarlo a comprender c\u00f3mo puede obtener una compensaci\u00f3n. Nuestro fundador tiene m\u00e1s de 25 a\u00f1os de experiencia en una amplia variedad de casos de <a href=\"\/personal-injury\/\">lesiones personales<\/a> y entendemos los problemas legales que pueden afectar este tipo de casos. Podemos trabajar con expertos para obtener una comprensi\u00f3n completa de c\u00f3mo las piezas defectuosas causaron sus lesiones, y trabajaremos para emprender acciones legales contra los fabricantes u otras partes y asegurarnos de que reciba una compensaci\u00f3n completa por todas las formas en que se ha visto afectado.  <\/p>\n\n<h3 class=\"wp-block-heading\">Lesiones causadas por autopartes defectuosas<\/h3>\n\n<p>Hay m\u00faltiples tipos de componentes del veh\u00edculo que pueden causar da\u00f1os a los conductores y pasajeros si no funcionan correctamente. Estos incluyen: <\/p>\n\n<ul class=\"wp-block-list\">\n<li><strong>Airbags:<\/strong> Si bien estos dispositivos pueden proporcionar un colch\u00f3n que protege a una persona de lesionarse en una colisi\u00f3n, pueden causar lesiones graves si no funcionan correctamente. Se sabe que algunas bolsas de aire se despliegan en momentos incorrectos, o pueden inflarse con demasiada fuerza y explotar, causando lesiones como laceraciones faciales o <a href=\"https:\/\/www.injurylawyerhouston.com\/es\/abogado-de-lesiones-cerebrales-traumaticas-de-houston\/\">traumatismos cerebrales<\/a>. <\/li>\n\n\n\n<li><strong>Expulsi\u00f3n de ocupantes:<\/strong> Los veh\u00edculos que no mantienen a los ocupantes seguros en el interior durante un choque pueden aumentar la gravedad de las lesiones para las v\u00edctimas.<\/li>\n\n\n\n<li><strong>Aplastamiento del techo: <\/strong>Los veh\u00edculos deben dise\u00f1arse para proteger a los ocupantes y mantener el compartimiento de pasajeros en choques por vuelco. Las fallas que involucran un aplastamiento excesivo del techo pueden causar lesiones devastadoras y la muerte a los ocupantes y, en estas situaciones, se pueden presentar reclamos contra los fabricantes de estos veh\u00edculos. <\/li>\n\n\n\n<li><strong>Lesiones fallidas en el respaldo de los asientos:<\/strong> Los asientos para autom\u00f3viles y camiones deben dise\u00f1arse y fabricarse para soportar las fuerzas en un choque y mantener su posici\u00f3n para proteger adecuadamente a las personas que los habitan. Si el respaldo de un asiento falla en un choque, el ocupante puede sufrir lesiones mucho mayores como resultado de la falla. <\/li>\n\n\n\n<li><strong>Cinturones de seguridad y sistemas de sujeci\u00f3n: <\/strong>Los cinturones de seguridad son esenciales para proteger a los ocupantes de un veh\u00edculo. Los cinturones de seguridad defectuosos pueden romperse o los pestillos pueden no funcionar correctamente, lo que hace que los conductores o pasajeros sufran da\u00f1os graves en un accidente automovil\u00edstico. La falla de otros tipos de restricciones, como los pestillos utilizados para asegurar los asientos de seguridad, puede provocar lesiones graves a los ni\u00f1os pasajeros.  <\/li>\n\n\n\n<li><strong>Frenos:<\/strong> La falla de los frenos de un autom\u00f3vil puede hacer que un conductor no pueda reducir la velocidad o detenerse cuando sea necesario, lo que resulta en colisiones peligrosas. Tambi\u00e9n pueden ocurrir accidentes si los frenos se bloquean inesperadamente. <\/li>\n\n\n\n<li><strong>Componentes del motor:<\/strong> Las piezas defectuosas, como correas o v\u00e1lvulas, pueden provocar fugas de aceite, refrigerante o gasolina. Esto puede hacer que un motor se sobrecaliente o se incendie, lo que puede provocar <a href=\"https:\/\/www.injurylawyerhouston.com\/es\/abogado-de-lesiones-por-quemaduras-en-houston\/\">quemaduras<\/a>, inhalaci\u00f3n de humo u otros tipos de lesiones. <\/li>\n\n\n\n<li><strong>Sistemas de direcci\u00f3n:<\/strong> Si falla la direcci\u00f3n asistida, o si hay problemas con la alineaci\u00f3n de un veh\u00edculo, el conductor puede perder el control y provocar una colisi\u00f3n.<\/li>\n\n\n\n<li><strong><a href=\"https:\/\/www.injurylawyerhouston.com\/es\/abogado-de-defectos-de-neumaticos-en-houston\/\">Neum\u00e1ticos<\/a>: <\/strong>Cuando las llantas de un veh\u00edculo est\u00e1n defectuosas, esto puede provocar reventones o es posible que no proporcionen la tracci\u00f3n necesaria, lo que hace que el conductor pierda el control o le impida reducir la velocidad o detenerse a tiempo para evitar un accidente.<\/li>\n<\/ul>\n\n<p>Un fabricante de veh\u00edculos o autopartes puede ser considerado responsable de las lesiones que ocurrieron debido a defectos de dise\u00f1o o fabricaci\u00f3n. Una v\u00edctima tambi\u00e9n puede tomar medidas contra otras partes que fueron responsables de la falla de las autopartes, como un minorista que vendi\u00f3 piezas que se sab\u00eda que eran defectuosas o un mec\u00e1nico que instal\u00f3 piezas incorrectamente. <\/p>\n\n<h3 class=\"wp-block-heading\">P\u00f3ngase en contacto con nuestro abogado de piezas defectuosas de veh\u00edculos motorizados en Houston<\/h3>\n\n<p>Si ha estado involucrado en un accidente o ha sufrido otros tipos de lesiones debido a piezas de autom\u00f3viles defectuosas, el abogado Shane Kadlec puede ayudarlo a tomar medidas para recuperar una compensaci\u00f3n de las partes responsables. Para concertar una consulta gratuita y obtener ayuda legal con su caso, <a href=\"https:\/\/www.injurylawyerhouston.com\/es\/contactenos\/\">comun\u00edquese con nuestra<\/a> oficina al   <a href=\"tel:281-643-2000\"><\/a><a href=\"tel:281-643-2000\">281-643-2000<\/a>. Brindamos ayuda legal a las personas lesionadas por veh\u00edculos y autopartes defectuosos en el condado de Waller, el condado de Fort Bend, el condado de Harris, el condado de Galveston, Houston, el condado de Brazoria, el condado de Liberty, Sugar Land, West Houston, el condado de Chambers, Katy, Pearland, el condado de Montgomery, The Woodlands, Bellaire, la costa del Golfo y Memorial. <\/p>\n","protected":false},"excerpt":{"rendered":"<p>Existen m\u00faltiples tipos diferentes de productos defectuosos que pueden causar lesiones graves a sus usuarios. Cuando un fabricante, distribuidor o minorista permite que los productos peligrosos est\u00e9n disponibles para los consumidores, las personas lesionadas por estos productos pueden buscar una compensaci\u00f3n a trav\u00e9s de una demanda por responsabilidad del producto . Algunas de las lesiones&#8230;<\/p>\n","protected":false},"author":1,"featured_media":500851,"parent":0,"menu_order":0,"comment_status":"closed","ping_status":"closed","template":"","meta":{"_acf_changed":false,"inline_featured_image":false,"_kad_blocks_custom_css":"","_kad_blocks_head_custom_js":"","_kad_blocks_body_custom_js":"","_kad_blocks_footer_custom_js":"","_kad_post_transparent":"","_kad_post_title":"","_kad_post_layout":"","_kad_post_sidebar_id":"","_kad_post_content_style":"","_kad_post_vertical_padding":"","_kad_post_feature":"","_kad_post_feature_position":"","_kad_post_header":false,"_kad_post_footer":false,"_kad_post_classname":"","footnotes":""},"class_list":["post-500849","page","type-page","status-publish","has-post-thumbnail","hentry"],"acf":[],"taxonomy_info":[],"featured_image_src_large":["https:\/\/www.injurylawyerhouston.com\/wp-content\/uploads\/2025\/05\/hero-1-1024x320.webp",1024,320,true],"author_info":{"display_name":"Shane R. Kadlec","author_link":"https:\/\/www.injurylawyerhouston.com\/es\/author\/operationslmg\/"},"comment_info":0,"_links":{"self":[{"href":"https:\/\/www.injurylawyerhouston.com\/es\/wp-json\/wp\/v2\/pages\/500849","targetHints":{"allow":["GET"]}}],"collection":[{"href":"https:\/\/www.injurylawyerhouston.com\/es\/wp-json\/wp\/v2\/pages"}],"about":[{"href":"https:\/\/www.injurylawyerhouston.com\/es\/wp-json\/wp\/v2\/types\/page"}],"author":[{"embeddable":true,"href":"https:\/\/www.injurylawyerhouston.com\/es\/wp-json\/wp\/v2\/users\/1"}],"replies":[{"embeddable":true,"href":"https:\/\/www.injurylawyerhouston.com\/es\/wp-json\/wp\/v2\/comments?post=500849"}],"version-history":[{"count":3,"href":"https:\/\/www.injurylawyerhouston.com\/es\/wp-json\/wp\/v2\/pages\/500849\/revisions"}],"predecessor-version":[{"id":500865,"href":"https:\/\/www.injurylawyerhouston.com\/es\/wp-json\/wp\/v2\/pages\/500849\/revisions\/500865"}],"wp:featuredmedia":[{"embeddable":true,"href":"https:\/\/www.injurylawyerhouston.com\/es\/wp-json\/wp\/v2\/media\/500851"}],"wp:attachment":[{"href":"https:\/\/www.injurylawyerhouston.com\/es\/wp-json\/wp\/v2\/media?parent=500849"}],"curies":[{"name":"wp","href":"https:\/\/api.w.org\/{rel}","templated":true}]}}