{"id":500855,"date":"2025-05-05T13:19:17","date_gmt":"2025-05-05T13:19:17","guid":{"rendered":"https:\/\/www.injurylawyerhouston.com\/que-hacer-despues-de-un-accidente-automovilistico\/"},"modified":"2025-10-13T20:20:41","modified_gmt":"2025-10-13T20:20:41","slug":"que-hacer-despues-de-un-accidente-automovilistico","status":"publish","type":"page","link":"https:\/\/www.injurylawyerhouston.com\/es\/que-hacer-despues-de-un-accidente-automovilistico\/","title":{"rendered":"Qu\u00e9 hacer despu\u00e9s de un accidente automovil\u00edstico"},"content":{"rendered":"\n<h2 class=\"wp-block-heading\">Una gu\u00eda sobre qu\u00e9 hacer despu\u00e9s de un accidente automovil\u00edstico en Texas<\/h2>\n\n<p>Un accidente automovil\u00edstico puede ser incre\u00edblemente traum\u00e1tico, dejando a una persona y su familia f\u00edsica y emocionalmente devastados e inseguros sobre c\u00f3mo deben proceder. Sin embargo, tomar las medidas correctas despu\u00e9s de una colisi\u00f3n ayudar\u00e1 a una persona a proteger sus derechos y su capacidad para obtener una compensaci\u00f3n a trav\u00e9s de un reclamo o demanda por lesiones personales. Sin obtener un abogado de accidentes automovil\u00edsticos, los pasos equivocados pueden tener consecuencias negativas en el resultado del reclamo de una persona, o la falta de atenci\u00f3n m\u00e9dica inmediata puede afectar el resultado de su tratamiento y crear dificultades con la evaluaci\u00f3n del seguro. Aqu\u00ed hay una gu\u00eda sobre qu\u00e9 hacer despu\u00e9s de un accidente automovil\u00edstico en Texas.   <\/p>\n\n<p>En la <a href=\"https:\/\/www.injurylawyerhouston.com\/es\/acerca-del-bufete-de-abogados-de-shane-r-kadlec\/\">oficina legal de Shane R. Kadlec<\/a>, tenemos m\u00e1s de 25 a\u00f1os de experiencia en lesiones personales. Hemos ayudado a clientes en una amplia variedad de casos complejos de <a href=\"\/car-accidents\/\">accidentes automovil\u00edsticos, as\u00ed como en colisiones que involucran <\/a><a href=\"https:\/\/www.injurylawyerhouston.com\/es\/abogado-de-responsabilidad-en-accidentes-de-camiones-comerciales-en-houston\/\">camiones comerciales<\/a>, <a href=\"\/motorcycle-accidents\/\">motocicletas<\/a>, <a href=\"https:\/\/www.injurylawyerhouston.com\/es\/accidentes-de-bicicletas-y-peatones-en-houston\/\">ciclistas y peatones<\/a>, y <a href=\"\/train-wrecks\/\">trenes<\/a>. Podemos ayudarlo a navegar este momento estresante mientras busca tratamiento m\u00e9dico, trata con las compa\u00f1\u00edas de seguros y las investigaciones, aborda los da\u00f1os a su veh\u00edculo y determina sus opciones para recibir una compensaci\u00f3n. Le brindaremos la orientaci\u00f3n confiable que necesita y defenderemos sus intereses para garantizar que reciba una compensaci\u00f3n completa por sus da\u00f1os.   <\/p>\n\n<h2 class=\"wp-block-heading\">6 pasos a seguir despu\u00e9s de un accidente automovil\u00edstico<\/h2>\n\n<p>Si bien una colisi\u00f3n de veh\u00edculos motorizados puede ser abrumadora, comprender las mejores formas de proceder inmediatamente despu\u00e9s garantizar\u00e1 que est\u00e9 preparado para abordar los problemas legales que lo afectan. Despu\u00e9s de un bloqueo, querr\u00e1 seguir estos pasos: <\/p>\n\n<h3 class=\"wp-block-heading\">1. Mantenga la calma y permanezca en la escena:<\/h3>\n\n<p>Tan pronto como sea posible despu\u00e9s de chocar con otro veh\u00edculo, det\u00e9ngase en un lugar seguro. Los conductores deben permanecer en la escena de un accidente y brindar la asistencia necesaria a otras personas involucradas. Si bien querr\u00e1 atender sus necesidades m\u00e9dicas y a los pasajeros de su veh\u00edculo, tambi\u00e9n deber\u00e1 asegurarse de que el otro conductor est\u00e9 bien y, si es necesario, puede llamar al 911 y solicitar asistencia m\u00e9dica de emergencia.  <\/p>\n\n<h3 class=\"wp-block-heading\">2. No admita la culpa:<\/h3>\n\n<p>Por cortes\u00eda, los conductores pueden sentir que deben disculparse por estar involucrados en una colisi\u00f3n o hacer comentarios sobre las razones por las que ocurri\u00f3 un accidente. Sin embargo, una disculpa en la escena de un accidente puede interpretarse como aceptaci\u00f3n de culpa. Esto puede afectar significativamente su capacidad para recuperar una compensaci\u00f3n justa. Aseg\u00farese de evitar cualquier comentario que pueda indicar que usted fue total o parcialmente responsable de un accidente.   <\/p>\n\n<h3 class=\"wp-block-heading\">3. Intercambiar informaci\u00f3n:<\/h3>\n\n<p>Incluso si el accidente es menor, es importante intercambiar informaci\u00f3n con el otro conductor. Aseg\u00farese de obtener su nombre, direcci\u00f3n, n\u00famero de tel\u00e9fono e informaci\u00f3n del seguro. Esto asegurar\u00e1 que pueda presentar un reclamo de seguro o identificar al otro conductor si es necesario emprender m\u00e1s acciones legales. Tambi\u00e9n querr\u00e1 obtener informaci\u00f3n de contacto de cualquier otra persona involucrada, incluidos pasajeros o testigos.   <\/p>\n\n<h3 class=\"wp-block-heading\">4. Llame a la polic\u00eda:<\/h3>\n\n<p>Independientemente de la gravedad de una colisi\u00f3n, es importante que un oficial de polic\u00eda acuda a la escena y haga un informe del accidente. Este informe puede desempe\u00f1ar un papel importante para determinar qui\u00e9n tuvo la culpa de la colisi\u00f3n. <\/p>\n\n<h3 class=\"wp-block-heading\">5. Toma fotos:<\/h3>\n\n<p>Puede documentar la colisi\u00f3n y las circunstancias circundantes tomando fotograf\u00edas de su veh\u00edculo, cualquier otro veh\u00edculo involucrado en la colisi\u00f3n, las condiciones en la carretera y cualquier lesi\u00f3n que haya sufrido. Estas im\u00e1genes pueden ayudar a demostrar la responsabilidad por el accidente y al mismo tiempo documentar los da\u00f1os que ha experimentado. <\/p>\n\n<h3 class=\"wp-block-heading\">6. P\u00f3ngase en contacto con un abogado:<\/h3>\n\n<p>Al comunicarse con nuestros abogados de accidentes automovil\u00edsticos de Houston en la oficina legal de Shane R. Kadlec lo antes posible despu\u00e9s de una colisi\u00f3n, puede asegurarse de que est\u00e1 tomando las medidas correctas para proteger su derecho a recibir una compensaci\u00f3n. Podemos actuar r\u00e1pidamente para reunir pruebas, establecer la responsabilidad y determinar el alcance total de sus lesiones y da\u00f1os, lo que nos brinda la mejor oportunidad de \u00e9xito mientras lo ayudamos a obtener una compensaci\u00f3n financiera. <\/p>\n<style>.kadence-column1466_6d8518-23 > .kt-inside-inner-col{padding-top:var(--global-kb-spacing-md, 2rem);padding-right:var(--global-kb-spacing-md, 2rem);padding-bottom:var(--global-kb-spacing-md, 2rem);padding-left:var(--global-kb-spacing-md, 2rem);}.kadence-column1466_6d8518-23 > .kt-inside-inner-col,.kadence-column1466_6d8518-23 > .kt-inside-inner-col:before{border-top-left-radius:0px;border-top-right-radius:0px;border-bottom-right-radius:0px;border-bottom-left-radius:0px;}.kadence-column1466_6d8518-23 > .kt-inside-inner-col{column-gap:var(--global-kb-gap-sm, 1rem);}.kadence-column1466_6d8518-23 > .kt-inside-inner-col{flex-direction:column;}.kadence-column1466_6d8518-23 > .kt-inside-inner-col > .aligncenter{width:100%;}.kadence-column1466_6d8518-23 > .kt-inside-inner-col{background-image:url('https:\/\/www.injurylawyerhouston.com\/wp-content\/uploads\/2025\/04\/gray-arrows-bg.webp');background-size:cover;background-position:center center;background-attachment:scroll;background-repeat:no-repeat;}.kadence-column1466_6d8518-23 > .kt-inside-inner-col:before{opacity:0.62;background-color:var(--global-palette9, #ffffff);}.kadence-column1466_6d8518-23{position:relative;}@media all and (max-width: 1024px){.kadence-column1466_6d8518-23 > .kt-inside-inner-col{flex-direction:column;justify-content:center;}}@media all and (max-width: 767px){.kadence-column1466_6d8518-23 > .kt-inside-inner-col{padding-top:var(--global-kb-spacing-sm, 1.5rem);padding-right:var(--global-kb-spacing-sm, 1.5rem);padding-bottom:var(--global-kb-spacing-sm, 1.5rem);padding-left:var(--global-kb-spacing-sm, 1.5rem);flex-direction:column;justify-content:center;}}<\/style>\n<div class=\"wp-block-kadence-column kadence-column1466_6d8518-23 kb-section-has-overlay\"><div class=\"kt-inside-inner-col\">\n<h2 class=\"wp-block-heading\">\u00a1P\u00f3ngase en contacto con nuestros abogados de accidentes automovil\u00edsticos de Houston en la oficina legal de Shane R. Kadlec hoy!<\/h2>\n\n\n\n<p>Si ha resultado lesionado debido a la negligencia de otra persona o empresa, nuestros abogados de accidentes automovil\u00edsticos pueden ayudarlo a determinar sus mejores opciones para recuperar una compensaci\u00f3n. Cont\u00e1ctenos en   <a href=\"tel:281-643-2000\"><\/a><a href=\"tel:281-643-2000\">281-643-2000<\/a> para programar una <a href=\"https:\/\/www.injurylawyerhouston.com\/es\/contactenos\/\">consulta gratuita hoy<\/a>. Ayudamos con casos de lesiones en Houston, el condado de Harris, Katy, Sugar Land, Bellaire, The Woodlands, West Houston, Memorial, Pearland, el condado de Fort Bend, el condado de Galveston, la costa del Golfo, el condado de Brazoria, el condado de Liberty, el condado de Chambers, el condado de Montgomery y el condado de Waller. <\/p>\n<\/div><\/div>\n","protected":false},"excerpt":{"rendered":"<p>Una gu\u00eda sobre qu\u00e9 hacer despu\u00e9s de un accidente automovil\u00edstico en Texas Un accidente automovil\u00edstico puede ser incre\u00edblemente traum\u00e1tico, dejando a una persona y su familia f\u00edsica y emocionalmente devastados e inseguros sobre c\u00f3mo deben proceder. Sin embargo, tomar las medidas correctas despu\u00e9s de una colisi\u00f3n ayudar\u00e1 a una persona a proteger sus derechos y&#8230;<\/p>\n","protected":false},"author":1,"featured_media":500857,"parent":0,"menu_order":0,"comment_status":"closed","ping_status":"closed","template":"","meta":{"_acf_changed":false,"inline_featured_image":false,"_kad_blocks_custom_css":"","_kad_blocks_head_custom_js":"","_kad_blocks_body_custom_js":"","_kad_blocks_footer_custom_js":"","_kad_post_transparent":"","_kad_post_title":"","_kad_post_layout":"","_kad_post_sidebar_id":"","_kad_post_content_style":"","_kad_post_vertical_padding":"","_kad_post_feature":"","_kad_post_feature_position":"","_kad_post_header":false,"_kad_post_footer":false,"_kad_post_classname":"","footnotes":""},"class_list":["post-500855","page","type-page","status-publish","has-post-thumbnail","hentry"],"acf":[],"taxonomy_info":[],"featured_image_src_large":["https:\/\/www.injurylawyerhouston.com\/wp-content\/uploads\/2025\/05\/Catastrophic-Injuries-1024x320.webp",1024,320,true],"author_info":{"display_name":"Shane R. Kadlec","author_link":"https:\/\/www.injurylawyerhouston.com\/es\/author\/operationslmg\/"},"comment_info":0,"_links":{"self":[{"href":"https:\/\/www.injurylawyerhouston.com\/es\/wp-json\/wp\/v2\/pages\/500855","targetHints":{"allow":["GET"]}}],"collection":[{"href":"https:\/\/www.injurylawyerhouston.com\/es\/wp-json\/wp\/v2\/pages"}],"about":[{"href":"https:\/\/www.injurylawyerhouston.com\/es\/wp-json\/wp\/v2\/types\/page"}],"author":[{"embeddable":true,"href":"https:\/\/www.injurylawyerhouston.com\/es\/wp-json\/wp\/v2\/users\/1"}],"replies":[{"embeddable":true,"href":"https:\/\/www.injurylawyerhouston.com\/es\/wp-json\/wp\/v2\/comments?post=500855"}],"version-history":[{"count":3,"href":"https:\/\/www.injurylawyerhouston.com\/es\/wp-json\/wp\/v2\/pages\/500855\/revisions"}],"predecessor-version":[{"id":500872,"href":"https:\/\/www.injurylawyerhouston.com\/es\/wp-json\/wp\/v2\/pages\/500855\/revisions\/500872"}],"wp:featuredmedia":[{"embeddable":true,"href":"https:\/\/www.injurylawyerhouston.com\/es\/wp-json\/wp\/v2\/media\/500857"}],"wp:attachment":[{"href":"https:\/\/www.injurylawyerhouston.com\/es\/wp-json\/wp\/v2\/media?parent=500855"}],"curies":[{"name":"wp","href":"https:\/\/api.w.org\/{rel}","templated":true}]}}