{"id":500862,"date":"2025-05-04T13:10:00","date_gmt":"2025-05-04T13:10:00","guid":{"rendered":"https:\/\/www.injurylawyerhouston.com\/abogado-de-lesiones-infantiles-en-houston\/"},"modified":"2025-10-13T20:20:38","modified_gmt":"2025-10-13T20:20:38","slug":"abogado-de-lesiones-infantiles-en-houston","status":"publish","type":"page","link":"https:\/\/www.injurylawyerhouston.com\/es\/abogado-de-lesiones-infantiles-en-houston\/","title":{"rendered":"Abogado de lesiones infantiles en Houston"},"content":{"rendered":"\n<p><em><strong>Obtenga la compensaci\u00f3n que su familia merece confiando en los abogados de lesiones certificados por la junta de Texas. Nuestro bufete de abogados de lesiones infantiles responsabiliza a las partes responsables. <\/strong><\/em><\/p>\n\n<p>Nada es m\u00e1s devastador que presenciar a su hijo experimentar una <a href=\"https:\/\/www.injurylawyerhouston.com\/es\/abogado-de-lesiones-catastroficas-en-houston\/\">lesi\u00f3n grave<\/a>, especialmente si podr\u00eda haberse evitado. No importa cu\u00e1n grave sea la lesi\u00f3n que pueda sufrir su hijo, es imperativo tomar medidas. <\/p>\n\n<p>Si el descuido o la mala conducta de otra persona provoc\u00f3 este dolor emocional y f\u00edsico para su familia, es hora de hablar con un abogado de la <a href=\"https:\/\/www.injurylawyerhouston.com\/es\/acerca-del-bufete-de-abogados-de-shane-r-kadlec\/\">oficina legal de Shane R. Kadlec<\/a>. El mejor momento para hablar con un abogado sobre las lesiones de su hijo es inmediatamente despu\u00e9s de recibir atenci\u00f3n m\u00e9dica. Un abogado puede ayudarlo a establecer m\u00e1s diagn\u00f3sticos y comenzar a construir un caso. Esperar demasiado puede dejarlo inelegible para presentar un reclamo por lesiones con su compa\u00f1\u00eda de seguros o contra la parte infractora responsable de la lesi\u00f3n de su hijo. Lea m\u00e1s sobre por qu\u00e9 es crucial tomar medidas r\u00e1pidas, a continuaci\u00f3n.    <\/p>\n\n<p>La ley de Texas requiere que cualquier acuerdo de menores sea examinado y aprobado por jueces. El abogado de lesiones infantiles de Houston, <a href=\"https:\/\/www.injurylawyerhouston.com\/es\/acerca-de-shane-r-kadlec\/\">Shane Kadlec<\/a> , ha sido nombrado abogado ad litem por los jueces de Texas para garantizar que cualquier acuerdo sea justo y en el mejor inter\u00e9s del ni\u00f1o. <\/p>\n\n<h2 class=\"wp-block-heading\">Comprender las reclamaciones por lesiones infantiles en Texas<\/h2>\n\n<p>Navegar por las secuelas de la lesi\u00f3n de un ni\u00f1o puede ser particularmente angustioso. En Texas, los reclamos por lesiones infantiles est\u00e1n sujetos a consideraciones legales espec\u00edficas, dise\u00f1adas para proteger a los m\u00e1s vulnerables. Comprender estos matices es crucial para asegurar la compensaci\u00f3n adecuada y garantizar el bienestar de su hijo.  <\/p>\n\n<h3 class=\"wp-block-heading\">\u00bfQui\u00e9n puede presentar un reclamo por lesiones infantiles?<\/h3>\n\n<p>En Texas, un padre o tutor legal debe presentar un reclamo por lesiones infantiles en nombre del menor. Estos representantes act\u00faan en el mejor inter\u00e9s del ni\u00f1o, buscando da\u00f1os por lesiones causadas por negligencia o da\u00f1o intencional. El papel implica administrar los procedimientos legales y tomar decisiones sobre ofertas de liquidaci\u00f3n y otras acciones legales hasta que el ni\u00f1o alcance la mayor\u00eda de edad.  <\/p>\n\n<h3 class=\"wp-block-heading\">\u00bfCu\u00e1nto tiempo tengo para presentar un reclamo por la lesi\u00f3n de mi hijo en Texas?<\/h3>\n\n<p>Generalmente, una parte lesionada tiene dos a\u00f1os para emprender acciones legales contra un acusado o la parte pierde el derecho a demandar. Sin embargo, debido a que un ni\u00f1o carece de la capacidad de emprender acciones legales, el l\u00edmite de dos a\u00f1os no comienza hasta que el ni\u00f1o cumple dieciocho a\u00f1os. Esta extensi\u00f3n del estatuto tiene la ventaja de permitir que una persona joven aprecie plenamente el grado en que una lesi\u00f3n ha afectado su desarrollo y su salud en general.  <\/p>\n\n<h4 class=\"wp-block-heading\">Por qu\u00e9 no debe esperar para presentar un reclamo<\/h4>\n\n<ul class=\"wp-block-list\">\n<li><strong>Evidencia perdida:<\/strong> La evidencia f\u00edsica del evento de la lesi\u00f3n puede desaparecer o degradarse, y los recuerdos de los testigos pueden desvanecerse. Los testigos pueden ir m\u00e1s all\u00e1 del alcance de una citaci\u00f3n o fallecer. <\/li>\n\n\n\n<li><strong>Fallecimiento o insolvencia del demandado:<\/strong> Al igual que con los testigos, los demandados pueden abandonar el \u00e1rea o fallecer antes de que el demandante lesionado presente un reclamo. La bancarrota es otro impedimento para la recuperaci\u00f3n. No tiene sentido demandar una compensaci\u00f3n si el acusado no puede pagar.  <\/li>\n<\/ul>\n\n<h3 class=\"wp-block-heading\">Un reclamo por lesiones infantiles frente a un reclamo regular por lesiones personales<\/h3>\n\n<p>Las reclamaciones por lesiones infantiles difieren significativamente de las reclamaciones regulares por lesiones personales en varios aspectos clave:<\/p>\n\n<ul class=\"wp-block-list\">\n<li><strong>Representaci\u00f3n legal:<\/strong> Los ni\u00f1os no pueden presentar demandas por s\u00ed mismos; Un padre o tutor debe iniciar y administrar el reclamo.<\/li>\n\n\n\n<li><strong>Estatuto de limitaciones:<\/strong> Para los ni\u00f1os, el estatuto de limitaciones no comienza hasta que cumplen 18 a\u00f1os, lo que les da hasta que cumplen 20 a\u00f1os para presentar un reclamo.<\/li>\n\n\n\n<li><strong>Evaluaciones de da\u00f1os:<\/strong> Evaluar los da\u00f1os para un ni\u00f1o puede ser m\u00e1s complejo, considerando los efectos a largo plazo de las lesiones en el desarrollo y la calidad de vida futura del ni\u00f1o.<\/li>\n\n\n\n<li><strong>Aprobaciones judiciales:<\/strong> Los acuerdos en casos de lesiones infantiles generalmente requieren la aprobaci\u00f3n del tribunal para garantizar que el acuerdo sea en el mejor inter\u00e9s del ni\u00f1o.<\/li>\n<\/ul>\n\n<h3 class=\"wp-block-heading\">\u00bfC\u00f3mo presento un reclamo por lesiones infantiles en Texas?<\/h3>\n\n<p>Presentar un reclamo por lesiones infantiles en Texas implica varios pasos cr\u00edticos:<\/p>\n\n<ul class=\"wp-block-list\">\n<li><strong>Consulte a un abogado calificado:<\/strong> Contratar a un abogado que se especialice en casos de lesiones infantiles, como los de la oficina legal de Shane R. Kadlec, garantiza una orientaci\u00f3n adecuada a trav\u00e9s de las complejidades legales.<\/li>\n\n\n\n<li><strong>Documente la lesi\u00f3n y el tratamiento:<\/strong> Es esencial mantener registros detallados de la lesi\u00f3n, los tratamientos m\u00e9dicos y el impacto en la vida del ni\u00f1o.<\/li>\n\n\n\n<li><strong>Presente el reclamo:<\/strong> Su abogado lo ayudar\u00e1 a preparar y presentar los documentos legales necesarios para iniciar el reclamo.<\/li>\n\n\n\n<li><strong>Negociaciones y litigios:<\/strong> Su abogado se encargar\u00e1 de las negociaciones con el seguro del acusado y, si es necesario, representar\u00e1 el caso en la corte.<\/li>\n<\/ul>\n\n<h3 class=\"wp-block-heading\">\u00bfC\u00f3mo se gestiona la compensaci\u00f3n en un reclamo por lesiones infantiles en Texas?<\/h3>\n\n<p>En Texas, la compensaci\u00f3n otorgada en un reclamo por lesiones infantiles generalmente se administra a trav\u00e9s de un acuerdo estructurado para garantizar la seguridad financiera y el uso apropiado de los fondos para las necesidades del ni\u00f1o. El tribunal a menudo requiere que los fondos se coloquen en una cuenta o fideicomiso protegido hasta que el ni\u00f1o alcance la mayor\u00eda de edad. En algunos casos, se hacen concesiones para que los padres accedan a fondos para cubrir los gastos m\u00e9dicos y de manutenci\u00f3n relacionados con el cuidado del ni\u00f1o.  <\/p>\n\n<h3 class=\"wp-block-heading\">Si su hijo ha resultado herido en Houston o en cualquier lugar de Texas, podemos ayudarlo<\/h3>\n\n<p>Hay muchos lugares en los que su hijo puede estar mal supervisado. Ya sea en la casa de un vecino, <g id=\"gid_0\">en las piscinas locales<\/g>, en la escuela o en la comunidad, los ni\u00f1os pueden encontrar armas de fuego, lo que resulta en <g id=\"gid_1\">accidentes con armas de fuego<\/g>. Independientemente de las circunstancias de la lesi\u00f3n de su hijo, puede confiar en que nuestra firma investigar\u00e1 a fondo y construir\u00e1 un caso convincente para obtener alivio.  <\/p>\n\n<h2 class=\"wp-block-heading\">Lesiones infantiles comunes y c\u00f3mo mantener seguros a sus hijos<\/h2>\n\n<p>Las lesiones infantiles pueden ser traum\u00e1ticas y alterar la vida. Comprender las lesiones m\u00e1s comunes y sus causas puede ayudar a los padres y tutores a prevenir estos eventos angustiosos. <\/p>\n\n<h3 class=\"wp-block-heading\">\u00bfQu\u00e9 tipo de escenarios negligentes causan lesiones infantiles?<\/h3>\n\n<ul class=\"wp-block-list\">\n<li><strong>\n  <a href=\"https:\/\/www.injurylawyerhouston.com\/es\/abogado-de-accidentes-automovilisticos-en-houston\/\">Accidentes automovil\u00edsticos:<\/a>\n<\/strong> A menudo implica el uso inadecuado de sistemas de retenci\u00f3n infantil.<\/li>\n\n\n\n<li><strong>Accidentes escolares:<\/strong> Incluidas las ca\u00eddas en el patio de recreo o las lesiones deportivas debido a una supervisi\u00f3n inadecuada.<\/li>\n\n\n\n<li><strong>Negligencia en la guarder\u00eda:<\/strong> Como resultado de una atenci\u00f3n insuficiente del cuidador o instalaciones inseguras.<\/li>\n\n\n\n<li><strong>\n  <a href=\"https:\/\/www.injurylawyerhouston.com\/es\/abogado-de-mordeduras-de-perro-en-houston\/\">Mordeduras de perro:<\/a>\n<\/strong> Ocurre cuando las mascotas son supervisadas o provocadas incorrectamente.<\/li>\n<\/ul>\n\n<h4 class=\"wp-block-heading\">Para evitar estos escenarios, es crucial:<\/h4>\n\n<ul class=\"wp-block-list\">\n<li><strong>Educar a los cuidadores y a los ni\u00f1os:<\/strong> Aseg\u00farese de que todos los cuidadores y sus hijos entiendan los protocolos de seguridad.<\/li>\n\n\n\n<li><strong>Supervisar entornos:<\/strong> Eval\u00fae regularmente la seguridad de los entornos donde sus hijos pasan el tiempo.<\/li>\n\n\n\n<li><strong>Elige actividades supervisadas:<\/strong> Opte por actividades supervisadas y verifique las credenciales del cuidador.<\/li>\n<\/ul>\n\n<h3 class=\"wp-block-heading\">\u00bfQu\u00e9 lugares p\u00fablicos causan m\u00e1s lesiones a un ni\u00f1o?<\/h3>\n\n<p>Los ni\u00f1os corren mayor riesgo de sufrir lesiones en los siguientes lugares p\u00fablicos:<\/p>\n\n<ul class=\"wp-block-list\">\n<li><strong>Patios:<\/strong> El equipo mal mantenido y las ca\u00eddas son fuentes comunes de lesiones.<\/li>\n\n\n\n<li><strong>\n  <a href=\"https:\/\/www.injurylawyerhouston.com\/es\/abogado-de-accidentes-de-piscinas-en-houston\/\">Piscinas y parques acu\u00e1ticos:<\/a>\n<\/strong> Los riesgos de ahogamiento y los accidentes por resbalones y ca\u00eddas son frecuentes.<\/li>\n\n\n\n<li><strong>\n  <a href=\"https:\/\/www.injurylawyerhouston.com\/es\/abogado-de-resbalones-tropiezos-y-caidas-de-houston\/\">Centros comerciales y tiendas:<\/a>\n<\/strong> Los ni\u00f1os pueden lesionarse en \u00e1reas concurridas o mal mantenidas.<\/li>\n<\/ul>\n\n<h4 class=\"wp-block-heading\">Mantener a su hijo seguro en estos lugares implica:<\/h4>\n\n<ul class=\"wp-block-list\">\n<li><strong>Supervisi\u00f3n activa:<\/strong> Siempre vigile de cerca a sus hijos en las \u00e1reas p\u00fablicas.<\/li>\n\n\n\n<li><strong>Ense\u00f1e pr\u00e1cticas de seguridad:<\/strong> Eduque a sus hijos sobre las reglas de seguridad en lugares p\u00fablicos.<\/li>\n\n\n\n<li><strong>Use el equipo de seguridad adecuado:<\/strong> Equipe a sus hijos con el equipo de seguridad necesario, como dispositivos de flotaci\u00f3n en \u00e1reas acu\u00e1ticas o cascos en los parques infantiles.<\/li>\n<\/ul>\n\n<h2 class=\"wp-block-heading\">Hable con un abogado GRATIS<\/h2>\n\n<p>Si su hijo ha resultado herido en Houston o en cualquier lugar de Texas, la oficina legal de Shane R. Kadlec puede ayudarlo. Es apasionado y har\u00e1 lo que sea necesario y en el mejor inter\u00e9s de su hijo. Si su hijo ha sufrido da\u00f1os debido a negligencia, debe tomar medidas de inmediato. <g id=\"gid_0\">Comun\u00edquese con nuestra firma en l\u00ednea<\/g> o llame al <g id=\"gid_1\">281-643-2000<\/g> para hablar con un miembro de nuestro equipo hoy. Ayudamos a los ni\u00f1os heridos y sus familias en Houston, Katy, Sugar Land, Pearland, Memorial, The Woodlands y en todas las \u00e1reas circundantes.   <\/p>\n","protected":false},"excerpt":{"rendered":"<p>Obtenga la compensaci\u00f3n que su familia merece confiando en los abogados de lesiones certificados por la junta de Texas. Nuestro bufete de abogados de lesiones infantiles responsabiliza a las partes responsables. Nada es m\u00e1s devastador que presenciar a su hijo experimentar una lesi\u00f3n grave, especialmente si podr\u00eda haberse evitado. No importa cu\u00e1n grave sea la&#8230;<\/p>\n","protected":false},"author":1,"featured_media":500864,"parent":0,"menu_order":0,"comment_status":"closed","ping_status":"closed","template":"","meta":{"_acf_changed":false,"inline_featured_image":false,"_kad_blocks_custom_css":"","_kad_blocks_head_custom_js":"","_kad_blocks_body_custom_js":"","_kad_blocks_footer_custom_js":"","_kad_post_transparent":"","_kad_post_title":"","_kad_post_layout":"","_kad_post_sidebar_id":"","_kad_post_content_style":"","_kad_post_vertical_padding":"","_kad_post_feature":"","_kad_post_feature_position":"","_kad_post_header":false,"_kad_post_footer":false,"_kad_post_classname":"","footnotes":""},"class_list":["post-500862","page","type-page","status-publish","has-post-thumbnail","hentry"],"acf":[],"taxonomy_info":[],"featured_image_src_large":["https:\/\/www.injurylawyerhouston.com\/wp-content\/uploads\/2025\/05\/injuries-to-a-child-hero-1024x410.webp",1024,410,true],"author_info":{"display_name":"Shane R. Kadlec","author_link":"https:\/\/www.injurylawyerhouston.com\/es\/author\/operationslmg\/"},"comment_info":0,"_links":{"self":[{"href":"https:\/\/www.injurylawyerhouston.com\/es\/wp-json\/wp\/v2\/pages\/500862","targetHints":{"allow":["GET"]}}],"collection":[{"href":"https:\/\/www.injurylawyerhouston.com\/es\/wp-json\/wp\/v2\/pages"}],"about":[{"href":"https:\/\/www.injurylawyerhouston.com\/es\/wp-json\/wp\/v2\/types\/page"}],"author":[{"embeddable":true,"href":"https:\/\/www.injurylawyerhouston.com\/es\/wp-json\/wp\/v2\/users\/1"}],"replies":[{"embeddable":true,"href":"https:\/\/www.injurylawyerhouston.com\/es\/wp-json\/wp\/v2\/comments?post=500862"}],"version-history":[{"count":1,"href":"https:\/\/www.injurylawyerhouston.com\/es\/wp-json\/wp\/v2\/pages\/500862\/revisions"}],"predecessor-version":[{"id":500866,"href":"https:\/\/www.injurylawyerhouston.com\/es\/wp-json\/wp\/v2\/pages\/500862\/revisions\/500866"}],"wp:featuredmedia":[{"embeddable":true,"href":"https:\/\/www.injurylawyerhouston.com\/es\/wp-json\/wp\/v2\/media\/500864"}],"wp:attachment":[{"href":"https:\/\/www.injurylawyerhouston.com\/es\/wp-json\/wp\/v2\/media?parent=500862"}],"curies":[{"name":"wp","href":"https:\/\/api.w.org\/{rel}","templated":true}]}}