{"id":500867,"date":"2025-05-04T14:56:59","date_gmt":"2025-05-04T14:56:59","guid":{"rendered":"https:\/\/www.injurylawyerhouston.com\/abogado-de-accidentes-de-dwi-y-dui-en-houston\/"},"modified":"2026-01-08T14:29:44","modified_gmt":"2026-01-08T14:29:44","slug":"abogado-de-accidentes-de-dwi-y-dui-en-houston","status":"publish","type":"page","link":"https:\/\/www.injurylawyerhouston.com\/es\/abogado-de-accidentes-de-dwi-y-dui-en-houston\/","title":{"rendered":"Abogado de accidentes de DWI y DUI en Houston"},"content":{"rendered":"\n<p>Los accidentes por conducir ebrio a menudo resultan en lesiones que cambian la vida, traumas emocionales y cargas financieras significativas. Si un conductor ebrio lo ha lastimado a usted o a un ser querido, es posible que no est\u00e9 seguro de qu\u00e9 hacer a continuaci\u00f3n.   <\/p>\n\n\n\n<p>En la oficina legal de Shane R. Kadlec, estamos aqu\u00ed para ayudar. Desde 1996, hemos apoyado a personas y familias en todo Houston buscando la compensaci\u00f3n y la responsabilidad que merecen. <\/p>\n\n\n\n<p>Puede enfrentar desaf\u00edos importantes despu\u00e9s de una experiencia tan traum\u00e1tica, incluidos costos m\u00e9dicos, salarios perdidos y estr\u00e9s psicol\u00f3gico. Nuestro equipo est\u00e1 listo para guiarlo a trav\u00e9s de cada paso del proceso legal mientras lucha por un resultado justo. <\/p>\n\n\n\n<h2 class=\"wp-block-heading\">Descripci\u00f3n legal de los accidentes de DWI y DUI en Texas<\/h2>\n\n\n\n<p>En Texas, los conductores con un contenido de alcohol en sangre (BAC) de 0.08 por ciento o m\u00e1s se consideran legalmente discapacitados. Conducir ebrio es un delito penal y puede dar lugar a cargos como conducir en estado de ebriedad (DWI) u homicidio por intoxicaci\u00f3n en casos fatales.   <\/p>\n\n\n\n<p>Estos cargos se abordan en un tribunal penal y pueden resultar en sanciones como tiempo en la c\u00e1rcel, multas o suspensi\u00f3n de la licencia.<\/p>\n\n\n\n<p>Sin embargo, el enjuiciamiento penal no cubre las necesidades financieras de las v\u00edctimas de accidentes. Tambi\u00e9n puede presentar una demanda civil para recuperar una compensaci\u00f3n por sus lesiones y p\u00e9rdidas. Seg\u00fan <g id=\"gid_0\">las leyes de tiendas de bebidas alcoh\u00f3licas de Texas<\/g>, ciertos bares o establecimientos pueden ser considerados responsables si sirvieron en exceso a una persona visiblemente intoxicada que luego caus\u00f3 un accidente. Estas leyes ofrecen un camino adicional para buscar una compensaci\u00f3n.   <\/p>\n\n\n\n<h2 class=\"wp-block-heading\">Procedimientos penales y civiles: diferencias clave<\/h2>\n\n\n\n<figure class=\"wp-block-table\"><table class=\"has-fixed-layout\"><tbody><tr><td class=\"has-text-align-center\" data-align=\"center\"><strong>Aspecto legal<\/strong><\/td><td class=\"has-text-align-center\" data-align=\"center\"><strong>Caso Penal<\/strong><\/td><td class=\"has-text-align-center\" data-align=\"center\"><strong>Demanda civil<\/strong><\/td><\/tr><tr><td class=\"has-text-align-center\" data-align=\"center\">Gol<\/td><td class=\"has-text-align-center\" data-align=\"center\">Castigar al conductor ebrio<\/td><td class=\"has-text-align-center\" data-align=\"center\">Compensar a las v\u00edctimas por lesiones y p\u00e9rdidas financieras<\/td><\/tr><tr><td class=\"has-text-align-center\" data-align=\"center\">Resultado<\/td><td class=\"has-text-align-center\" data-align=\"center\">Tiempo en la c\u00e1rcel, multas y sanciones de licencia<\/td><td class=\"has-text-align-center\" data-align=\"center\">Da\u00f1os monetarios e indemnizaci\u00f3n<\/td><\/tr><tr><td class=\"has-text-align-center\" data-align=\"center\">Est\u00e1ndar de prueba<\/td><td class=\"has-text-align-center\" data-align=\"center\">M\u00e1s all\u00e1 de toda duda razonable<\/td><td class=\"has-text-align-center\" data-align=\"center\">Preponderancia de la evidencia<\/td><\/tr><\/tbody><\/table><\/figure>\n\n\n\n<p><\/p>\n\n\n\n<p>Reconocer las diferencias entre estos procesos puede ayudarlo a tomar decisiones informadas sobre su estrategia legal. Nuestros abogados pueden explicarle sus derechos y guiarlo hacia la mejor opci\u00f3n de recuperaci\u00f3n. <\/p>\n\n\n\n<h2 class=\"wp-block-heading\">C\u00f3mo nuestro bufete de abogados apoya a las v\u00edctimas de accidentes de DUI<\/h2>\n\n\n\n<p>Brindamos representaci\u00f3n integral y compasiva en la oficina legal de Shane R. Kadlec. Nuestro objetivo es manejar la carga legal para que pueda concentrarse en la recuperaci\u00f3n. <\/p>\n\n\n\n<h3 class=\"wp-block-heading\">Investigando el accidente<\/h3>\n\n\n\n<p>Examinamos todos los \u00e1ngulos del accidente para establecer la responsabilidad. Nuestro equipo re\u00fane: <\/p>\n\n\n\n<ul class=\"wp-block-list\">\n<li>Informes policiales y documentaci\u00f3n del accidente<\/li>\n\n\n\n<li>Resultados del alcohol\u00edmetro y toxicolog\u00eda<\/li>\n\n\n\n<li>Declaraciones de testigos o transe\u00fantes<\/li>\n\n\n\n<li>Secuencias de v\u00eddeo, cuando est\u00e9n disponibles<\/li>\n\n\n\n<li>An\u00e1lisis experto de profesionales de la reconstrucci\u00f3n de accidentes<\/li>\n<\/ul>\n\n\n\n<p>Este proceso en profundidad nos ayuda a construir un caso s\u00f3lido que conecta el deterioro del conductor con sus lesiones.<\/p>\n\n\n\n<h3 class=\"wp-block-heading\">Evaluaci\u00f3n de sus da\u00f1os<\/h3>\n\n\n\n<p>Consideramos todos los factores que pueden contribuir a sus p\u00e9rdidas, que incluyen:<\/p>\n\n\n\n<ul class=\"wp-block-list\">\n<li>Tratamiento m\u00e9dico de emergencia y continuo<\/li>\n\n\n\n<li>P\u00e9rdida de ingresos o disminuci\u00f3n del potencial de ingresos<\/li>\n\n\n\n<li>Terapia, rehabilitaci\u00f3n y atenci\u00f3n a largo plazo<\/li>\n\n\n\n<li>Dolor y sufrimiento causados por traumatismos.<\/li>\n\n\n\n<li>Da\u00f1os a su veh\u00edculo y propiedad personal<\/li>\n<\/ul>\n\n\n\n<p>En algunos casos, tambi\u00e9n podemos buscar da\u00f1os punitivos para responsabilizar al conductor por una conducta especialmente imprudente.<\/p>\n\n\n\n<h3 class=\"wp-block-heading\">Explorando la responsabilidad de la tienda de bebidas alcoh\u00f3licas<\/h3>\n\n\n\n<p>Si un bar, restaurante o lugar sirvi\u00f3 alcohol a una persona que estaba claramente intoxicada antes de causar el accidente, ese establecimiento puede compartir la responsabilidad.  <\/p>\n\n\n\n<p>Investigamos posibles reclamos de Dram Shop revisando recibos, entrevistando a testigos y examinando si el personal ignor\u00f3 los signos visibles de intoxicaci\u00f3n.<\/p>\n\n\n\n<h3 class=\"wp-block-heading\">Ofrecer soporte personalizado<\/h3>\n\n\n\n<p>Desde el primer d\u00eda, nos hemos mantenido en estrecho contacto con usted. Si las compa\u00f1\u00edas de seguros retrasan o retrasan los reclamos, intervenimos para administrar las comunicaciones y mantener su caso avanzando. Ya sea que su asunto se resuelva fuera de la corte o se lleve a juicio, nos mantenemos enfocados en sus objetivos y necesidades.  <\/p>\n\n\n\n<h2 class=\"wp-block-heading\">Lesiones causadas por accidentes por conducir ebrio<\/h2>\n\n\n\n<p>Los choques que involucran a conductores ebrios a menudo ocurren a altas velocidades o involucran maniobras err\u00e1ticas. Como resultado, las lesiones suelen ser graves y pueden incluir: <\/p>\n\n\n\n<ul class=\"wp-block-list\">\n<li>Lesiones cerebrales traum\u00e1ticas o conmociones cerebrales<\/li>\n\n\n\n<li>Da\u00f1o y par\u00e1lisis de la m\u00e9dula espinal<\/li>\n\n\n\n<li>Fracturas y traumatismos ortop\u00e9dicos<\/li>\n\n\n\n<li>Quemaduras o laceraciones por incendios de veh\u00edculos<\/li>\n\n\n\n<li>Hemorragia interna y da\u00f1o a los \u00f3rganos<\/li>\n\n\n\n<li>Lesiones fatales que conducen a reclamos por muerte por negligencia<\/li>\n<\/ul>\n\n\n\n<p>Estas lesiones a menudo conducen a una hospitalizaci\u00f3n prolongada y una rehabilitaci\u00f3n costosa. Trabajamos para garantizar que su recuperaci\u00f3n financiera tenga en cuenta las necesidades actuales y futuras. <\/p>\n\n\n\n<h2 class=\"wp-block-heading\">Preguntas comunes sobre accidentes de DUI y DWI<\/h2>\n\n\n\n<h3 class=\"wp-block-heading\">\u00bfQui\u00e9n puede ser considerado responsable de un accidente por conducir ebrio?<\/h3>\n\n\n\n<p>Puede presentar reclamos contra el conductor ebrio, su aseguradora o un bar o negocio bajo la ley de Dram Shop. Los empleadores tambi\u00e9n pueden ser responsables si el conductor estaba operando un veh\u00edculo de la empresa. <\/p>\n\n\n\n<h3 class=\"wp-block-heading\">\u00bfPuedo demandar si el conductor no fue arrestado?<\/h3>\n\n\n\n<p>S\u00ed. No necesita cargos penales para presentar una demanda civil. Podemos usar otras pruebas para demostrar la intoxicaci\u00f3n y probar la culpa.  <\/p>\n\n\n\n<h3 class=\"wp-block-heading\">\u00bfQu\u00e9 compensaci\u00f3n puedo recuperar?<\/h3>\n\n\n\n<p>Puede ser elegible para gastos m\u00e9dicos, salarios perdidos, dolor y sufrimiento, da\u00f1os a la propiedad y, en algunos casos, da\u00f1os punitivos. En accidentes fatales, los familiares sobrevivientes pueden buscar una compensaci\u00f3n por muerte por negligencia. Recientemente hubo un caso interesante con un da\u00f1o &#8220;nuclear&#8221; que se otorg\u00f3.    <\/p>\n\n\n\n<p>En noviembre de 2017, una abuela de 59 a\u00f1os y su nieta de 16 a\u00f1os murieron en un accidente automovil\u00edstico causado por un conductor ebrio en Corpus Christi, Texas. Despu\u00e9s de un breve juicio en diciembre de 2021, un jurado del condado de Nueces otorg\u00f3 a la familia de las v\u00edctimas $1.04 mil millones en da\u00f1os reales y $300 mil millones en da\u00f1os ejemplares, ordenando a Beer Belly&#8217;s Sports Bar pagar m\u00e1s de $301 mil millones en total. Si bien estos da\u00f1os son simb\u00f3licos, los tribunales tienden a otorgar da\u00f1os altos en los casos en que DUI es la causa de muerte por negligencia.  <\/p>\n\n\n\n<h3 class=\"wp-block-heading\">\u00bfQu\u00e9 pasa si yo fuera un pasajero en el veh\u00edculo del conductor ebrio?<\/h3>\n\n\n\n<p>Es posible que a\u00fan tenga un reclamo v\u00e1lido, aunque ciertos factores podr\u00edan afectar la responsabilidad. Estos casos requieren un an\u00e1lisis legal cuidadoso, por lo que se recomienda encarecidamente hablar con un abogado. <\/p>\n\n\n\n<h3 class=\"wp-block-heading\">\u00bfQu\u00e9 pasar\u00eda si las drogas, no el alcohol, causaran el deterioro?<\/h3>\n\n\n\n<p>Los conductores afectados por la marihuana, los medicamentos recetados u otras sustancias siguen siendo responsables si su discapacidad caus\u00f3 un accidente. Se aplican los mismos principios legales. <\/p>\n\n\n\n<h3 class=\"wp-block-heading\">\u00bfCu\u00e1nto tiempo tengo para presentar un reclamo?<\/h3>\n\n\n\n<p>Seg\u00fan <a href=\"https:\/\/statutes.capitol.texas.gov\/?tab=2&amp;code=CP&amp;chapter=CP.16&amp;artSec=16.003\" target=\"_blank\" rel=\"noopener\">el C\u00f3digo de Pr\u00e1cticas y Recursos Civiles de Texas \u00a7 16.003<\/a>, la mayor\u00eda de los reclamos por lesiones relacionadas con DUI deben presentarse dentro de los dos a\u00f1os posteriores a la fecha del accidente. No cumplir con la fecha l\u00edmite puede impedirle buscar una compensaci\u00f3n.<\/p>\n\n\n\n<h2 class=\"wp-block-heading\">\u00bfPor qu\u00e9 elegir la oficina legal de Shane R. Kadlec?<\/h2>\n\n\n\n<p>Hemos pasado d\u00e9cadas ayudando a las v\u00edctimas de conducir en estado de ebriedad en Houston a recuperarse despu\u00e9s de accidentes graves. Nuestro enfoque se adapta a sus necesidades y est\u00e1 respaldado por la experiencia legal y un profundo conocimiento de la ley de lesiones personales de Texas.   <\/p>\n\n\n\n<p>Los clientes conf\u00edan en nosotros para obtener solidez legal y apoyo personal durante algunos de los momentos m\u00e1s dif\u00edciles de sus vidas.<\/p>\n\n\n\n<h2 class=\"wp-block-heading\">Act\u00faa hoy<\/h2>\n\n\n\n<p>Si usted o alguien cercano a usted result\u00f3 lesionado en un accidente de DWI o DUI, no espere para explorar sus opciones legales.  <\/p>\n\n\n\n<p>Nuestro equipo en la oficina legal de Shane R. Kadlec est\u00e1 aqu\u00ed para escuchar su historia, explicar sus derechos y tomar medidas en su nombre.<\/p>\n\n\n\n<p>Llame al <a href=\"tel:281-643-2000\">281-643-2000<\/a> ahora o visite <a href=\"https:\/\/www.injurylawyerhouston.com\/contact-us-in-houston-texas.html\">nuestra p\u00e1gina de contacto<\/a> para programar su consulta gratuita. Visite nuestra p\u00e1gina de contacto para programar su consulta gratuita. Estamos orgullosos de servir a clientes en todo el estado de Texas. Perm\u00edtanos ayudarlo a avanzar con claridad y fuerza.   <\/p>\n","protected":false},"excerpt":{"rendered":"<p>Los accidentes por conducir ebrio a menudo resultan en lesiones que cambian la vida, traumas emocionales y cargas financieras significativas. Si un conductor ebrio lo ha lastimado a usted o a un ser querido, es posible que no est\u00e9 seguro de qu\u00e9 hacer a continuaci\u00f3n. En la oficina legal de Shane R. Kadlec, estamos aqu\u00ed&#8230;<\/p>\n","protected":false},"author":1,"featured_media":500870,"parent":0,"menu_order":0,"comment_status":"closed","ping_status":"closed","template":"","meta":{"_acf_changed":false,"inline_featured_image":false,"_kad_blocks_custom_css":"","_kad_blocks_head_custom_js":"","_kad_blocks_body_custom_js":"","_kad_blocks_footer_custom_js":"","_kad_post_transparent":"","_kad_post_title":"","_kad_post_layout":"","_kad_post_sidebar_id":"","_kad_post_content_style":"","_kad_post_vertical_padding":"","_kad_post_feature":"","_kad_post_feature_position":"","_kad_post_header":false,"_kad_post_footer":false,"_kad_post_classname":"","footnotes":""},"class_list":["post-500867","page","type-page","status-publish","has-post-thumbnail","hentry"],"acf":[],"taxonomy_info":[],"featured_image_src_large":["https:\/\/www.injurylawyerhouston.com\/wp-content\/uploads\/2025\/05\/texas-drunk-driver-liability-attorney.jpg",1000,400,false],"author_info":{"display_name":"Shane R. Kadlec","author_link":"https:\/\/www.injurylawyerhouston.com\/es\/author\/operationslmg\/"},"comment_info":0,"_links":{"self":[{"href":"https:\/\/www.injurylawyerhouston.com\/es\/wp-json\/wp\/v2\/pages\/500867","targetHints":{"allow":["GET"]}}],"collection":[{"href":"https:\/\/www.injurylawyerhouston.com\/es\/wp-json\/wp\/v2\/pages"}],"about":[{"href":"https:\/\/www.injurylawyerhouston.com\/es\/wp-json\/wp\/v2\/types\/page"}],"author":[{"embeddable":true,"href":"https:\/\/www.injurylawyerhouston.com\/es\/wp-json\/wp\/v2\/users\/1"}],"replies":[{"embeddable":true,"href":"https:\/\/www.injurylawyerhouston.com\/es\/wp-json\/wp\/v2\/comments?post=500867"}],"version-history":[{"count":2,"href":"https:\/\/www.injurylawyerhouston.com\/es\/wp-json\/wp\/v2\/pages\/500867\/revisions"}],"predecessor-version":[{"id":501830,"href":"https:\/\/www.injurylawyerhouston.com\/es\/wp-json\/wp\/v2\/pages\/500867\/revisions\/501830"}],"wp:featuredmedia":[{"embeddable":true,"href":"https:\/\/www.injurylawyerhouston.com\/es\/wp-json\/wp\/v2\/media\/500870"}],"wp:attachment":[{"href":"https:\/\/www.injurylawyerhouston.com\/es\/wp-json\/wp\/v2\/media?parent=500867"}],"curies":[{"name":"wp","href":"https:\/\/api.w.org\/{rel}","templated":true}]}}