{"id":500876,"date":"2025-05-04T14:53:07","date_gmt":"2025-05-04T14:53:07","guid":{"rendered":"https:\/\/www.injurylawyerhouston.com\/abogado-de-colisiones-t-bone-de-houston\/"},"modified":"2025-10-13T20:20:45","modified_gmt":"2025-10-13T20:20:45","slug":"abogado-de-colisiones-t-bone-de-houston","status":"publish","type":"page","link":"https:\/\/www.injurylawyerhouston.com\/es\/abogado-de-colisiones-t-bone-de-houston\/","title":{"rendered":"Abogado de Colisiones T-Bone de Houston"},"content":{"rendered":"\n<p>Las colisiones de T-bone pueden ocurrir en un instante. Es posible que no haya tenido ning\u00fan aviso de que un conductor descuidado se precipitaba hacia el costado de su veh\u00edculo hasta el momento del impacto. A diferencia <a href=\"https:\/\/www.injurylawyerhouston.com\/es\/abogado-de-colisiones-traseras-en-houston\/\">de las colisiones traseras<\/a> o <a href=\"https:\/\/www.injurylawyerhouston.com\/es\/abogado-de-colision-frontal-de-houston\/\">frontales<\/a>, donde hay una secci\u00f3n m\u00e1s grande del autom\u00f3vil entre usted y el otro veh\u00edculo, las puertas o los lados de un veh\u00edculo ofrecen poca protecci\u00f3n en un accidente de T-bone. Es poco probable que las bolsas de aire ofrezcan el nivel de protecci\u00f3n necesario debido al \u00e1ngulo de impacto. Debido a estos problemas, es probable que ocurran <a href=\"https:\/\/www.injurylawyerhouston.com\/es\/abogado-de-lesiones-catastroficas-en-houston\/\">lesiones catastr\u00f3ficas<\/a> en este tipo de accidentes.    <\/p>\n\n<p>La oficina legal de Shane R. Kadlec tiene experiencia en la b\u00fasqueda de compensaci\u00f3n para aquellos que han resultado heridos en <a href=\"\/car-accidents\/\">accidentes automovil\u00edsticos<\/a> T-bone. Despu\u00e9s de haber manejado muchos de estos casos, nuestro equipo legal ha desarrollado un profundo conocimiento de los efectos que una colisi\u00f3n de T-bone puede tener en las v\u00edctimas. El abogado Kadlec est\u00e1 listo para intervenir y luchar para recuperar la compensaci\u00f3n que se merece mientras le brinda el tiempo que necesita para concentrarse en su recuperaci\u00f3n personal.  <\/p>\n\n<h2 class=\"wp-block-heading\">Abogado que descubre las acciones negligentes de los conductores culpables en colisiones T-Bone<\/h2>\n\n<p>Cuando un conductor causa un accidente de T-Bone, es una suposici\u00f3n razonable que ha hecho algo descuidado. Nuestro equipo est\u00e1 capacitado para investigar meticulosamente estos accidentes para descubrir la causa del accidente y demostrar que un conductor actu\u00f3 de manera negligente. Los tipos comunes de negligencia del conductor que pueden causar colisiones T-bone incluyen:  <\/p>\n<style>.wp-block-kadence-iconlist.kt-svg-icon-list-items1429_92d68e-a8:not(.this-stops-third-party-issues){margin-top:0px;margin-bottom:0px;}.wp-block-kadence-iconlist.kt-svg-icon-list-items1429_92d68e-a8 ul.kt-svg-icon-list:not(.this-prevents-issues):not(.this-stops-third-party-issues):not(.tijsloc){margin-top:0px;margin-right:0px;margin-bottom:var(--global-kb-spacing-sm, 1.5rem);margin-left:0px;column-gap:24px;}.wp-block-kadence-iconlist.kt-svg-icon-list-items1429_92d68e-a8 ul.kt-svg-icon-list{grid-row-gap:12px;}.wp-block-kadence-iconlist.kt-svg-icon-list-items1429_92d68e-a8 .kb-svg-icon-wrap{color:#f38f1e;}.wp-block-kadence-iconlist.kt-svg-icon-list-items1429_92d68e-a8 ul.kt-svg-icon-list .kt-svg-icon-list-item-wrap .kt-svg-icon-list-single{margin-right:10px;}.kt-svg-icon-list-items1429_92d68e-a8 ul.kt-svg-icon-list .kt-svg-icon-list-item-wrap, .kt-svg-icon-list-items1429_92d68e-a8 ul.kt-svg-icon-list .kt-svg-icon-list-item-wrap a{line-height:25px;}.kt-svg-icon-list-items1429_92d68e-a8 ul.kt-svg-icon-list .kt-svg-icon-list-level-0 .kt-svg-icon-list-single svg{font-size:20px;}<\/style>\n<div class=\"wp-block-kadence-iconlist kt-svg-icon-list-items kt-svg-icon-list-items1429_92d68e-a8 kt-svg-icon-list-columns-1 alignnone kt-list-icon-aligntop\"><ul class=\"kt-svg-icon-list\"><style>.kt-svg-icon-list-item-1429_f4680e-3e .kt-svg-icon-list-text mark.kt-highlight{background-color:unset;font-style:normal;color:#f76a0c;-webkit-box-decoration-break:clone;box-decoration-break:clone;padding-top:0px;padding-right:0px;padding-bottom:0px;padding-left:0px;}<\/style>\n<li class=\"wp-block-kadence-listitem kt-svg-icon-list-item-wrap kt-svg-icon-list-item-1429_f4680e-3e\"><span class=\"kb-svg-icon-wrap kb-svg-icon-fas_chevron-right kt-svg-icon-list-single\"><svg viewBox=\"0 0 320 512\"  fill=\"currentColor\" xmlns=\"http:\/\/www.w3.org\/2000\/svg\"  aria-hidden=\"true\"><path d=\"M285.476 272.971L91.132 467.314c-9.373 9.373-24.569 9.373-33.941 0l-22.667-22.667c-9.357-9.357-9.375-24.522-.04-33.901L188.505 256 34.484 101.255c-9.335-9.379-9.317-24.544.04-33.901l22.667-22.667c9.373-9.373 24.569-9.373 33.941 0L285.475 239.03c9.373 9.372 9.373 24.568.001 33.941z\"\/><\/svg><\/span><span class=\"kt-svg-icon-list-text\"><strong><a href=\"https:\/\/www.injurylawyerhouston.com\/es\/abogado-de-accidentes-por-conduccion-distraida-en-houston\/\">Distracci\u00f3n<\/a>:<\/strong> Los conductores que miran sus tel\u00e9fonos celulares o que est\u00e1n distra\u00eddos pueden no mirar a ambos lados antes de ejecutar un giro.<\/span><\/li>\n\n\n<style>.kt-svg-icon-list-item-1429_493746-6d .kt-svg-icon-list-text mark.kt-highlight{background-color:unset;font-style:normal;color:#f76a0c;-webkit-box-decoration-break:clone;box-decoration-break:clone;padding-top:0px;padding-right:0px;padding-bottom:0px;padding-left:0px;}<\/style>\n<li class=\"wp-block-kadence-listitem kt-svg-icon-list-item-wrap kt-svg-icon-list-item-1429_493746-6d\"><span class=\"kb-svg-icon-wrap kb-svg-icon-fas_chevron-right kt-svg-icon-list-single\"><svg viewBox=\"0 0 320 512\"  fill=\"currentColor\" xmlns=\"http:\/\/www.w3.org\/2000\/svg\"  aria-hidden=\"true\"><path d=\"M285.476 272.971L91.132 467.314c-9.373 9.373-24.569 9.373-33.941 0l-22.667-22.667c-9.357-9.357-9.375-24.522-.04-33.901L188.505 256 34.484 101.255c-9.335-9.379-9.317-24.544.04-33.901l22.667-22.667c9.373-9.373 24.569-9.373 33.941 0L285.475 239.03c9.373 9.372 9.373 24.568.001 33.941z\"\/><\/svg><\/span><span class=\"kt-svg-icon-list-text\"><strong><a href=\"\/dwi-dui-accidents\/\">Intoxicaci\u00f3n<\/a>:<\/strong> Los conductores que est\u00e1n ebrios o que han consumido drogas pueden operar sus veh\u00edculos como si no hubiera otros conductores en la carretera. Un conductor ebrio puede pasarse los sem\u00e1foros en rojo, no detenerse en una se\u00f1al de alto, no se\u00f1alar un giro o hacer movimientos impredecibles. <\/span><\/li>\n\n\n<style>.kt-svg-icon-list-item-1429_b286da-32 .kt-svg-icon-list-text mark.kt-highlight{background-color:unset;font-style:normal;color:#f76a0c;-webkit-box-decoration-break:clone;box-decoration-break:clone;padding-top:0px;padding-right:0px;padding-bottom:0px;padding-left:0px;}<\/style>\n<li class=\"wp-block-kadence-listitem kt-svg-icon-list-item-wrap kt-svg-icon-list-item-1429_b286da-32\"><span class=\"kb-svg-icon-wrap kb-svg-icon-fas_chevron-right kt-svg-icon-list-single\"><svg viewBox=\"0 0 320 512\"  fill=\"currentColor\" xmlns=\"http:\/\/www.w3.org\/2000\/svg\"  aria-hidden=\"true\"><path d=\"M285.476 272.971L91.132 467.314c-9.373 9.373-24.569 9.373-33.941 0l-22.667-22.667c-9.357-9.357-9.375-24.522-.04-33.901L188.505 256 34.484 101.255c-9.335-9.379-9.317-24.544.04-33.901l22.667-22.667c9.373-9.373 24.569-9.373 33.941 0L285.475 239.03c9.373 9.372 9.373 24.568.001 33.941z\"\/><\/svg><\/span><span class=\"kt-svg-icon-list-text\"><a href=\"https:\/\/www.injurylawyerhouston.com\/es\/abogado-de-accidentes-por-exceso-de-velocidad-e-infracciones-de-trafico-en-houston\/\">\n  <strong>Infracciones de tr\u00e1nsito<\/strong>\n<\/a>: Cuando los conductores no notan u obedecen las se\u00f1ales de tr\u00e1fico, pueden hacer giros ilegales y golpear a otro conductor desde un lado.<\/span><\/li>\n<\/ul><\/div>\n\n<p>El abogado Kadlec trabajar\u00e1 incansablemente para descubrir y probar la causa de su accidente de T-bone para que pueda recuperar una compensaci\u00f3n para usted.<\/p>\n\n<h2 class=\"wp-block-heading\">Lesiones com\u00fanmente causadas por colisiones de T-Bone<\/h2>\n\n<p>Las lesiones causadas por los accidentes de T-Bone pueden ser graves o incluso pueden resultar en <a href=\"\/wrongful-death\/\">muerte por negligencia<\/a>. Las lesiones com\u00fanmente sufridas por las v\u00edctimas de accidentes de T-Bone incluyen: <\/p>\n<style>.wp-block-kadence-iconlist.kt-svg-icon-list-items1429_ea6069-ac:not(.this-stops-third-party-issues){margin-top:0px;margin-bottom:0px;}.wp-block-kadence-iconlist.kt-svg-icon-list-items1429_ea6069-ac ul.kt-svg-icon-list:not(.this-prevents-issues):not(.this-stops-third-party-issues):not(.tijsloc){margin-top:0px;margin-right:0px;margin-bottom:var(--global-kb-spacing-sm, 1.5rem);margin-left:0px;column-gap:24px;}.wp-block-kadence-iconlist.kt-svg-icon-list-items1429_ea6069-ac ul.kt-svg-icon-list{grid-row-gap:12px;}.wp-block-kadence-iconlist.kt-svg-icon-list-items1429_ea6069-ac .kb-svg-icon-wrap{color:#f38f1e;}.wp-block-kadence-iconlist.kt-svg-icon-list-items1429_ea6069-ac ul.kt-svg-icon-list .kt-svg-icon-list-item-wrap .kt-svg-icon-list-single{margin-right:10px;}.kt-svg-icon-list-items1429_ea6069-ac ul.kt-svg-icon-list .kt-svg-icon-list-item-wrap, .kt-svg-icon-list-items1429_ea6069-ac ul.kt-svg-icon-list .kt-svg-icon-list-item-wrap a{line-height:25px;}.kt-svg-icon-list-items1429_ea6069-ac ul.kt-svg-icon-list .kt-svg-icon-list-level-0 .kt-svg-icon-list-single svg{font-size:20px;}<\/style>\n<div class=\"wp-block-kadence-iconlist kt-svg-icon-list-items kt-svg-icon-list-items1429_ea6069-ac kt-svg-icon-list-columns-1 alignnone kt-list-icon-aligntop\"><ul class=\"kt-svg-icon-list\"><style>.kt-svg-icon-list-item-1429_937a17-32 .kt-svg-icon-list-text mark.kt-highlight{background-color:unset;font-style:normal;color:#f76a0c;-webkit-box-decoration-break:clone;box-decoration-break:clone;padding-top:0px;padding-right:0px;padding-bottom:0px;padding-left:0px;}<\/style>\n<li class=\"wp-block-kadence-listitem kt-svg-icon-list-item-wrap kt-svg-icon-list-item-1429_937a17-32\"><span class=\"kb-svg-icon-wrap kb-svg-icon-fas_angle-right kt-svg-icon-list-single\"><svg viewBox=\"0 0 256 512\"  fill=\"currentColor\" xmlns=\"http:\/\/www.w3.org\/2000\/svg\"  aria-hidden=\"true\"><path d=\"M224.3 273l-136 136c-9.4 9.4-24.6 9.4-33.9 0l-22.6-22.6c-9.4-9.4-9.4-24.6 0-33.9l96.4-96.4-96.4-96.4c-9.4-9.4-9.4-24.6 0-33.9L54.3 103c9.4-9.4 24.6-9.4 33.9 0l136 136c9.5 9.4 9.5 24.6.1 34z\"\/><\/svg><\/span><span class=\"kt-svg-icon-list-text\"><strong><a href=\"https:\/\/www.injurylawyerhouston.com\/es\/abogado-de-lesiones-cerebrales-traumaticas-de-houston\/\">Lesiones cerebrales traum\u00e1ticas<\/a>:<\/strong> La cabeza de una persona puede ser golpeada con fuerza por el costado del autom\u00f3vil y puede experimentar conmociones cerebrales u otras formas de trauma cerebral.<\/span><\/li>\n\n\n<style>.kt-svg-icon-list-item-1429_c644c2-e7 .kt-svg-icon-list-text mark.kt-highlight{background-color:unset;font-style:normal;color:#f76a0c;-webkit-box-decoration-break:clone;box-decoration-break:clone;padding-top:0px;padding-right:0px;padding-bottom:0px;padding-left:0px;}<\/style>\n<li class=\"wp-block-kadence-listitem kt-svg-icon-list-item-wrap kt-svg-icon-list-item-1429_c644c2-e7\"><span class=\"kb-svg-icon-wrap kb-svg-icon-fas_angle-right kt-svg-icon-list-single\"><svg viewBox=\"0 0 256 512\"  fill=\"currentColor\" xmlns=\"http:\/\/www.w3.org\/2000\/svg\"  aria-hidden=\"true\"><path d=\"M224.3 273l-136 136c-9.4 9.4-24.6 9.4-33.9 0l-22.6-22.6c-9.4-9.4-9.4-24.6 0-33.9l96.4-96.4-96.4-96.4c-9.4-9.4-9.4-24.6 0-33.9L54.3 103c9.4-9.4 24.6-9.4 33.9 0l136 136c9.5 9.4 9.5 24.6.1 34z\"\/><\/svg><\/span><span class=\"kt-svg-icon-list-text\"><strong><a href=\"https:\/\/www.injurylawyerhouston.com\/es\/abogado-de-lesiones-de-la-medula-espinal-en-houston\/\">Lesiones de la m\u00e9dula espinal<\/a>:<\/strong> La fuerza de otro veh\u00edculo que choca con un autom\u00f3vil puede causar da\u00f1os graves a los huesos de la columna vertebral o a los nervios de la m\u00e9dula espinal. Estas lesiones pueden causar par\u00e1lisis u otras discapacidades permanentes. <\/span><\/li>\n\n\n<style>.kt-svg-icon-list-item-1429_ae11e3-1d .kt-svg-icon-list-text mark.kt-highlight{background-color:unset;font-style:normal;color:#f76a0c;-webkit-box-decoration-break:clone;box-decoration-break:clone;padding-top:0px;padding-right:0px;padding-bottom:0px;padding-left:0px;}<\/style>\n<li class=\"wp-block-kadence-listitem kt-svg-icon-list-item-wrap kt-svg-icon-list-item-1429_ae11e3-1d\"><span class=\"kb-svg-icon-wrap kb-svg-icon-fas_angle-right kt-svg-icon-list-single\"><svg viewBox=\"0 0 256 512\"  fill=\"currentColor\" xmlns=\"http:\/\/www.w3.org\/2000\/svg\"  aria-hidden=\"true\"><path d=\"M224.3 273l-136 136c-9.4 9.4-24.6 9.4-33.9 0l-22.6-22.6c-9.4-9.4-9.4-24.6 0-33.9l96.4-96.4-96.4-96.4c-9.4-9.4-9.4-24.6 0-33.9L54.3 103c9.4-9.4 24.6-9.4 33.9 0l136 136c9.5 9.4 9.5 24.6.1 34z\"\/><\/svg><\/span><span class=\"kt-svg-icon-list-text\"><strong>Huesos rotos: <\/strong>Los huesos del cuerpo humano son fuertes, pero no son lo suficientemente fuertes como para soportar un impacto importante como una colisi\u00f3n de T-bone, y pueden ocurrir m\u00faltiples tipos de fracturas.<\/span><\/li>\n<\/ul><\/div>\n\n<p>Despu\u00e9s de un accidente de T-bone, es fundamental buscar asistencia m\u00e9dica urgente. Las lesiones pueden o no ser evidentes sin im\u00e1genes m\u00e9dicas u otras pruebas de diagn\u00f3stico. <\/p>\n\n<h2 class=\"wp-block-heading\">Abogado para toda la compensaci\u00f3n disponible despu\u00e9s de un accidente de T-Bone<\/h2>\n\n<p>Los gastos m\u00e9dicos y la p\u00e9rdida de salarios son a menudo las dos mayores preocupaciones de las v\u00edctimas de accidentes automovil\u00edsticos. Adem\u00e1s de recuperar los costos de toda la atenci\u00f3n m\u00e9dica actual y futura relacionada con el accidente, adem\u00e1s de los ingresos que ha perdido mientras se recupera, tambi\u00e9n puede recibir una compensaci\u00f3n relacionada con: <\/p>\n<style>.wp-block-kadence-iconlist.kt-svg-icon-list-items1429_69c52f-23:not(.this-stops-third-party-issues){margin-top:0px;margin-bottom:0px;}.wp-block-kadence-iconlist.kt-svg-icon-list-items1429_69c52f-23 ul.kt-svg-icon-list:not(.this-prevents-issues):not(.this-stops-third-party-issues):not(.tijsloc){margin-top:0px;margin-right:0px;margin-bottom:var(--global-kb-spacing-sm, 1.5rem);margin-left:0px;column-gap:24px;}.wp-block-kadence-iconlist.kt-svg-icon-list-items1429_69c52f-23 ul.kt-svg-icon-list{grid-row-gap:12px;}.wp-block-kadence-iconlist.kt-svg-icon-list-items1429_69c52f-23 .kb-svg-icon-wrap{color:#f38f1e;}.wp-block-kadence-iconlist.kt-svg-icon-list-items1429_69c52f-23 ul.kt-svg-icon-list .kt-svg-icon-list-item-wrap .kt-svg-icon-list-single{margin-right:10px;}.kt-svg-icon-list-items1429_69c52f-23 ul.kt-svg-icon-list .kt-svg-icon-list-item-wrap, .kt-svg-icon-list-items1429_69c52f-23 ul.kt-svg-icon-list .kt-svg-icon-list-item-wrap a{line-height:25px;}.kt-svg-icon-list-items1429_69c52f-23 ul.kt-svg-icon-list .kt-svg-icon-list-level-0 .kt-svg-icon-list-single svg{font-size:20px;}<\/style>\n<div class=\"wp-block-kadence-iconlist kt-svg-icon-list-items kt-svg-icon-list-items1429_69c52f-23 kt-svg-icon-list-columns-1 alignnone kt-list-icon-aligntop\"><ul class=\"kt-svg-icon-list\"><style>.kt-svg-icon-list-item-1429_067dca-ea .kt-svg-icon-list-text mark.kt-highlight{background-color:unset;font-style:normal;color:#f76a0c;-webkit-box-decoration-break:clone;box-decoration-break:clone;padding-top:0px;padding-right:0px;padding-bottom:0px;padding-left:0px;}<\/style>\n<li class=\"wp-block-kadence-listitem kt-svg-icon-list-item-wrap kt-svg-icon-list-item-1429_067dca-ea\"><span class=\"kb-svg-icon-wrap kb-svg-icon-fas_chevron-right kt-svg-icon-list-single\"><svg viewBox=\"0 0 320 512\"  fill=\"currentColor\" xmlns=\"http:\/\/www.w3.org\/2000\/svg\"  aria-hidden=\"true\"><path d=\"M285.476 272.971L91.132 467.314c-9.373 9.373-24.569 9.373-33.941 0l-22.667-22.667c-9.357-9.357-9.375-24.522-.04-33.901L188.505 256 34.484 101.255c-9.335-9.379-9.317-24.544.04-33.901l22.667-22.667c9.373-9.373 24.569-9.373 33.941 0L285.475 239.03c9.373 9.372 9.373 24.568.001 33.941z\"\/><\/svg><\/span><span class=\"kt-svg-icon-list-text\">Dolor y sufrimiento<\/span><\/li>\n\n\n<style>.kt-svg-icon-list-item-1429_aadae8-f9 .kt-svg-icon-list-text mark.kt-highlight{background-color:unset;font-style:normal;color:#f76a0c;-webkit-box-decoration-break:clone;box-decoration-break:clone;padding-top:0px;padding-right:0px;padding-bottom:0px;padding-left:0px;}<\/style>\n<li class=\"wp-block-kadence-listitem kt-svg-icon-list-item-wrap kt-svg-icon-list-item-1429_aadae8-f9\"><span class=\"kb-svg-icon-wrap kb-svg-icon-fas_chevron-right kt-svg-icon-list-single\"><svg viewBox=\"0 0 320 512\"  fill=\"currentColor\" xmlns=\"http:\/\/www.w3.org\/2000\/svg\"  aria-hidden=\"true\"><path d=\"M285.476 272.971L91.132 467.314c-9.373 9.373-24.569 9.373-33.941 0l-22.667-22.667c-9.357-9.357-9.375-24.522-.04-33.901L188.505 256 34.484 101.255c-9.335-9.379-9.317-24.544.04-33.901l22.667-22.667c9.373-9.373 24.569-9.373 33.941 0L285.475 239.03c9.373 9.372 9.373 24.568.001 33.941z\"\/><\/svg><\/span><span class=\"kt-svg-icon-list-text\">Trauma emocional<\/span><\/li>\n\n\n<style>.kt-svg-icon-list-item-1429_631527-fd .kt-svg-icon-list-text mark.kt-highlight{background-color:unset;font-style:normal;color:#f76a0c;-webkit-box-decoration-break:clone;box-decoration-break:clone;padding-top:0px;padding-right:0px;padding-bottom:0px;padding-left:0px;}<\/style>\n<li class=\"wp-block-kadence-listitem kt-svg-icon-list-item-wrap kt-svg-icon-list-item-1429_631527-fd\"><span class=\"kb-svg-icon-wrap kb-svg-icon-fas_chevron-right kt-svg-icon-list-single\"><svg viewBox=\"0 0 320 512\"  fill=\"currentColor\" xmlns=\"http:\/\/www.w3.org\/2000\/svg\"  aria-hidden=\"true\"><path d=\"M285.476 272.971L91.132 467.314c-9.373 9.373-24.569 9.373-33.941 0l-22.667-22.667c-9.357-9.357-9.375-24.522-.04-33.901L188.505 256 34.484 101.255c-9.335-9.379-9.317-24.544.04-33.901l22.667-22.667c9.373-9.373 24.569-9.373 33.941 0L285.475 239.03c9.373 9.372 9.373 24.568.001 33.941z\"\/><\/svg><\/span><span class=\"kt-svg-icon-list-text\">Da\u00f1os a la propiedad<\/span><\/li>\n\n\n<style>.kt-svg-icon-list-item-1429_82ad0f-4d .kt-svg-icon-list-text mark.kt-highlight{background-color:unset;font-style:normal;color:#f76a0c;-webkit-box-decoration-break:clone;box-decoration-break:clone;padding-top:0px;padding-right:0px;padding-bottom:0px;padding-left:0px;}<\/style>\n<li class=\"wp-block-kadence-listitem kt-svg-icon-list-item-wrap kt-svg-icon-list-item-1429_82ad0f-4d\"><span class=\"kb-svg-icon-wrap kb-svg-icon-fas_chevron-right kt-svg-icon-list-single\"><svg viewBox=\"0 0 320 512\"  fill=\"currentColor\" xmlns=\"http:\/\/www.w3.org\/2000\/svg\"  aria-hidden=\"true\"><path d=\"M285.476 272.971L91.132 467.314c-9.373 9.373-24.569 9.373-33.941 0l-22.667-22.667c-9.357-9.357-9.375-24.522-.04-33.901L188.505 256 34.484 101.255c-9.335-9.379-9.317-24.544.04-33.901l22.667-22.667c9.373-9.373 24.569-9.373 33.941 0L285.475 239.03c9.373 9.372 9.373 24.568.001 33.941z\"\/><\/svg><\/span><span class=\"kt-svg-icon-list-text\">P\u00e9rdida del disfrute de la vida<\/span><\/li>\n\n\n<style>.kt-svg-icon-list-item-1429_3e768e-7e .kt-svg-icon-list-text mark.kt-highlight{background-color:unset;font-style:normal;color:#f76a0c;-webkit-box-decoration-break:clone;box-decoration-break:clone;padding-top:0px;padding-right:0px;padding-bottom:0px;padding-left:0px;}<\/style>\n<li class=\"wp-block-kadence-listitem kt-svg-icon-list-item-wrap kt-svg-icon-list-item-1429_3e768e-7e\"><span class=\"kb-svg-icon-wrap kb-svg-icon-fas_chevron-right kt-svg-icon-list-single\"><svg viewBox=\"0 0 320 512\"  fill=\"currentColor\" xmlns=\"http:\/\/www.w3.org\/2000\/svg\"  aria-hidden=\"true\"><path d=\"M285.476 272.971L91.132 467.314c-9.373 9.373-24.569 9.373-33.941 0l-22.667-22.667c-9.357-9.357-9.375-24.522-.04-33.901L188.505 256 34.484 101.255c-9.335-9.379-9.317-24.544.04-33.901l22.667-22.667c9.373-9.373 24.569-9.373 33.941 0L285.475 239.03c9.373 9.372 9.373 24.568.001 33.941z\"\/><\/svg><\/span><span class=\"kt-svg-icon-list-text\">P\u00e9rdida de ingresos futuros<\/span><\/li>\n<\/ul><\/div>\n\n<p>El abogado Kadlec y su equipo ser\u00e1n minuciosos al calcular la cantidad de da\u00f1os que puede tener derecho a recibir.<\/p>\n\n<h2 class=\"wp-block-heading\">Llame a un abogado de colisiones de T-Bone en Houston<\/h2>\n\n<p>La oficina legal de Shane R. Kadlec tiene la experiencia necesaria para investigar colisiones de T-bone, y buscaremos agresivamente una compensaci\u00f3n por las lesiones y da\u00f1os que ha sufrido. Nuestro equipo legal calificado no dejar\u00e1 piedra sin remover ni ninguna v\u00eda sin explorar en nuestros esfuerzos por recuperar la compensaci\u00f3n o acuerdo m\u00e1s alto posible para usted. <a href=\"https:\/\/www.injurylawyerhouston.com\/es\/contactenos\/\">Cont\u00e1ctenos<\/a> al <a href=\"tel:281-643-2000\">281-643-2000<\/a> para recibir una consulta gratuita.   <\/p>\n","protected":false},"excerpt":{"rendered":"<p>Las colisiones de T-bone pueden ocurrir en un instante. Es posible que no haya tenido ning\u00fan aviso de que un conductor descuidado se precipitaba hacia el costado de su veh\u00edculo hasta el momento del impacto. A diferencia de las colisiones traseras o frontales, donde hay una secci\u00f3n m\u00e1s grande del autom\u00f3vil entre usted y el&#8230;<\/p>\n","protected":false},"author":1,"featured_media":500879,"parent":0,"menu_order":0,"comment_status":"closed","ping_status":"closed","template":"","meta":{"_acf_changed":false,"inline_featured_image":false,"_kad_blocks_custom_css":"","_kad_blocks_head_custom_js":"","_kad_blocks_body_custom_js":"","_kad_blocks_footer_custom_js":"","_kad_post_transparent":"","_kad_post_title":"","_kad_post_layout":"","_kad_post_sidebar_id":"","_kad_post_content_style":"","_kad_post_vertical_padding":"","_kad_post_feature":"","_kad_post_feature_position":"","_kad_post_header":false,"_kad_post_footer":false,"_kad_post_classname":"","footnotes":""},"class_list":["post-500876","page","type-page","status-publish","has-post-thumbnail","hentry"],"acf":[],"taxonomy_info":[],"featured_image_src_large":["https:\/\/www.injurylawyerhouston.com\/wp-content\/uploads\/2025\/05\/houston-t-bone-accident-attorney.webp",1000,400,false],"author_info":{"display_name":"Shane R. Kadlec","author_link":"https:\/\/www.injurylawyerhouston.com\/es\/author\/operationslmg\/"},"comment_info":0,"_links":{"self":[{"href":"https:\/\/www.injurylawyerhouston.com\/es\/wp-json\/wp\/v2\/pages\/500876","targetHints":{"allow":["GET"]}}],"collection":[{"href":"https:\/\/www.injurylawyerhouston.com\/es\/wp-json\/wp\/v2\/pages"}],"about":[{"href":"https:\/\/www.injurylawyerhouston.com\/es\/wp-json\/wp\/v2\/types\/page"}],"author":[{"embeddable":true,"href":"https:\/\/www.injurylawyerhouston.com\/es\/wp-json\/wp\/v2\/users\/1"}],"replies":[{"embeddable":true,"href":"https:\/\/www.injurylawyerhouston.com\/es\/wp-json\/wp\/v2\/comments?post=500876"}],"version-history":[{"count":1,"href":"https:\/\/www.injurylawyerhouston.com\/es\/wp-json\/wp\/v2\/pages\/500876\/revisions"}],"predecessor-version":[{"id":500880,"href":"https:\/\/www.injurylawyerhouston.com\/es\/wp-json\/wp\/v2\/pages\/500876\/revisions\/500880"}],"wp:featuredmedia":[{"embeddable":true,"href":"https:\/\/www.injurylawyerhouston.com\/es\/wp-json\/wp\/v2\/media\/500879"}],"wp:attachment":[{"href":"https:\/\/www.injurylawyerhouston.com\/es\/wp-json\/wp\/v2\/media?parent=500876"}],"curies":[{"name":"wp","href":"https:\/\/api.w.org\/{rel}","templated":true}]}}