{"id":500891,"date":"2025-05-05T10:45:58","date_gmt":"2025-05-05T10:45:58","guid":{"rendered":"https:\/\/www.injurylawyerhouston.com\/abogado-de-fatiga-del-conductor-de-houston\/"},"modified":"2025-10-13T20:20:50","modified_gmt":"2025-10-13T20:20:50","slug":"abogado-de-fatiga-del-conductor-de-houston","status":"publish","type":"page","link":"https:\/\/www.injurylawyerhouston.com\/es\/abogado-de-fatiga-del-conductor-de-houston\/","title":{"rendered":"Abogado de fatiga del conductor de Houston"},"content":{"rendered":"\n<p>Existen m\u00faltiples problemas que pueden afectar la capacidad de un conductor de cami\u00f3n para operar de manera segura un cami\u00f3n de 18 ruedas u otro veh\u00edculo comercial. Si los conductores de camiones no toman las medidas correctas para conducir de manera segura en todo momento, pueden chocar con otros veh\u00edculos e infligir lesiones graves y otros tipos de da\u00f1os. La fatiga del conductor es un problema que a menudo afecta a los conductores de camiones, y si un conductor se queda dormido al volante o sufre lapsos de concentraci\u00f3n debido a la somnolencia, es probable que se vea involucrado en <a href=\"\/truck-accidents\/\">accidentes de camiones peligrosos<\/a>. Las v\u00edctimas que resultan lesionadas en este tipo de accidentes pueden trabajar con un abogado con experiencia para determinar sus opciones para recuperar una compensaci\u00f3n.   <\/p>\n\n<p>La <a href=\"https:\/\/www.injurylawyerhouston.com\/es\/acerca-del-bufete-de-abogados-de-shane-r-kadlec\/\">oficina legal de Shane R. Kadlec<\/a> puede ayudar a las v\u00edctimas de accidentes de camiones a emprender acciones legales contra un conductor de cami\u00f3n que actu\u00f3 de manera negligente, la compa\u00f1\u00eda de camiones que los emple\u00f3 o cualquier otra <a href=\"https:\/\/www.injurylawyerhouston.com\/es\/abogado-de-responsabilidad-en-accidentes-de-camiones-comerciales-en-houston\/\">parte responsable<\/a>. Con m\u00e1s de 25 a\u00f1os de experiencia en m\u00faltiples tipos de casos de <a href=\"\/personal-injury\/\">lesiones personales<\/a> , nuestro abogado fundador conoce los mejores pasos a seguir durante estos casos, y nuestra firma est\u00e1 completamente preparada para hacer lo que sea necesario para garantizar que las v\u00edctimas tengan los recursos financieros que necesitan para recuperarse por completo. <\/p>\n\n<h3 class=\"wp-block-heading\">Causas y efectos de la fatiga del conductor de camiones<\/h3>\n\n<p>Los conductores de camiones pueden recorrer miles de kil\u00f3metros cuando transportan carga y, a menudo, permanecen al volante durante largos periodos. Mantenerse completamente alerta durante todo un viaje puede ser dif\u00edcil, especialmente si un conductor conducir\u00e1 de noche o durante horas irregulares. Para ayudar a minimizar la posibilidad de fatiga del conductor, los conductores de camiones deben seguir las regulaciones que restringen la cantidad de horas que pueden pasar detr\u00e1s del volante durante un turno y requieren que tomen descansos y duerman lo suficiente.  <\/p>\n\n<p>Desafortunadamente, algunas compa\u00f1\u00edas de camiones pueden tomar atajos o alentar a los conductores a doblar o romper las reglas. Esto se hace a menudo para asegurarse de que la carga se pueda entregar lo m\u00e1s r\u00e1pido posible, maximizando las ganancias para las empresas de env\u00edo y transporte. Algunos conductores pueden falsificar sus registros de conducci\u00f3n para poder exceder la cantidad permitida de horas que pasan en la carretera.  <\/p>\n\n<p>Incluso si un conductor cumple con todas las regulaciones, a\u00fan puede sentirse somnoliento o fatigado durante un turno largo. Si un conductor sufre de apnea del sue\u00f1o u otros trastornos del sue\u00f1o, es posible que no descanse lo suficiente al dormir, y esto afectar\u00e1 su capacidad para operar su veh\u00edculo de manera segura. El estado de alerta de un conductor puede verse afectado por el uso de ciertos tipos de medicamentos, como analg\u00e9sicos opioides o medicamentos de venta libre para el resfriado y la gripe. En algunos casos, los conductores de camiones pueden estar intoxicados debido al uso de alcohol o drogas, incluidos estimulantes ilegales como coca\u00edna o metanfetaminas que un conductor puede usar en un intento de combatir la fatiga.   <\/p>\n\n<p>Cuando los conductores est\u00e1n fatigados, esto puede afectar en gran medida su capacidad para operar un cami\u00f3n grande de manera segura. Es probable que un conductor que se quede dormido mientras est\u00e1 detr\u00e1s del volante pierda el control de su veh\u00edculo, y puede salirse de su carril y chocar con otros veh\u00edculos, o puede ser incapaz de reducir la velocidad a tiempo para evitar golpear a otro veh\u00edculo por detr\u00e1s. Incluso si un conductor no se duerme, la fatiga puede afectar su juicio, su concentraci\u00f3n y enfoque, y su capacidad para reaccionar a las condiciones cambiantes en la carretera que lo rodea. Los conductores de camiones que permanecen despiertos durante largos per\u00edodos de tiempo tienen muchas m\u00e1s probabilidades de verse involucrados en accidentes peligrosos que causan lesiones graves a otros.   <\/p>\n\n<h3 class=\"wp-block-heading\">P\u00f3ngase en contacto con nuestro abogado de accidentes de conductores de camiones somnolientos en Houston<\/h3>\n\n<p>Nuestros abogados pueden investigar las circunstancias que rodearon un accidente de cami\u00f3n y determinar si la fatiga del conductor fue un factor. Trabajaremos para garantizar que un conductor de cami\u00f3n y una empresa de camiones puedan ser considerados responsables de las lesiones causadas por conducir somnoliento u otras formas de negligencia. <a href=\"https:\/\/www.injurylawyerhouston.com\/es\/contactenos\/\">P\u00f3ngase en contacto con nuestra firma<\/a> llamando al <a href=\"tel:281-643-2000\">281-643-2000<\/a> para programar una consulta gratuita hoy. Representamos a v\u00edctimas de accidentes de camiones en el condado de Waller, el condado de Fort Bend, West Houston, el condado de Galveston, Bellaire, la costa del Golfo, The Woodlands, Sugar Land, Katy, Houston, el condado de Brazoria, el condado de Harris, Pearland, el condado de Liberty, el condado de Chambers, el condado de Montgomery y Memorial.  <\/p>\n\n<p><\/p>\n","protected":false},"excerpt":{"rendered":"<p>Existen m\u00faltiples problemas que pueden afectar la capacidad de un conductor de cami\u00f3n para operar de manera segura un cami\u00f3n de 18 ruedas u otro veh\u00edculo comercial. Si los conductores de camiones no toman las medidas correctas para conducir de manera segura en todo momento, pueden chocar con otros veh\u00edculos e infligir lesiones graves y&#8230;<\/p>\n","protected":false},"author":1,"featured_media":500893,"parent":0,"menu_order":0,"comment_status":"closed","ping_status":"closed","template":"","meta":{"_acf_changed":false,"inline_featured_image":false,"_kad_blocks_custom_css":"","_kad_blocks_head_custom_js":"","_kad_blocks_body_custom_js":"","_kad_blocks_footer_custom_js":"","_kad_post_transparent":"","_kad_post_title":"","_kad_post_layout":"","_kad_post_sidebar_id":"","_kad_post_content_style":"","_kad_post_vertical_padding":"","_kad_post_feature":"","_kad_post_feature_position":"","_kad_post_header":false,"_kad_post_footer":false,"_kad_post_classname":"","footnotes":""},"class_list":["post-500891","page","type-page","status-publish","has-post-thumbnail","hentry"],"acf":[],"taxonomy_info":[],"featured_image_src_large":["https:\/\/www.injurylawyerhouston.com\/wp-content\/uploads\/2025\/05\/galveston-county-truck-crash-attorney-for-driver-fatigue.webp",1000,400,false],"author_info":{"display_name":"Shane R. Kadlec","author_link":"https:\/\/www.injurylawyerhouston.com\/es\/author\/operationslmg\/"},"comment_info":0,"_links":{"self":[{"href":"https:\/\/www.injurylawyerhouston.com\/es\/wp-json\/wp\/v2\/pages\/500891","targetHints":{"allow":["GET"]}}],"collection":[{"href":"https:\/\/www.injurylawyerhouston.com\/es\/wp-json\/wp\/v2\/pages"}],"about":[{"href":"https:\/\/www.injurylawyerhouston.com\/es\/wp-json\/wp\/v2\/types\/page"}],"author":[{"embeddable":true,"href":"https:\/\/www.injurylawyerhouston.com\/es\/wp-json\/wp\/v2\/users\/1"}],"replies":[{"embeddable":true,"href":"https:\/\/www.injurylawyerhouston.com\/es\/wp-json\/wp\/v2\/comments?post=500891"}],"version-history":[{"count":1,"href":"https:\/\/www.injurylawyerhouston.com\/es\/wp-json\/wp\/v2\/pages\/500891\/revisions"}],"predecessor-version":[{"id":500894,"href":"https:\/\/www.injurylawyerhouston.com\/es\/wp-json\/wp\/v2\/pages\/500891\/revisions\/500894"}],"wp:featuredmedia":[{"embeddable":true,"href":"https:\/\/www.injurylawyerhouston.com\/es\/wp-json\/wp\/v2\/media\/500893"}],"wp:attachment":[{"href":"https:\/\/www.injurylawyerhouston.com\/es\/wp-json\/wp\/v2\/media?parent=500891"}],"curies":[{"name":"wp","href":"https:\/\/api.w.org\/{rel}","templated":true}]}}