{"id":500902,"date":"2025-05-05T13:07:39","date_gmt":"2025-05-05T13:07:39","guid":{"rendered":"https:\/\/www.injurylawyerhouston.com\/abogado-de-accidentes-por-exceso-de-velocidad-e-infracciones-de-trafico-en-houston\/"},"modified":"2025-10-13T20:20:56","modified_gmt":"2025-10-13T20:20:56","slug":"abogado-de-accidentes-por-exceso-de-velocidad-e-infracciones-de-trafico-en-houston","status":"publish","type":"page","link":"https:\/\/www.injurylawyerhouston.com\/es\/abogado-de-accidentes-por-exceso-de-velocidad-e-infracciones-de-trafico-en-houston\/","title":{"rendered":"Abogado de accidentes por exceso de velocidad e infracciones de tr\u00e1fico en Houston"},"content":{"rendered":"\n<p>Si ha resultado lesionado en un accidente causado por exceso de velocidad o una infracci\u00f3n de tr\u00e1nsito, es posible que est\u00e9 lidiando con facturas m\u00e9dicas, tiempo fuera del trabajo y dolor o estr\u00e9s continuos. Cuando las acciones imprudentes o ilegales de otro conductor provocan sus lesiones, tiene derecho a buscar una compensaci\u00f3n.   <\/p>\n\n<p>En la <a href=\"https:\/\/www.injurylawyerhouston.com\/es\/\">oficina legal de Shane R. Kadlec<\/a>, estamos comprometidos a ayudarlo a avanzar protegiendo sus derechos legales y luchando por la recuperaci\u00f3n que se merece.<\/p>\n\n<h2 class=\"wp-block-heading\">Comprender los accidentes de infracci\u00f3n de tr\u00e1fico en Texas<\/h2>\n\n<p>Los accidentes causados por infracciones de tr\u00e1nsito son comunes en las concurridas carreteras de Houston. Los conductores deben seguir las leyes que garantizan la seguridad, como obedecer los l\u00edmites de velocidad, ceder el paso y evitar distracciones. Cuando violan estas leyes, pueden producirse lesiones graves.  <\/p>\n\n<p>En Texas, el concepto legal de negligencia per se puede fortalecer su reclamo. Si un conductor infringe una ley dise\u00f1ada para proteger la seguridad p\u00fablica y, como resultado, causa un accidente, puede ser considerado autom\u00e1ticamente negligente.   <\/p>\n\n<p>Por ejemplo, si alguien est\u00e1 acelerando y causa un accidente, ese es exactamente el tipo de da\u00f1o que la ley fue dise\u00f1ada para prevenir. Esto puede simplificar el proceso de probar la culpa en su caso de lesiones. <\/p>\n\n<h2 class=\"wp-block-heading\">Infracciones comunes que conducen a accidentes<\/h2>\n\n<p>Si vive en el \u00e1rea de Houston, la cuesti\u00f3n es que tiene un n\u00famero desproporcionadamente alto de accidentes automovil\u00edsticos en comparaci\u00f3n con el tama\u00f1o de su poblaci\u00f3n.  <\/p>\n\n<p>Si bien Houston tiene alrededor del 8% de la poblaci\u00f3n de Texas, representa aproximadamente el 16% de sus accidentes automovil\u00edsticos. Las infracciones de tr\u00e1nsito que con frecuencia resultan en choques graves incluyen: <\/p>\n\n<ul class=\"wp-block-list\">\n<li>Exceso de velocidad o conducir demasiado r\u00e1pido para las condiciones de la carretera<\/li>\n\n\n\n<li>Pasarse los sem\u00e1foros en rojo o las se\u00f1ales de alto<\/li>\n\n\n\n<li>Giros en U ilegales o cambios de carril imprudentes<\/li>\n\n\n\n<li>Conducir bajo la influencia de drogas o alcohol<\/li>\n\n\n\n<li>No ceder el paso o no se\u00f1alar correctamente<\/li>\n\n\n\n<li>Conducir con faros o luces de freno rotos<\/li>\n\n\n\n<li>Usar un tel\u00e9fono u otro dispositivo mientras est\u00e1 detr\u00e1s del volante<\/li>\n<\/ul>\n\n<p>En casos m\u00e1s graves, como conducir ebrio o imprudente, su caso tambi\u00e9n puede involucrar la posibilidad de da\u00f1os punitivos o sanciones penales contra la parte culpable.<\/p>\n\n<h2 class=\"wp-block-heading\">Accidentes que involucran veh\u00edculos comerciales<\/h2>\n\n<p>Los conductores de camiones comerciales est\u00e1n sujetos a est\u00e1ndares a\u00fan m\u00e1s estrictos bajo <a href=\"https:\/\/www.fmcsa.dot.gov\/regulations\" target=\"_blank\" rel=\"noopener\">las Regulaciones Federales de Seguridad de Autotransportes<\/a>. Los titulares de CDL pueden violar las leyes de seguridad vial al conducir demasiadas horas sin descansar, saltarse las inspecciones de seguridad u operar sus veh\u00edculos mientras est\u00e1n distra\u00eddos o fatigados.   <\/p>\n\n<p>Si ha sido atropellado por un <a href=\"https:\/\/www.injurylawyerhouston.com\/liability-in-commercial-truck-accidents.html\">cami\u00f3n comercial o un cami\u00f3n de 18 ruedas<\/a>, es fundamental ponerse en contacto con un abogado para que se puedan preservar las pruebas urgentes.<\/p>\n\n<h2 class=\"wp-block-heading\">C\u00f3mo nuestro bufete de abogados puede apoyarlo<\/h2>\n\n<p>En la oficina legal de Shane R. Kadlec, aportamos d\u00e9cadas de experiencia ayudando a las personas a recuperarse despu\u00e9s de lesiones relacionadas con el tr\u00e1fico. Nuestro proceso est\u00e1 dise\u00f1ado para aliviar el estr\u00e9s de presentar un reclamo y maximizar su compensaci\u00f3n. <\/p>\n\n<h3 class=\"wp-block-heading\">Evaluaci\u00f3n exhaustiva del caso<\/h3>\n\n<p>Comenzamos revisando todos los aspectos de su accidente. Nuestro equipo recopila informes policiales, fotos, registros m\u00e9dicos y declaraciones de testigos para comprender c\u00f3mo ocurri\u00f3 la violaci\u00f3n y qui\u00e9n es responsable. Tambi\u00e9n hablaremos con usted en detalle sobre las circunstancias y escucharemos atentamente sus inquietudes.  <\/p>\n\n<h3 class=\"wp-block-heading\">C\u00e1lculo del valor de su reclamo<\/h3>\n\n<p>Los accidentes de infracci\u00f3n de tr\u00e1fico pueden causar una amplia gama de lesiones y p\u00e9rdidas. Evaluamos los da\u00f1os actuales y futuros, incluido el tratamiento m\u00e9dico, los salarios perdidos, la reparaci\u00f3n de la propiedad y las dificultades emocionales. Nuestro objetivo es capturar el alcance total de lo que ha sufrido para que su compensaci\u00f3n lo refleje.  <\/p>\n\n<h3 class=\"wp-block-heading\">Negociar con las compa\u00f1\u00edas de seguros<\/h3>\n\n<p>Las aseguradoras a menudo se apresuran a ofrecer acuerdos bajos. Intervenimos para administrar estas comunicaciones en su nombre, utilizando evidencia para rechazar ofertas injustas y evitar t\u00e1cticas que minimicen su reclamo. Si las negociaciones se quedan cortas, estamos completamente preparados para llevar su caso a los tribunales.  <\/p>\n\n<h3 class=\"wp-block-heading\">Defensa del juicio si es necesario<\/h3>\n\n<p>Nuestra firma est\u00e1 completamente preparada para luchar en su nombre si es necesario un litigio.  <\/p>\n\n<p>Lo que nos distingue es que nuestro equipo de litigios incluye abogados litigantes certificados por la junta y expertos reconocidos que aportan una habilidad y experiencia excepcionales a la sala del tribunal.  <\/p>\n\n<p>Construimos un caso s\u00f3lido utilizando el testimonio de expertos, la reconstrucci\u00f3n de accidentes y la documentaci\u00f3n exhaustiva. Desde las mociones previas al juicio hasta el veredicto, abogamos de manera clara y contundente para asegurar la recuperaci\u00f3n que se merece. <\/p>\n\n<h2 class=\"wp-block-heading\">Qu\u00e9 hacer despu\u00e9s de un accidente que involucra una infracci\u00f3n de tr\u00e1nsito<\/h2>\n\n<p>Los pasos que tome inmediatamente despu\u00e9s de un choque pueden marcar una gran diferencia:<\/p>\n\n<ul class=\"wp-block-list\">\n<li>Obtenga atenci\u00f3n m\u00e9dica de inmediato, incluso si sus lesiones parecen menores<\/li>\n\n\n\n<li>Recopile informaci\u00f3n del otro conductor y de los testigos.<\/li>\n\n\n\n<li>Tome fotos de la escena y los da\u00f1os del veh\u00edculo.<\/li>\n\n\n\n<li>Evite hacer declaraciones sobre la culpa.<\/li>\n\n\n\n<li>P\u00f3ngase en contacto con un abogado de lesiones personales para obtener orientaci\u00f3n legal.<\/li>\n<\/ul>\n\n<p>La acci\u00f3n temprana ayuda a preservar la evidencia y fortalece su posici\u00f3n si decide presentar un reclamo.<\/p>\n\n<h2 class=\"wp-block-heading\">Preguntas frecuentes<\/h2>\n\n<h3 class=\"wp-block-heading\">\u00bfQu\u00e9 compensaci\u00f3n puedo recuperar?<\/h3>\n\n<p>En la mayor\u00eda de los casos, puede buscar cobertura para facturas m\u00e9dicas, salarios perdidos, reparaciones de autom\u00f3viles y dolor y sufrimiento. Si sus lesiones son duraderas o permanentes, tambi\u00e9n puede recuperar da\u00f1os por costos futuros y p\u00e9rdida de calidad de vida. Hist\u00f3ricamente, la velocidad se ha considerado un elemento en los casos de lesiones personales durante m\u00e1s de 70 a\u00f1os, y uno de los primeros casos fue <em>Flanigan v. Carswell<\/em>, donde se otorgaron da\u00f1os contra una persona que exced\u00eda el l\u00edmite de velocidad, a pesar de que conduc\u00eda un veh\u00edculo de emergencia.    <\/p>\n\n<h3 class=\"wp-block-heading\">\u00bfCu\u00e1nto tiempo tengo para presentar una demanda?<\/h3>\n\n<p>En Texas, generalmente tiene dos a\u00f1os a partir de la fecha del accidente para presentar un reclamo por lesiones personales. Retrasar m\u00e1s all\u00e1 de este per\u00edodo podr\u00eda impedirle recibir una compensaci\u00f3n. <\/p>\n\n<h3 class=\"wp-block-heading\">\u00bfCu\u00e1nto cuesta contratar a su empresa?<\/h3>\n\n<p>Trabajamos con honorarios de contingencia, lo que significa que no paga honorarios de abogados a menos que recuperemos dinero para usted. Tambi\u00e9n ofrecemos una consulta gratuita para que pueda conocer sus opciones sin ning\u00fan costo inicial. <\/p>\n\n<h2 class=\"wp-block-heading\">P\u00f3ngase en contacto con el bufete de abogados de Shane R. Kadlec hoy mismo<\/h2>\n\n<p>Los accidentes por exceso de velocidad e infracciones de tr\u00e1fico pueden dejar impactos duraderos. Si la conducci\u00f3n ilegal o imprudente de otra persona caus\u00f3 sus lesiones, estamos aqu\u00ed para ayudarlo. Nuestro equipo investigar\u00e1 su caso, reunir\u00e1 pruebas vitales y buscar\u00e1 una compensaci\u00f3n completa en su nombre.  <\/p>\n\n<p>Llame al <a href=\"tel:281-643-2000\">281-643-2000<\/a> hoy o visite nuestra <a href=\"https:\/\/www.injurylawyerhouston.com\/contact-us-in-houston-texas.html\">p\u00e1gina de contacto<\/a> para programar su consulta gratuita. Perm\u00edtanos ayudarlo a dar los siguientes pasos con confianza hacia la curaci\u00f3n y la recuperaci\u00f3n financiera. <\/p>\n","protected":false},"excerpt":{"rendered":"<p>Si ha resultado lesionado en un accidente causado por exceso de velocidad o una infracci\u00f3n de tr\u00e1nsito, es posible que est\u00e9 lidiando con facturas m\u00e9dicas, tiempo fuera del trabajo y dolor o estr\u00e9s continuos. Cuando las acciones imprudentes o ilegales de otro conductor provocan sus lesiones, tiene derecho a buscar una compensaci\u00f3n. En la oficina&#8230;<\/p>\n","protected":false},"author":1,"featured_media":0,"parent":0,"menu_order":0,"comment_status":"closed","ping_status":"closed","template":"","meta":{"_acf_changed":false,"inline_featured_image":false,"_kad_blocks_custom_css":"","_kad_blocks_head_custom_js":"","_kad_blocks_body_custom_js":"","_kad_blocks_footer_custom_js":"","_kad_post_transparent":"","_kad_post_title":"","_kad_post_layout":"","_kad_post_sidebar_id":"","_kad_post_content_style":"","_kad_post_vertical_padding":"","_kad_post_feature":"","_kad_post_feature_position":"","_kad_post_header":false,"_kad_post_footer":false,"_kad_post_classname":"","footnotes":""},"class_list":["post-500902","page","type-page","status-publish","hentry"],"acf":[],"taxonomy_info":[],"featured_image_src_large":false,"author_info":{"display_name":"Shane R. Kadlec","author_link":"https:\/\/www.injurylawyerhouston.com\/es\/author\/operationslmg\/"},"comment_info":0,"_links":{"self":[{"href":"https:\/\/www.injurylawyerhouston.com\/es\/wp-json\/wp\/v2\/pages\/500902","targetHints":{"allow":["GET"]}}],"collection":[{"href":"https:\/\/www.injurylawyerhouston.com\/es\/wp-json\/wp\/v2\/pages"}],"about":[{"href":"https:\/\/www.injurylawyerhouston.com\/es\/wp-json\/wp\/v2\/types\/page"}],"author":[{"embeddable":true,"href":"https:\/\/www.injurylawyerhouston.com\/es\/wp-json\/wp\/v2\/users\/1"}],"replies":[{"embeddable":true,"href":"https:\/\/www.injurylawyerhouston.com\/es\/wp-json\/wp\/v2\/comments?post=500902"}],"version-history":[{"count":1,"href":"https:\/\/www.injurylawyerhouston.com\/es\/wp-json\/wp\/v2\/pages\/500902\/revisions"}],"predecessor-version":[{"id":500907,"href":"https:\/\/www.injurylawyerhouston.com\/es\/wp-json\/wp\/v2\/pages\/500902\/revisions\/500907"}],"wp:attachment":[{"href":"https:\/\/www.injurylawyerhouston.com\/es\/wp-json\/wp\/v2\/media?parent=500902"}],"curies":[{"name":"wp","href":"https:\/\/api.w.org\/{rel}","templated":true}]}}