{"id":500903,"date":"2025-05-05T10:42:04","date_gmt":"2025-05-05T10:42:04","guid":{"rendered":"https:\/\/www.injurylawyerhouston.com\/abogado-de-accidentes-de-atropello-y-fuga-en-houston\/"},"modified":"2025-10-13T20:20:59","modified_gmt":"2025-10-13T20:20:59","slug":"abogado-de-accidentes-de-atropello-y-fuga-en-houston","status":"publish","type":"page","link":"https:\/\/www.injurylawyerhouston.com\/es\/abogado-de-accidentes-de-atropello-y-fuga-en-houston\/","title":{"rendered":"Abogado de accidentes de atropello y fuga en Houston"},"content":{"rendered":"\n<p>Si ha resultado lesionado en un accidente de atropello y fuga, las secuelas pueden ser incre\u00edblemente dif\u00edciles de navegar.  <\/p>\n\n<p>El conductor responsable ha abandonado la escena, dej\u00e1ndolo con lesiones, da\u00f1os en el veh\u00edculo y una serie de preguntas sin respuesta. Es posible que se enfrente a facturas m\u00e9dicas crecientes, p\u00e9rdida de ingresos y estr\u00e9s emocional, todo mientras intenta averiguar sus pr\u00f3ximos pasos. <\/p>\n\n<p>En la <a href=\"https:\/\/www.injurylawyerhouston.com\/es\/\">oficina legal de Shane R. Kadlec<\/a>, entendemos lo desafiante y dolorosa que puede ser esta experiencia. Nuestro equipo tiene a\u00f1os de experiencia ayudando a los clientes a superar las complejidades legales de los accidentes de atropello y fuga en Houston y en todo Texas. Estamos aqu\u00ed para estar a su lado, proteger sus derechos y buscar la compensaci\u00f3n que necesita para seguir adelante.  <\/p>\n\n<h2 class=\"wp-block-heading\">\u00bfQu\u00e9 es un accidente de atropello y fuga?<\/h2>\n\n<p>Un <strong>accidente de atropello y fuga ocurre<\/strong>cuando un conductor causa un accidente y luego abandona deliberadamente la escena sin proporcionar su informaci\u00f3n ni ayudar a los involucrados. Seg\u00fan <a href=\"https:\/\/codes.findlaw.com\/tx\/transportation-code\/transp-sect-550-021\/\" target=\"_blank\" rel=\"noopener\">la ley de Texas<\/a>, este acto es ilegal, especialmente si se trata de lesiones o da\u00f1os a la propiedad. <\/p>\n\n<h3 class=\"wp-block-heading\">\u00bfPor qu\u00e9 huyen los conductores?<\/h3>\n\n<p>Hay muchas razones por las que una persona puede optar por huir de la escena de un accidente, pero ninguna excusa el acto. Algunas de las causas comunes que encontramos: <\/p>\n\n<ul class=\"wp-block-list\">\n<li>Conducir sin licencia o con una licencia suspendida<\/li>\n\n\n\n<li>Falta de cobertura de seguro<\/li>\n\n\n\n<li>Conducir bajo la influencia de drogas o alcohol<\/li>\n\n\n\n<li>Tener \u00f3rdenes de arresto pendientes o estar en libertad condicional<\/li>\n\n\n\n<li>Miedo a la responsabilidad financiera o a las consecuencias legales<\/li>\n<\/ul>\n\n<p>Independientemente de la raz\u00f3n, abandonar la escena es un crimen. Las v\u00edctimas tienen derecho a buscar una compensaci\u00f3n, ya sea que el conductor est\u00e9 identificado o no. <\/p>\n\n<h2 class=\"wp-block-heading\">Tipos de lesiones comunes en accidentes de atropello y fuga<\/h2>\n\n<p>Los choques de atropello y fuga pueden provocar lesiones graves, especialmente cuando la ayuda se retrasa. Los ejemplos comunes incluyen: <\/p>\n\n<ul class=\"wp-block-list\">\n<li>Latigazo cervical y da\u00f1o en los tejidos blandos<\/li>\n\n\n\n<li>Huesos rotos y fracturas<\/li>\n\n\n\n<li>Lesiones en la cabeza y conmociones cerebrales<\/li>\n\n\n\n<li>Lesiones internas que pueden tardar en mostrar s\u00edntomas<\/li>\n\n\n\n<li>Trauma emocional, como ansiedad o estr\u00e9s postraum\u00e1tico<\/li>\n<\/ul>\n\n<p>Es esencial buscar tratamiento m\u00e9dico y mantener registros de sus lesiones, medicamentos y fisioterapia. Esta documentaci\u00f3n juega un papel clave en su reclamo. <\/p>\n\n<h2 class=\"wp-block-heading\">Qu\u00e9 hacer despu\u00e9s de un accidente de atropello y fuga en Texas<\/h2>\n\n<p>Despu\u00e9s de un atropello y fuga, sus acciones pueden marcar una gran diferencia en el resultado de su caso. Esto es lo que debe hacer para protegerse f\u00edsica, legal y financieramente: <\/p>\n\n<ol class=\"wp-block-list\">\n<li><strong>Llame al 911 de inmediato<\/strong> para informar el accidente y solicitar ayuda m\u00e9dica si es necesario.<\/li>\n\n\n\n<li><strong>Mu\u00e9vase a un lugar seguro<\/strong> si est\u00e1 en peligro por el tr\u00e1fico que se aproxima y encienda las luces de emergencia.<\/li>\n\n\n\n<li><strong>Anote cualquier detalle<\/strong> sobre el veh\u00edculo que huye, como la marca, el modelo, el color y la placa, si es posible.<\/li>\n\n\n\n<li><strong>Tome fotograf\u00edas<\/strong> de la escena, los da\u00f1os del veh\u00edculo, las condiciones de la carretera y sus lesiones.<\/li>\n\n\n\n<li><strong>Hable con los testigos<\/strong> y recopile sus nombres y datos de contacto.<\/li>\n\n\n\n<li><strong>Comun\u00edquese con su compa\u00f1\u00eda de seguros<\/strong> y notif\u00edqueles del accidente.<\/li>\n\n\n\n<li><strong>Consulte con un abogado<\/strong> para comprender sus derechos legales y los pr\u00f3ximos pasos en su reclamo.<\/li>\n<\/ol>\n\n<p>Mantener la calma, documentar todo y comunicarse con un asesor legal temprano puede fortalecer su reclamo y ayudar a preservar evidencia cr\u00edtica.<\/p>\n\n<h2 class=\"wp-block-heading\">Opciones legales para v\u00edctimas de accidentes de atropello y fuga<\/h2>\n\n<p>Incluso si nunca se encuentra al conductor, es posible que a\u00fan pueda recuperar los da\u00f1os a trav\u00e9s de su propia p\u00f3liza de seguro. Esto a menudo se hace a trav\u00e9s de <strong> <\/strong><a href=\"https:\/\/www.injurylawyerhouston.com\/blogs\/4640\/what-are-my-options-after-a-car-accident-with-an-uninsured-driver\">Automovilista sin seguro<\/a> (UM) y protecci\u00f3n contra lesiones personales (PIP)<strong> <\/strong>cobertura. Estas p\u00f3lizas pueden compensarlo por: <\/p>\n\n<ul class=\"wp-block-list\">\n<li>Facturas m\u00e9dicas y gastos hospitalarios<\/li>\n\n\n\n<li>Fisioterapia o rehabilitaci\u00f3n<\/li>\n\n\n\n<li>Salarios perdidos e ingresos futuros<\/li>\n\n\n\n<li>Da\u00f1os a la propiedad<\/li>\n\n\n\n<li>Dolor y sufrimiento<\/li>\n\n\n\n<li>Angustia emocional o trauma<\/li>\n<\/ul>\n\n<p>Si se identifica al conductor culpable, puede presentar una demanda por lesiones personales directamente contra \u00e9l, especialmente si su conducta fue gravemente negligente o si estaba intoxicado en el momento del accidente.<\/p>\n\n<h2 class=\"wp-block-heading\">C\u00f3mo pueden ayudar nuestros abogados de lesiones personales en Houston<\/h2>\n\n<p>En la oficina legal de Shane R. Kadlec, ofrecemos apoyo legal enfocado y compasivo para las v\u00edctimas de atropello y fuga en todo el \u00e1rea metropolitana de Houston, incluidas las comunidades circundantes.  <\/p>\n\n<p>Nuestro equipo investiga a fondo cada caso, trabajando para reunir pruebas cruciales, identificar al conductor cuando sea posible y respaldar su reclamo con una base legal s\u00f3lida.<\/p>\n\n<p>Tambi\u00e9n revisamos su cobertura de seguro para descubrir beneficios como UM o PIP que pueden aplicarse a su situaci\u00f3n. Desde tratar con ajustadores hasta prepararse para un litigio si es necesario, manejamos cada paso con un enfoque personalizado destinado a asegurar la compensaci\u00f3n que se merece. <\/p>\n\n<h2 class=\"wp-block-heading\"><strong>Programe una consulta gratuita hoy<\/strong><\/h2>\n\n<p>Si ha resultado lesionado en un accidente de atropello y fuga, no tiene que enfrentarlo solo. Nuestros abogados experimentados en la oficina legal de Shane R. Kadlec est\u00e1n listos para ayudarlo a buscar justicia y avanzar con confianza. <\/p>\n\n<p>Llame al <a href=\"tel:281-643-2000\">281-643-2000<\/a> hoy o <a href=\"https:\/\/www.injurylawyerhouston.com\/contact-us-in-houston-texas.html\">cont\u00e1ctenos en l\u00ednea<\/a> para programar una <strong>consulta gratuita<\/strong>. Perm\u00edtanos escuchar su historia, responder sus preguntas y luchar por la compensaci\u00f3n que necesita para sanar y reconstruir. <\/p>\n","protected":false},"excerpt":{"rendered":"<p>Si ha resultado lesionado en un accidente de atropello y fuga, las secuelas pueden ser incre\u00edblemente dif\u00edciles de navegar. El conductor responsable ha abandonado la escena, dej\u00e1ndolo con lesiones, da\u00f1os en el veh\u00edculo y una serie de preguntas sin respuesta. Es posible que se enfrente a facturas m\u00e9dicas crecientes, p\u00e9rdida de ingresos y estr\u00e9s emocional,&#8230;<\/p>\n","protected":false},"author":1,"featured_media":500908,"parent":0,"menu_order":0,"comment_status":"closed","ping_status":"closed","template":"","meta":{"_acf_changed":false,"inline_featured_image":false,"_kad_blocks_custom_css":"","_kad_blocks_head_custom_js":"","_kad_blocks_body_custom_js":"","_kad_blocks_footer_custom_js":"","_kad_post_transparent":"","_kad_post_title":"","_kad_post_layout":"","_kad_post_sidebar_id":"","_kad_post_content_style":"","_kad_post_vertical_padding":"","_kad_post_feature":"","_kad_post_feature_position":"","_kad_post_header":false,"_kad_post_footer":false,"_kad_post_classname":"","footnotes":""},"class_list":["post-500903","page","type-page","status-publish","has-post-thumbnail","hentry"],"acf":[],"taxonomy_info":[],"featured_image_src_large":["https:\/\/www.injurylawyerhouston.com\/wp-content\/uploads\/2025\/05\/katy-hit-and-run-accident-attorney.webp",1000,400,false],"author_info":{"display_name":"Shane R. Kadlec","author_link":"https:\/\/www.injurylawyerhouston.com\/es\/author\/operationslmg\/"},"comment_info":0,"_links":{"self":[{"href":"https:\/\/www.injurylawyerhouston.com\/es\/wp-json\/wp\/v2\/pages\/500903","targetHints":{"allow":["GET"]}}],"collection":[{"href":"https:\/\/www.injurylawyerhouston.com\/es\/wp-json\/wp\/v2\/pages"}],"about":[{"href":"https:\/\/www.injurylawyerhouston.com\/es\/wp-json\/wp\/v2\/types\/page"}],"author":[{"embeddable":true,"href":"https:\/\/www.injurylawyerhouston.com\/es\/wp-json\/wp\/v2\/users\/1"}],"replies":[{"embeddable":true,"href":"https:\/\/www.injurylawyerhouston.com\/es\/wp-json\/wp\/v2\/comments?post=500903"}],"version-history":[{"count":3,"href":"https:\/\/www.injurylawyerhouston.com\/es\/wp-json\/wp\/v2\/pages\/500903\/revisions"}],"predecessor-version":[{"id":500914,"href":"https:\/\/www.injurylawyerhouston.com\/es\/wp-json\/wp\/v2\/pages\/500903\/revisions\/500914"}],"wp:featuredmedia":[{"embeddable":true,"href":"https:\/\/www.injurylawyerhouston.com\/es\/wp-json\/wp\/v2\/media\/500908"}],"wp:attachment":[{"href":"https:\/\/www.injurylawyerhouston.com\/es\/wp-json\/wp\/v2\/media?parent=500903"}],"curies":[{"name":"wp","href":"https:\/\/api.w.org\/{rel}","templated":true}]}}