{"id":500918,"date":"2025-04-30T18:26:44","date_gmt":"2025-04-30T18:26:44","guid":{"rendered":"https:\/\/www.injurylawyerhouston.com\/otras-areas-de-practica\/"},"modified":"2025-10-13T21:03:53","modified_gmt":"2025-10-13T21:03:53","slug":"otras-areas-de-practica","status":"publish","type":"page","link":"https:\/\/www.injurylawyerhouston.com\/es\/otras-areas-de-practica\/","title":{"rendered":"Otras \u00e1reas de pr\u00e1ctica"},"content":{"rendered":"\n<h2 class=\"wp-block-heading\">Abogado de Demandas Civiles del Condado de Harris por Lesiones en el Lugar de Trabajo y Negligencia M\u00e9dica y Dental<\/h2>\n\n<p>Hay una variedad de situaciones en las que una persona o empresa puede necesitar emprender acciones legales contra otra parte. Adem\u00e1s de <g id=\"gid_0\">las lesiones personales<\/g>, las demandas pueden abordar la negligencia de los proveedores m\u00e9dicos o las disputas relacionadas con el negocio. Las partes involucradas en este tipo de casos deber\u00e1n asegurarse de estar representadas por un abogado que tenga un s\u00f3lido conocimiento de la ley y experiencia litigando casos en los tribunales  <\/p>\n\n<p>En la <a href=\"https:\/\/www.injurylawyerhouston.com\/es\/acerca-del-bufete-de-abogados-de-shane-r-kadlec\/\">oficina legal de Shane R. Kadlec<\/a>, brindamos a nuestros clientes representaci\u00f3n legal dedicada, ayud\u00e1ndolos a tomar las medidas correctas para proteger sus derechos y resolver sus disputas legales. Nuestro fundador, <a href=\"https:\/\/www.injurylawyerhouston.com\/es\/acerca-de-shane-r-kadlec\/\">el abogado Shane Kadlec<\/a>, tiene m\u00e1s de 25 a\u00f1os de experiencia legal en m\u00faltiples \u00e1reas de pr\u00e1ctica. Trabajamos para ayudar a las v\u00edctimas a obtener una compensaci\u00f3n en casos de lesiones personales, y tambi\u00e9n ayudamos con las lesiones que ocurren en el lugar de trabajo y brindamos representaci\u00f3n en demandas civiles que involucran a individuos y empresas. Cuando trabaje con nosotros, nos tomaremos el tiempo para comprender sus necesidades y los detalles de su caso, y lo ayudaremos a encontrar soluciones efectivas que protejan sus derechos e intereses.   <\/p>\n\n<h3 class=\"wp-block-heading\">Ayuda legal con demandas civiles y lesiones relacionadas con el trabajo<\/h3>\n\n<p>Brindamos a nuestros clientes asistencia experimentada y dedicada, ayud\u00e1ndolos a abordar m\u00faltiples tipos de problemas legales, que incluyen:<\/p>\n<style>.wp-block-kadence-iconlist.kt-svg-icon-list-items961_ee573b-de:not(.this-stops-third-party-issues){margin-top:0px;margin-bottom:0px;}.wp-block-kadence-iconlist.kt-svg-icon-list-items961_ee573b-de ul.kt-svg-icon-list:not(.this-prevents-issues):not(.this-stops-third-party-issues):not(.tijsloc){margin-top:0px;margin-right:0px;margin-bottom:var(--global-kb-spacing-sm, 1.5rem);margin-left:0px;column-gap:24px;}.wp-block-kadence-iconlist.kt-svg-icon-list-items961_ee573b-de ul.kt-svg-icon-list{grid-row-gap:12px;}.wp-block-kadence-iconlist.kt-svg-icon-list-items961_ee573b-de .kb-svg-icon-wrap{color:#f38f1e;}.wp-block-kadence-iconlist.kt-svg-icon-list-items961_ee573b-de ul.kt-svg-icon-list .kt-svg-icon-list-item-wrap .kt-svg-icon-list-single{margin-right:10px;}.kt-svg-icon-list-items961_ee573b-de ul.kt-svg-icon-list .kt-svg-icon-list-item-wrap, .kt-svg-icon-list-items961_ee573b-de ul.kt-svg-icon-list .kt-svg-icon-list-item-wrap a{line-height:25px;}.kt-svg-icon-list-items961_ee573b-de ul.kt-svg-icon-list .kt-svg-icon-list-level-0 .kt-svg-icon-list-single svg{font-size:20px;}<\/style>\n<div class=\"wp-block-kadence-iconlist kt-svg-icon-list-items kt-svg-icon-list-items961_ee573b-de kt-svg-icon-list-columns-1 alignnone kt-list-icon-aligntop\"><ul class=\"kt-svg-icon-list\"><style>.kt-svg-icon-list-item-961_dd94ef-38 .kt-svg-icon-list-text mark.kt-highlight{background-color:unset;font-style:normal;color:#f76a0c;-webkit-box-decoration-break:clone;box-decoration-break:clone;padding-top:0px;padding-right:0px;padding-bottom:0px;padding-left:0px;}<\/style>\n<li class=\"wp-block-kadence-listitem kt-svg-icon-list-item-wrap kt-svg-icon-list-item-961_dd94ef-38\"><span class=\"kb-svg-icon-wrap kb-svg-icon-ic_check kt-svg-icon-list-single\"><svg viewBox=\"0 0 8 8\"  fill=\"currentColor\" xmlns=\"http:\/\/www.w3.org\/2000\/svg\"  aria-hidden=\"true\"><path d=\"M6.41 0l-.69.72-2.78 2.78-.81-.78-.72-.72-1.41 1.41.72.72 1.5 1.5.69.72.72-.72 3.5-3.5.72-.72-1.44-1.41z\" transform=\"translate(0 1)\"\/><\/svg><\/span><span class=\"kt-svg-icon-list-text\"><strong><a href=\"\/workplace-injuries\/\">Lesiones en el lugar de trabajo<\/a>:<\/strong> Los trabajadores que sufren lesiones en accidentes laborales o experimentan problemas de salud debido a enfermedades ocupacionales o los tipos de trabajo que han realizado a menudo calificar\u00e1n para los beneficios de compensaci\u00f3n para trabajadores. Sin embargo, los empleadores en Texas no est\u00e1n obligados a tener un seguro de compensaci\u00f3n para trabajadores, por lo que es posible que algunos empleados lesionados deban determinar sus opciones en los casos en que un empleador sea un &nbsp;<a href=\"https:\/\/www.injurylawyerhouston.com\/es\/lesiones-laborales-de-no-suscriptores-de-houston\/\">no suscriptor<\/a>. Trabajamos para ayudar a los trabajadores lesionados a presentar reclamos de compensaci\u00f3n laboral o emprender acciones legales contra un empleador negligente, y tambi\u00e9n ayudamos a las v\u00edctimas a comprender sus opciones para seguir adelante &nbsp;<a href=\"https:\/\/www.injurylawyerhouston.com\/es\/abogado-de-reclamos-por-lesiones-laborales-de-terceros-en-houston\/\">Reclamaciones por lesiones laborales de terceros<\/a> contra otras personas o empresas responsables de sus lesiones.<\/span><\/li>\n\n\n<style>.kt-svg-icon-list-item-961_c15e2d-eb .kt-svg-icon-list-text mark.kt-highlight{background-color:unset;font-style:normal;color:#f76a0c;-webkit-box-decoration-break:clone;box-decoration-break:clone;padding-top:0px;padding-right:0px;padding-bottom:0px;padding-left:0px;}<\/style>\n<li class=\"wp-block-kadence-listitem kt-svg-icon-list-item-wrap kt-svg-icon-list-item-961_c15e2d-eb\"><span class=\"kb-svg-icon-wrap kb-svg-icon-ic_check kt-svg-icon-list-single\"><svg viewBox=\"0 0 8 8\"  fill=\"currentColor\" xmlns=\"http:\/\/www.w3.org\/2000\/svg\"  aria-hidden=\"true\"><path d=\"M6.41 0l-.69.72-2.78 2.78-.81-.78-.72-.72-1.41 1.41.72.72 1.5 1.5.69.72.72-.72 3.5-3.5.72-.72-1.44-1.41z\" transform=\"translate(0 1)\"\/><\/svg><\/span><span class=\"kt-svg-icon-list-text\"><strong><a href=\"https:\/\/www.injurylawyerhouston.com\/es\/abogado-de-negligencia-dental-en-houston\/\">Negligencia dental<\/a>: <\/strong>Los pacientes pueden sufrir da\u00f1os debido a la negligencia de dentistas, ortodoncistas o cirujanos orales. Nuestra firma ayuda a las v\u00edctimas en estos casos a demostrar que sufrieron lesiones y da\u00f1os porque un dentista no cumpli\u00f3 con su deber de cuidado. Tenemos un s\u00f3lido conocimiento de los problemas legales que pueden afectar estos casos y trabajamos para garantizar que nuestros clientes reciban una compensaci\u00f3n completa y justa por todas las formas en que se han visto afectados por negligencia dental.  <\/span><\/li>\n\n\n<style>.kt-svg-icon-list-item-961_877eae-e1 .kt-svg-icon-list-text mark.kt-highlight{background-color:unset;font-style:normal;color:#f76a0c;-webkit-box-decoration-break:clone;box-decoration-break:clone;padding-top:0px;padding-right:0px;padding-bottom:0px;padding-left:0px;}<\/style>\n<li class=\"wp-block-kadence-listitem kt-svg-icon-list-item-wrap kt-svg-icon-list-item-961_877eae-e1\"><span class=\"kb-svg-icon-wrap kb-svg-icon-ic_check kt-svg-icon-list-single\"><svg viewBox=\"0 0 8 8\"  fill=\"currentColor\" xmlns=\"http:\/\/www.w3.org\/2000\/svg\"  aria-hidden=\"true\"><path d=\"M6.41 0l-.69.72-2.78 2.78-.81-.78-.72-.72-1.41 1.41.72.72 1.5 1.5.69.72.72-.72 3.5-3.5.72-.72-1.44-1.41z\" transform=\"translate(0 1)\"\/><\/svg><\/span><span class=\"kt-svg-icon-list-text\"><strong><a href=\"https:\/\/www.injurylawyerhouston.com\/es\/abogado-de-negligencia-medica-en-houston\/\">Negligencia m\u00e9dica<\/a>:<\/strong> Cuando los m\u00e9dicos u otros profesionales m\u00e9dicos no cumplen con los est\u00e1ndares razonables de atenci\u00f3n, los pacientes pueden sufrir lesiones graves. Trabajamos para ayudar a los pacientes lesionados a abordar m\u00faltiples tipos de negligencia m\u00e9dica, que incluyen &nbsp;<a href=\"https:\/\/www.injurylawyerhouston.com\/es\/abogado-de-falta-de-diagnostico-diagnostico-erroneo-de-houston\/\">diagn\u00f3stico err\u00f3neo o falta de diagn\u00f3stico<\/a>,&nbsp;<a href=\"https:\/\/www.injurylawyerhouston.com\/surgical-errors.html\">errores quir\u00fargicos<\/a> y errores farmac\u00e9uticos. Con nuestra experiencia en este tipo de casos, podemos ayudar a las v\u00edctimas a recuperar una compensaci\u00f3n por da\u00f1os como gastos m\u00e9dicos, p\u00e9rdida de ingresos y dolor y sufrimiento. <\/span><\/li>\n<\/ul><\/div>\n<style>.kadence-column961_5b46b6-43 > .kt-inside-inner-col{padding-top:var(--global-kb-spacing-md, 2rem);padding-right:var(--global-kb-spacing-md, 2rem);padding-bottom:var(--global-kb-spacing-md, 2rem);padding-left:var(--global-kb-spacing-md, 2rem);}.kadence-column961_5b46b6-43 > .kt-inside-inner-col,.kadence-column961_5b46b6-43 > .kt-inside-inner-col:before{border-top-left-radius:0px;border-top-right-radius:0px;border-bottom-right-radius:0px;border-bottom-left-radius:0px;}.kadence-column961_5b46b6-43 > .kt-inside-inner-col{column-gap:var(--global-kb-gap-sm, 1rem);}.kadence-column961_5b46b6-43 > .kt-inside-inner-col{flex-direction:column;}.kadence-column961_5b46b6-43 > .kt-inside-inner-col > .aligncenter{width:100%;}.kadence-column961_5b46b6-43 > .kt-inside-inner-col{background-image:url('https:\/\/www.injurylawyerhouston.com\/wp-content\/uploads\/2025\/04\/gray-arrows-bg.webp');background-size:cover;background-position:center center;background-attachment:scroll;background-repeat:no-repeat;}.kadence-column961_5b46b6-43 > .kt-inside-inner-col:before{opacity:0.62;background-color:var(--global-palette9, #ffffff);}.kadence-column961_5b46b6-43{position:relative;}@media all and (max-width: 1024px){.kadence-column961_5b46b6-43 > .kt-inside-inner-col{flex-direction:column;justify-content:center;}}@media all and (max-width: 767px){.kadence-column961_5b46b6-43 > .kt-inside-inner-col{padding-top:var(--global-kb-spacing-sm, 1.5rem);padding-right:var(--global-kb-spacing-sm, 1.5rem);padding-bottom:var(--global-kb-spacing-sm, 1.5rem);padding-left:var(--global-kb-spacing-sm, 1.5rem);flex-direction:column;justify-content:center;}}<\/style>\n<div class=\"wp-block-kadence-column kadence-column961_5b46b6-43 kb-section-has-overlay\"><div class=\"kt-inside-inner-col\">\n<h2 class=\"wp-block-heading\">P\u00f3ngase en contacto con nuestro abogado de lesiones laborales y litigios civiles de Houston<\/h2>\n\n\n\n<p>La oficina legal de Shane R. Kadlec aboga en nombre de los clientes en m\u00faltiples tipos de casos, y creemos en guiar a nuestros clientes a trav\u00e9s de los pasos de un caso, asegur\u00e1ndonos de que comprendan sus derechos y requisitos, y asesor\u00e1ndolos sobre qu\u00e9 esperar. Podemos brindar representaci\u00f3n durante demandas civiles y abogar en nombre de las v\u00edctimas de lesiones personales, lesiones en el lugar de trabajo y negligencia m\u00e9dica. <\/p>\n\n\n\n<p><a href=\"https:\/\/www.injurylawyerhouston.com\/es\/contactenos\/\">Cont\u00e1ctenos<\/a> hoy llamando al <strong>\n  <a href=\"tel:281-643-2000\">281-643-2000<\/a>\n<\/strong> y programando una consulta gratuita. Atendemos a clientes en Memorial, el condado de Waller, Pearland, Houston, el condado de Fort Bend, el condado de Montgomery, West Houston, el condado de Harris, el condado de Galveston, el condado de Chambers, The Woodlands, Katy, la costa del golfo, el condado de Liberty, Bellaire, el condado de Brazoria y Sugar Land. <\/p>\n<\/div><\/div>\n","protected":false},"excerpt":{"rendered":"<p>Abogado de Demandas Civiles del Condado de Harris por Lesiones en el Lugar de Trabajo y Negligencia M\u00e9dica y Dental Hay una variedad de situaciones en las que una persona o empresa puede necesitar emprender acciones legales contra otra parte. Adem\u00e1s de las lesiones personales, las demandas pueden abordar la negligencia de los proveedores m\u00e9dicos&#8230;<\/p>\n","protected":false},"author":1,"featured_media":500923,"parent":0,"menu_order":0,"comment_status":"closed","ping_status":"closed","template":"","meta":{"_acf_changed":false,"inline_featured_image":false,"_kad_blocks_custom_css":"","_kad_blocks_head_custom_js":"","_kad_blocks_body_custom_js":"","_kad_blocks_footer_custom_js":"","_kad_post_transparent":"","_kad_post_title":"","_kad_post_layout":"","_kad_post_sidebar_id":"","_kad_post_content_style":"","_kad_post_vertical_padding":"","_kad_post_feature":"","_kad_post_feature_position":"","_kad_post_header":false,"_kad_post_footer":false,"_kad_post_classname":"","footnotes":""},"class_list":["post-500918","page","type-page","status-publish","has-post-thumbnail","hentry"],"acf":[],"taxonomy_info":[],"featured_image_src_large":["https:\/\/www.injurylawyerhouston.com\/wp-content\/uploads\/2025\/05\/west-houston-medical-malpractice-lawyer.jpg",1000,400,false],"author_info":{"display_name":"Shane R. Kadlec","author_link":"https:\/\/www.injurylawyerhouston.com\/es\/author\/operationslmg\/"},"comment_info":0,"_links":{"self":[{"href":"https:\/\/www.injurylawyerhouston.com\/es\/wp-json\/wp\/v2\/pages\/500918","targetHints":{"allow":["GET"]}}],"collection":[{"href":"https:\/\/www.injurylawyerhouston.com\/es\/wp-json\/wp\/v2\/pages"}],"about":[{"href":"https:\/\/www.injurylawyerhouston.com\/es\/wp-json\/wp\/v2\/types\/page"}],"author":[{"embeddable":true,"href":"https:\/\/www.injurylawyerhouston.com\/es\/wp-json\/wp\/v2\/users\/1"}],"replies":[{"embeddable":true,"href":"https:\/\/www.injurylawyerhouston.com\/es\/wp-json\/wp\/v2\/comments?post=500918"}],"version-history":[{"count":3,"href":"https:\/\/www.injurylawyerhouston.com\/es\/wp-json\/wp\/v2\/pages\/500918\/revisions"}],"predecessor-version":[{"id":500937,"href":"https:\/\/www.injurylawyerhouston.com\/es\/wp-json\/wp\/v2\/pages\/500918\/revisions\/500937"}],"wp:featuredmedia":[{"embeddable":true,"href":"https:\/\/www.injurylawyerhouston.com\/es\/wp-json\/wp\/v2\/media\/500923"}],"wp:attachment":[{"href":"https:\/\/www.injurylawyerhouston.com\/es\/wp-json\/wp\/v2\/media?parent=500918"}],"curies":[{"name":"wp","href":"https:\/\/api.w.org\/{rel}","templated":true}]}}