{"id":500951,"date":"2025-04-25T16:52:05","date_gmt":"2025-04-25T16:52:05","guid":{"rendered":"https:\/\/www.injurylawyerhouston.com\/abogado-de-negligencia-dental-en-houston\/"},"modified":"2025-10-13T21:04:05","modified_gmt":"2025-10-13T21:04:05","slug":"abogado-de-negligencia-dental-en-houston","status":"publish","type":"page","link":"https:\/\/www.injurylawyerhouston.com\/es\/abogado-de-negligencia-dental-en-houston\/","title":{"rendered":"Abogado de Negligencia Dental en Houston"},"content":{"rendered":"\n<p>Todos los profesionales dentales deben evaluar, diagnosticar y educar adecuadamente a sus pacientes sobre su salud y condiciones dentales, para que se comprendan todas y cada una de las opciones de tratamiento. Una vez que se elige un plan de tratamiento, estos profesionales deben brindar tratamiento dentro del est\u00e1ndar de atenci\u00f3n aceptado. No hacerlo puede causar nuevas lesiones y da\u00f1os innecesarios y requerir un reclamo por negligencia.  <\/p>\n\n<p>La negligencia dental puede incluir cualquier acto u omisi\u00f3n por parte de un dentista, ortodoncista o cirujano oral durante el tratamiento y la atenci\u00f3n de un paciente que se desv\u00ede de los est\u00e1ndares de pr\u00e1ctica aceptados y cause da\u00f1o al paciente. Si usted o su ser querido han resultado lesionados durante un procedimiento dental fallido o han sufrido da\u00f1os debido al descuido o negligencia de un dentista, merece ser debidamente compensado por las lesiones y da\u00f1os que ha sufrido. La <a href=\"https:\/\/www.injurylawyerhouston.com\/es\/acerca-del-bufete-de-abogados-de-shane-r-kadlec\/\">oficina legal de Shane R. Kadlec<\/a> puede brindarle ayuda y representaci\u00f3n legal, asegurando que podr\u00e1 responsabilizar a un dentista negligente por sus lesiones.  <\/p>\n\n<h3 class=\"wp-block-heading\">Buscar una compensaci\u00f3n por negligencia dental<\/h3>\n\n<p>En un reclamo por negligencia dental, el paciente lesionado debe probar que un dentista actu\u00f3 de manera negligente y no brind\u00f3 una atenci\u00f3n razonable, y esta negligencia result\u00f3 en una lesi\u00f3n. Los siguientes cuatro elementos deben probarse en un reclamo por negligencia dental: <\/p>\n\n<ul class=\"wp-block-list\">\n<li><strong>Deber de cuidado razonable<\/strong>: Un paciente debe demostrar que el dentista le deb\u00eda un deber de cuidado. Este deber surge de una relaci\u00f3n dentista-paciente en la que el dentista asume las obligaciones asociadas con la prestaci\u00f3n de tratamiento al paciente. <\/li>\n\n\n\n<li><strong>Violaci\u00f3n del est\u00e1ndar de atenci\u00f3n<\/strong>: El paciente debe probar que la atenci\u00f3n brindada por el dentista fue deficiente e irrazonable. Esto tambi\u00e9n puede significar que, aunque el dentista tom\u00f3 medidas apropiadas, el tratamiento se realiz\u00f3 de manera negligente. <\/li>\n\n\n\n<li><strong>Lesi\u00f3n al paciente<\/strong>: El paciente debe haber sufrido da\u00f1os para dar lugar a una reclamaci\u00f3n por da\u00f1os y perjuicios. Una lesi\u00f3n puede incluir da\u00f1os f\u00edsicos que requirieron tratamiento dental o m\u00e9dico adicional o dolor y sufrimiento f\u00edsico o emocional que ocurri\u00f3 como resultado de la negligencia de un dentista. <\/li>\n\n\n\n<li><strong>V\u00ednculo entre la negligencia y la lesi\u00f3n<\/strong>: Un acto negligente que no resulta en una lesi\u00f3n no es suficiente para constituir un reclamo legal. La negligencia de un dentista debe haber causado o contribuido directamente a las lesiones del paciente. <\/li>\n<\/ul>\n\n<h3 class=\"wp-block-heading\">Tipos comunes de negligencia dental<\/h3>\n\n<p>Algunas de las principales causas de lesiones en casos de negligencia dental incluyen:<\/p>\n\n<ul class=\"wp-block-list\">\n<li><strong>Diagn\u00f3stico err\u00f3neo<\/strong>: Un dentista puede examinar a un paciente pero no diagnosticar el problema correcto, o el paciente puede ser diagnosticado con una afecci\u00f3n que puede no tener. Una afecci\u00f3n mal diagnosticada puede impedir que un paciente reciba el tratamiento necesario, o un paciente puede recibir un tratamiento invasivo o da\u00f1ino que no era necesario. <\/li>\n\n\n\n<li><strong>No obtener un historial m\u00e9dico completo<\/strong>: Si un dentista no obtiene y estudia el historial m\u00e9dico de un paciente antes de realizar un procedimiento, es posible que no aborde ciertos problemas que afectan al paciente, como alergias a medicamentos o afecciones card\u00edacas que pueden verse afectadas por un procedimiento dental. Esto puede resultar en complicaciones peligrosas que podr\u00edan afectar la salud general de un paciente. <\/li>\n\n\n\n<li><strong>Falta de tratamiento: Un dentista<\/strong> puede llegar al diagn\u00f3stico correcto pero no prescribir o realizar el tratamiento correcto. Un dentista puede no informar al paciente de un problema, no ofrecer la atenci\u00f3n de seguimiento adecuada o no derivar a un paciente a un especialista. <\/li>\n\n\n\n<li><strong>Errores dentales y quir\u00fargicos<\/strong>: Un dentista puede realizar un procedimiento dental incorrecto, realizar cirug\u00eda u otros procedimientos invasivos que son innecesarios, administrar cantidades incorrectas de anestesia, causar infecciones mediante el uso de instrumentos dentales no est\u00e9riles o causar da\u00f1os prevenibles a los dientes, nervios o mand\u00edbula de un paciente durante el tratamiento.<\/li>\n\n\n\n<li><strong><a href=\"\/product-liability\/\">Responsabilidad por productos<\/a> dentales<\/strong>: En algunos casos, los pacientes pueden sufrir lesiones porque las herramientas o dispositivos utilizados durante el tratamiento dental estaban defectuosos o eran de calidad inferior.<\/li>\n<\/ul>\n<style>.kadence-column311_d1fe67-6d > .kt-inside-inner-col{padding-top:var(--global-kb-spacing-md, 2rem);padding-right:var(--global-kb-spacing-md, 2rem);padding-bottom:var(--global-kb-spacing-md, 2rem);padding-left:var(--global-kb-spacing-md, 2rem);}.kadence-column311_d1fe67-6d > .kt-inside-inner-col,.kadence-column311_d1fe67-6d > .kt-inside-inner-col:before{border-top-left-radius:0px;border-top-right-radius:0px;border-bottom-right-radius:0px;border-bottom-left-radius:0px;}.kadence-column311_d1fe67-6d > .kt-inside-inner-col{column-gap:var(--global-kb-gap-sm, 1rem);}.kadence-column311_d1fe67-6d > .kt-inside-inner-col{flex-direction:column;}.kadence-column311_d1fe67-6d > .kt-inside-inner-col > .aligncenter{width:100%;}.kadence-column311_d1fe67-6d > .kt-inside-inner-col{background-image:url('https:\/\/www.injurylawyerhouston.com\/wp-content\/uploads\/2025\/04\/gray-arrows-bg.webp');background-size:cover;background-position:center center;background-attachment:scroll;background-repeat:no-repeat;}.kadence-column311_d1fe67-6d > .kt-inside-inner-col:before{opacity:0.62;background-color:var(--global-palette9, #ffffff);}.kadence-column311_d1fe67-6d{position:relative;}@media all and (max-width: 1024px){.kadence-column311_d1fe67-6d > .kt-inside-inner-col{flex-direction:column;justify-content:center;}}@media all and (max-width: 767px){.kadence-column311_d1fe67-6d > .kt-inside-inner-col{padding-top:var(--global-kb-spacing-sm, 1.5rem);padding-right:var(--global-kb-spacing-sm, 1.5rem);padding-bottom:var(--global-kb-spacing-sm, 1.5rem);padding-left:var(--global-kb-spacing-sm, 1.5rem);flex-direction:column;justify-content:center;}}<\/style>\n<div class=\"wp-block-kadence-column kadence-column311_d1fe67-6d kb-section-has-overlay\"><div class=\"kt-inside-inner-col\">\n<h2 class=\"wp-block-heading\">P\u00f3ngase en contacto con nuestros abogados de negligencia dental de Houston<\/h2>\n\n\n\n<p>Nuestro equipo de abogados de <a href=\"\/personal-injury\/\">lesiones personales<\/a> puede ayudarlo a obtener la m\u00e1xima compensaci\u00f3n por las lesiones que ha sufrido debido a negligencia dental. Trabajaremos para asegurarnos de que reciba da\u00f1os econ\u00f3micos para hacer frente a sus facturas m\u00e9dicas, salarios perdidos, disminuci\u00f3n de la capacidad de ingresos y otros gastos de bolsillo, as\u00ed como da\u00f1os no econ\u00f3micos que aborden el dolor y el sufrimiento, la angustia mental, la desfiguraci\u00f3n, el deterioro f\u00edsico, la angustia emocional y la p\u00e9rdida del disfrute de la vida. Con nuestra amplia experiencia en este tipo de casos, podemos trabajar contigo para construir una estrategia personalizada que te ayude a alcanzar tus objetivos.  <\/p>\n\n\n\n<p>Para programar una consulta gratuita, <a href=\"https:\/\/www.injurylawyerhouston.com\/es\/contactenos\/\">comun\u00edquese con nuestra oficina<\/a> llamando al <a href=\"tel:281-643-2000\">281-643-2000<\/a>. Brindamos ayuda legal a las v\u00edctimas de negligencia dental en el condado de Waller, Houston, el condado de Montgomery, el condado de Harris, el condado de Chambers, Katy, el condado de Liberty, Sugar Land, el condado de Brazoria, Bellaire, la costa del Golfo, The Woodlands, el condado de Galveston, West Houston, el condado de Fort Bend, Pearland y Memorial. <\/p>\n<\/div><\/div>\n","protected":false},"excerpt":{"rendered":"<p>Todos los profesionales dentales deben evaluar, diagnosticar y educar adecuadamente a sus pacientes sobre su salud y condiciones dentales, para que se comprendan todas y cada una de las opciones de tratamiento. Una vez que se elige un plan de tratamiento, estos profesionales deben brindar tratamiento dentro del est\u00e1ndar de atenci\u00f3n aceptado. No hacerlo puede&#8230;<\/p>\n","protected":false},"author":1,"featured_media":500954,"parent":0,"menu_order":0,"comment_status":"closed","ping_status":"closed","template":"","meta":{"_acf_changed":false,"inline_featured_image":false,"_kad_blocks_custom_css":"","_kad_blocks_head_custom_js":"","_kad_blocks_body_custom_js":"","_kad_blocks_footer_custom_js":"","_kad_post_transparent":"","_kad_post_title":"","_kad_post_layout":"","_kad_post_sidebar_id":"","_kad_post_content_style":"","_kad_post_vertical_padding":"","_kad_post_feature":"","_kad_post_feature_position":"","_kad_post_header":false,"_kad_post_footer":false,"_kad_post_classname":"","footnotes":""},"class_list":["post-500951","page","type-page","status-publish","has-post-thumbnail","hentry"],"acf":[],"taxonomy_info":[],"featured_image_src_large":["https:\/\/www.injurylawyerhouston.com\/wp-content\/uploads\/2025\/05\/the-woodlands-dentist-malpractice-attorney.webp",1000,400,false],"author_info":{"display_name":"Shane R. Kadlec","author_link":"https:\/\/www.injurylawyerhouston.com\/es\/author\/operationslmg\/"},"comment_info":0,"_links":{"self":[{"href":"https:\/\/www.injurylawyerhouston.com\/es\/wp-json\/wp\/v2\/pages\/500951","targetHints":{"allow":["GET"]}}],"collection":[{"href":"https:\/\/www.injurylawyerhouston.com\/es\/wp-json\/wp\/v2\/pages"}],"about":[{"href":"https:\/\/www.injurylawyerhouston.com\/es\/wp-json\/wp\/v2\/types\/page"}],"author":[{"embeddable":true,"href":"https:\/\/www.injurylawyerhouston.com\/es\/wp-json\/wp\/v2\/users\/1"}],"replies":[{"embeddable":true,"href":"https:\/\/www.injurylawyerhouston.com\/es\/wp-json\/wp\/v2\/comments?post=500951"}],"version-history":[{"count":3,"href":"https:\/\/www.injurylawyerhouston.com\/es\/wp-json\/wp\/v2\/pages\/500951\/revisions"}],"predecessor-version":[{"id":500974,"href":"https:\/\/www.injurylawyerhouston.com\/es\/wp-json\/wp\/v2\/pages\/500951\/revisions\/500974"}],"wp:featuredmedia":[{"embeddable":true,"href":"https:\/\/www.injurylawyerhouston.com\/es\/wp-json\/wp\/v2\/media\/500954"}],"wp:attachment":[{"href":"https:\/\/www.injurylawyerhouston.com\/es\/wp-json\/wp\/v2\/media?parent=500951"}],"curies":[{"name":"wp","href":"https:\/\/api.w.org\/{rel}","templated":true}]}}