{"id":500972,"date":"2025-04-25T16:56:41","date_gmt":"2025-04-25T16:56:41","guid":{"rendered":"https:\/\/www.injurylawyerhouston.com\/abogado-de-accidentes-industriales-en-houston\/"},"modified":"2025-10-13T21:04:06","modified_gmt":"2025-10-13T21:04:06","slug":"abogado-de-accidentes-industriales-en-houston","status":"publish","type":"page","link":"https:\/\/www.injurylawyerhouston.com\/es\/abogado-de-accidentes-industriales-en-houston\/","title":{"rendered":"Abogado de accidentes industriales en Houston"},"content":{"rendered":"\n<p>El trabajo en un entorno industrial conlleva numerosos peligros inherentes. Sin embargo, depende de los supervisores y empleadores asegurarse de que los trabajadores est\u00e9n lo m\u00e1s seguros posible y tomar las medidas necesarias para evitar accidentes graves. <a href=\"https:\/\/www.injurylawyerhouston.com\/workplace-injuries.html\">Si se lesion\u00f3 en el trabajo<\/a>, es posible que tenga motivos para una demanda por negligencia contra su empleador o un tercero, y el equipo de la oficina legal de Shane R. Kadlec puede ayudarlo a tomar medidas. <\/p>\n\n<p>Las plantas qu\u00edmicas siguen siendo uno de los lugares m\u00e1s peligrosos para trabajar. Las explosiones en estas instalaciones son alarmantemente comunes y representan enormes riesgos para los trabajadores y los habitantes de los alrededores, y a menudo causan lesiones y muertes. <\/p>\n\n<h3 class=\"wp-block-heading\">Causas comunes de explosiones de plantas<\/h3>\n\n<p>Las explosiones de plantas qu\u00edmicas y refiner\u00edas pueden ocurrir por varias razones. Cuando ocurre una explosi\u00f3n en una planta, los trabajadores pueden sufrir lesiones graves o incluso morir. Las lesiones t\u00edpicas de este tipo de accidentes incluyen quemaduras qu\u00edmicas de tercer grado e inhalaci\u00f3n de humo. Algunas de las causas comunes de explosiones de plantas qu\u00edmicas incluyen:   <\/p>\n<style>.wp-block-kadence-iconlist.kt-svg-icon-list-items326_dd1a00-41:not(.this-stops-third-party-issues){margin-top:0px;margin-bottom:0px;}.wp-block-kadence-iconlist.kt-svg-icon-list-items326_dd1a00-41 ul.kt-svg-icon-list:not(.this-prevents-issues):not(.this-stops-third-party-issues):not(.tijsloc){margin-top:0px;margin-right:0px;margin-bottom:var(--global-kb-spacing-sm, 1.5rem);margin-left:0px;column-gap:24px;}.wp-block-kadence-iconlist.kt-svg-icon-list-items326_dd1a00-41 ul.kt-svg-icon-list{grid-row-gap:12px;}.wp-block-kadence-iconlist.kt-svg-icon-list-items326_dd1a00-41 .kb-svg-icon-wrap{color:#f38f1e;}.wp-block-kadence-iconlist.kt-svg-icon-list-items326_dd1a00-41 ul.kt-svg-icon-list .kt-svg-icon-list-item-wrap .kt-svg-icon-list-single{margin-right:10px;}.kt-svg-icon-list-items326_dd1a00-41 ul.kt-svg-icon-list .kt-svg-icon-list-item-wrap, .kt-svg-icon-list-items326_dd1a00-41 ul.kt-svg-icon-list .kt-svg-icon-list-item-wrap a{line-height:25px;}.kt-svg-icon-list-items326_dd1a00-41 ul.kt-svg-icon-list .kt-svg-icon-list-level-0 .kt-svg-icon-list-single svg{font-size:20px;}<\/style>\n<div class=\"wp-block-kadence-iconlist kt-svg-icon-list-items kt-svg-icon-list-items326_dd1a00-41 kt-svg-icon-list-columns-1 alignnone kt-list-icon-aligntop\"><ul class=\"kt-svg-icon-list\"><style>.kt-svg-icon-list-item-326_c8891c-15 .kt-svg-icon-list-text mark.kt-highlight{background-color:unset;font-style:normal;color:#f76a0c;-webkit-box-decoration-break:clone;box-decoration-break:clone;padding-top:0px;padding-right:0px;padding-bottom:0px;padding-left:0px;}<\/style>\n<li class=\"wp-block-kadence-listitem kt-svg-icon-list-item-wrap kt-svg-icon-list-item-326_c8891c-15\"><span class=\"kb-svg-icon-wrap kb-svg-icon-ic_check kt-svg-icon-list-single\"><svg viewBox=\"0 0 8 8\"  fill=\"currentColor\" xmlns=\"http:\/\/www.w3.org\/2000\/svg\"  aria-hidden=\"true\"><path d=\"M6.41 0l-.69.72-2.78 2.78-.81-.78-.72-.72-1.41 1.41.72.72 1.5 1.5.69.72.72-.72 3.5-3.5.72-.72-1.44-1.41z\" transform=\"translate(0 1)\"\/><\/svg><\/span><span class=\"kt-svg-icon-list-text\"><strong>Incendios<\/strong>: Los incendios industriales pueden convertirse r\u00e1pidamente en explosiones si hay materiales inflamables presentes. Los equipos mal mantenidos o las fallas el\u00e9ctricas a menudo encienden estos incendios devastadores. <\/span><\/li>\n\n\n<style>.kt-svg-icon-list-item-326_59dded-50 .kt-svg-icon-list-text mark.kt-highlight{background-color:unset;font-style:normal;color:#f76a0c;-webkit-box-decoration-break:clone;box-decoration-break:clone;padding-top:0px;padding-right:0px;padding-bottom:0px;padding-left:0px;}<\/style>\n<li class=\"wp-block-kadence-listitem kt-svg-icon-list-item-wrap kt-svg-icon-list-item-326_59dded-50\"><span class=\"kb-svg-icon-wrap kb-svg-icon-ic_check kt-svg-icon-list-single\"><svg viewBox=\"0 0 8 8\"  fill=\"currentColor\" xmlns=\"http:\/\/www.w3.org\/2000\/svg\"  aria-hidden=\"true\"><path d=\"M6.41 0l-.69.72-2.78 2.78-.81-.78-.72-.72-1.41 1.41.72.72 1.5 1.5.69.72.72-.72 3.5-3.5.72-.72-1.44-1.41z\" transform=\"translate(0 1)\"\/><\/svg><\/span><span class=\"kt-svg-icon-list-text\"><strong>Desastres naturales<\/strong>: Los terremotos, huracanes e inundaciones pueden da\u00f1ar gravemente las plantas industriales, lo que provoca reacciones qu\u00edmicas peligrosas o explosiones.<\/span><\/li>\n\n\n<style>.kt-svg-icon-list-item-326_3e4336-81 .kt-svg-icon-list-text mark.kt-highlight{background-color:unset;font-style:normal;color:#f76a0c;-webkit-box-decoration-break:clone;box-decoration-break:clone;padding-top:0px;padding-right:0px;padding-bottom:0px;padding-left:0px;}<\/style>\n<li class=\"wp-block-kadence-listitem kt-svg-icon-list-item-wrap kt-svg-icon-list-item-326_3e4336-81\"><span class=\"kb-svg-icon-wrap kb-svg-icon-ic_check kt-svg-icon-list-single\"><svg viewBox=\"0 0 8 8\"  fill=\"currentColor\" xmlns=\"http:\/\/www.w3.org\/2000\/svg\"  aria-hidden=\"true\"><path d=\"M6.41 0l-.69.72-2.78 2.78-.81-.78-.72-.72-1.41 1.41.72.72 1.5 1.5.69.72.72-.72 3.5-3.5.72-.72-1.44-1.41z\" transform=\"translate(0 1)\"\/><\/svg><\/span><span class=\"kt-svg-icon-list-text\"><strong>Empleados sin experiencia<\/strong>: La falta de capacitaci\u00f3n y experiencia adecuadas puede provocar errores cr\u00edticos en el manejo de maquinaria o sustancias peligrosas, lo que aumenta el riesgo de accidentes catastr\u00f3ficos.<\/span><\/li>\n\n\n<style>.kt-svg-icon-list-item-326_56948c-95 .kt-svg-icon-list-text mark.kt-highlight{background-color:unset;font-style:normal;color:#f76a0c;-webkit-box-decoration-break:clone;box-decoration-break:clone;padding-top:0px;padding-right:0px;padding-bottom:0px;padding-left:0px;}<\/style>\n<li class=\"wp-block-kadence-listitem kt-svg-icon-list-item-wrap kt-svg-icon-list-item-326_56948c-95\"><span class=\"kb-svg-icon-wrap kb-svg-icon-ic_check kt-svg-icon-list-single\"><svg viewBox=\"0 0 8 8\"  fill=\"currentColor\" xmlns=\"http:\/\/www.w3.org\/2000\/svg\"  aria-hidden=\"true\"><path d=\"M6.41 0l-.69.72-2.78 2.78-.81-.78-.72-.72-1.41 1.41.72.72 1.5 1.5.69.72.72-.72 3.5-3.5.72-.72-1.44-1.41z\" transform=\"translate(0 1)\"\/><\/svg><\/span><span class=\"kt-svg-icon-list-text\"><strong>Mal funcionamiento de la m\u00e1quina<\/strong>: El mantenimiento regular es crucial para la maquinaria industrial. La negligencia puede provocar fallas que pueden causar explosiones, especialmente cuando se trata de equipos de alta presi\u00f3n o que producen calor. <\/span><\/li>\n<\/ul><\/div>\n\n<h3 class=\"wp-block-heading\">\u00bfCu\u00e1les son las lesiones m\u00e1s comunes en accidentes industriales?<\/h3>\n\n<p>Los accidentes industriales pueden provocar lesiones graves y que alteran la vida. Estos entornos est\u00e1n plagados de peligros que representan riesgos significativos para los trabajadores. A continuaci\u00f3n se muestra una lista de las lesiones m\u00e1s comunes que ocurren en entornos industriales:  <\/p>\n\n<ul class=\"wp-block-list\">\n<li><strong>Quemaduras y escaldaduras:<\/strong> De incendios, explosiones o contacto con superficies y l\u00edquidos calientes.<\/li>\n\n\n\n<li><strong>Fracturas y huesos rotos:<\/strong> A menudo causado por ca\u00eddas desde altura, accidentes de maquinaria o levantamiento de objetos pesados.<\/li>\n\n\n\n<li><strong>Lesiones en la cabeza:<\/strong> Incluyendo conmociones cerebrales y lesiones cerebrales traum\u00e1ticas por ca\u00edda de objetos o accidentes.<\/li>\n\n\n\n<li><strong>Amputaciones:<\/strong> Debido al mal funcionamiento de la maquinaria o al mal manejo de equipos pesados.<\/li>\n\n\n\n<li><strong>P\u00e9rdida auditiva:<\/strong> Exposici\u00f3n prolongada a ruidos fuertes sin la protecci\u00f3n auditiva adecuada.<\/li>\n\n\n\n<li><strong>Problemas respiratorios:<\/strong> Por inhalar humos t\u00f3xicos o polvo en espacios mal ventilados.<\/li>\n<\/ul>\n\n<h3 class=\"wp-block-heading\">Muerte por negligencia<\/h3>\n\n<p>Perder a un ser querido en un accidente industrial es una experiencia devastadora. Si la negligencia o un error prevenible provoc\u00f3 su muerte, es posible que tenga derecho a una compensaci\u00f3n. Nuestros abogados de muerte por negligencia est\u00e1n profundamente comprometidos a ayudar a las familias a lograr justicia y estabilidad financiera durante tiempos tan dif\u00edciles. Para obtener informaci\u00f3n m\u00e1s detallada, visite nuestra <a href=\"https:\/\/www.injurylawyerhouston.com\/wrongful-death.html\">p\u00e1gina de muerte por negligencia<\/a>.   <\/p>\n\n<h3 class=\"wp-block-heading\">\u00bfC\u00f3mo puede ayudarme un abogado de lesiones certificado por la junta?<\/h3>\n\n<p><a href=\"https:\/\/www.injurylawyerhouston.com\/why-choose-a-board-certified-injury-lawyer.html\">Un abogado de lesiones certificado por la junta<\/a> aporta un mayor nivel de experiencia y est\u00e1ndares \u00e9ticos a su caso. En la oficina legal de Shane R. Kadlec, nuestros abogados certificados aprovechan su profundo conocimiento de las normas de seguridad en el lugar de trabajo y la ley de lesiones personales para investigar meticulosamente su caso, negociar con las compa\u00f1\u00edas de seguros y, si es necesario, representarlo en la corte. Nuestro compromiso es asegurarnos de que reciba una compensaci\u00f3n completa por sus lesiones y p\u00e9rdidas, y lo guiamos en cada paso del proceso legal.  <\/p>\n\n<h3 class=\"wp-block-heading\">\u00bfPuedo demandar si me lesion\u00e9 en una planta o lugar de trabajo industrial en Texas?<\/h3>\n\n<p>S\u00ed, puede demandar si se lesion\u00f3 en una planta o lugar de trabajo industrial. Los empleados a menudo son elegibles para buscar una compensaci\u00f3n fuera de los reclamos de compensaci\u00f3n para trabajadores si la lesi\u00f3n fue el resultado de negligencia del empleador, maquinaria defectuosa o acciones de un tercero. Consultar con un abogado con experiencia en accidentes industriales puede ayudarlo a aclarar sus opciones y el mejor curso de acci\u00f3n.  <\/p>\n\n<h3 class=\"wp-block-heading\">\u00bfQu\u00e9 da\u00f1os e indemnizaciones est\u00e1n disponibles para las lesiones industriales?<\/h3>\n\n<p>Las v\u00edctimas de accidentes industriales pueden buscar varios tipos de da\u00f1os, que incluyen:<\/p>\n\n<ul class=\"wp-block-list\">\n<li><strong>Gastos m\u00e9dicos:<\/strong> Compensaci\u00f3n por tratamiento m\u00e9dico inmediato, atenci\u00f3n continua y necesidades m\u00e9dicas futuras.<\/li>\n\n\n\n<li><strong>Salarios perdidos:<\/strong> Compensaci\u00f3n por la p\u00e9rdida de ingresos durante la recuperaci\u00f3n y posibles ganancias futuras si no puede regresar al trabajo.<\/li>\n\n\n\n<li><strong>Dolor y sufrimiento:<\/strong> Compensaci\u00f3n por dolor f\u00edsico y angustia emocional resultante del accidente.<\/li>\n\n\n\n<li><strong>Punitivos:<\/strong> En casos de negligencia grave, se pueden otorgar da\u00f1os punitivos para castigar a la parte infractora y disuadir un comportamiento similar en el futuro.<\/li>\n<\/ul>\n\n<h3 class=\"wp-block-heading\">Resuelva su recuperaci\u00f3n con un abogado de lesiones de Houston<\/h3>\n\n<p>Las explosiones en las plantas qu\u00edmicas son extremadamente peligrosas y representan enormes riesgos para quienes trabajan en la planta o viven en los alrededores. Si un ser querido muri\u00f3 o sufri\u00f3 una lesi\u00f3n traum\u00e1tica en un accidente en una planta qu\u00edmica, es posible que deba buscar una compensaci\u00f3n a trav\u00e9s de un reclamo por muerte por negligencia. Un abogado puede ayudarlo a comprender qu\u00e9 opciones est\u00e1n disponibles para usted en caso de que usted o un ser querido sufran la angustia f\u00edsica, emocional y financiera de un accidente industrial.  <\/p>\n<style>.kadence-column326_f68090-ca > .kt-inside-inner-col{padding-top:var(--global-kb-spacing-md, 2rem);padding-right:var(--global-kb-spacing-md, 2rem);padding-bottom:var(--global-kb-spacing-md, 2rem);padding-left:var(--global-kb-spacing-md, 2rem);}.kadence-column326_f68090-ca > .kt-inside-inner-col,.kadence-column326_f68090-ca > .kt-inside-inner-col:before{border-top-left-radius:0px;border-top-right-radius:0px;border-bottom-right-radius:0px;border-bottom-left-radius:0px;}.kadence-column326_f68090-ca > .kt-inside-inner-col{column-gap:var(--global-kb-gap-sm, 1rem);}.kadence-column326_f68090-ca > .kt-inside-inner-col{flex-direction:column;}.kadence-column326_f68090-ca > .kt-inside-inner-col > .aligncenter{width:100%;}.kadence-column326_f68090-ca > .kt-inside-inner-col{background-image:url('https:\/\/www.injurylawyerhouston.com\/wp-content\/uploads\/2025\/04\/gray-arrows-bg.webp');background-size:cover;background-position:center center;background-attachment:scroll;background-repeat:no-repeat;}.kadence-column326_f68090-ca > .kt-inside-inner-col:before{opacity:0.62;background-color:var(--global-palette9, #ffffff);}.kadence-column326_f68090-ca{position:relative;}@media all and (max-width: 1024px){.kadence-column326_f68090-ca > .kt-inside-inner-col{flex-direction:column;justify-content:center;}}@media all and (max-width: 767px){.kadence-column326_f68090-ca > .kt-inside-inner-col{padding-top:var(--global-kb-spacing-sm, 1.5rem);padding-right:var(--global-kb-spacing-sm, 1.5rem);padding-bottom:var(--global-kb-spacing-sm, 1.5rem);padding-left:var(--global-kb-spacing-sm, 1.5rem);flex-direction:column;justify-content:center;}}<\/style>\n<div class=\"wp-block-kadence-column kadence-column326_f68090-ca kb-section-has-overlay\"><div class=\"kt-inside-inner-col\">\n<h2 class=\"wp-block-heading\">Cont\u00e1ctenos<\/h2>\n\n\n\n<p>Trabaje con un bufete de abogados de lesiones de confianza en Houston que maneje reclamos por accidentes industriales. <a href=\"https:\/\/www.injurylawyerhouston.com\/es\/contactenos\/\">P\u00f3ngase en contacto con Shane Kadlec<\/a> para establecer una conversaci\u00f3n sobre su recuperaci\u00f3n. Tambi\u00e9n puedes llamarnos al   <a href=\"tel:281-643-2000\"><\/a><a href=\"tel:281-643-2000\">281-643-2000<\/a>. El abogado fundador Shane Kadlec y toda su oficina se dedican a brindar un alto grado de atenci\u00f3n personalizada y un servicio eficiente en cada caso que tomamos. Programe una consulta gratuita con un miembro de nuestro equipo hoy. Atendemos a clientes en el condado de Harris, el condado de Galveston, el condado de Brazoria, el condado de Fort Bend y las \u00e1reas circundantes.  <\/p>\n<\/div><\/div>\n\n<p><\/p>\n","protected":false},"excerpt":{"rendered":"<p>El trabajo en un entorno industrial conlleva numerosos peligros inherentes. Sin embargo, depende de los supervisores y empleadores asegurarse de que los trabajadores est\u00e9n lo m\u00e1s seguros posible y tomar las medidas necesarias para evitar accidentes graves. Si se lesion\u00f3 en el trabajo, es posible que tenga motivos para una demanda por negligencia contra su&#8230;<\/p>\n","protected":false},"author":1,"featured_media":500977,"parent":0,"menu_order":0,"comment_status":"closed","ping_status":"closed","template":"","meta":{"_acf_changed":false,"inline_featured_image":false,"_kad_blocks_custom_css":"","_kad_blocks_head_custom_js":"","_kad_blocks_body_custom_js":"","_kad_blocks_footer_custom_js":"","_kad_post_transparent":"","_kad_post_title":"","_kad_post_layout":"","_kad_post_sidebar_id":"","_kad_post_content_style":"","_kad_post_vertical_padding":"","_kad_post_feature":"","_kad_post_feature_position":"","_kad_post_header":false,"_kad_post_footer":false,"_kad_post_classname":"","footnotes":""},"class_list":["post-500972","page","type-page","status-publish","has-post-thumbnail","hentry"],"acf":[],"taxonomy_info":[],"featured_image_src_large":["https:\/\/www.injurylawyerhouston.com\/wp-content\/uploads\/2025\/05\/harris-county-industrial-workplace-injury-lawyer.webp",1000,400,false],"author_info":{"display_name":"Shane R. Kadlec","author_link":"https:\/\/www.injurylawyerhouston.com\/es\/author\/operationslmg\/"},"comment_info":0,"_links":{"self":[{"href":"https:\/\/www.injurylawyerhouston.com\/es\/wp-json\/wp\/v2\/pages\/500972","targetHints":{"allow":["GET"]}}],"collection":[{"href":"https:\/\/www.injurylawyerhouston.com\/es\/wp-json\/wp\/v2\/pages"}],"about":[{"href":"https:\/\/www.injurylawyerhouston.com\/es\/wp-json\/wp\/v2\/types\/page"}],"author":[{"embeddable":true,"href":"https:\/\/www.injurylawyerhouston.com\/es\/wp-json\/wp\/v2\/users\/1"}],"replies":[{"embeddable":true,"href":"https:\/\/www.injurylawyerhouston.com\/es\/wp-json\/wp\/v2\/comments?post=500972"}],"version-history":[{"count":2,"href":"https:\/\/www.injurylawyerhouston.com\/es\/wp-json\/wp\/v2\/pages\/500972\/revisions"}],"predecessor-version":[{"id":500982,"href":"https:\/\/www.injurylawyerhouston.com\/es\/wp-json\/wp\/v2\/pages\/500972\/revisions\/500982"}],"wp:featuredmedia":[{"embeddable":true,"href":"https:\/\/www.injurylawyerhouston.com\/es\/wp-json\/wp\/v2\/media\/500977"}],"wp:attachment":[{"href":"https:\/\/www.injurylawyerhouston.com\/es\/wp-json\/wp\/v2\/media?parent=500972"}],"curies":[{"name":"wp","href":"https:\/\/api.w.org\/{rel}","templated":true}]}}