{"id":500987,"date":"2025-04-25T16:56:40","date_gmt":"2025-04-25T16:56:40","guid":{"rendered":"https:\/\/www.injurylawyerhouston.com\/abogado-de-accidentes-de-plataformas-petroleras-en-houston\/"},"modified":"2025-10-13T21:04:12","modified_gmt":"2025-10-13T21:04:12","slug":"abogado-de-accidentes-de-plataformas-petroleras-en-houston","status":"publish","type":"page","link":"https:\/\/www.injurylawyerhouston.com\/es\/abogado-de-accidentes-de-plataformas-petroleras-en-houston\/","title":{"rendered":"Abogado de accidentes de plataformas petroleras en Houston"},"content":{"rendered":"\n<p>Si ha resultado lesionado en una plataforma petrolera en alta mar, es posible que tenga varias opciones para buscar una compensaci\u00f3n. Trabajar en una plataforma petrolera puede ser peligroso y, a veces, los accidentes y las lesiones simplemente van con el trabajo. Sin embargo, si ha resultado lesionado, necesita un abogado con experiencia de la oficina legal de Shane R. Kadlec para ayudarlo a buscar la compensaci\u00f3n que se merece.  <\/p>\n\n<h2 class=\"wp-block-heading\">Obtenga el apoyo legal que necesita<\/h2>\n\n<p>Si usted o un ser querido necesita asistencia legal despu\u00e9s de sufrir lesiones en una plataforma petrolera en Texas, no dude en comunicarse con los abogados certificados por la junta de la oficina legal de Shane R. Kadlec para una consulta gratuita. <a href=\"https:\/\/www.injurylawyerhouston.com\/es\/contactenos\/\">Haga clic aqu\u00ed para contactarnos en l\u00ednea<\/a> o <a href=\"tel:281-643-2000\">aqu\u00ed para llamarnos<\/a>. Adem\u00e1s, si est\u00e1 buscando m\u00e1s informaci\u00f3n y desea saber c\u00f3mo un abogado puede ayudarlo en estos tiempos dif\u00edciles, contin\u00fae leyendo. <\/p>\n\n<h2 class=\"wp-block-heading\">\u00bfQu\u00e9 causa los accidentes en plataformas petroleras?<\/h2>\n\n<p>Muchos tipos de accidentes se pueden prevenir si los empleadores y supervisores toman ciertas precauciones para mantener seguros a sus trabajadores. Las siguientes son algunas de las causas m\u00e1s comunes de accidentes en plataformas petroleras y campos petroleros. <\/p>\n<style>.wp-block-kadence-iconlist.kt-svg-icon-list-items325_61e03f-52:not(.this-stops-third-party-issues){margin-top:0px;margin-bottom:0px;}.wp-block-kadence-iconlist.kt-svg-icon-list-items325_61e03f-52 ul.kt-svg-icon-list:not(.this-prevents-issues):not(.this-stops-third-party-issues):not(.tijsloc){margin-top:0px;margin-right:0px;margin-bottom:var(--global-kb-spacing-sm, 1.5rem);margin-left:0px;column-gap:24px;}.wp-block-kadence-iconlist.kt-svg-icon-list-items325_61e03f-52 ul.kt-svg-icon-list{grid-row-gap:12px;}.wp-block-kadence-iconlist.kt-svg-icon-list-items325_61e03f-52 .kb-svg-icon-wrap{color:#f38f1e;}.wp-block-kadence-iconlist.kt-svg-icon-list-items325_61e03f-52 ul.kt-svg-icon-list .kt-svg-icon-list-item-wrap .kt-svg-icon-list-single{margin-right:10px;}.kt-svg-icon-list-items325_61e03f-52 ul.kt-svg-icon-list .kt-svg-icon-list-item-wrap, .kt-svg-icon-list-items325_61e03f-52 ul.kt-svg-icon-list .kt-svg-icon-list-item-wrap a{line-height:25px;}.kt-svg-icon-list-items325_61e03f-52 ul.kt-svg-icon-list .kt-svg-icon-list-level-0 .kt-svg-icon-list-single svg{font-size:20px;}<\/style>\n<div class=\"wp-block-kadence-iconlist kt-svg-icon-list-items kt-svg-icon-list-items325_61e03f-52 kt-svg-icon-list-columns-1 alignnone kt-list-icon-aligntop\"><ul class=\"kt-svg-icon-list\"><style>.kt-svg-icon-list-item-325_82a5b8-c4 .kt-svg-icon-list-text mark.kt-highlight{background-color:unset;font-style:normal;color:#f76a0c;-webkit-box-decoration-break:clone;box-decoration-break:clone;padding-top:0px;padding-right:0px;padding-bottom:0px;padding-left:0px;}<\/style>\n<li class=\"wp-block-kadence-listitem kt-svg-icon-list-item-wrap kt-svg-icon-list-item-325_82a5b8-c4\"><span class=\"kb-svg-icon-wrap kb-svg-icon-fas_angle-right kt-svg-icon-list-single\"><svg viewBox=\"0 0 256 512\"  fill=\"currentColor\" xmlns=\"http:\/\/www.w3.org\/2000\/svg\"  aria-hidden=\"true\"><path d=\"M224.3 273l-136 136c-9.4 9.4-24.6 9.4-33.9 0l-22.6-22.6c-9.4-9.4-9.4-24.6 0-33.9l96.4-96.4-96.4-96.4c-9.4-9.4-9.4-24.6 0-33.9L54.3 103c9.4-9.4 24.6-9.4 33.9 0l136 136c9.5 9.4 9.5 24.6.1 34z\"\/><\/svg><\/span><span class=\"kt-svg-icon-list-text\">Fugas y explosiones de gas<\/span><\/li>\n\n\n<style>.kt-svg-icon-list-item-325_fca9f5-af .kt-svg-icon-list-text mark.kt-highlight{background-color:unset;font-style:normal;color:#f76a0c;-webkit-box-decoration-break:clone;box-decoration-break:clone;padding-top:0px;padding-right:0px;padding-bottom:0px;padding-left:0px;}<\/style>\n<li class=\"wp-block-kadence-listitem kt-svg-icon-list-item-wrap kt-svg-icon-list-item-325_fca9f5-af\"><span class=\"kb-svg-icon-wrap kb-svg-icon-fas_angle-right kt-svg-icon-list-single\"><svg viewBox=\"0 0 256 512\"  fill=\"currentColor\" xmlns=\"http:\/\/www.w3.org\/2000\/svg\"  aria-hidden=\"true\"><path d=\"M224.3 273l-136 136c-9.4 9.4-24.6 9.4-33.9 0l-22.6-22.6c-9.4-9.4-9.4-24.6 0-33.9l96.4-96.4-96.4-96.4c-9.4-9.4-9.4-24.6 0-33.9L54.3 103c9.4-9.4 24.6-9.4 33.9 0l136 136c9.5 9.4 9.5 24.6.1 34z\"\/><\/svg><\/span><span class=\"kt-svg-icon-list-text\">Superficies resbaladizas<\/span><\/li>\n\n\n<style>.kt-svg-icon-list-item-325_2768fc-86 .kt-svg-icon-list-text mark.kt-highlight{background-color:unset;font-style:normal;color:#f76a0c;-webkit-box-decoration-break:clone;box-decoration-break:clone;padding-top:0px;padding-right:0px;padding-bottom:0px;padding-left:0px;}<\/style>\n<li class=\"wp-block-kadence-listitem kt-svg-icon-list-item-wrap kt-svg-icon-list-item-325_2768fc-86\"><span class=\"kb-svg-icon-wrap kb-svg-icon-fas_angle-right kt-svg-icon-list-single\"><svg viewBox=\"0 0 256 512\"  fill=\"currentColor\" xmlns=\"http:\/\/www.w3.org\/2000\/svg\"  aria-hidden=\"true\"><path d=\"M224.3 273l-136 136c-9.4 9.4-24.6 9.4-33.9 0l-22.6-22.6c-9.4-9.4-9.4-24.6 0-33.9l96.4-96.4-96.4-96.4c-9.4-9.4-9.4-24.6 0-33.9L54.3 103c9.4-9.4 24.6-9.4 33.9 0l136 136c9.5 9.4 9.5 24.6.1 34z\"\/><\/svg><\/span><span class=\"kt-svg-icon-list-text\">Quemaduras qu\u00edmicas<\/span><\/li>\n\n\n<style>.kt-svg-icon-list-item-325_c4b416-ce .kt-svg-icon-list-text mark.kt-highlight{background-color:unset;font-style:normal;color:#f76a0c;-webkit-box-decoration-break:clone;box-decoration-break:clone;padding-top:0px;padding-right:0px;padding-bottom:0px;padding-left:0px;}<\/style>\n<li class=\"wp-block-kadence-listitem kt-svg-icon-list-item-wrap kt-svg-icon-list-item-325_c4b416-ce\"><span class=\"kb-svg-icon-wrap kb-svg-icon-fas_angle-right kt-svg-icon-list-single\"><svg viewBox=\"0 0 256 512\"  fill=\"currentColor\" xmlns=\"http:\/\/www.w3.org\/2000\/svg\"  aria-hidden=\"true\"><path d=\"M224.3 273l-136 136c-9.4 9.4-24.6 9.4-33.9 0l-22.6-22.6c-9.4-9.4-9.4-24.6 0-33.9l96.4-96.4-96.4-96.4c-9.4-9.4-9.4-24.6 0-33.9L54.3 103c9.4-9.4 24.6-9.4 33.9 0l136 136c9.5 9.4 9.5 24.6.1 34z\"\/><\/svg><\/span><span class=\"kt-svg-icon-list-text\">Ca\u00edda de tuber\u00edas y otros objetos<\/span><\/li>\n\n\n<style>.kt-svg-icon-list-item-325_ca8bef-ec .kt-svg-icon-list-text mark.kt-highlight{background-color:unset;font-style:normal;color:#f76a0c;-webkit-box-decoration-break:clone;box-decoration-break:clone;padding-top:0px;padding-right:0px;padding-bottom:0px;padding-left:0px;}<\/style>\n<li class=\"wp-block-kadence-listitem kt-svg-icon-list-item-wrap kt-svg-icon-list-item-325_ca8bef-ec\"><span class=\"kb-svg-icon-wrap kb-svg-icon-fas_angle-right kt-svg-icon-list-single\"><svg viewBox=\"0 0 256 512\"  fill=\"currentColor\" xmlns=\"http:\/\/www.w3.org\/2000\/svg\"  aria-hidden=\"true\"><path d=\"M224.3 273l-136 136c-9.4 9.4-24.6 9.4-33.9 0l-22.6-22.6c-9.4-9.4-9.4-24.6 0-33.9l96.4-96.4-96.4-96.4c-9.4-9.4-9.4-24.6 0-33.9L54.3 103c9.4-9.4 24.6-9.4 33.9 0l136 136c9.5 9.4 9.5 24.6.1 34z\"\/><\/svg><\/span><span class=\"kt-svg-icon-list-text\">Equipo defectuoso<\/span><\/li>\n\n\n<style>.kt-svg-icon-list-item-325_37bafa-34 .kt-svg-icon-list-text mark.kt-highlight{background-color:unset;font-style:normal;color:#f76a0c;-webkit-box-decoration-break:clone;box-decoration-break:clone;padding-top:0px;padding-right:0px;padding-bottom:0px;padding-left:0px;}<\/style>\n<li class=\"wp-block-kadence-listitem kt-svg-icon-list-item-wrap kt-svg-icon-list-item-325_37bafa-34\"><span class=\"kb-svg-icon-wrap kb-svg-icon-fas_angle-right kt-svg-icon-list-single\"><svg viewBox=\"0 0 256 512\"  fill=\"currentColor\" xmlns=\"http:\/\/www.w3.org\/2000\/svg\"  aria-hidden=\"true\"><path d=\"M224.3 273l-136 136c-9.4 9.4-24.6 9.4-33.9 0l-22.6-22.6c-9.4-9.4-9.4-24.6 0-33.9l96.4-96.4-96.4-96.4c-9.4-9.4-9.4-24.6 0-33.9L54.3 103c9.4-9.4 24.6-9.4 33.9 0l136 136c9.5 9.4 9.5 24.6.1 34z\"\/><\/svg><\/span><span class=\"kt-svg-icon-list-text\">Explosiones de plataformas petrol\u00edferas<\/span><\/li>\n\n\n<style>.kt-svg-icon-list-item-325_896aa9-18 .kt-svg-icon-list-text mark.kt-highlight{background-color:unset;font-style:normal;color:#f76a0c;-webkit-box-decoration-break:clone;box-decoration-break:clone;padding-top:0px;padding-right:0px;padding-bottom:0px;padding-left:0px;}<\/style>\n<li class=\"wp-block-kadence-listitem kt-svg-icon-list-item-wrap kt-svg-icon-list-item-325_896aa9-18\"><span class=\"kb-svg-icon-wrap kb-svg-icon-fas_angle-right kt-svg-icon-list-single\"><svg viewBox=\"0 0 256 512\"  fill=\"currentColor\" xmlns=\"http:\/\/www.w3.org\/2000\/svg\"  aria-hidden=\"true\"><path d=\"M224.3 273l-136 136c-9.4 9.4-24.6 9.4-33.9 0l-22.6-22.6c-9.4-9.4-9.4-24.6 0-33.9l96.4-96.4-96.4-96.4c-9.4-9.4-9.4-24.6 0-33.9L54.3 103c9.4-9.4 24.6-9.4 33.9 0l136 136c9.5 9.4 9.5 24.6.1 34z\"\/><\/svg><\/span><span class=\"kt-svg-icon-list-text\">Alta presi\u00f3n en pozos<\/span><\/li>\n\n\n<style>.kt-svg-icon-list-item-325_8e3b70-32 .kt-svg-icon-list-text mark.kt-highlight{background-color:unset;font-style:normal;color:#f76a0c;-webkit-box-decoration-break:clone;box-decoration-break:clone;padding-top:0px;padding-right:0px;padding-bottom:0px;padding-left:0px;}<\/style>\n<li class=\"wp-block-kadence-listitem kt-svg-icon-list-item-wrap kt-svg-icon-list-item-325_8e3b70-32\"><span class=\"kb-svg-icon-wrap kb-svg-icon-fas_angle-right kt-svg-icon-list-single\"><svg viewBox=\"0 0 256 512\"  fill=\"currentColor\" xmlns=\"http:\/\/www.w3.org\/2000\/svg\"  aria-hidden=\"true\"><path d=\"M224.3 273l-136 136c-9.4 9.4-24.6 9.4-33.9 0l-22.6-22.6c-9.4-9.4-9.4-24.6 0-33.9l96.4-96.4-96.4-96.4c-9.4-9.4-9.4-24.6 0-33.9L54.3 103c9.4-9.4 24.6-9.4 33.9 0l136 136c9.5 9.4 9.5 24.6.1 34z\"\/><\/svg><\/span><span class=\"kt-svg-icon-list-text\">Capacitaci\u00f3n inadecuada<\/span><\/li>\n<\/ul><\/div>\n\n<h2 class=\"wp-block-heading\">\u00bfQu\u00e9 es la Ley Jones?<\/h2>\n\n<p>Los trabajadores de las plataformas petroleras en alta mar se consideran trabajadores de la <a href=\"\/longshoreman-and-harbor-injuries\/\">industria mar\u00edtima<\/a> seg\u00fan la ley y, por lo tanto, cualquier lesi\u00f3n que ocurra en estas plataformas cae bajo la Ley Jones.<\/p>\n\n<p>Esta ley federal permite a los trabajadores mar\u00edtimos demandar a sus empleadores por lesiones personales sufridas en el trabajo, ya que estos empleados generalmente no son elegibles para los beneficios de compensaci\u00f3n para trabajadores. La ley establece que todos los empleadores mar\u00edtimos deben proporcionar un entorno de trabajo razonablemente seguro y tener el cuidado adecuado para mantener las embarcaciones en condiciones seguras. <\/p>\n\n<p>Para buscar da\u00f1os a trav\u00e9s de la Ley Jones, los trabajadores lesionados deben demostrar que sus empleadores actuaron de manera negligente y que esta negligencia result\u00f3 en la lesi\u00f3n. Incluso si la negligencia de su empleador fue solo parcialmente responsable de un accidente, es posible que a\u00fan pueda cobrar una compensaci\u00f3n por sus lesiones. El plazo de prescripci\u00f3n de estas reclamaciones es de tres a\u00f1os, por lo que s\u00f3lo tiene un tiempo limitado despu\u00e9s de sufrir una lesi\u00f3n en el trabajo para presentar una reclamaci\u00f3n.  <\/p>\n\n<h2 class=\"wp-block-heading\">\u00bfC\u00f3mo puede ayudar un abogado de lesiones con un accidente en una plataforma petrolera?<\/h2>\n\n<p>Los accidentes en plataformas petroleras frente a la costa del Golfo de Texas pueden ser eventos catastr\u00f3ficos, que resultan en lesiones graves o incluso muertes. Si usted o un ser querido ha estado involucrado en un accidente, buscar la orientaci\u00f3n de un abogado con experiencia en accidentes de plataformas petroleras en Houston, TX, es esencial para proteger sus derechos y buscar la compensaci\u00f3n que necesita para sanar y seguir adelante con la vida. <\/p>\n\n<p>En la oficina legal de Shane R. Kadlec, nos especializamos en representar a v\u00edctimas de accidentes de plataformas petroleras y sus familias. Nuestro equipo legal comprende los desaf\u00edos \u00fanicos que presentan estos casos, incluidos problemas de responsabilidad complejos, posibles m\u00faltiples partes culpables y leyes mar\u00edtimas intrincadas. Ya sea que se lesion\u00f3 mientras trabajaba en una plataforma en alta mar, a bordo de una plataforma de perforaci\u00f3n o como resultado de una falla en el equipo, tenemos la experiencia para investigar el incidente a fondo.  <\/p>\n\n<p>Nuestro objetivo es ayudarlo a obtener la m\u00e1xima compensaci\u00f3n posible por sus lesiones, gastos m\u00e9dicos, salarios perdidos y dolor y sufrimiento. Tenemos un historial de litigar con \u00e9xito casos de accidentes de plataformas petroleras en Houston y en todo Texas, y estamos dedicados a brindar apoyo compasivo y representaci\u00f3n agresiva durante todo el proceso legal. <\/p>\n<style>.kadence-column325_89d8ee-e4 > .kt-inside-inner-col{padding-top:var(--global-kb-spacing-md, 2rem);padding-right:var(--global-kb-spacing-md, 2rem);padding-bottom:var(--global-kb-spacing-md, 2rem);padding-left:var(--global-kb-spacing-md, 2rem);}.kadence-column325_89d8ee-e4 > .kt-inside-inner-col,.kadence-column325_89d8ee-e4 > .kt-inside-inner-col:before{border-top-left-radius:0px;border-top-right-radius:0px;border-bottom-right-radius:0px;border-bottom-left-radius:0px;}.kadence-column325_89d8ee-e4 > .kt-inside-inner-col{column-gap:var(--global-kb-gap-sm, 1rem);}.kadence-column325_89d8ee-e4 > .kt-inside-inner-col{flex-direction:column;}.kadence-column325_89d8ee-e4 > .kt-inside-inner-col > .aligncenter{width:100%;}.kadence-column325_89d8ee-e4 > .kt-inside-inner-col{background-image:url('https:\/\/www.injurylawyerhouston.com\/wp-content\/uploads\/2025\/04\/gray-arrows-bg.webp');background-size:cover;background-position:center center;background-attachment:scroll;background-repeat:no-repeat;}.kadence-column325_89d8ee-e4 > .kt-inside-inner-col:before{opacity:0.62;background-color:var(--global-palette9, #ffffff);}.kadence-column325_89d8ee-e4{position:relative;}@media all and (max-width: 1024px){.kadence-column325_89d8ee-e4 > .kt-inside-inner-col{flex-direction:column;justify-content:center;}}@media all and (max-width: 767px){.kadence-column325_89d8ee-e4 > .kt-inside-inner-col{padding-top:var(--global-kb-spacing-sm, 1.5rem);padding-right:var(--global-kb-spacing-sm, 1.5rem);padding-bottom:var(--global-kb-spacing-sm, 1.5rem);padding-left:var(--global-kb-spacing-sm, 1.5rem);flex-direction:column;justify-content:center;}}<\/style>\n<div class=\"wp-block-kadence-column kadence-column325_89d8ee-e4 kb-section-has-overlay\"><div class=\"kt-inside-inner-col\">\n<h2 class=\"wp-block-heading\">Trabaje con un bufete de abogados de lesiones laborales de confianza en Houston<\/h2>\n\n\n\n<p>Despu\u00e9s de que un accidente en una plataforma petrolera en alta mar lo deje incapacitado para trabajar, consulte a un abogado con experiencia en la oficina legal de Shane R. Kadlec en Houston. Si est\u00e1 perdiendo salarios debido a una lesi\u00f3n que ha sufrido debido a la negligencia de un empleador o un tercero, comun\u00edquese con el abogado Shane Kadlec para programar una consulta a trav\u00e9s de este sitio o llamando a su oficina al 281-643-2000. Representamos a trabajadores lesionados en el \u00e1rea metropolitana de Houston y sus alrededores, incluidos Katy, Sugar Land, The Woodlands, Pearland, Memorial, el condado de Harris, el condado de Galveston y el condado de Fort Bend.  <\/p>\n<\/div><\/div>\n","protected":false},"excerpt":{"rendered":"<p>Si ha resultado lesionado en una plataforma petrolera en alta mar, es posible que tenga varias opciones para buscar una compensaci\u00f3n. Trabajar en una plataforma petrolera puede ser peligroso y, a veces, los accidentes y las lesiones simplemente van con el trabajo. Sin embargo, si ha resultado lesionado, necesita un abogado con experiencia de la&#8230;<\/p>\n","protected":false},"author":1,"featured_media":500990,"parent":0,"menu_order":0,"comment_status":"closed","ping_status":"closed","template":"","meta":{"_acf_changed":false,"inline_featured_image":false,"_kad_blocks_custom_css":"","_kad_blocks_head_custom_js":"","_kad_blocks_body_custom_js":"","_kad_blocks_footer_custom_js":"","_kad_post_transparent":"","_kad_post_title":"","_kad_post_layout":"","_kad_post_sidebar_id":"","_kad_post_content_style":"","_kad_post_vertical_padding":"","_kad_post_feature":"","_kad_post_feature_position":"","_kad_post_header":false,"_kad_post_footer":false,"_kad_post_classname":"","footnotes":""},"class_list":["post-500987","page","type-page","status-publish","has-post-thumbnail","hentry"],"acf":[],"taxonomy_info":[],"featured_image_src_large":["https:\/\/www.injurylawyerhouston.com\/wp-content\/uploads\/2025\/05\/galveston-oil-rig-injury-attorney.jpg",1000,400,false],"author_info":{"display_name":"Shane R. Kadlec","author_link":"https:\/\/www.injurylawyerhouston.com\/es\/author\/operationslmg\/"},"comment_info":0,"_links":{"self":[{"href":"https:\/\/www.injurylawyerhouston.com\/es\/wp-json\/wp\/v2\/pages\/500987","targetHints":{"allow":["GET"]}}],"collection":[{"href":"https:\/\/www.injurylawyerhouston.com\/es\/wp-json\/wp\/v2\/pages"}],"about":[{"href":"https:\/\/www.injurylawyerhouston.com\/es\/wp-json\/wp\/v2\/types\/page"}],"author":[{"embeddable":true,"href":"https:\/\/www.injurylawyerhouston.com\/es\/wp-json\/wp\/v2\/users\/1"}],"replies":[{"embeddable":true,"href":"https:\/\/www.injurylawyerhouston.com\/es\/wp-json\/wp\/v2\/comments?post=500987"}],"version-history":[{"count":2,"href":"https:\/\/www.injurylawyerhouston.com\/es\/wp-json\/wp\/v2\/pages\/500987\/revisions"}],"predecessor-version":[{"id":500992,"href":"https:\/\/www.injurylawyerhouston.com\/es\/wp-json\/wp\/v2\/pages\/500987\/revisions\/500992"}],"wp:featuredmedia":[{"embeddable":true,"href":"https:\/\/www.injurylawyerhouston.com\/es\/wp-json\/wp\/v2\/media\/500990"}],"wp:attachment":[{"href":"https:\/\/www.injurylawyerhouston.com\/es\/wp-json\/wp\/v2\/media?parent=500987"}],"curies":[{"name":"wp","href":"https:\/\/api.w.org\/{rel}","templated":true}]}}