{"id":500994,"date":"2025-04-25T16:59:12","date_gmt":"2025-04-25T16:59:12","guid":{"rendered":"https:\/\/www.injurylawyerhouston.com\/referencias\/"},"modified":"2025-10-13T21:04:23","modified_gmt":"2025-10-13T21:04:23","slug":"referencias","status":"publish","type":"page","link":"https:\/\/www.injurylawyerhouston.com\/es\/referencias\/","title":{"rendered":"Referencias"},"content":{"rendered":"\n<p>En la oficina legal de Shane R. Kadlec, brindamos una representaci\u00f3n s\u00f3lida y efectiva en casos de <a href=\"\/personal-injury\/\">lesiones personales<\/a> , as\u00ed como en otras <a href=\"https:\/\/www.injurylawyerhouston.com\/es\/otras-areas-de-practica\/\">\u00e1reas de pr\u00e1ctica<\/a>. <a href=\"https:\/\/www.injurylawyerhouston.com\/es\/acerca-del-bufete-de-abogados-de-shane-r-kadlec\/\">El abogado Shane Kadlec<\/a> tiene m\u00e1s de 25 a\u00f1os de experiencia y est\u00e1 certificado por la Junta de Especializaci\u00f3n Legal de Texas en derecho procesal de lesiones personales. Con un s\u00f3lido <a href=\"https:\/\/www.injurylawyerhouston.com\/es\/resultados-de-nuestro-caso\/\">historial de \u00e9xito<\/a> representando a clientes en m\u00faltiples tipos de casos complejos, se asegura de que las v\u00edctimas de lesiones y otras personas puedan proteger sus derechos y recibir la compensaci\u00f3n que merecen. <\/p>\n\n<p>Nuestra firma agradece las referencias de otros abogados, incluidos aquellos que se encuentran fuera del estado de Texas o que desean asegurarse de que sus clientes sean representados por un abogado de Houston con el nivel necesario de habilidad y experiencia. Trabajamos para eliminar la incertidumbre de los clientes y ayudarlos a comprender sus mejores opciones para recuperar una compensaci\u00f3n o abordar otros problemas legales. Estamos completamente preparados para trabajar junto con otros abogados para garantizar que se satisfagan las necesidades de los clientes, y pagamos tarifas de referencia para co-abogados en situaciones apropiadas.  <\/p>\n\n<p>Aceptamos referencias en m\u00faltiples tipos de casos, que incluyen:<\/p>\n<style>.wp-block-kadence-iconlist.kt-svg-icon-list-items344_1dcd3e-86:not(.this-stops-third-party-issues){margin-top:0px;margin-bottom:0px;}.wp-block-kadence-iconlist.kt-svg-icon-list-items344_1dcd3e-86 ul.kt-svg-icon-list:not(.this-prevents-issues):not(.this-stops-third-party-issues):not(.tijsloc){margin-top:0px;margin-right:0px;margin-bottom:var(--global-kb-spacing-sm, 1.5rem);margin-left:0px;column-gap:24px;}.wp-block-kadence-iconlist.kt-svg-icon-list-items344_1dcd3e-86 ul.kt-svg-icon-list{grid-row-gap:12px;}.wp-block-kadence-iconlist.kt-svg-icon-list-items344_1dcd3e-86 .kb-svg-icon-wrap{color:#f38f1e;}.wp-block-kadence-iconlist.kt-svg-icon-list-items344_1dcd3e-86 ul.kt-svg-icon-list .kt-svg-icon-list-item-wrap .kt-svg-icon-list-single{margin-right:10px;}.kt-svg-icon-list-items344_1dcd3e-86 ul.kt-svg-icon-list .kt-svg-icon-list-item-wrap, .kt-svg-icon-list-items344_1dcd3e-86 ul.kt-svg-icon-list .kt-svg-icon-list-item-wrap a{line-height:25px;}.kt-svg-icon-list-items344_1dcd3e-86 ul.kt-svg-icon-list .kt-svg-icon-list-level-0 .kt-svg-icon-list-single svg{font-size:20px;}<\/style>\n<div class=\"wp-block-kadence-iconlist kt-svg-icon-list-items kt-svg-icon-list-items344_1dcd3e-86 kt-svg-icon-list-columns-1 alignnone kt-list-icon-aligntop\"><ul class=\"kt-svg-icon-list\"><style>.kt-svg-icon-list-item-344_da5ebb-12 .kt-svg-icon-list-text mark.kt-highlight{background-color:unset;font-style:normal;color:#f76a0c;-webkit-box-decoration-break:clone;box-decoration-break:clone;padding-top:0px;padding-right:0px;padding-bottom:0px;padding-left:0px;}<\/style>\n<li class=\"wp-block-kadence-listitem kt-svg-icon-list-item-wrap kt-svg-icon-list-item-344_da5ebb-12\"><span class=\"kb-svg-icon-wrap kb-svg-icon-ic_check kt-svg-icon-list-single\"><svg viewBox=\"0 0 8 8\"  fill=\"currentColor\" xmlns=\"http:\/\/www.w3.org\/2000\/svg\"  aria-hidden=\"true\"><path d=\"M6.41 0l-.69.72-2.78 2.78-.81-.78-.72-.72-1.41 1.41.72.72 1.5 1.5.69.72.72-.72 3.5-3.5.72-.72-1.44-1.41z\" transform=\"translate(0 1)\"\/><\/svg><\/span><span class=\"kt-svg-icon-list-text\"><a href=\"https:\/\/www.injurylawyerhouston.com\/car-accidents.html\">Accidentes automovil\u00edsticos<\/a> y accidentes de camiones que ocurrieron en el \u00e1rea de Houston o en cualquier otro lugar del estado de Texas.<\/span><\/li>\n\n\n<style>.kt-svg-icon-list-item-344_f63751-61 .kt-svg-icon-list-text mark.kt-highlight{background-color:unset;font-style:normal;color:#f76a0c;-webkit-box-decoration-break:clone;box-decoration-break:clone;padding-top:0px;padding-right:0px;padding-bottom:0px;padding-left:0px;}<\/style>\n<li class=\"wp-block-kadence-listitem kt-svg-icon-list-item-wrap kt-svg-icon-list-item-344_f63751-61\"><span class=\"kb-svg-icon-wrap kb-svg-icon-ic_check kt-svg-icon-list-single\"><svg viewBox=\"0 0 8 8\"  fill=\"currentColor\" xmlns=\"http:\/\/www.w3.org\/2000\/svg\"  aria-hidden=\"true\"><path d=\"M6.41 0l-.69.72-2.78 2.78-.81-.78-.72-.72-1.41 1.41.72.72 1.5 1.5.69.72.72-.72 3.5-3.5.72-.72-1.44-1.41z\" transform=\"translate(0 1)\"\/><\/svg><\/span><span class=\"kt-svg-icon-list-text\"><a href=\"https:\/\/www.injurylawyerhouston.com\/premises-liability.html\">Casos de responsabilidad de locales<\/a> en los que las v\u00edctimas resultaron lesionadas mientras visitaban una propiedad ubicada en Houston o sus alrededores.<\/span><\/li>\n\n\n<style>.kt-svg-icon-list-item-344_e32017-22 .kt-svg-icon-list-text mark.kt-highlight{background-color:unset;font-style:normal;color:#f76a0c;-webkit-box-decoration-break:clone;box-decoration-break:clone;padding-top:0px;padding-right:0px;padding-bottom:0px;padding-left:0px;}<\/style>\n<li class=\"wp-block-kadence-listitem kt-svg-icon-list-item-wrap kt-svg-icon-list-item-344_e32017-22\"><span class=\"kb-svg-icon-wrap kb-svg-icon-ic_check kt-svg-icon-list-single\"><svg viewBox=\"0 0 8 8\"  fill=\"currentColor\" xmlns=\"http:\/\/www.w3.org\/2000\/svg\"  aria-hidden=\"true\"><path d=\"M6.41 0l-.69.72-2.78 2.78-.81-.78-.72-.72-1.41 1.41.72.72 1.5 1.5.69.72.72-.72 3.5-3.5.72-.72-1.44-1.41z\" transform=\"translate(0 1)\"\/><\/svg><\/span><span class=\"kt-svg-icon-list-text\"><a href=\"\/product-liability\/\">Casos de responsabilidad por productos<\/a> defectuosos en los que los fabricantes de productos defectuosos o peligrosos pueden ser considerados responsables de las lesiones causadas por defectos de dise\u00f1o, defectos de fabricaci\u00f3n o por no proporcionar instrucciones o advertencias adecuadas.<\/span><\/li>\n\n\n<style>.kt-svg-icon-list-item-344_c2d5e4-27 .kt-svg-icon-list-text mark.kt-highlight{background-color:unset;font-style:normal;color:#f76a0c;-webkit-box-decoration-break:clone;box-decoration-break:clone;padding-top:0px;padding-right:0px;padding-bottom:0px;padding-left:0px;}<\/style>\n<li class=\"wp-block-kadence-listitem kt-svg-icon-list-item-wrap kt-svg-icon-list-item-344_c2d5e4-27\"><span class=\"kb-svg-icon-wrap kb-svg-icon-ic_check kt-svg-icon-list-single\"><svg viewBox=\"0 0 8 8\"  fill=\"currentColor\" xmlns=\"http:\/\/www.w3.org\/2000\/svg\"  aria-hidden=\"true\"><path d=\"M6.41 0l-.69.72-2.78 2.78-.81-.78-.72-.72-1.41 1.41.72.72 1.5 1.5.69.72.72-.72 3.5-3.5.72-.72-1.44-1.41z\" transform=\"translate(0 1)\"\/><\/svg><\/span><span class=\"kt-svg-icon-list-text\"><a href=\"https:\/\/www.injurylawyerhouston.com\/es\/abogado-de-lesiones-por-disparos-accidentales-en-houston\/\">Lesiones accidentales por arma de fuego<\/a>, que desafortunadamente son demasiado comunes en Texas.<\/span><\/li>\n\n\n<style>.kt-svg-icon-list-item-344_267e0f-ba .kt-svg-icon-list-text mark.kt-highlight{background-color:unset;font-style:normal;color:#f76a0c;-webkit-box-decoration-break:clone;box-decoration-break:clone;padding-top:0px;padding-right:0px;padding-bottom:0px;padding-left:0px;}<\/style>\n<li class=\"wp-block-kadence-listitem kt-svg-icon-list-item-wrap kt-svg-icon-list-item-344_267e0f-ba\"><span class=\"kb-svg-icon-wrap kb-svg-icon-ic_check kt-svg-icon-list-single\"><svg viewBox=\"0 0 8 8\"  fill=\"currentColor\" xmlns=\"http:\/\/www.w3.org\/2000\/svg\"  aria-hidden=\"true\"><path d=\"M6.41 0l-.69.72-2.78 2.78-.81-.78-.72-.72-1.41 1.41.72.72 1.5 1.5.69.72.72-.72 3.5-3.5.72-.72-1.44-1.41z\" transform=\"translate(0 1)\"\/><\/svg><\/span><span class=\"kt-svg-icon-list-text\"><a href=\"https:\/\/www.injurylawyerhouston.com\/es\/abogado-de-negligencia-medica-en-houston\/\">Casos de negligencia m\u00e9dica<\/a> que involucran a m\u00e9dicos, hospitales o centros m\u00e9dicos en el \u00e1rea de Houston.<\/span><\/li>\n\n\n<style>.kt-svg-icon-list-item-344_6dc0f2-ff .kt-svg-icon-list-text mark.kt-highlight{background-color:unset;font-style:normal;color:#f76a0c;-webkit-box-decoration-break:clone;box-decoration-break:clone;padding-top:0px;padding-right:0px;padding-bottom:0px;padding-left:0px;}<\/style>\n<li class=\"wp-block-kadence-listitem kt-svg-icon-list-item-wrap kt-svg-icon-list-item-344_6dc0f2-ff\"><span class=\"kb-svg-icon-wrap kb-svg-icon-ic_check kt-svg-icon-list-single\"><svg viewBox=\"0 0 8 8\"  fill=\"currentColor\" xmlns=\"http:\/\/www.w3.org\/2000\/svg\"  aria-hidden=\"true\"><path d=\"M6.41 0l-.69.72-2.78 2.78-.81-.78-.72-.72-1.41 1.41.72.72 1.5 1.5.69.72.72-.72 3.5-3.5.72-.72-1.44-1.41z\" transform=\"translate(0 1)\"\/><\/svg><\/span><span class=\"kt-svg-icon-list-text\"><a href=\"\/wrongful-death\/\">Casos de muerte por negligencia<\/a> que involucran accidentes o lesiones fatales en Houston y sus alrededores.<\/span><\/li>\n\n\n<style>.kt-svg-icon-list-item-344_1a37cc-de .kt-svg-icon-list-text mark.kt-highlight{background-color:unset;font-style:normal;color:#f76a0c;-webkit-box-decoration-break:clone;box-decoration-break:clone;padding-top:0px;padding-right:0px;padding-bottom:0px;padding-left:0px;}<\/style>\n<li class=\"wp-block-kadence-listitem kt-svg-icon-list-item-wrap kt-svg-icon-list-item-344_1a37cc-de\"><span class=\"kb-svg-icon-wrap kb-svg-icon-ic_check kt-svg-icon-list-single\"><svg viewBox=\"0 0 8 8\"  fill=\"currentColor\" xmlns=\"http:\/\/www.w3.org\/2000\/svg\"  aria-hidden=\"true\"><path d=\"M6.41 0l-.69.72-2.78 2.78-.81-.78-.72-.72-1.41 1.41.72.72 1.5 1.5.69.72.72-.72 3.5-3.5.72-.72-1.44-1.41z\" transform=\"translate(0 1)\"\/><\/svg><\/span><span class=\"kt-svg-icon-list-text\"><a href=\"\/workplace-injuries\/\">Lesiones en el lugar de trabajo<\/a>, incluidos los casos en los que los empleadores <a href=\"https:\/\/www.injurylawyerhouston.com\/es\/lesiones-laborales-de-no-suscriptores-de-houston\/\">de Texas no estaban suscritos<\/a> y no ten\u00edan seguro de compensaci\u00f3n para trabajadores, as\u00ed como lesiones que ocurrieron en <a href=\"\/oil-rig-accidents\/\">plataformas petroleras de la<\/a> Costa del Golfo u otras lesiones que afectaron a <a href=\"\/longshoreman-and-harbor-injuries\/\">trabajadores portuarios o portuarios<\/a> o personas que trabajaban en <a href=\"\/oilfield-and-refinery-accidents\/\">campos petroleros o refiner\u00edas<\/a>.<\/span><\/li>\n\n\n<style>.kt-svg-icon-list-item-344_8e5ed1-44 .kt-svg-icon-list-text mark.kt-highlight{background-color:unset;font-style:normal;color:#f76a0c;-webkit-box-decoration-break:clone;box-decoration-break:clone;padding-top:0px;padding-right:0px;padding-bottom:0px;padding-left:0px;}<\/style>\n<li class=\"wp-block-kadence-listitem kt-svg-icon-list-item-wrap kt-svg-icon-list-item-344_8e5ed1-44\"><span class=\"kb-svg-icon-wrap kb-svg-icon-ic_check kt-svg-icon-list-single\"><svg viewBox=\"0 0 8 8\"  fill=\"currentColor\" xmlns=\"http:\/\/www.w3.org\/2000\/svg\"  aria-hidden=\"true\"><path d=\"M6.41 0l-.69.72-2.78 2.78-.81-.78-.72-.72-1.41 1.41.72.72 1.5 1.5.69.72.72-.72 3.5-3.5.72-.72-1.44-1.41z\" transform=\"translate(0 1)\"\/><\/svg><\/span><span class=\"kt-svg-icon-list-text\"><a href=\"https:\/\/www.injurylawyerhouston.com\/es\/abogado-de-litigios-comerciales-y-civiles-de-houston\/\">Litigios comerciales o civiles<\/a> que involucran a demandantes o demandados ubicados en el \u00e1rea de Houston.<\/span><\/li>\n<\/ul><\/div>\n<style>.kadence-column344_c4ece5-92 > .kt-inside-inner-col{padding-top:var(--global-kb-spacing-md, 2rem);padding-right:var(--global-kb-spacing-md, 2rem);padding-bottom:var(--global-kb-spacing-md, 2rem);padding-left:var(--global-kb-spacing-md, 2rem);}.kadence-column344_c4ece5-92 > .kt-inside-inner-col,.kadence-column344_c4ece5-92 > .kt-inside-inner-col:before{border-top-left-radius:0px;border-top-right-radius:0px;border-bottom-right-radius:0px;border-bottom-left-radius:0px;}.kadence-column344_c4ece5-92 > .kt-inside-inner-col{column-gap:var(--global-kb-gap-sm, 1rem);}.kadence-column344_c4ece5-92 > .kt-inside-inner-col{flex-direction:column;}.kadence-column344_c4ece5-92 > .kt-inside-inner-col > .aligncenter{width:100%;}.kadence-column344_c4ece5-92 > .kt-inside-inner-col{background-image:url('https:\/\/www.injurylawyerhouston.com\/wp-content\/uploads\/2025\/04\/gray-arrows-bg.webp');background-size:cover;background-position:center center;background-attachment:scroll;background-repeat:no-repeat;}.kadence-column344_c4ece5-92 > .kt-inside-inner-col:before{opacity:0.62;background-color:var(--global-palette9, #ffffff);}.kadence-column344_c4ece5-92{position:relative;}@media all and (max-width: 1024px){.kadence-column344_c4ece5-92 > .kt-inside-inner-col{flex-direction:column;justify-content:center;}}@media all and (max-width: 767px){.kadence-column344_c4ece5-92 > .kt-inside-inner-col{padding-top:var(--global-kb-spacing-sm, 1.5rem);padding-right:var(--global-kb-spacing-sm, 1.5rem);padding-bottom:var(--global-kb-spacing-sm, 1.5rem);padding-left:var(--global-kb-spacing-sm, 1.5rem);flex-direction:column;justify-content:center;}}<\/style>\n<div class=\"wp-block-kadence-column kadence-column344_c4ece5-92 kb-section-has-overlay\"><div class=\"kt-inside-inner-col\">\n<h2 class=\"wp-block-heading\">Cont\u00e1ctenos<\/h2>\n\n\n\n<p>Podemos brindar asistencia a clientes en todo Estados Unidos que necesitan abordar problemas legales en el estado de Texas. <a href=\"https:\/\/www.injurylawyerhouston.com\/es\/contactenos\/\">P\u00f3ngase en contacto con nosotros<\/a> o llame a nuestra oficina al   <a href=\"tel:281-643-2000\"><\/a><a href=\"tel:281-643-2000\">281-643-2000<\/a> para saber c\u00f3mo podemos ayudarlo a satisfacer las necesidades de sus clientes.<\/p>\n<\/div><\/div>\n","protected":false},"excerpt":{"rendered":"<p>En la oficina legal de Shane R. Kadlec, brindamos una representaci\u00f3n s\u00f3lida y efectiva en casos de lesiones personales , as\u00ed como en otras \u00e1reas de pr\u00e1ctica. El abogado Shane Kadlec tiene m\u00e1s de 25 a\u00f1os de experiencia y est\u00e1 certificado por la Junta de Especializaci\u00f3n Legal de Texas en derecho procesal de lesiones personales&#8230;.<\/p>\n","protected":false},"author":1,"featured_media":500998,"parent":0,"menu_order":0,"comment_status":"closed","ping_status":"closed","template":"","meta":{"_acf_changed":false,"inline_featured_image":false,"_kad_blocks_custom_css":"","_kad_blocks_head_custom_js":"","_kad_blocks_body_custom_js":"","_kad_blocks_footer_custom_js":"","_kad_post_transparent":"","_kad_post_title":"","_kad_post_layout":"","_kad_post_sidebar_id":"","_kad_post_content_style":"","_kad_post_vertical_padding":"","_kad_post_feature":"","_kad_post_feature_position":"","_kad_post_header":false,"_kad_post_footer":false,"_kad_post_classname":"","footnotes":""},"class_list":["post-500994","page","type-page","status-publish","has-post-thumbnail","hentry"],"acf":[],"taxonomy_info":[],"featured_image_src_large":["https:\/\/www.injurylawyerhouston.com\/wp-content\/uploads\/2025\/05\/bg-law-columns-1024x320.webp",1024,320,true],"author_info":{"display_name":"Shane R. Kadlec","author_link":"https:\/\/www.injurylawyerhouston.com\/es\/author\/operationslmg\/"},"comment_info":0,"_links":{"self":[{"href":"https:\/\/www.injurylawyerhouston.com\/es\/wp-json\/wp\/v2\/pages\/500994","targetHints":{"allow":["GET"]}}],"collection":[{"href":"https:\/\/www.injurylawyerhouston.com\/es\/wp-json\/wp\/v2\/pages"}],"about":[{"href":"https:\/\/www.injurylawyerhouston.com\/es\/wp-json\/wp\/v2\/types\/page"}],"author":[{"embeddable":true,"href":"https:\/\/www.injurylawyerhouston.com\/es\/wp-json\/wp\/v2\/users\/1"}],"replies":[{"embeddable":true,"href":"https:\/\/www.injurylawyerhouston.com\/es\/wp-json\/wp\/v2\/comments?post=500994"}],"version-history":[{"count":3,"href":"https:\/\/www.injurylawyerhouston.com\/es\/wp-json\/wp\/v2\/pages\/500994\/revisions"}],"predecessor-version":[{"id":501014,"href":"https:\/\/www.injurylawyerhouston.com\/es\/wp-json\/wp\/v2\/pages\/500994\/revisions\/501014"}],"wp:featuredmedia":[{"embeddable":true,"href":"https:\/\/www.injurylawyerhouston.com\/es\/wp-json\/wp\/v2\/media\/500998"}],"wp:attachment":[{"href":"https:\/\/www.injurylawyerhouston.com\/es\/wp-json\/wp\/v2\/media?parent=500994"}],"curies":[{"name":"wp","href":"https:\/\/api.w.org\/{rel}","templated":true}]}}