{"id":501018,"date":"2025-04-25T16:48:04","date_gmt":"2025-04-25T16:48:04","guid":{"rendered":"https:\/\/www.injurylawyerhouston.com\/abogado-de-muerte-por-negligencia-en-houston\/"},"modified":"2025-10-13T21:09:04","modified_gmt":"2025-10-13T21:09:04","slug":"abogado-de-muerte-por-negligencia-en-houston","status":"publish","type":"page","link":"https:\/\/www.injurylawyerhouston.com\/es\/abogado-de-muerte-por-negligencia-en-houston\/","title":{"rendered":"Abogado de Muerte por Negligencia en Houston"},"content":{"rendered":"\n<p>La p\u00e9rdida de un ser querido equivale a uno de los mayores desaf\u00edos de la vida, y m\u00e1s a\u00fan si fue causada por la negligencia o el comportamiento imprudente de otra persona, causando un profundo dolor emocional y desaf\u00edos pr\u00e1cticos para los familiares sobrevivientes. Las facturas se acumulan, la vida diaria se siente abrumadora y el dolor toca cada parte de tu mundo. <\/p>\n\n<p>En la<a href=\"https:\/\/www.injurylawyerhouston.com\/es\/\"> oficina legal de Shane R. Kadlec<\/a>, intervenimos para proteger sus derechos y buscar la compensaci\u00f3n que proporciona la ley de Texas. Elegir un abogado con amplia experiencia en muerte por negligencia puede ser fundamental para garantizar una justicia completa, en lugar de un acuerdo apresurado. Un equipo legal certificado, confiable y experimentado brindar\u00e1 una investigaci\u00f3n y enjuiciamiento exhaustivos y agresivos de cada persona o empresa que estuvo involucrada en el incidente, y trabajamos junto con los coordinadores de sucesiones, sucesiones y beneficios para garantizar el m\u00e1ximo valor para nuestros clientes.  <\/p>\n\n<h2 class=\"wp-block-heading\">Comprender las demandas por muerte por negligencia en Texas<\/h2>\n\n<p><a href=\"https:\/\/statutes.capitol.texas.gov\/Docs\/CP\/htm\/CP.71.htm\" target=\"_blank\" rel=\"noopener\">La ley de Texas<\/a> define la muerte por negligencia como cuando alguien muere debido a las acciones descuidadas o intencionales de otra persona o empresa. Esta demanda civil difiere de los procedimientos penales, centr\u00e1ndose en cambio en la compensaci\u00f3n financiera para los familiares sobrevivientes. Dicha compensaci\u00f3n ayuda a abordar la p\u00e9rdida de ingresos, los gastos m\u00e9dicos pendientes y reconoce los profundos impactos emocionales.  <\/p>\n\n<h3 class=\"wp-block-heading\">Elegibilidad para presentar una demanda por muerte por negligencia<\/h3>\n\n<p>En Texas, los miembros de la familia inmediata pueden presentar demandas por muerte por negligencia: c\u00f3nyuges, hijos o padres. Los padres adoptivos y los ni\u00f1os tambi\u00e9n son elegibles. Si ninguno de estos miembros de la familia inicia un reclamo dentro de los tres meses, el albacea o administrador del patrimonio puede presentarlo. La consulta temprana con un abogado ayuda a manejar los problemas de sucesi\u00f3n y garantiza que se cumplan los plazos cr\u00edticos.   <\/p>\n\n<h2 class=\"wp-block-heading\">Causas comunes de muerte por negligencia<\/h2>\n\n<p>Cada caso de muerte por negligencia es \u00fanico, sin embargo, algunos escenarios se repiten con frecuencia:<\/p>\n\n<p>\u25cf <strong>Accidentes de tr\u00e1fico:<\/strong><a href=\"https:\/\/www.injurylawyerhouston.com\/es\/abogado-de-accidentes-automovilisticos-en-houston\/\"> que involucran autom\u00f3viles<\/a>, motocicletas, camiones o conducci\u00f3n en estado de ebriedad<\/p>\n\n<p>\u25cf <strong>Accidentes laborales:<\/strong><a href=\"https:\/\/www.injurylawyerhouston.com\/es\/abogado-de-lesiones-laborales-en-houston\/\"> comunes en sitios de construcci\u00f3n<\/a>, refiner\u00edas y entornos industriales<\/p>\n\n<p>\u25cf <strong>Negligencia m\u00e9dica,<\/strong><a href=\"https:\/\/www.injurylawyerhouston.com\/es\/negligencia-medica-y-administracion-de-medicamentos-incorrectos\/\"> incluidos<\/a> errores quir\u00fargicos o diagn\u00f3sticos err\u00f3neos<\/p>\n\n<p>\u25cf <strong>Productos defectuosos<\/strong>: fallando en condiciones normales de uso<\/p>\n\n<p>\u25cf <strong>Condiciones inseguras de la propiedad:<\/strong> provocar incendios, ca\u00eddas o incidentes violentos<\/p>\n\n<p>Nuestro equipo legal revisa meticulosamente cada situaci\u00f3n, recopila pruebas exhaustivas e identifica a todas las partes responsables, que pueden incluir contratistas o fabricantes.<\/p>\n\n<h2 class=\"wp-block-heading\">Tipos de da\u00f1os recuperables<\/h2>\n\n<p>La ley de Texas permite varios tipos de compensaci\u00f3n:<\/p>\n\n<h3 class=\"wp-block-heading\">Da\u00f1os econ\u00f3micos<\/h3>\n\n<p>\u25cf Gastos m\u00e9dicos antes de la muerte<\/p>\n\n<p>\u25cf Costos de funeral y entierro<\/p>\n\n<p>\u25cf P\u00e9rdida de ingresos y apoyo financiero futuro<\/p>\n\n<p>\u25cf P\u00e9rdida de herencia<\/p>\n\n<p>\u25cf P\u00e9rdida de servicios dom\u00e9sticos, como cuidado y manutenci\u00f3n de ni\u00f1os<\/p>\n\n<h3 class=\"wp-block-heading\">Da\u00f1os no econ\u00f3micos<\/h3>\n\n<p>\u25cf Angustia mental experimentada por los familiares sobrevivientes<\/p>\n\n<p>\u25cf P\u00e9rdida de compa\u00f1\u00eda y comodidad<\/p>\n\n<p>\u25cf P\u00e9rdida de consorcio (relaci\u00f3n conyugal)<\/p>\n\n<p>\u25cf P\u00e9rdida de la orientaci\u00f3n de los padres para menores<\/p>\n\n<h3 class=\"wp-block-heading\">Punitivos<\/h3>\n\n<p>\u25cf Disponible en casos que involucran negligencia grave o da\u00f1o intencional, como incidentes de conducci\u00f3n en estado de ebriedad o violaciones de seguridad deliberadas<\/p>\n\n<h2 class=\"wp-block-heading\">Evidencia requerida para reclamos por muerte por negligencia<\/h2>\n\n<figure class=\"wp-block-table\"><table class=\"has-fixed-layout\"><tbody><tr><td class=\"has-text-align-center\" data-align=\"center\"><strong>Tipo de da\u00f1o<\/strong><\/td><td class=\"has-text-align-center\" data-align=\"center\"><strong>Ejemplos<\/strong><\/td><td class=\"has-text-align-center\" data-align=\"center\"><strong>Evidencia de apoyo<\/strong><\/td><\/tr><tr><td class=\"has-text-align-center\" data-align=\"center\">Gastos m\u00e9dicos<\/td><td class=\"has-text-align-center\" data-align=\"center\">Sala de emergencias, cirug\u00eda, medicamentos<\/td><td class=\"has-text-align-center\" data-align=\"center\">Facturas de hospitales, registros m\u00e9dicos<\/td><\/tr><tr><td class=\"has-text-align-center\" data-align=\"center\">Costos funerarios<\/td><td class=\"has-text-align-center\" data-align=\"center\">Servicios de entierro, cremaci\u00f3n<\/td><td class=\"has-text-align-center\" data-align=\"center\">Facturas de funerarias<\/td><\/tr><tr><td class=\"has-text-align-center\" data-align=\"center\">P\u00e9rdida de ingresos<\/td><td class=\"has-text-align-center\" data-align=\"center\">Salario, jubilaci\u00f3n, bonificaciones<\/td><td class=\"has-text-align-center\" data-align=\"center\">Declaraciones de impuestos, documentaci\u00f3n laboral<\/td><\/tr><tr><td class=\"has-text-align-center\" data-align=\"center\">Angustia mental<\/td><td class=\"has-text-align-center\" data-align=\"center\">Duelo, depresi\u00f3n, ansiedad<\/td><td class=\"has-text-align-center\" data-align=\"center\">Registros de consejer\u00eda, testimonios familiares<\/td><\/tr><tr><td class=\"has-text-align-center\" data-align=\"center\">Punitivo<\/td><td class=\"has-text-align-center\" data-align=\"center\">Conducir ebrio, mala conducta intencional<\/td><td class=\"has-text-align-center\" data-align=\"center\">Informes policiales, registros de OSHA, problemas pasados<\/td><\/tr><\/tbody><\/table><\/figure>\n\n<h2 class=\"wp-block-heading\">Regla de descubrimiento en Texas<\/h2>\n\n<p>Por lo general, los reclamos por muerte por negligencia deben presentarse dentro de los dos a\u00f1os posteriores a la fecha de la muerte. Sin embargo, la Regla de Descubrimiento de Texas puede extender este plazo cuando la causa de la muerte no fue evidente de inmediato o se ocult\u00f3 intencionalmente, especialmente relevante en situaciones de negligencia m\u00e9dica. La consulta r\u00e1pida con un abogado ayuda a evitar la p\u00e9rdida de sus derechos legales.  <\/p>\n\n<h2 class=\"wp-block-heading\">Acciones de supervivencia frente a demandas por muerte por negligencia<\/h2>\n\n<p><a href=\"https:\/\/www.google.com\/search?q=https:\/\/statutes.capitol.texas.gov\/Docs\/CP\/htm\/CP.71.htm%2371.021\" target=\"_blank\" rel=\"noopener\">La ley de Texas<\/a> permite acciones de supervivencia, separadas de las demandas por muerte por negligencia, lo que permite que el patrimonio del difunto busque da\u00f1os que el difunto podr\u00eda haber perseguido si hubiera sobrevivido, como dolor y sufrimiento, costos m\u00e9dicos y salarios perdidos incurridos entre lesiones y muerte. A menudo, ambos reclamos se presentan simult\u00e1neamente para maximizar la compensaci\u00f3n. <\/p>\n\n<h2 class=\"wp-block-heading\">C\u00f3mo lo apoya nuestra firma<\/h2>\n\n<p>Aliviamos a las familias de la carga legal, permitiendo espacio y tiempo para llorar al administrar todos los aspectos del proceso de reclamo:<\/p>\n\n<p>\u25cf Realizar investigaciones exhaustivas (recopilaci\u00f3n de informes, registros m\u00e9dicos, evidencia en video y testimonios de expertos)<\/p>\n\n<p>\u25cf Brindar representaci\u00f3n asertiva y negociaci\u00f3n con compa\u00f1\u00edas de seguros<\/p>\n\n<p>\u25cf Prepararse exhaustivamente para el juicio para garantizar una compensaci\u00f3n justa<\/p>\n\n<p>\u25cf Proteger a las familias de t\u00e1cticas agresivas de seguros y preservar la integridad de los reclamos<\/p>\n\n<h3 class=\"wp-block-heading\">Evaluando su caso<\/h3>\n\n<p>Tres preguntas cr\u00edticas nos ayudan a evaluar su caso:<\/p>\n\n<p>\u25cf \u00bfFue otra parte negligente o imprudente?<\/p>\n\n<p>\u25cf \u00bfEsa conducta caus\u00f3 la muerte de su ser querido?<\/p>\n\n<p>\u25cf \u00bfEs elegible para presentar una declaraci\u00f3n como miembro de la familia o representante del patrimonio?<\/p>\n\n<p>Una consulta gratuita y sin compromiso ayuda a aclarar su situaci\u00f3n y describe los pasos para seguir adelante.<\/p>\n<style>.kadence-column289_e6c9ee-39 > .kt-inside-inner-col{padding-top:var(--global-kb-spacing-md, 2rem);padding-right:var(--global-kb-spacing-md, 2rem);padding-bottom:var(--global-kb-spacing-md, 2rem);padding-left:var(--global-kb-spacing-md, 2rem);}.kadence-column289_e6c9ee-39 > .kt-inside-inner-col,.kadence-column289_e6c9ee-39 > .kt-inside-inner-col:before{border-top-left-radius:0px;border-top-right-radius:0px;border-bottom-right-radius:0px;border-bottom-left-radius:0px;}.kadence-column289_e6c9ee-39 > .kt-inside-inner-col{column-gap:var(--global-kb-gap-sm, 1rem);}.kadence-column289_e6c9ee-39 > .kt-inside-inner-col{flex-direction:column;}.kadence-column289_e6c9ee-39 > .kt-inside-inner-col > .aligncenter{width:100%;}.kadence-column289_e6c9ee-39 > .kt-inside-inner-col{background-image:url('https:\/\/www.injurylawyerhouston.com\/wp-content\/uploads\/2025\/04\/gray-arrows-bg.webp');background-size:cover;background-position:center center;background-attachment:scroll;background-repeat:no-repeat;}.kadence-column289_e6c9ee-39 > .kt-inside-inner-col:before{opacity:0.62;background-color:var(--global-palette9, #ffffff);}.kadence-column289_e6c9ee-39{position:relative;}@media all and (max-width: 1024px){.kadence-column289_e6c9ee-39 > .kt-inside-inner-col{flex-direction:column;justify-content:center;}}@media all and (max-width: 767px){.kadence-column289_e6c9ee-39 > .kt-inside-inner-col{padding-top:var(--global-kb-spacing-sm, 1.5rem);padding-right:var(--global-kb-spacing-sm, 1.5rem);padding-bottom:var(--global-kb-spacing-sm, 1.5rem);padding-left:var(--global-kb-spacing-sm, 1.5rem);flex-direction:column;justify-content:center;}}<\/style>\n<div class=\"wp-block-kadence-column kadence-column289_e6c9ee-39 kb-section-has-overlay\"><div class=\"kt-inside-inner-col\">\n<h2 class=\"wp-block-heading\">P\u00f3ngase en contacto con la oficina legal de Shane R. Kadlec<\/h2>\n\n\n\n<p>Si ha perdido a un ser querido debido a la negligencia de otra persona, comun\u00edquese con nosotros de inmediato al <a href=\"tel:281-643-2000\">281-643-2000<\/a> o a trav\u00e9s de<a href=\"https:\/\/www.injurylawyerhouston.com\/es\/contactenos\/\"> nuestro sitio web<\/a> para una consulta gratuita.<\/p>\n\n\n\n<p>Brindamos representaci\u00f3n dedicada en el condado de Harris, Houston, el condado de Fort Bend, el condado de Galveston, Katy, Sugar Land, el condado de Montgomery, el condado de Brazoria, The Woodlands y en toda la regi\u00f3n de la costa del Golfo.<\/p>\n\n\n\n<p>Obtenga a nuestros abogados de lesiones certificados por la junta de su lado hoy y perm\u00edtanos proteger sus derechos y asegurar la justicia que su familia merece.<\/p>\n<\/div><\/div>\n","protected":false},"excerpt":{"rendered":"<p>La p\u00e9rdida de un ser querido equivale a uno de los mayores desaf\u00edos de la vida, y m\u00e1s a\u00fan si fue causada por la negligencia o el comportamiento imprudente de otra persona, causando un profundo dolor emocional y desaf\u00edos pr\u00e1cticos para los familiares sobrevivientes. Las facturas se acumulan, la vida diaria se siente abrumadora y&#8230;<\/p>\n","protected":false},"author":1,"featured_media":501023,"parent":0,"menu_order":0,"comment_status":"closed","ping_status":"closed","template":"","meta":{"_acf_changed":false,"inline_featured_image":false,"_kad_blocks_custom_css":"","_kad_blocks_head_custom_js":"","_kad_blocks_body_custom_js":"","_kad_blocks_footer_custom_js":"","_kad_post_transparent":"","_kad_post_title":"","_kad_post_layout":"","_kad_post_sidebar_id":"","_kad_post_content_style":"","_kad_post_vertical_padding":"","_kad_post_feature":"","_kad_post_feature_position":"","_kad_post_header":false,"_kad_post_footer":false,"_kad_post_classname":"","footnotes":""},"class_list":["post-501018","page","type-page","status-publish","has-post-thumbnail","hentry"],"acf":[],"taxonomy_info":[],"featured_image_src_large":["https:\/\/www.injurylawyerhouston.com\/wp-content\/uploads\/2025\/05\/memorial-fatal-accident-attorney.webp",1000,400,false],"author_info":{"display_name":"Shane R. Kadlec","author_link":"https:\/\/www.injurylawyerhouston.com\/es\/author\/operationslmg\/"},"comment_info":0,"_links":{"self":[{"href":"https:\/\/www.injurylawyerhouston.com\/es\/wp-json\/wp\/v2\/pages\/501018","targetHints":{"allow":["GET"]}}],"collection":[{"href":"https:\/\/www.injurylawyerhouston.com\/es\/wp-json\/wp\/v2\/pages"}],"about":[{"href":"https:\/\/www.injurylawyerhouston.com\/es\/wp-json\/wp\/v2\/types\/page"}],"author":[{"embeddable":true,"href":"https:\/\/www.injurylawyerhouston.com\/es\/wp-json\/wp\/v2\/users\/1"}],"replies":[{"embeddable":true,"href":"https:\/\/www.injurylawyerhouston.com\/es\/wp-json\/wp\/v2\/comments?post=501018"}],"version-history":[{"count":1,"href":"https:\/\/www.injurylawyerhouston.com\/es\/wp-json\/wp\/v2\/pages\/501018\/revisions"}],"predecessor-version":[{"id":501024,"href":"https:\/\/www.injurylawyerhouston.com\/es\/wp-json\/wp\/v2\/pages\/501018\/revisions\/501024"}],"wp:featuredmedia":[{"embeddable":true,"href":"https:\/\/www.injurylawyerhouston.com\/es\/wp-json\/wp\/v2\/media\/501023"}],"wp:attachment":[{"href":"https:\/\/www.injurylawyerhouston.com\/es\/wp-json\/wp\/v2\/media?parent=501018"}],"curies":[{"name":"wp","href":"https:\/\/api.w.org\/{rel}","templated":true}]}}