{"id":501021,"date":"2025-04-25T16:28:35","date_gmt":"2025-04-25T16:28:35","guid":{"rendered":"https:\/\/www.injurylawyerhouston.com\/por-que-elegir-un-abogado-de-lesiones-certificado-por-la-junta\/"},"modified":"2025-10-13T21:09:16","modified_gmt":"2025-10-13T21:09:16","slug":"por-que-elegir-un-abogado-de-lesiones-certificado-por-la-junta","status":"publish","type":"page","link":"https:\/\/www.injurylawyerhouston.com\/es\/por-que-elegir-un-abogado-de-lesiones-certificado-por-la-junta\/","title":{"rendered":"\u00bfPor qu\u00e9 elegir un abogado de lesiones certificado por la junta?"},"content":{"rendered":"\n<p>En la <a href=\"https:\/\/www.injurylawyerhouston.com\/es\/acerca-del-bufete-de-abogados-de-shane-r-kadlec\/\">oficina legal de Shane R. Kadlec<\/a>, nuestro equipo busca justicia en nombre de los heridos por las malas acciones de otros. La firma se enfoca en lesiones en el lugar de trabajo, accidentes automovil\u00edsticos, muertes por negligencia, responsabilidades de locales, negligencia m\u00e9dica y litigios civiles en el \u00e1rea de Houston. <\/p>\n\n<h2 class=\"wp-block-heading\">Abogado de lesiones personales certificado por la junta de Houston<\/h2>\n<style>.kadence-column271_651916-6d > .kt-inside-inner-col{padding-top:var(--global-kb-spacing-md, 2rem);padding-right:var(--global-kb-spacing-md, 2rem);padding-bottom:var(--global-kb-spacing-md, 2rem);padding-left:var(--global-kb-spacing-md, 2rem);}.kadence-column271_651916-6d > .kt-inside-inner-col,.kadence-column271_651916-6d > .kt-inside-inner-col:before{border-top-left-radius:0px;border-top-right-radius:0px;border-bottom-right-radius:0px;border-bottom-left-radius:0px;}.kadence-column271_651916-6d > .kt-inside-inner-col{column-gap:var(--global-kb-gap-sm, 1rem);}.kadence-column271_651916-6d > .kt-inside-inner-col{flex-direction:column;}.kadence-column271_651916-6d > .kt-inside-inner-col > .aligncenter{width:100%;}.kadence-column271_651916-6d > .kt-inside-inner-col{background-color:#f5f5f5;}.kadence-column271_651916-6d > .kt-inside-inner-col:before{opacity:0.3;}.kadence-column271_651916-6d{position:relative;}@media all and (max-width: 1024px){.kadence-column271_651916-6d > .kt-inside-inner-col{flex-direction:column;justify-content:center;}}@media all and (max-width: 767px){.kadence-column271_651916-6d > .kt-inside-inner-col{padding-top:var(--global-kb-spacing-sm, 1.5rem);padding-right:var(--global-kb-spacing-sm, 1.5rem);padding-bottom:var(--global-kb-spacing-sm, 1.5rem);padding-left:var(--global-kb-spacing-sm, 1.5rem);flex-direction:column;justify-content:center;}}<\/style>\n<div class=\"wp-block-kadence-column kadence-column271_651916-6d\"><div class=\"kt-inside-inner-col\">\n<p>La Junta de Especializaci\u00f3n Legal de Texas aprueba solo a los abogados m\u00e1s capaces. Muchos laicos no entienden la diferencia entre licencia y certificaci\u00f3n, pero la diferencia es enorme. Un abogado con licencia para ejercer la abogac\u00eda en el estado de Texas puede optar por ejercer en cualquiera o todas las \u00e1reas de la ley, por lo que un abogado con licencia que nunca ha manejado un caso de lesiones personales a\u00fan puede afirmar ser un abogado de lesiones personales.  <\/p>\n\n\n\n<p>La certificaci\u00f3n, sin embargo, requiere un cierto nivel de experiencia, habilidad y logros. Es una credencial que un cliente potencial puede y debe considerar al decidir confiar un caso a un abogado. El abogado de accidentes de Houston, Shane R. Kadlec, obtuvo su certificaci\u00f3n en derecho procesal de lesiones personales de la Junta de Especializaci\u00f3n Legal de Texas en 2003 y sus recertificaciones en 2008 y 2013.  <\/p>\n<\/div><\/div>\n\n<h2 class=\"wp-block-heading\">Beneficios de elegir un abogado certificado por la junta<\/h2>\n\n<p>Como consumidor de servicios legales, puede tener confianza al elegir un abogado certificado por la junta. Los abogados certificados por la junta son preseleccionados y respaldados por la Corte Suprema de Texas y el Colegio de Abogados del Estado de Texas por su habilidad y profesionalismo. Y en el \u00e1rea de lesiones personales, donde los abogados trabajan con honorarios de contingencia, no cuesta m\u00e1s que un verdadero especialista legal lo represente.  <\/p>\n\n<h2 class=\"wp-block-heading\">Verdaderos especialistas en derecho de lesiones personales<\/h2>\n\n<p>Seg\u00fan las reglas del colegio de abogados del estado, solo los abogados certificados por la junta, como Shane Kadlec, pueden afirmar ser especialistas en un \u00e1rea particular de la ley. Dadas las ventajas obvias que brinda la distinci\u00f3n, es de esperar que los abogados clamen por la certificaci\u00f3n. Sin embargo, solo alrededor del 10 por ciento realiza la rigurosa evaluaci\u00f3n para obtener la certificaci\u00f3n en cualquier \u00e1rea de pr\u00e1ctica.  <\/p>\n\n<h2 class=\"wp-block-heading\">\u00bfCu\u00e1les son los requisitos para la certificaci\u00f3n de la Junta de Texas en la ley de lesiones personales?<\/h2>\n\n<p>Los abogados que desean la certificaci\u00f3n de la junta deben someterse a un riguroso proceso de solicitud que eval\u00faa sus conocimientos, habilidades, experiencia y profesionalismo. Los requisitos incluyen: <\/p>\n<style>.wp-block-kadence-iconlist.kt-svg-icon-list-items271_c22ef5-de:not(.this-stops-third-party-issues){margin-top:0px;margin-bottom:0px;}.wp-block-kadence-iconlist.kt-svg-icon-list-items271_c22ef5-de ul.kt-svg-icon-list:not(.this-prevents-issues):not(.this-stops-third-party-issues):not(.tijsloc){margin-top:0px;margin-right:0px;margin-bottom:var(--global-kb-spacing-sm, 1.5rem);margin-left:0px;column-gap:24px;}.wp-block-kadence-iconlist.kt-svg-icon-list-items271_c22ef5-de ul.kt-svg-icon-list{grid-row-gap:12px;}.wp-block-kadence-iconlist.kt-svg-icon-list-items271_c22ef5-de .kb-svg-icon-wrap{color:#f38f1e;}.wp-block-kadence-iconlist.kt-svg-icon-list-items271_c22ef5-de ul.kt-svg-icon-list .kt-svg-icon-list-item-wrap .kt-svg-icon-list-single{margin-right:10px;}.kt-svg-icon-list-items271_c22ef5-de ul.kt-svg-icon-list .kt-svg-icon-list-item-wrap, .kt-svg-icon-list-items271_c22ef5-de ul.kt-svg-icon-list .kt-svg-icon-list-item-wrap a{line-height:25px;}.kt-svg-icon-list-items271_c22ef5-de ul.kt-svg-icon-list .kt-svg-icon-list-level-0 .kt-svg-icon-list-single svg{font-size:20px;}<\/style>\n<div class=\"wp-block-kadence-iconlist kt-svg-icon-list-items kt-svg-icon-list-items271_c22ef5-de kt-svg-icon-list-columns-1 alignnone kt-list-icon-aligntop kt-tablet-svg-icon-list-columns-1\"><ul class=\"kt-svg-icon-list\"><style>.kt-svg-icon-list-item-271_53ca2e-e4 .kt-svg-icon-list-text mark.kt-highlight{background-color:unset;font-style:normal;color:#f76a0c;-webkit-box-decoration-break:clone;box-decoration-break:clone;padding-top:0px;padding-right:0px;padding-bottom:0px;padding-left:0px;}<\/style>\n<li class=\"wp-block-kadence-listitem kt-svg-icon-list-item-wrap kt-svg-icon-list-item-271_53ca2e-e4\"><span class=\"kb-svg-icon-wrap kb-svg-icon-ic_check kt-svg-icon-list-single\"><svg viewBox=\"0 0 8 8\"  fill=\"currentColor\" xmlns=\"http:\/\/www.w3.org\/2000\/svg\"  aria-hidden=\"true\"><path d=\"M6.41 0l-.69.72-2.78 2.78-.81-.78-.72-.72-1.41 1.41.72.72 1.5 1.5.69.72.72-.72 3.5-3.5.72-.72-1.44-1.41z\" transform=\"translate(0 1)\"\/><\/svg><\/span><span class=\"kt-svg-icon-list-text\">Un m\u00ednimo de cinco a\u00f1os de experiencia legal<\/span><\/li>\n\n\n<style>.kt-svg-icon-list-item-271_99987c-ee .kt-svg-icon-list-text mark.kt-highlight{background-color:unset;font-style:normal;color:#f76a0c;-webkit-box-decoration-break:clone;box-decoration-break:clone;padding-top:0px;padding-right:0px;padding-bottom:0px;padding-left:0px;}<\/style>\n<li class=\"wp-block-kadence-listitem kt-svg-icon-list-item-wrap kt-svg-icon-list-item-271_99987c-ee\"><span class=\"kb-svg-icon-wrap kb-svg-icon-ic_check kt-svg-icon-list-single\"><svg viewBox=\"0 0 8 8\"  fill=\"currentColor\" xmlns=\"http:\/\/www.w3.org\/2000\/svg\"  aria-hidden=\"true\"><path d=\"M6.41 0l-.69.72-2.78 2.78-.81-.78-.72-.72-1.41 1.41.72.72 1.5 1.5.69.72.72-.72 3.5-3.5.72-.72-1.44-1.41z\" transform=\"translate(0 1)\"\/><\/svg><\/span><span class=\"kt-svg-icon-list-text\">Revisi\u00f3n por pares por parte de profesionales legales que practican la ley de lesiones personales que est\u00e1n familiarizados con las habilidades y el profesionalismo del solicitante.<\/span><\/li>\n\n\n<style>.kt-svg-icon-list-item-271_b10c78-80 .kt-svg-icon-list-text mark.kt-highlight{background-color:unset;font-style:normal;color:#f76a0c;-webkit-box-decoration-break:clone;box-decoration-break:clone;padding-top:0px;padding-right:0px;padding-bottom:0px;padding-left:0px;}<\/style>\n<li class=\"wp-block-kadence-listitem kt-svg-icon-list-item-wrap kt-svg-icon-list-item-271_b10c78-80\"><span class=\"kb-svg-icon-wrap kb-svg-icon-ic_check kt-svg-icon-list-single\"><svg viewBox=\"0 0 8 8\"  fill=\"currentColor\" xmlns=\"http:\/\/www.w3.org\/2000\/svg\"  aria-hidden=\"true\"><path d=\"M6.41 0l-.69.72-2.78 2.78-.81-.78-.72-.72-1.41 1.41.72.72 1.5 1.5.69.72.72-.72 3.5-3.5.72-.72-1.44-1.41z\" transform=\"translate(0 1)\"\/><\/svg><\/span><span class=\"kt-svg-icon-list-text\">Dedicaci\u00f3n de al menos el 25 por ciento de la pr\u00e1ctica del abogado a litigios por lesiones personales Experiencia sustancial en juicios<\/span><\/li>\n\n\n<style>.kt-svg-icon-list-item-271_eb5b6e-22 .kt-svg-icon-list-text mark.kt-highlight{background-color:unset;font-style:normal;color:#f76a0c;-webkit-box-decoration-break:clone;box-decoration-break:clone;padding-top:0px;padding-right:0px;padding-bottom:0px;padding-left:0px;}<\/style>\n<li class=\"wp-block-kadence-listitem kt-svg-icon-list-item-wrap kt-svg-icon-list-item-271_eb5b6e-22\"><span class=\"kb-svg-icon-wrap kb-svg-icon-ic_check kt-svg-icon-list-single\"><svg viewBox=\"0 0 8 8\"  fill=\"currentColor\" xmlns=\"http:\/\/www.w3.org\/2000\/svg\"  aria-hidden=\"true\"><path d=\"M6.41 0l-.69.72-2.78 2.78-.81-.78-.72-.72-1.41 1.41.72.72 1.5 1.5.69.72.72-.72 3.5-3.5.72-.72-1.44-1.41z\" transform=\"translate(0 1)\"\/><\/svg><\/span><span class=\"kt-svg-icon-list-text\">Finalizaci\u00f3n exitosa del plan de estudios de educaci\u00f3n legal continua (CLE)<\/span><\/li>\n\n\n<style>.kt-svg-icon-list-item-271_0a9a5d-53 .kt-svg-icon-list-text mark.kt-highlight{background-color:unset;font-style:normal;color:#f76a0c;-webkit-box-decoration-break:clone;box-decoration-break:clone;padding-top:0px;padding-right:0px;padding-bottom:0px;padding-left:0px;}<\/style>\n<li class=\"wp-block-kadence-listitem kt-svg-icon-list-item-wrap kt-svg-icon-list-item-271_0a9a5d-53\"><span class=\"kb-svg-icon-wrap kb-svg-icon-ic_check kt-svg-icon-list-single\"><svg viewBox=\"0 0 8 8\"  fill=\"currentColor\" xmlns=\"http:\/\/www.w3.org\/2000\/svg\"  aria-hidden=\"true\"><path d=\"M6.41 0l-.69.72-2.78 2.78-.81-.78-.72-.72-1.41 1.41.72.72 1.5 1.5.69.72.72-.72 3.5-3.5.72-.72-1.44-1.41z\" transform=\"translate(0 1)\"\/><\/svg><\/span><span class=\"kt-svg-icon-list-text\">Pruebas escritas exhaustivas<\/span><\/li>\n<\/ul><\/div>\n\n<p>La certificaci\u00f3n expira cada cinco a\u00f1os y la pr\u00e1ctica del abogado est\u00e1 sujeta a revisi\u00f3n para garantizar que se hayan mantenido los est\u00e1ndares de especializaci\u00f3n.<\/p>\n<style>.kadence-column271_3cf5af-07 > .kt-inside-inner-col{padding-top:var(--global-kb-spacing-md, 2rem);padding-right:var(--global-kb-spacing-md, 2rem);padding-bottom:var(--global-kb-spacing-md, 2rem);padding-left:var(--global-kb-spacing-md, 2rem);}.kadence-column271_3cf5af-07 > .kt-inside-inner-col,.kadence-column271_3cf5af-07 > .kt-inside-inner-col:before{border-top-left-radius:0px;border-top-right-radius:0px;border-bottom-right-radius:0px;border-bottom-left-radius:0px;}.kadence-column271_3cf5af-07 > .kt-inside-inner-col{column-gap:var(--global-kb-gap-sm, 1rem);}.kadence-column271_3cf5af-07 > .kt-inside-inner-col{flex-direction:column;}.kadence-column271_3cf5af-07 > .kt-inside-inner-col > .aligncenter{width:100%;}.kadence-column271_3cf5af-07 > .kt-inside-inner-col{background-image:url('https:\/\/www.injurylawyerhouston.com\/wp-content\/uploads\/2025\/04\/gray-arrows-bg.webp');background-size:cover;background-position:center center;background-attachment:scroll;background-repeat:no-repeat;}.kadence-column271_3cf5af-07 > .kt-inside-inner-col:before{opacity:0.62;background-color:var(--global-palette9, #ffffff);}.kadence-column271_3cf5af-07{position:relative;}@media all and (max-width: 1024px){.kadence-column271_3cf5af-07 > .kt-inside-inner-col{flex-direction:column;justify-content:center;}}@media all and (max-width: 767px){.kadence-column271_3cf5af-07 > .kt-inside-inner-col{padding-top:var(--global-kb-spacing-sm, 1.5rem);padding-right:var(--global-kb-spacing-sm, 1.5rem);padding-bottom:var(--global-kb-spacing-sm, 1.5rem);padding-left:var(--global-kb-spacing-sm, 1.5rem);flex-direction:column;justify-content:center;}}<\/style>\n<div class=\"wp-block-kadence-column kadence-column271_3cf5af-07 kb-section-has-overlay\"><div class=\"kt-inside-inner-col\">\n<h2 class=\"wp-block-heading\">P\u00f3ngase en contacto con un abogado de lesiones personales de Houston<\/h2>\n\n\n\n<p>Para programar una consulta gratuita en la oficina legal de Shane R. Kadlec, llame al <a href=\"tel:281-643-2000\">281-643-2000<\/a> o <a href=\"https:\/\/www.injurylawyerhouston.com\/es\/contactenos\/\">comun\u00edquese con nuestra oficina de Houston en l\u00ednea<\/a>. Para las partes lesionadas que no pueden acudir a nosotros, hacemos visitas al hospital o al hogar. Aceptamos casos de lesiones en base a honorarios de contingencia, por lo que no paga honorarios de abogados a menos que obtengamos una compensaci\u00f3n para usted. Si no aseguramos un acuerdo o veredicto a su favor, no nos debe nada. Atendemos a clientes en Houston, Katy, Sugar Land, The Woodlands, el condado de Harris, el condado de Galveston y las \u00e1reas circundantes.    <\/p>\n<\/div><\/div>\n","protected":false},"excerpt":{"rendered":"<p>En la oficina legal de Shane R. Kadlec, nuestro equipo busca justicia en nombre de los heridos por las malas acciones de otros. La firma se enfoca en lesiones en el lugar de trabajo, accidentes automovil\u00edsticos, muertes por negligencia, responsabilidades de locales, negligencia m\u00e9dica y litigios civiles en el \u00e1rea de Houston. Abogado de lesiones&#8230;<\/p>\n","protected":false},"author":1,"featured_media":500800,"parent":0,"menu_order":0,"comment_status":"closed","ping_status":"closed","template":"","meta":{"_acf_changed":false,"inline_featured_image":false,"_kad_blocks_custom_css":"","_kad_blocks_head_custom_js":"","_kad_blocks_body_custom_js":"","_kad_blocks_footer_custom_js":"","_kad_post_transparent":"","_kad_post_title":"","_kad_post_layout":"","_kad_post_sidebar_id":"","_kad_post_content_style":"","_kad_post_vertical_padding":"","_kad_post_feature":"","_kad_post_feature_position":"","_kad_post_header":false,"_kad_post_footer":false,"_kad_post_classname":"","footnotes":""},"class_list":["post-501021","page","type-page","status-publish","has-post-thumbnail","hentry"],"acf":[],"taxonomy_info":[],"featured_image_src_large":["https:\/\/www.injurylawyerhouston.com\/wp-content\/uploads\/2025\/05\/houston-skyline-1024x320.webp",1024,320,true],"author_info":{"display_name":"Shane R. Kadlec","author_link":"https:\/\/www.injurylawyerhouston.com\/es\/author\/operationslmg\/"},"comment_info":0,"_links":{"self":[{"href":"https:\/\/www.injurylawyerhouston.com\/es\/wp-json\/wp\/v2\/pages\/501021","targetHints":{"allow":["GET"]}}],"collection":[{"href":"https:\/\/www.injurylawyerhouston.com\/es\/wp-json\/wp\/v2\/pages"}],"about":[{"href":"https:\/\/www.injurylawyerhouston.com\/es\/wp-json\/wp\/v2\/types\/page"}],"author":[{"embeddable":true,"href":"https:\/\/www.injurylawyerhouston.com\/es\/wp-json\/wp\/v2\/users\/1"}],"replies":[{"embeddable":true,"href":"https:\/\/www.injurylawyerhouston.com\/es\/wp-json\/wp\/v2\/comments?post=501021"}],"version-history":[{"count":3,"href":"https:\/\/www.injurylawyerhouston.com\/es\/wp-json\/wp\/v2\/pages\/501021\/revisions"}],"predecessor-version":[{"id":501061,"href":"https:\/\/www.injurylawyerhouston.com\/es\/wp-json\/wp\/v2\/pages\/501021\/revisions\/501061"}],"wp:featuredmedia":[{"embeddable":true,"href":"https:\/\/www.injurylawyerhouston.com\/es\/wp-json\/wp\/v2\/media\/500800"}],"wp:attachment":[{"href":"https:\/\/www.injurylawyerhouston.com\/es\/wp-json\/wp\/v2\/media?parent=501021"}],"curies":[{"name":"wp","href":"https:\/\/api.w.org\/{rel}","templated":true}]}}