{"id":501051,"date":"2025-04-25T16:48:01","date_gmt":"2025-04-25T16:48:01","guid":{"rendered":"https:\/\/www.injurylawyerhouston.com\/abogado-de-accidentes-de-motocicleta-en-houston\/"},"modified":"2025-10-13T21:09:14","modified_gmt":"2025-10-13T21:09:14","slug":"abogado-de-accidentes-de-motocicleta-en-houston","status":"publish","type":"page","link":"https:\/\/www.injurylawyerhouston.com\/es\/abogado-de-accidentes-de-motocicleta-en-houston\/","title":{"rendered":"Abogado de accidentes de motocicleta en Houston"},"content":{"rendered":"\n<p>Conducir una motocicleta puede ser emocionante, pero tambi\u00e9n puede ser peligroso. Los motociclistas entienden los riesgos a los que se enfrentan y, por lo general, tienen mucho cuidado de mantenerse lo m\u00e1s seguros posible. Adem\u00e1s de usar cascos y otros equipos de seguridad, la mayor\u00eda de los motociclistas hacen todo lo posible para asegurarse de que sean visibles para otros conductores mientras siguen las leyes de tr\u00e1nsito y minimizan las posibilidades de que se vean involucrados en una colisi\u00f3n. Desafortunadamente, muchos conductores no act\u00faan con el mismo nivel de cuidado, y cuando no comparten la carretera de manera segura con las motocicletas, pueden ocurrir accidentes de motocicleta peligrosos o mortales. Con la ayuda de un <a href=\"https:\/\/www.injurylawyerhouston.com\/es\/por-que-elegir-un-abogado-de-lesiones-certificado-por-la-junta\/\">abogado certificado en lesiones personales de Borad,<\/a> los motociclistas que han sido lesionados por conductores negligentes pueden emprender acciones legales para obtener una compensaci\u00f3n por sus lesiones y da\u00f1os.    <\/p>\n\n<p>La <a href=\"https:\/\/www.injurylawyerhouston.com\/es\/acerca-del-bufete-de-abogados-de-shane-r-kadlec\/\">oficina legal de Shane R. Kadlec<\/a> brinda representaci\u00f3n en m\u00faltiples tipos diferentes de casos de accidentes y lesiones, y trabajamos para asegurarnos de que las v\u00edctimas de lesiones puedan abordar sus lesiones y recuperarse por completo. Con m\u00e1s de 25 a\u00f1os de experiencia representando a v\u00edctimas de lesiones, el <a href=\"https:\/\/www.injurylawyerhouston.com\/es\/acerca-de-shane-r-kadlec\/\">abogado Kadlec<\/a> puede asegurarse de que los motociclistas tomen las medidas correctas para responsabilizar a los conductores negligentes u otras partes responsables de las lesiones que han sufrido. <\/p>\n\n<h2 class=\"wp-block-heading\">C\u00f3mo la negligencia conduce a accidentes de motocicleta<\/h2>\n\n<p>Las colisiones que involucran motocicletas a menudo ocurren porque los conductores de otros veh\u00edculos act\u00faan de manera negligente. Las formas de negligencia del conductor que pueden provocar accidentes de motocicleta incluyen: <\/p>\n\n<ul class=\"wp-block-list\">\n<li><strong>\n  <a href=\"https:\/\/www.injurylawyerhouston.com\/es\/abogado-de-accidentes-por-conduccion-distraida-en-houston\/\">Conducci\u00f3n distra\u00edda<\/a>\n<\/strong> : los conductores deben asegurarse de ser plenamente conscientes de las motocicletas. Si un conductor no presta atenci\u00f3n a la carretera, es posible que no note una motocicleta en su punto ciego o que no verifique que la carretera est\u00e9 despejada antes de cambiar de carril, girar o pasar por las intersecciones. Los conductores que hablan o env\u00edan mensajes de texto por tel\u00e9fonos celulares o desv\u00edan su atenci\u00f3n de la carretera pueden cortar el paso a una motocicleta o sacarla de la carretera.  <\/li>\n\n\n\n<li><strong>Tailgating<\/strong> : el tama\u00f1o m\u00e1s peque\u00f1o de las motocicletas a veces puede dificultar la evaluaci\u00f3n de su velocidad. Es posible que los conductores que siguen demasiado de cerca a una motocicleta no puedan reducir la velocidad o detenerse a tiempo para evitar golpear a un motociclista que ha disminuido la velocidad inesperadamente. <\/li>\n\n\n\n<li><strong>Exceso de velocidad<\/strong> : es posible que los conductores que excedan el l\u00edmite de velocidad no tengan suficiente tiempo o espacio para reducir la velocidad y evitar chocar con una motocicleta.<\/li>\n<\/ul>\n\n<p>En algunos casos, los conductores pueden intentar evitar la responsabilidad alegando que un motociclista fue parcialmente responsable de una colisi\u00f3n. Sin embargo, <strong>la ley de Texas permite que una persona busque una compensaci\u00f3n siempre que haya sido menos del 50 por ciento responsable o &#8220;culpable&#8221; del accidente.<\/strong> Cuando un motociclista es parcialmente responsable de una colisi\u00f3n, la cantidad de compensaci\u00f3n que puede recuperar se reducir\u00e1 por su porcentaje de culpa. <\/p>\n\n<h2 class=\"wp-block-heading\">\u00bfCu\u00e1les son las lesiones comunes en accidentes de motocicleta?<\/h2>\n\n<p>Debido a que los motociclistas tienen poca protecci\u00f3n, es probable que sufran da\u00f1os graves en una colisi\u00f3n. La fuerza de un veh\u00edculo que golpea una motocicleta puede causar m\u00faltiples tipos de lesiones corporales, y una persona puede sufrir lesiones adicionales si sale despedida de su motocicleta, lo que hace que aterrice con fuerza en el suelo o sea golpeada por otros veh\u00edculos. Un motociclista puede sufrir <a href=\"https:\/\/www.injurylawyerhouston.com\/es\/abogado-de-lesiones-catastroficas-en-houston\/\">lesiones catastr\u00f3ficas<\/a> como:  <\/p>\n\n<ul class=\"wp-block-list\">\n<li><a href=\"https:\/\/www.injurylawyerhouston.com\/es\/abogado-de-lesiones-de-la-medula-espinal-en-houston\/\">Lesiones de la m\u00e9dula espinal<\/a><\/li>\n\n\n\n<li><a href=\"https:\/\/www.injurylawyerhouston.com\/es\/abogado-de-lesiones-cerebrales-traumaticas-de-houston\/\">Lesiones cerebrales traum\u00e1ticas<\/a><\/li>\n\n\n\n<li>Huesos rotos<\/li>\n\n\n\n<li>Cortes, laceraciones y &#8220;erupciones en la carretera&#8221;<\/li>\n\n\n\n<li>Cicatrices y desfiguraci\u00f3n<\/li>\n<\/ul>\n\n<h2 class=\"wp-block-heading\">Mantenerse seguro como motociclista en Houston, TX<\/h2>\n\n<h3 class=\"wp-block-heading\">\u00bfCu\u00e1les son las carreteras y autopistas m\u00e1s peligrosas para los motociclistas en Houston?<\/h3>\n\n<p>Houston es conocido por nuestra conducci\u00f3n agresiva y nuestra cultura de conducci\u00f3n de alto estr\u00e9s. Esto, junto con extensos sistemas de carreteras y calles concurridas, lo hace significativamente peligroso para los motociclistas. <br\/><br\/><strong>Las carreteras y autopistas m\u00e1s peligrosas para los motociclistas incluyen el circuito I-610, la autopista 290 de EE. UU. y la autopista de peaje Sam Houston.  <\/strong>Estas \u00e1reas son conocidas por los altos vol\u00famenes de tr\u00e1fico, los cambios frecuentes de carril y los l\u00edmites de alta velocidad, lo que aumenta el riesgo de accidentes para los motociclistas.<\/p>\n\n<h3 class=\"wp-block-heading\">Por qu\u00e9 el motociclista debe evitar la hora pico<\/h3>\n\n<p>La hora pico en Houston puede ser particularmente peligrosa para los motociclistas debido a las carreteras congestionadas, los conductores impacientes y el aumento de los casos de paradas abruptas. Los tiempos de reacci\u00f3n reducidos y las proximidades m\u00e1s cercanas entre los veh\u00edculos aumentan el riesgo de colisiones, por lo que es aconsejable que los motociclistas eviten estas horas pico de tr\u00e1fico. <\/p>\n\n<h3 class=\"wp-block-heading\">El problema de los escombros de Houston es un grave peligro para los motociclistas<\/h3>\n\n<p>Los escombros en las carreteras de Houston, en los que vemos todos los d\u00edas, van desde materiales de construcci\u00f3n, llantas reventadas y carga ca\u00edda. Este es un grave peligro para los motociclistas. A diferencia de los autom\u00f3viles, las motocicletas tienen menos estabilidad y pueden perder f\u00e1cilmente el control cuando se encuentran con escombros en la carretera, lo que provoca accidentes graves.  <\/p>\n\n<h3 class=\"wp-block-heading\">\u00bfA qu\u00e9 velocidades son m\u00e1s fatales los accidentes de motocicleta?<\/h3>\n\n<p><strong>Los accidentes de motocicleta se vuelven cada vez m\u00e1s fatales a medida que las velocidades superan las 60 mph.<\/strong>  A altas velocidades, la capacidad de reaccionar r\u00e1pidamente ante los peligros de la carretera u otros veh\u00edculos disminuye, y la fuerza del impacto durante una colisi\u00f3n aumenta, lo que provoca lesiones o muertes m\u00e1s graves.<\/p>\n\n<h3 class=\"wp-block-heading\">Defectos comunes de piezas y neum\u00e1ticos<\/h3>\n\n<p>Las piezas y neum\u00e1ticos defectuosos de la motocicleta pueden provocar accidentes sin culpa del conductor. Los problemas comunes incluyen fallas en los frenos, reventones de neum\u00e1ticos y defectos en el mecanismo de direcci\u00f3n, que pueden hacer que el ciclista pierda el control y se estrelle. Es importante contar con un abogado con experiencia de su lado si cree que un defecto en una pieza o en una llanta fue la causa de su accidente. Nos aseguraremos de que las partes responsables rindan cuentas para que pueda sanar y seguir adelante con la vida.   <\/p>\n\n<h2 class=\"wp-block-heading\">Leyes de Texas para motociclistas<\/h2>\n\n<h3 class=\"wp-block-heading\">\u00bfQu\u00e9 se necesita antes de que una motocicleta pueda conducirse legalmente en las carreteras de Texas?<\/h3>\n\n<p>Antes de conducir legalmente una motocicleta en las carreteras de Texas, los conductores deben obtener un endoso de motocicleta en su licencia de conducir, completar un curso de seguridad para motocicletas y registrar e inspeccionar su motocicleta.<\/p>\n\n<h3 class=\"wp-block-heading\">\u00bfQu\u00e9 edad hay que tener para obtener una licencia de motocicleta en Texas?<\/h3>\n\n<p>En Texas, las personas deben tener al menos 15 a\u00f1os para solicitar un permiso de aprendizaje de motocicletas y 16 a\u00f1os para obtener una licencia de motocicleta, siempre que hayan completado un curso de seguridad para motocicletas.<\/p>\n\n<h3 class=\"wp-block-heading\">\u00bfQu\u00e9 derechos tienen los pasajeros de motocicletas despu\u00e9s de los accidentes?<\/h3>\n\n<p>Los pasajeros de motocicletas tienen derecho a buscar una compensaci\u00f3n por las lesiones sufridas en un accidente, similar a los derechos del conductor. Esto incluye cobertura para gastos m\u00e9dicos, dolor y sufrimiento, y salarios perdidos. <a href=\"https:\/\/www.injurylawyerhouston.com\/es\/contactenos\/\">Haga clic aqu\u00ed para una consulta gratuita<\/a> con un abogado de Houston si result\u00f3 lesionado. <\/p>\n\n<h2 class=\"wp-block-heading\">Leyes de seguros para motociclistas en Texas<\/h2>\n\n<h3 class=\"wp-block-heading\">\u00bfCu\u00e1les son los requisitos de seguro para motociclistas en Texas?<\/h3>\n\n<p>Los requisitos m\u00ednimos de seguro para motociclistas en Texas son:<\/p>\n\n<ul class=\"wp-block-list\">\n<li>$30,000 en lesiones corporales por persona<\/li>\n\n\n\n<li>$60,000 en lesiones corporales totales por accidente<\/li>\n\n\n\n<li>$25,000 en da\u00f1os a la propiedad por accidente<\/li>\n<\/ul>\n\n<h3 class=\"wp-block-heading\">\u00bfSe puede asegurar una motocicleta sin licencia de motocicleta en Texas?<\/h3>\n\n<p>S\u00ed, puede asegurar una motocicleta sin una licencia de motocicleta en Texas, pero sin una licencia, esto puede afectar sus tarifas de seguro y opciones de cobertura.<\/p>\n\n<h3 class=\"wp-block-heading\">\u00bfQu\u00e9 hago si no tengo suficiente seguro para cubrir un accidente de motocicleta?<\/h3>\n\n<p>Si su seguro no cubre todos los gastos despu\u00e9s de un accidente de motocicleta, es posible que deba explorar otras v\u00edas, como protecci\u00f3n contra lesiones personales, cobertura de pagos m\u00e9dicos o presentar una demanda contra la parte culpable. Para obtener informaci\u00f3n m\u00e1s detallada sobre este asunto, no dude en llamarnos al <a href=\"tel:281-643-2000\">281-643-2000<\/a>. <\/p>\n\n<h2 class=\"wp-block-heading\">Muerte por negligencia<\/h2>\n\n<h3 class=\"wp-block-heading\">\u00bfCon qu\u00e9 frecuencia los accidentes de motocicleta provocan muertes en Texas?<\/h3>\n\n<p>Los accidentes de motocicleta son desproporcionadamente fatales. Sin embargo, Texas experimenta un n\u00famero significativo de muertes de motocicletas cada a\u00f1o debido a factores como la falta de protecci\u00f3n f\u00edsica, colisiones a alta velocidad y problemas de visibilidad. <\/p>\n\n<h3 class=\"wp-block-heading\">\u00bfQu\u00e9 debo hacer si un ser querido muri\u00f3 en un accidente de motocicleta?<\/h3>\n\n<p>Si un ser querido muri\u00f3 en un accidente de motocicleta, es crucial <a href=\"\/wrongful-death\/\">buscar asesoramiento legal<\/a> para comprender sus derechos y su posible compensaci\u00f3n. Nuestros abogados en la oficina legal de Shane R. Kadlec pueden guiarlo a trav\u00e9s del proceso de presentar un reclamo por muerte por negligencia y buscar justicia por su p\u00e9rdida. <\/p>\n\n<h3 class=\"wp-block-heading\">\u00bfC\u00f3mo puede ayudar un abogado con un caso de motocicleta por muerte por negligencia?<\/h3>\n\n<p>Un abogado puede ayudar en un caso de motocicleta por muerte por negligencia investigando el accidente, reuniendo pruebas, negociando con las compa\u00f1\u00edas de seguros y representando sus intereses en la corte para garantizar que reciba una compensaci\u00f3n justa por su p\u00e9rdida. Como abogados de lesiones certificados por la junta, somos expertos en ayudar a nuestros clientes a recuperar la atenci\u00f3n que necesitan para ayudarlos a sanar a trav\u00e9s de tales tragedias. <\/p>\n\n<h2 class=\"wp-block-heading\">Demandar a una entidad gubernamental por un accidente de motocicleta<\/h2>\n\n<p>Cuando un accidente de motocicleta es causado por malas condiciones de la carretera o negligencia por parte de una entidad gubernamental, las v\u00edctimas pueden tener derecho a demandar al organismo gubernamental responsable. Sin embargo, estos casos son complejos y requieren navegar por procedimientos legales espec\u00edficos y plazos ajustados. <\/p>\n\n<h2 class=\"wp-block-heading\">Cuando un tercero est\u00e1 involucrado<\/h2>\n\n<p>Los accidentes que involucran a contratistas externos, como los responsables del mantenimiento o la construcci\u00f3n de carreteras, pueden complicar los problemas de responsabilidad. Identificar y probar la negligencia por parte de un contratista externo requiere una investigaci\u00f3n exhaustiva y experiencia legal para lograr una compensaci\u00f3n por los da\u00f1os y lesiones sufridos. <\/p>\n\n<h3 class=\"wp-block-heading\">P\u00f3ngase en contacto con nuestro abogado de lesiones de motociclistas de Houston<\/h3>\n\n<p>Si ha resultado lesionado en un accidente de motocicleta, nuestra firma puede ayudarlo a tomar las medidas correctas para obtener una compensaci\u00f3n por los da\u00f1os que ha sufrido. En muchos casos, los conductores afirmar\u00e1n que un motociclista fue responsable de una colisi\u00f3n, por lo que es importante actuar r\u00e1pidamente para reunir pruebas que demuestren que un conductor negligente tuvo la culpa de sus lesiones. <g id=\"gid_0\">Comun\u00edquese con nuestra oficina<\/g> llamando al <g id=\"gid_1\">281-643-2000<\/g> para programar una consulta gratuita hoy. Representamos a motociclistas lesionados en Sugar Land, Katy, The Woodlands y en todo el condado de Harris.  <\/p>\n","protected":false},"excerpt":{"rendered":"<p>Conducir una motocicleta puede ser emocionante, pero tambi\u00e9n puede ser peligroso. Los motociclistas entienden los riesgos a los que se enfrentan y, por lo general, tienen mucho cuidado de mantenerse lo m\u00e1s seguros posible. Adem\u00e1s de usar cascos y otros equipos de seguridad, la mayor\u00eda de los motociclistas hacen todo lo posible para asegurarse de&#8230;<\/p>\n","protected":false},"author":1,"featured_media":501054,"parent":0,"menu_order":0,"comment_status":"closed","ping_status":"closed","template":"","meta":{"_acf_changed":false,"inline_featured_image":false,"_kad_blocks_custom_css":"","_kad_blocks_head_custom_js":"","_kad_blocks_body_custom_js":"","_kad_blocks_footer_custom_js":"","_kad_post_transparent":"","_kad_post_title":"","_kad_post_layout":"","_kad_post_sidebar_id":"","_kad_post_content_style":"","_kad_post_vertical_padding":"","_kad_post_feature":"","_kad_post_feature_position":"","_kad_post_header":false,"_kad_post_footer":false,"_kad_post_classname":"","footnotes":""},"class_list":["post-501051","page","type-page","status-publish","has-post-thumbnail","hentry"],"acf":[],"taxonomy_info":[],"featured_image_src_large":["https:\/\/www.injurylawyerhouston.com\/wp-content\/uploads\/2025\/05\/hero-1024x320.webp",1024,320,true],"author_info":{"display_name":"Shane R. Kadlec","author_link":"https:\/\/www.injurylawyerhouston.com\/es\/author\/operationslmg\/"},"comment_info":0,"_links":{"self":[{"href":"https:\/\/www.injurylawyerhouston.com\/es\/wp-json\/wp\/v2\/pages\/501051","targetHints":{"allow":["GET"]}}],"collection":[{"href":"https:\/\/www.injurylawyerhouston.com\/es\/wp-json\/wp\/v2\/pages"}],"about":[{"href":"https:\/\/www.injurylawyerhouston.com\/es\/wp-json\/wp\/v2\/types\/page"}],"author":[{"embeddable":true,"href":"https:\/\/www.injurylawyerhouston.com\/es\/wp-json\/wp\/v2\/users\/1"}],"replies":[{"embeddable":true,"href":"https:\/\/www.injurylawyerhouston.com\/es\/wp-json\/wp\/v2\/comments?post=501051"}],"version-history":[{"count":1,"href":"https:\/\/www.injurylawyerhouston.com\/es\/wp-json\/wp\/v2\/pages\/501051\/revisions"}],"predecessor-version":[{"id":501058,"href":"https:\/\/www.injurylawyerhouston.com\/es\/wp-json\/wp\/v2\/pages\/501051\/revisions\/501058"}],"wp:featuredmedia":[{"embeddable":true,"href":"https:\/\/www.injurylawyerhouston.com\/es\/wp-json\/wp\/v2\/media\/501054"}],"wp:attachment":[{"href":"https:\/\/www.injurylawyerhouston.com\/es\/wp-json\/wp\/v2\/media?parent=501051"}],"curies":[{"name":"wp","href":"https:\/\/api.w.org\/{rel}","templated":true}]}}