{"id":501596,"date":"2025-04-25T16:28:34","date_gmt":"2025-04-25T16:28:34","guid":{"rendered":"https:\/\/www.injurylawyerhouston.com\/carreras\/"},"modified":"2025-10-14T16:34:42","modified_gmt":"2025-10-14T16:34:42","slug":"carreras","status":"publish","type":"page","link":"https:\/\/www.injurylawyerhouston.com\/es\/carreras\/","title":{"rendered":"Carreras"},"content":{"rendered":"<style>.wp-block-kadence-advancedheading.kt-adv-heading268_adc87a-8d, .wp-block-kadence-advancedheading.kt-adv-heading268_adc87a-8d[data-kb-block=\"kb-adv-heading268_adc87a-8d\"]{font-style:normal;}.wp-block-kadence-advancedheading.kt-adv-heading268_adc87a-8d mark.kt-highlight, .wp-block-kadence-advancedheading.kt-adv-heading268_adc87a-8d[data-kb-block=\"kb-adv-heading268_adc87a-8d\"] mark.kt-highlight{font-style:normal;color:#f76a0c;-webkit-box-decoration-break:clone;box-decoration-break:clone;padding-top:0px;padding-right:0px;padding-bottom:0px;padding-left:0px;}.wp-block-kadence-advancedheading.kt-adv-heading268_adc87a-8d img.kb-inline-image, .wp-block-kadence-advancedheading.kt-adv-heading268_adc87a-8d[data-kb-block=\"kb-adv-heading268_adc87a-8d\"] img.kb-inline-image{width:150px;vertical-align:baseline;}<\/style>\n<h2 class=\"kt-adv-heading268_adc87a-8d wp-block-kadence-advancedheading\" data-kb-block=\"kb-adv-heading268_adc87a-8d\">Nuestro equipo<\/h2>\n<style>.kb-image268_04e73c-05.kb-image-is-ratio-size, .kb-image268_04e73c-05 .kb-image-is-ratio-size{max-width:815px;width:100%;}.wp-block-kadence-column > .kt-inside-inner-col > .kb-image268_04e73c-05.kb-image-is-ratio-size, .wp-block-kadence-column > .kt-inside-inner-col > .kb-image268_04e73c-05 .kb-image-is-ratio-size{align-self:unset;}.kb-image268_04e73c-05{max-width:815px;}.image-is-svg.kb-image268_04e73c-05{-webkit-flex:0 1 100%;flex:0 1 100%;}.image-is-svg.kb-image268_04e73c-05 img{width:100%;}.kb-image268_04e73c-05:not(.kb-image-is-ratio-size) .kb-img, .kb-image268_04e73c-05.kb-image-is-ratio-size{padding-top:6px;padding-right:6px;padding-bottom:6px;padding-left:6px;}.kb-image268_04e73c-05 .kb-image-has-overlay:after{opacity:0.3;}.kb-image268_04e73c-05 img.kb-img, .kb-image268_04e73c-05 .kb-img img{border-top:1px solid var(--global-palette7, #EDF2F7);border-right:1px solid var(--global-palette7, #EDF2F7);border-bottom:1px solid var(--global-palette7, #EDF2F7);border-left:1px solid var(--global-palette7, #EDF2F7);}@media all and (max-width: 1024px){.kb-image268_04e73c-05 img.kb-img, .kb-image268_04e73c-05 .kb-img img{border-top:1px solid var(--global-palette7, #EDF2F7);border-right:1px solid var(--global-palette7, #EDF2F7);border-bottom:1px solid var(--global-palette7, #EDF2F7);border-left:1px solid var(--global-palette7, #EDF2F7);}}@media all and (max-width: 767px){.kb-image268_04e73c-05 img.kb-img, .kb-image268_04e73c-05 .kb-img img{border-top:1px solid var(--global-palette7, #EDF2F7);border-right:1px solid var(--global-palette7, #EDF2F7);border-bottom:1px solid var(--global-palette7, #EDF2F7);border-left:1px solid var(--global-palette7, #EDF2F7);}}<\/style>\n<figure class=\"wp-block-kadence-image kb-image268_04e73c-05\"><img loading=\"lazy\" decoding=\"async\" width=\"2560\" height=\"2146\" src=\"https:\/\/www.injurylawyerhouston.com\/wp-content\/uploads\/2025\/07\/Kadlec-Team-Image-7.1.25-scaled.png\" alt=\"\" class=\"kb-img wp-image-500290\" srcset=\"https:\/\/www.injurylawyerhouston.com\/wp-content\/uploads\/2025\/07\/Kadlec-Team-Image-7.1.25-scaled.png 2560w, https:\/\/www.injurylawyerhouston.com\/wp-content\/uploads\/2025\/07\/Kadlec-Team-Image-7.1.25-300x251.png 300w, https:\/\/www.injurylawyerhouston.com\/wp-content\/uploads\/2025\/07\/Kadlec-Team-Image-7.1.25-1024x858.png 1024w, https:\/\/www.injurylawyerhouston.com\/wp-content\/uploads\/2025\/07\/Kadlec-Team-Image-7.1.25-768x644.png 768w, https:\/\/www.injurylawyerhouston.com\/wp-content\/uploads\/2025\/07\/Kadlec-Team-Image-7.1.25-1536x1288.png 1536w, https:\/\/www.injurylawyerhouston.com\/wp-content\/uploads\/2025\/07\/Kadlec-Team-Image-7.1.25-2048x1717.png 2048w\" sizes=\"auto, (max-width: 2560px) 100vw, 2560px\" \/><\/figure>\n\n<h3 class=\"wp-block-heading\">\u00bfQu\u00e9 hay para ti?<\/h3>\n\n<p>Esta es una gran oportunidad para unirse a un equipo din\u00e1mico y disfrutar de un bufete de abogados ocupado y de r\u00e1pido crecimiento ubicado en el oeste de Houston dedicado a ayudar a las v\u00edctimas lesionadas y sus familias. Ofrecemos una cultura de trabajo pr\u00f3spera y positiva, con excelentes beneficios y una estructura de compensaci\u00f3n muy competitiva para todo nuestro personal. <\/p>\n\n<h3 class=\"wp-block-heading\">\u00bfQu\u00e9 har\u00e1s en un d\u00eda determinado?<\/h3>\n\n<p>Nuestros clientes est\u00e1n en el coraz\u00f3n de lo que hacemos. Trabajar\u00e1 en estrecha colaboraci\u00f3n con los clientes, comprender\u00e1 sus historias y los ayudar\u00e1 a navegar el proceso legal. El servicio al cliente excepcional nos importa, y nuestros esfuerzos han sido recompensados por clientes satisfechos y el crecimiento del negocio a\u00f1o tras a\u00f1o.  <\/p>\n\n<h3 class=\"wp-block-heading\">\u00bfPor qu\u00e9 trabajar con nosotros?<\/h3>\n\n<p>Apoyamos y alentamos a los miembros de nuestro equipo a sobresalir en sus roles y hemos construido el mejor equipo posible. Estamos orgullosos de nuestra cultura y prosperamos con la diversidad en nuestro lugar de trabajo y ofrecemos un gran paquete de beneficios. Si quieres tener un impacto gratificante y ayudar a personas reales y mejorar sus vidas, \u00a1\u00fanete a nuestro gran equipo y aplica aqu\u00ed!    <a href=\"https:\/\/www.glassdoor.com\/Overview\/Working-at-Law-Office-of-Shane-R-Kadlec-EI_IE7908646.11,39.htm\" rel=\"noreferrer noopener\" target=\"_blank\">Vis\u00edtanos en Glassdoor<\/a><\/p>\n\n<h3 class=\"wp-block-heading\">Nuestros beneficios<\/h3>\n\n<p>Nuestros empleados de tiempo completo reciben un gran paquete de beneficios que incluye lo siguiente:<\/p>\n<style>.wp-block-kadence-iconlist.kt-svg-icon-list-items268_58d4ab-7d:not(.this-stops-third-party-issues){margin-top:0px;margin-bottom:0px;}.wp-block-kadence-iconlist.kt-svg-icon-list-items268_58d4ab-7d ul.kt-svg-icon-list:not(.this-prevents-issues):not(.this-stops-third-party-issues):not(.tijsloc){margin-top:0px;margin-right:0px;margin-bottom:var(--global-kb-spacing-sm, 1.5rem);margin-left:0px;column-gap:24px;}.wp-block-kadence-iconlist.kt-svg-icon-list-items268_58d4ab-7d ul.kt-svg-icon-list{grid-row-gap:12px;}.wp-block-kadence-iconlist.kt-svg-icon-list-items268_58d4ab-7d .kb-svg-icon-wrap{color:#f38f1e;}.wp-block-kadence-iconlist.kt-svg-icon-list-items268_58d4ab-7d ul.kt-svg-icon-list .kt-svg-icon-list-item-wrap .kt-svg-icon-list-single{margin-right:10px;}.kt-svg-icon-list-items268_58d4ab-7d ul.kt-svg-icon-list .kt-svg-icon-list-item-wrap, .kt-svg-icon-list-items268_58d4ab-7d ul.kt-svg-icon-list .kt-svg-icon-list-item-wrap a{line-height:25px;}.kt-svg-icon-list-items268_58d4ab-7d ul.kt-svg-icon-list .kt-svg-icon-list-level-0 .kt-svg-icon-list-single svg{font-size:20px;}@media all and (min-width: 1025px){.wp-block-kadence-iconlist.kt-svg-icon-list-items268_58d4ab-7d:not(.kt-svg-icon-list-columns-1) ul.kt-svg-icon-list .kt-svg-icon-list-item-wrap:not(:last-child){margin:0px;}}@media all and (min-width: 768px) and (max-width: 1024px){.wp-block-kadence-iconlist.kt-svg-icon-list-items268_58d4ab-7d:not(.kt-tablet-svg-icon-list-columns-1) ul.kt-svg-icon-list .kt-svg-icon-list-item-wrap:not(:last-child){margin:0px;}}<\/style>\n<div class=\"wp-block-kadence-iconlist kt-svg-icon-list-items kt-svg-icon-list-items268_58d4ab-7d kt-svg-icon-list-columns-2 alignnone kt-list-icon-aligntop kt-mobile-svg-icon-list-columns-1\"><ul class=\"kt-svg-icon-list\"><style>.kt-svg-icon-list-item-268_a28309-ec .kt-svg-icon-list-text mark.kt-highlight{background-color:unset;font-style:normal;color:#f76a0c;-webkit-box-decoration-break:clone;box-decoration-break:clone;padding-top:0px;padding-right:0px;padding-bottom:0px;padding-left:0px;}<\/style>\n<li class=\"wp-block-kadence-listitem kt-svg-icon-list-item-wrap kt-svg-icon-list-item-268_a28309-ec\"><span class=\"kb-svg-icon-wrap kb-svg-icon-ic_check kt-svg-icon-list-single\"><svg viewBox=\"0 0 8 8\"  fill=\"currentColor\" xmlns=\"http:\/\/www.w3.org\/2000\/svg\"  aria-hidden=\"true\"><path d=\"M6.41 0l-.69.72-2.78 2.78-.81-.78-.72-.72-1.41 1.41.72.72 1.5 1.5.69.72.72-.72 3.5-3.5.72-.72-1.44-1.41z\" transform=\"translate(0 1)\"\/><\/svg><\/span><span class=\"kt-svg-icon-list-text\">Tiempo libre remunerado<\/span><\/li>\n\n\n<style>.kt-svg-icon-list-item-268_487ee7-5e .kt-svg-icon-list-text mark.kt-highlight{background-color:unset;font-style:normal;color:#f76a0c;-webkit-box-decoration-break:clone;box-decoration-break:clone;padding-top:0px;padding-right:0px;padding-bottom:0px;padding-left:0px;}<\/style>\n<li class=\"wp-block-kadence-listitem kt-svg-icon-list-item-wrap kt-svg-icon-list-item-268_487ee7-5e\"><span class=\"kb-svg-icon-wrap kb-svg-icon-ic_check kt-svg-icon-list-single\"><svg viewBox=\"0 0 8 8\"  fill=\"currentColor\" xmlns=\"http:\/\/www.w3.org\/2000\/svg\"  aria-hidden=\"true\"><path d=\"M6.41 0l-.69.72-2.78 2.78-.81-.78-.72-.72-1.41 1.41.72.72 1.5 1.5.69.72.72-.72 3.5-3.5.72-.72-1.44-1.41z\" transform=\"translate(0 1)\"\/><\/svg><\/span><span class=\"kt-svg-icon-list-text\">Vacaciones pagadas<\/span><\/li>\n\n\n<style>.kt-svg-icon-list-item-268_beab17-92 .kt-svg-icon-list-text mark.kt-highlight{background-color:unset;font-style:normal;color:#f76a0c;-webkit-box-decoration-break:clone;box-decoration-break:clone;padding-top:0px;padding-right:0px;padding-bottom:0px;padding-left:0px;}<\/style>\n<li class=\"wp-block-kadence-listitem kt-svg-icon-list-item-wrap kt-svg-icon-list-item-268_beab17-92\"><span class=\"kb-svg-icon-wrap kb-svg-icon-ic_check kt-svg-icon-list-single\"><svg viewBox=\"0 0 8 8\"  fill=\"currentColor\" xmlns=\"http:\/\/www.w3.org\/2000\/svg\"  aria-hidden=\"true\"><path d=\"M6.41 0l-.69.72-2.78 2.78-.81-.78-.72-.72-1.41 1.41.72.72 1.5 1.5.69.72.72-.72 3.5-3.5.72-.72-1.44-1.41z\" transform=\"translate(0 1)\"\/><\/svg><\/span><span class=\"kt-svg-icon-list-text\">Viernes de salida temprana<\/span><\/li>\n\n\n<style>.kt-svg-icon-list-item-268_3bce12-fc .kt-svg-icon-list-text mark.kt-highlight{background-color:unset;font-style:normal;color:#f76a0c;-webkit-box-decoration-break:clone;box-decoration-break:clone;padding-top:0px;padding-right:0px;padding-bottom:0px;padding-left:0px;}<\/style>\n<li class=\"wp-block-kadence-listitem kt-svg-icon-list-item-wrap kt-svg-icon-list-item-268_3bce12-fc\"><span class=\"kb-svg-icon-wrap kb-svg-icon-ic_check kt-svg-icon-list-single\"><svg viewBox=\"0 0 8 8\"  fill=\"currentColor\" xmlns=\"http:\/\/www.w3.org\/2000\/svg\"  aria-hidden=\"true\"><path d=\"M6.41 0l-.69.72-2.78 2.78-.81-.78-.72-.72-1.41 1.41.72.72 1.5 1.5.69.72.72-.72 3.5-3.5.72-.72-1.44-1.41z\" transform=\"translate(0 1)\"\/><\/svg><\/span><span class=\"kt-svg-icon-list-text\">Seguro m\u00e9dico, dental y de la vista pagado<\/span><\/li>\n\n\n<style>.kt-svg-icon-list-item-268_90a1f9-92 .kt-svg-icon-list-text mark.kt-highlight{background-color:unset;font-style:normal;color:#f76a0c;-webkit-box-decoration-break:clone;box-decoration-break:clone;padding-top:0px;padding-right:0px;padding-bottom:0px;padding-left:0px;}<\/style>\n<li class=\"wp-block-kadence-listitem kt-svg-icon-list-item-wrap kt-svg-icon-list-item-268_90a1f9-92\"><span class=\"kb-svg-icon-wrap kb-svg-icon-ic_check kt-svg-icon-list-single\"><svg viewBox=\"0 0 8 8\"  fill=\"currentColor\" xmlns=\"http:\/\/www.w3.org\/2000\/svg\"  aria-hidden=\"true\"><path d=\"M6.41 0l-.69.72-2.78 2.78-.81-.78-.72-.72-1.41 1.41.72.72 1.5 1.5.69.72.72-.72 3.5-3.5.72-.72-1.44-1.41z\" transform=\"translate(0 1)\"\/><\/svg><\/span><span class=\"kt-svg-icon-list-text\">Contribuci\u00f3n 401K<\/span><\/li>\n\n\n<style>.kt-svg-icon-list-item-268_425d45-e8 .kt-svg-icon-list-text mark.kt-highlight{background-color:unset;font-style:normal;color:#f76a0c;-webkit-box-decoration-break:clone;box-decoration-break:clone;padding-top:0px;padding-right:0px;padding-bottom:0px;padding-left:0px;}<\/style>\n<li class=\"wp-block-kadence-listitem kt-svg-icon-list-item-wrap kt-svg-icon-list-item-268_425d45-e8\"><span class=\"kb-svg-icon-wrap kb-svg-icon-ic_check kt-svg-icon-list-single\"><svg viewBox=\"0 0 8 8\"  fill=\"currentColor\" xmlns=\"http:\/\/www.w3.org\/2000\/svg\"  aria-hidden=\"true\"><path d=\"M6.41 0l-.69.72-2.78 2.78-.81-.78-.72-.72-1.41 1.41.72.72 1.5 1.5.69.72.72-.72 3.5-3.5.72-.72-1.44-1.41z\" transform=\"translate(0 1)\"\/><\/svg><\/span><span class=\"kt-svg-icon-list-text\">Almuerzos mensuales del equipo<\/span><\/li>\n\n\n<style>.kt-svg-icon-list-item-268_9b9d6f-8f .kt-svg-icon-list-text mark.kt-highlight{background-color:unset;font-style:normal;color:#f76a0c;-webkit-box-decoration-break:clone;box-decoration-break:clone;padding-top:0px;padding-right:0px;padding-bottom:0px;padding-left:0px;}<\/style>\n<li class=\"wp-block-kadence-listitem kt-svg-icon-list-item-wrap kt-svg-icon-list-item-268_9b9d6f-8f\"><span class=\"kb-svg-icon-wrap kb-svg-icon-ic_check kt-svg-icon-list-single\"><svg viewBox=\"0 0 8 8\"  fill=\"currentColor\" xmlns=\"http:\/\/www.w3.org\/2000\/svg\"  aria-hidden=\"true\"><path d=\"M6.41 0l-.69.72-2.78 2.78-.81-.78-.72-.72-1.41 1.41.72.72 1.5 1.5.69.72.72-.72 3.5-3.5.72-.72-1.44-1.41z\" transform=\"translate(0 1)\"\/><\/svg><\/span><span class=\"kt-svg-icon-list-text\">Conciliaci\u00f3n de la vida laboral y familiar<\/span><\/li>\n<\/ul><\/div>\n<style>.wp-block-kadence-advancedbtn.kb-btns268_84caf3-0a{gap:var(--global-kb-gap-xs, 0.5rem );justify-content:flex-start;align-items:center;}.kt-btns268_84caf3-0a .kt-button{font-weight:normal;font-style:normal;}.kt-btns268_84caf3-0a .kt-btn-wrap-0{margin-right:5px;}.wp-block-kadence-advancedbtn.kt-btns268_84caf3-0a .kt-btn-wrap-0 .kt-button{color:#555555;border-color:#555555;}.wp-block-kadence-advancedbtn.kt-btns268_84caf3-0a .kt-btn-wrap-0 .kt-button:hover, .wp-block-kadence-advancedbtn.kt-btns268_84caf3-0a .kt-btn-wrap-0 .kt-button:focus{color:#ffffff;border-color:#444444;}.wp-block-kadence-advancedbtn.kt-btns268_84caf3-0a .kt-btn-wrap-0 .kt-button::before{display:none;}.wp-block-kadence-advancedbtn.kt-btns268_84caf3-0a .kt-btn-wrap-0 .kt-button:hover, .wp-block-kadence-advancedbtn.kt-btns268_84caf3-0a .kt-btn-wrap-0 .kt-button:focus{background:#444444;}<\/style>\n<div class=\"wp-block-kadence-advancedbtn kb-buttons-wrap kb-btns268_84caf3-0a\"><style>ul.menu .wp-block-kadence-advancedbtn .kb-btn268_26481c-87.kb-button{width:initial;}.wp-block-kadence-advancedbtn .kb-btn268_26481c-87.kb-button{color:var(--global-palette9, #ffffff);background:var(--global-palette1, #3182CE);}.wp-block-kadence-advancedbtn .kb-btn268_26481c-87.kb-button:hover, .wp-block-kadence-advancedbtn .kb-btn268_26481c-87.kb-button:focus{color:var(--global-palette9, #ffffff);background:#f38f1e;}<\/style><a class=\"kb-button kt-button button kb-btn268_26481c-87 kt-btn-size-large kt-btn-width-type-auto kb-btn-global-fill  kt-btn-has-text-true kt-btn-has-svg-false  wp-block-kadence-singlebtn\" href=\"https:\/\/www.indeed.com\/cmp\/Law-Office-of-Shane-R.-Kadlec\/jobs\" target=\"_blank\" rel=\"noopener\"><span class=\"kt-btn-inner-text\">Haga clic para aplicar<\/span><\/a><\/div>\n<style>.kadence-column268_ef6990-8a > .kt-inside-inner-col{padding-top:var(--global-kb-spacing-md, 2rem);padding-right:var(--global-kb-spacing-md, 2rem);padding-bottom:var(--global-kb-spacing-md, 2rem);padding-left:var(--global-kb-spacing-md, 2rem);}.kadence-column268_ef6990-8a > .kt-inside-inner-col,.kadence-column268_ef6990-8a > .kt-inside-inner-col:before{border-top-left-radius:0px;border-top-right-radius:0px;border-bottom-right-radius:0px;border-bottom-left-radius:0px;}.kadence-column268_ef6990-8a > .kt-inside-inner-col{column-gap:var(--global-kb-gap-sm, 1rem);}.kadence-column268_ef6990-8a > .kt-inside-inner-col{flex-direction:column;}.kadence-column268_ef6990-8a > .kt-inside-inner-col > .aligncenter{width:100%;}.kadence-column268_ef6990-8a > .kt-inside-inner-col{background-image:url('https:\/\/www.injurylawyerhouston.com\/wp-content\/uploads\/2025\/04\/gray-arrows-bg.webp');background-size:cover;background-position:center center;background-attachment:scroll;background-repeat:no-repeat;}.kadence-column268_ef6990-8a > .kt-inside-inner-col:before{opacity:0.62;background-color:var(--global-palette9, #ffffff);}.kadence-column268_ef6990-8a{position:relative;}@media all and (max-width: 1024px){.kadence-column268_ef6990-8a > .kt-inside-inner-col{flex-direction:column;justify-content:center;}}@media all and (max-width: 767px){.kadence-column268_ef6990-8a > .kt-inside-inner-col{padding-top:var(--global-kb-spacing-sm, 1.5rem);padding-right:var(--global-kb-spacing-sm, 1.5rem);padding-bottom:var(--global-kb-spacing-sm, 1.5rem);padding-left:var(--global-kb-spacing-sm, 1.5rem);flex-direction:column;justify-content:center;}}<\/style>\n<div class=\"wp-block-kadence-column kadence-column268_ef6990-8a kb-section-has-overlay\"><div class=\"kt-inside-inner-col\">\n<h2 class=\"wp-block-heading\">Cont\u00e1ctenos<\/h2>\n\n\n\n<p>Podemos brindar asistencia a clientes en todo Estados Unidos que necesitan abordar problemas legales en el estado de Texas. <a href=\"https:\/\/www.injurylawyerhouston.com\/contact-us\/\">P\u00f3ngase en contacto con nosotros<\/a> o llame a nuestra oficina al   <a href=\"tel:281-643-2000\"><\/a><a href=\"tel:281-643-2000\">281-643-2000<\/a> para saber c\u00f3mo podemos ayudarlo a satisfacer las necesidades de sus clientes.<\/p>\n<\/div><\/div>\n","protected":false},"excerpt":{"rendered":"<p>Nuestro equipo \u00bfQu\u00e9 hay para ti? Esta es una gran oportunidad para unirse a un equipo din\u00e1mico y disfrutar de un bufete de abogados ocupado y de r\u00e1pido crecimiento ubicado en el oeste de Houston dedicado a ayudar a las v\u00edctimas lesionadas y sus familias. Ofrecemos una cultura de trabajo pr\u00f3spera y positiva, con excelentes&#8230;<\/p>\n","protected":false},"author":1,"featured_media":501047,"parent":0,"menu_order":0,"comment_status":"closed","ping_status":"closed","template":"","meta":{"_acf_changed":false,"inline_featured_image":false,"_kad_blocks_custom_css":"","_kad_blocks_head_custom_js":"","_kad_blocks_body_custom_js":"","_kad_blocks_footer_custom_js":"","_kad_post_transparent":"","_kad_post_title":"","_kad_post_layout":"","_kad_post_sidebar_id":"","_kad_post_content_style":"","_kad_post_vertical_padding":"","_kad_post_feature":"","_kad_post_feature_position":"","_kad_post_header":false,"_kad_post_footer":false,"_kad_post_classname":"","footnotes":""},"class_list":["post-501596","page","type-page","status-publish","has-post-thumbnail","hentry"],"acf":[],"taxonomy_info":[],"featured_image_src_large":["https:\/\/www.injurylawyerhouston.com\/wp-content\/uploads\/2025\/04\/meeting-laptop-1024x320.webp",1024,320,true],"author_info":{"display_name":"Shane R. Kadlec","author_link":"https:\/\/www.injurylawyerhouston.com\/es\/author\/operationslmg\/"},"comment_info":0,"_links":{"self":[{"href":"https:\/\/www.injurylawyerhouston.com\/es\/wp-json\/wp\/v2\/pages\/501596","targetHints":{"allow":["GET"]}}],"collection":[{"href":"https:\/\/www.injurylawyerhouston.com\/es\/wp-json\/wp\/v2\/pages"}],"about":[{"href":"https:\/\/www.injurylawyerhouston.com\/es\/wp-json\/wp\/v2\/types\/page"}],"author":[{"embeddable":true,"href":"https:\/\/www.injurylawyerhouston.com\/es\/wp-json\/wp\/v2\/users\/1"}],"replies":[{"embeddable":true,"href":"https:\/\/www.injurylawyerhouston.com\/es\/wp-json\/wp\/v2\/comments?post=501596"}],"version-history":[{"count":1,"href":"https:\/\/www.injurylawyerhouston.com\/es\/wp-json\/wp\/v2\/pages\/501596\/revisions"}],"predecessor-version":[{"id":501599,"href":"https:\/\/www.injurylawyerhouston.com\/es\/wp-json\/wp\/v2\/pages\/501596\/revisions\/501599"}],"wp:featuredmedia":[{"embeddable":true,"href":"https:\/\/www.injurylawyerhouston.com\/es\/wp-json\/wp\/v2\/media\/501047"}],"wp:attachment":[{"href":"https:\/\/www.injurylawyerhouston.com\/es\/wp-json\/wp\/v2\/media?parent=501596"}],"curies":[{"name":"wp","href":"https:\/\/api.w.org\/{rel}","templated":true}]}}