{"id":501606,"date":"2025-04-23T04:35:39","date_gmt":"2025-04-23T04:35:39","guid":{"rendered":"https:\/\/www.injurylawyerhouston.com\/politica-de-privacidad\/"},"modified":"2025-10-14T16:52:54","modified_gmt":"2025-10-14T16:52:54","slug":"politica-de-privacidad","status":"publish","type":"page","link":"https:\/\/www.injurylawyerhouston.com\/es\/politica-de-privacidad\/","title":{"rendered":"Pol\u00edtica de privacidad"},"content":{"rendered":"\n<p>Esta declaraci\u00f3n se aplica a la recopilaci\u00f3n en l\u00ednea de informaci\u00f3n personal a trav\u00e9s de sitios web operados y aplicaciones ofrecidas por la oficina legal de Shane R. Kadlec. Los detalles de la Declaraci\u00f3n de privacidad se encuentran inmediatamente a continuaci\u00f3n. <\/p>\n\n<h3 class=\"wp-block-heading\">\u00bfQu\u00e9 informaci\u00f3n personal se recopila y c\u00f3mo se utiliza esa informaci\u00f3n?<\/h3>\n\n<ul class=\"wp-block-list\">\n<li>Recopilamos informaci\u00f3n sobre nuestros usuarios de tres maneras: directamente del usuario (como al pedir un producto, registrar una cuenta o suscribirse a un bolet\u00edn informativo), de los registros de nuestro servidor web y a trav\u00e9s de cookies.<\/li>\n\n\n\n<li>Utilizamos la informaci\u00f3n principalmente para brindarle una experiencia de Internet personalizada que le brinde la informaci\u00f3n, los recursos y los servicios que son m\u00e1s relevantes y \u00fatiles para usted.<\/li>\n\n\n\n<li>No compartimos ninguna informaci\u00f3n que proporcione con otros, a menos que lo indiquemos en esta Declaraci\u00f3n de privacidad, o cuando creamos de buena fe que la ley lo requiere.<\/li>\n<\/ul>\n\n<h3 class=\"wp-block-heading\">\u00bfC\u00f3mo se protege mi informaci\u00f3n personal?<\/h3>\n\n<ul class=\"wp-block-list\">\n<li>Hemos implementado ciertas medidas de seguridad apropiadas para ayudar a proteger su informaci\u00f3n personal de p\u00e9rdidas accidentales y de acceso, uso o divulgaci\u00f3n no autorizados.<\/li>\n\n\n\n<li>Sin embargo, tenga en cuenta que no podemos garantizar que las personas no autorizadas no puedan vencer nuestras medidas de seguridad.<\/li>\n\n\n\n<li>Adem\u00e1s, tenga en cuenta que podemos almacenar y procesar su informaci\u00f3n personal en sistemas ubicados fuera de su pa\u00eds de origen. Independientemente de d\u00f3nde ocurran estas actividades, tomamos las medidas adecuadas para garantizar que su informaci\u00f3n est\u00e9 protegida de acuerdo con los principios establecidos en esta Declaraci\u00f3n de privacidad. <\/li>\n<\/ul>\n\n<h3 class=\"wp-block-heading\">\u00bfQui\u00e9n tiene acceso a la informaci\u00f3n personal?<\/h3>\n\n<ul class=\"wp-block-list\">\n<li>No venderemos, alquilaremos ni arrendaremos listas de correo u otros datos de clientes a otros, y no pondremos su informaci\u00f3n personal a disposici\u00f3n de ninguna parte no afiliada, excepto nuestros agentes y contratistas aprobados, o como se describe en esta Declaraci\u00f3n de privacidad.<\/li>\n\n\n\n<li>Confiamos en algunos de nuestros afiliados para el soporte de los productos y servicios que ofrecemos, y compartimos algunas de nuestras funciones administrativas con otras empresas. Todos nuestros afiliados est\u00e1n obligados a preservar la confidencialidad de cualquier informaci\u00f3n personal a la que puedan acceder. <\/li>\n\n\n\n<li>No divulgaremos ninguna informaci\u00f3n personal o informaci\u00f3n sobre su uso de nuestros sitios web a terceros no afiliados, excepto cuando sea necesario para dar servicio a la cuenta, para hacer cumplir los t\u00e9rminos de uso, para cumplir con nuestras obligaciones con los proveedores de contenido y tecnolog\u00eda, o seg\u00fan lo exija la ley.<\/li>\n<\/ul>\n\n<h3 class=\"wp-block-heading\">\u00bfC\u00f3mo puedo corregir, modificar o eliminar mi informaci\u00f3n personal, o actualizar mis preferencias?<\/h3>\n\n<ul class=\"wp-block-list\">\n<li>Puede cancelar su registro o actualizar sus preferencias en cualquier momento simplemente poni\u00e9ndose en contacto con nosotros.<\/li>\n\n\n\n<li>Si no desea recibir informaci\u00f3n sobre nuestros productos o servicios, p\u00f3ngase en contacto con nosotros.<\/li>\n<\/ul>\n\n<h2 class=\"wp-block-heading\">Oficina legal de Shane R. Kadlec<\/h2>\n\n<p>9575 Katy Freeway, Suite 200, Houston, TX 77024<br\/>Tel\u00e9fono: <a href=\"tel:281-643-2000\">281-643-2000<\/a><\/p>\n","protected":false},"excerpt":{"rendered":"<p>Esta declaraci\u00f3n se aplica a la recopilaci\u00f3n en l\u00ednea de informaci\u00f3n personal a trav\u00e9s de sitios web operados y aplicaciones ofrecidas por la oficina legal de Shane R. Kadlec. Los detalles de la Declaraci\u00f3n de privacidad se encuentran inmediatamente a continuaci\u00f3n. \u00bfQu\u00e9 informaci\u00f3n personal se recopila y c\u00f3mo se utiliza esa informaci\u00f3n? \u00bfC\u00f3mo se protege&#8230;<\/p>\n","protected":false},"author":1,"featured_media":0,"parent":0,"menu_order":0,"comment_status":"closed","ping_status":"open","template":"","meta":{"_acf_changed":false,"inline_featured_image":false,"_kad_blocks_custom_css":"","_kad_blocks_head_custom_js":"","_kad_blocks_body_custom_js":"","_kad_blocks_footer_custom_js":"","_kad_post_transparent":"","_kad_post_title":"","_kad_post_layout":"","_kad_post_sidebar_id":"","_kad_post_content_style":"","_kad_post_vertical_padding":"","_kad_post_feature":"","_kad_post_feature_position":"","_kad_post_header":false,"_kad_post_footer":false,"_kad_post_classname":"","footnotes":""},"class_list":["post-501606","page","type-page","status-publish","hentry"],"acf":[],"taxonomy_info":[],"featured_image_src_large":false,"author_info":{"display_name":"Shane R. Kadlec","author_link":"https:\/\/www.injurylawyerhouston.com\/es\/author\/operationslmg\/"},"comment_info":0,"_links":{"self":[{"href":"https:\/\/www.injurylawyerhouston.com\/es\/wp-json\/wp\/v2\/pages\/501606","targetHints":{"allow":["GET"]}}],"collection":[{"href":"https:\/\/www.injurylawyerhouston.com\/es\/wp-json\/wp\/v2\/pages"}],"about":[{"href":"https:\/\/www.injurylawyerhouston.com\/es\/wp-json\/wp\/v2\/types\/page"}],"author":[{"embeddable":true,"href":"https:\/\/www.injurylawyerhouston.com\/es\/wp-json\/wp\/v2\/users\/1"}],"replies":[{"embeddable":true,"href":"https:\/\/www.injurylawyerhouston.com\/es\/wp-json\/wp\/v2\/comments?post=501606"}],"version-history":[{"count":1,"href":"https:\/\/www.injurylawyerhouston.com\/es\/wp-json\/wp\/v2\/pages\/501606\/revisions"}],"predecessor-version":[{"id":501607,"href":"https:\/\/www.injurylawyerhouston.com\/es\/wp-json\/wp\/v2\/pages\/501606\/revisions\/501607"}],"wp:attachment":[{"href":"https:\/\/www.injurylawyerhouston.com\/es\/wp-json\/wp\/v2\/media?parent=501606"}],"curies":[{"name":"wp","href":"https:\/\/api.w.org\/{rel}","templated":true}]}}